{"id":23213,"date":"2019-02-10T13:53:13","date_gmt":"2019-02-10T12:53:13","guid":{"rendered":"https:\/\/regiontatry.sk\/povinne-zverejnovanie\/"},"modified":"2025-07-15T09:39:06","modified_gmt":"2025-07-15T07:39:06","slug":"povinne-zverejnovanie","status":"publish","type":"page","link":"https:\/\/regiontatry.sk\/en\/povinne-zverejnovanie\/","title":{"rendered":"Povinn\u00e9 zverej\u0148ovanie"},"content":{"rendered":"\n<h2 class=\"wp-block-heading\">\u0160tat\u00fat s\u00fa\u0165a\u017ee<br><\/h2>\n\n\n\n<p><a href=\"https:\/\/regiontatry.sk\/wp-content\/uploads\/2025\/06\/Noc_na_Lomnicaku_PRAVIDLA_SUTAZE.pdf\"><strong>Vyhraj Noc na Lomnickom \u0161t\u00edte pre 2 osoby<\/strong><\/a><\/p>\n\n\n\n<h2 class=\"wp-block-heading\"><br>Zmluvy, fakt\u00fary a objedn\u00e1vky:<br><br><\/h2>\n\n\n\n<h4 class=\"wp-block-heading\"><a href=\"https:\/\/regiontatry.sk\/povinne-zverejnovanie\/zmluvy-faktury-a-objednavky-2025\/\">ROK 2025<\/a><\/h4>\n\n\n\n<h4 class=\"wp-block-heading\"><a href=\"https:\/\/regiontatry.sk\/povinne-zverejnovanie\/zmluvy-faktury-a-objednavky-2024\/\">ROK 2024<\/a><\/h4>\n\n\n\n<h4 class=\"wp-block-heading\"><a href=\"https:\/\/regiontatry.sk\/povinne-zverejnovanie\/povinne-zverejnovanie-zmluvy-faktury-a-objednavky-rok-2023\/\">ROK 2023<\/a><\/h4>\n\n\n\n<h4 class=\"wp-block-heading\"><a href=\"https:\/\/regiontatry.sk\/povinne-zverejnovanie\/zmluvy-faktury-a-objednavky-rok-2022\/\">ROK 2022<\/a><\/h4>\n\n\n\n<h4 class=\"wp-block-heading\" id=\"mce_3\"><a href=\"https:\/\/regiontatry.sk\/povinne-zverejnovanie\/zmluvy-faktury-a-objednavky-rok-2021\/\">ROK 2021\ufeff<\/a><\/h4>\n\n\n\n<h4 class=\"wp-block-heading\"><a href=\"https:\/\/regiontatry.sk\/zmluvy-faktury-a-objednavky-rok-2020\/\" target=\"_blank\" rel=\"noreferrer noopener\" aria-label=\"ROK 2020 (otvor\u00ed sa v novej karte)\">ROK 2020<\/a><\/h4>\n\n\n\n<h4 class=\"wp-block-heading\"><a href=\"https:\/\/regiontatry.sk\/zmluvy-faktury-a-objednavky-rok-2019\/\">ROK 2019<\/a><\/h4>\n\n\n\n<h4 class=\"wp-block-heading\"><a aria-label=\"ROK 2018 (otvor\u00ed sa v novej karte)\" href=\"https:\/\/regiontatry.sk\/povinne-zverejnovanie\/zmluvy-faktury-a-objednavky-rok-2018\/\" target=\"_blank\" rel=\"noreferrer noopener\">ROK 2018<\/a><\/h4>\n\n\n\n<h4 class=\"wp-block-heading\"><a aria-label=\"ROK 2017 (otvor\u00ed sa v novej karte)\" href=\"https:\/\/regiontatry.sk\/povinne-zverejnovanie\/zmluvy-faktury-a-objednavky-rok-2017\/\" target=\"_blank\" rel=\"noreferrer noopener\">ROK 2017<\/a><\/h4>\n\n\n\n<h4 class=\"wp-block-heading\"><a aria-label=\"ROK 2016 (otvor\u00ed sa v novej karte)\" href=\"https:\/\/regiontatry.sk\/povinne-zverejnovanie\/zmluvy-faktury-a-objednavky-rok-2016\/\" target=\"_blank\" rel=\"noreferrer noopener\">ROK 2016<\/a><\/h4>\n\n\n\n<h4 class=\"wp-block-heading\"><a aria-label=\"ROK 2015 (otvor\u00ed sa v novej karte)\" href=\"https:\/\/regiontatry.sk\/povinne-zverejnovanie\/zmluvy-faktury-a-objednavky-rok-2015\/\" target=\"_blank\" rel=\"noreferrer noopener\">ROK 2015<\/a><\/h4>\n\n\n\n<h4 class=\"wp-block-heading\"><a aria-label=\"ROK 2014 (otvor\u00ed sa v novej karte)\" href=\"https:\/\/regiontatry.sk\/povinne-zverejnovanie\/zmluvy-faktury-a-objednavky-rok-2014\/\" target=\"_blank\" rel=\"noreferrer noopener\">ROK 2014<\/a><\/h4>\n\n\n\n<h4 class=\"wp-block-heading\"><a href=\"https:\/\/regiontatry.sk\/povinne-zverejnovanie\/zmluvy-faktury-a-objednavky-rok-2013\/\" target=\"_blank\" rel=\"noreferrer noopener\" aria-label=\"ROK 2013 (otvor\u00ed sa v novej karte)\">ROK 2013<\/a><\/h4>\n\n\n\n<h4 class=\"wp-block-heading\"><a href=\"https:\/\/regiontatry.sk\/povinne-zverejnovanie\/zmluvy-faktury-a-objednavky-rok-2012\/\" target=\"_blank\" rel=\"noreferrer noopener\" aria-label=\"ROK 2012 (otvor\u00ed sa v novej karte)\">ROK 2012<\/a><\/h4>\n\n\n\n<h2 class=\"wp-block-heading\">V\u00fdzvy na predkladanie cenov\u00fdch pon\u00fak:<br><\/h2>\n\n\n\n<h4 class=\"wp-block-heading\"><a href=\"https:\/\/regiontatry.sk\/povinne-zverejnovanie\/vyzvy-na-predkladanie-cenovych-ponuk-2022\/\">ROK 2022<\/a><\/h4>\n\n\n\n<h4 class=\"wp-block-heading\" id=\"mce_21\"><a href=\"https:\/\/regiontatry.sk\/povinne-zverejnovanie\/vyzvy-na-predkladanie-cenovych-ponuk-2021\/\">ROK 2021<\/a><\/h4>\n\n\n\n<h4 class=\"wp-block-heading\" id=\"mce_21\"><a href=\"https:\/\/regiontatry.sk\/povinne-zverejnovanie\/vyzvy-na-predkladanie-cenovych-ponuk-rok-2020\/\">ROK 2020<\/a><\/h4>\n\n\n\n<h4 class=\"wp-block-heading\"><a href=\"https:\/\/regiontatry.sk\/vyzvy-na-predkladanie-cenovych-ponuk-rok-2019\/\">ROK 2019<\/a><\/h4>\n\n\n\n<h4 class=\"wp-block-heading\"><a href=\"https:\/\/regiontatry.sk\/vyzvy-na-predkladanie-cenovych-ponuk-rok-2018\/\">ROK 2018<\/a><\/h4>\n\n\n\n<h4 class=\"wp-block-heading\"><a href=\"https:\/\/regiontatry.sk\/vyzvy-na-predkladanie-cenovych-ponuk-rok-2017\/\">ROK 2017<\/a><\/h4>\n\n\n\n<h4 class=\"wp-block-heading\"><a href=\"https:\/\/regiontatry.sk\/vyzvy-na-predkladanie-cenovych-ponuk-rok-2016\/\">ROK 2016<\/a><\/h4>\n\n\n\n<h4 class=\"wp-block-heading\"><a href=\"https:\/\/regiontatry.sk\/vyzvy-na-predkladanie-cenovych-ponuk-rok-2015-a-2014\/\">ROK 2015 a 2014<\/a><\/h4>\n","protected":false},"excerpt":{"rendered":"<p>\u0160tat\u00fat s\u00fa\u0165a\u017ee Vyhraj Noc na Lomnickom \u0161t\u00edte pre 2 osoby Zmluvy, fakt\u00fary a objedn\u00e1vky: ROK 2025 ROK 2024 ROK 2023 ROK 2022 ROK 2021\ufeff ROK 2020 ROK 2019 ROK 2018 ROK 2017 ROK 2016 ROK 2015 ROK 2014 ROK 2013 ROK 2012 V\u00fdzvy na predkladanie cenov\u00fdch pon\u00fak: ROK 2022 ROK 2021 ROK 2020 ROK 2019 [&hellip;]<\/p>\n","protected":false},"author":2,"featured_media":17243,"parent":0,"menu_order":0,"comment_status":"closed","ping_status":"closed","template":"template-simple-page.php","meta":{"footnotes":""},"class_list":["post-23213","page","type-page","status-publish","has-post-thumbnail","hentry"],"_links":{"self":[{"href":"https:\/\/regiontatry.sk\/en\/wp-json\/wp\/v2\/pages\/23213"}],"collection":[{"href":"https:\/\/regiontatry.sk\/en\/wp-json\/wp\/v2\/pages"}],"about":[{"href":"https:\/\/regiontatry.sk\/en\/wp-json\/wp\/v2\/types\/page"}],"author":[{"embeddable":true,"href":"https:\/\/regiontatry.sk\/en\/wp-json\/wp\/v2\/users\/2"}],"replies":[{"embeddable":true,"href":"https:\/\/regiontatry.sk\/en\/wp-json\/wp\/v2\/comments?post=23213"}],"version-history":[{"count":21,"href":"https:\/\/regiontatry.sk\/en\/wp-json\/wp\/v2\/pages\/23213\/revisions"}],"predecessor-version":[{"id":10367327,"href":"https:\/\/regiontatry.sk\/en\/wp-json\/wp\/v2\/pages\/23213\/revisions\/10367327"}],"wp:featuredmedia":[{"embeddable":true,"href":"https:\/\/regiontatry.sk\/en\/wp-json\/wp\/v2\/media\/17243"}],"wp:attachment":[{"href":"https:\/\/regiontatry.sk\/en\/wp-json\/wp\/v2\/media?parent=23213"}],"curies":[{"name":"wp","href":"https:\/\/api.w.org\/{rel}","templated":true}]}}