{"id":24387,"date":"2020-02-07T14:19:23","date_gmt":"2020-02-07T13:19:23","guid":{"rendered":"https:\/\/regiontatry.sk\/sport\/virtualne-preteky\/"},"modified":"2020-02-11T13:56:37","modified_gmt":"2020-02-11T12:56:37","slug":"virtual-race","status":"publish","type":"page","link":"https:\/\/regiontatry.sk\/en\/sport\/virtual-race\/","title":{"rendered":"Virtual race"},"content":{"rendered":"\n<p>Running and Nordic walking enthusiasts who like to race, but for various reasons could not participate in the original races, have the opportunity to complete the Virtual race all year round. Registration and sending of the record of the route in the prescribed format according to propositions is the condition of the participation. Participants receive a starter pack, a medal or badge and compete for valuable prizes.Nad\u0161enci behu a\u00a0nordic walkingu, ktor\u00ed radi pretekaj\u00fa, ale z\u00a0r\u00f4znych d\u00f4vodov sa nemohli z\u00fa\u010dastni\u0165 origin\u00e1lnych pretekov maj\u00fa mo\u017enos\u0165 v\u00a0Tatr\u00e1ch absolvova\u0165 tzv. Virtu\u00e1lne preteky. Ide o\u00a0celoro\u010dn\u00fa aktivitu, pri\u010dom podmienkou \u00fa\u010dasti je registr\u00e1cia a zaslanie z\u00e1znamu prejdenia trasy v predp\u00edsanom form\u00e1te pod\u013ea propoz\u00edci\u00ed. \u00da\u010dastn\u00edci z\u00edskaj\u00fa \u0161tartovac\u00ed bal\u00ed\u010dek, \u00fa\u010dastn\u00edcku medailu alebo odznak a s\u00fa\u0165a\u017eia o\u00a0hodnotn\u00e9 ceny.<br><br><\/p>\n\n\n\n<h4 class=\"wp-block-heading\"><strong>How does it work?<\/strong><br><br><\/h4>\n\n\n\n<h4 class=\"wp-block-heading\">1)\u00a0 Register<\/h4>\n\n\n\n<p>If you want to participate, you must <a rel=\"noreferrer noopener\" aria-label=\"register (otvor\u00ed sa v novej karte)\" href=\"http:\/\/tatryvpohybe.sk\/en\/events\/virtualnepreteky2019\/registration \" target=\"_blank\">register<\/a> on the website <a rel=\"noreferrer noopener\" aria-label=\"tatryvpohybe.sk. (otvor\u00ed sa v novej karte)\" href=\"http:\/\/tatryvpohybe.sk\/en\/events\/virtualnepreteky2019\/registration \" target=\"_blank\">tatryvpohybe.sk.<\/a><\/p>\n\n\n\n<h4 class=\"wp-block-heading\">2)\u00a0<strong>Pick a trail<\/strong><\/h4>\n\n\n\n<p>At <a rel=\"noreferrer noopener\" aria-label=\"tatryvpohybe (otvor\u00ed sa v novej karte)\" href=\"http:\/\/tatryvpohybe.sk\/sk\/virtualne\" target=\"_blank\">tatryvpohybe<\/a><a rel=\"noreferrer noopener\" href=\"http:\/\/tatryvpohybe.sk\" target=\"_blank\">.sk<\/a> <a rel=\"noreferrer noopener\" aria-label=\"pick a\u00a0racing trail (otvor\u00ed sa v novej karte)\" href=\"http:\/\/tatryvpohybe.sk\/sk\/virtualne\" target=\"_blank\">pick a\u00a0racing trail<\/a> that you want to participate in.<br><br>Each participant can pick their own trail according to their tastes and it doesn\u00b4t have to be just one \u2013 he or she can pick several or even all trails. The start of the race is individual. Make sure to familiarize yourself with the trail that you selected. <\/p>\n\n\n\n<h4 class=\"wp-block-heading\">3)\u00a0<strong>Complete the trail using GPS<\/strong><\/h4>\n\n\n\n<p>Complete the trail and track your performance through a\u00a0GPS device.<br><br>Complete the trail however you want and track your performance using a\u00a0GPS device. When on the trail, please heed visitors regulations of TANAP and weather conditions. <\/p>\n\n\n\n<h4 class=\"wp-block-heading\">4)\u00a0<strong>Upload the result<\/strong><\/h4>\n\n\n\n<p>Upload your result as a\u00a0gpx file on <a rel=\"noreferrer noopener\" href=\"http:\/\/tatryvpohybe.sk\" target=\"_blank\">tatryvpohybe.sk<\/a><br><br>Upload the gpx file with the information about the raceing trail to the website tatryvpohybe.sk. You will then be entered into the competition and will have a\u00a0chance to win a\u00a0prize. If more of you decide to participate in the race, we will need an individual gpx file from each of you. <\/p>\n\n\n\n<h4 class=\"wp-block-heading\">5)\u00a0<strong>Rewards<\/strong><\/h4>\n\n\n\n<p>Receive an attractive prize after fulfilling the conditions. <br><br>Every single entry with a\u00a0completed trail has a\u00a0chance to win a\u00a0prize. The more entries, the bigger the chance to win.<\/p>\n\n\n\n<p>The main prize: a\u00a0Garmin sports watch, a\u00a0weekend stay at hotel Crocus and more great prizes. <\/p>\n\n\n\n<div style=\"height:100px\" aria-hidden=\"true\" class=\"wp-block-spacer\"><\/div>\n\n\n\t<a href=\"http:\/\/tatryvpohybe.sk\/sk\/podujatia\/virtualnepreteky2019\" class=\"wp-block-cgb-block-creanet-list category-list grid-x grid-padding-x align-middle\">\n\t\t\t\t\t<div class=\"small-12 medium-6 large-5\">\n\t\t\t\t<figure><img src='https:\/\/regiontatry.sk\/wp-content\/uploads\/2020\/02\/vpSP-1.jpg'\n\t\t\t\t\t\talt=''\n\t\t\t\t\t\ttitle='vpSP'\n\t\t\t\t\t\/><\/figure>\n\t\t\t<\/div>\n\t\t\n\n\t\t<div class=\"cell small-12 medium-5 large-7\">\n\t\t\t<h3>Virtual race \u0160trbsk\u00e9 Pleso<\/h3>\n\t\t\t<p>Virtual races on selected routes in the region of Strba and Strbske Pleso. By participating you will be able to win the GARMIN FORERUNNER 245 MUSIC sports watch.<br><br><em>Virtual race \u0160trbsk\u00e9 Pleso is Implemented with the financial support of the Ministry of Transport and Construction of the Slovak Republic.<\/em><\/p>\n\t\t<\/div>\n\t<\/a>\n\n\t\n\n\t<a href=\"https:\/\/pretekaj.sk\/sk\/podujatia\/virtualnevysoketatry2019\" class=\"wp-block-cgb-block-creanet-list category-list grid-x grid-padding-x align-middle\">\n\t\t\t\t\t<div class=\"small-12 medium-6 large-5\">\n\t\t\t\t<figure><img src='https:\/\/regiontatry.sk\/wp-content\/uploads\/2020\/02\/vpVT.jpg'\n\t\t\t\t\t\talt=''\n\t\t\t\t\t\ttitle='vpVT'\n\t\t\t\t\t\/><\/figure>\n\t\t\t<\/div>\n\t\t\n\n\t\t<div class=\"cell small-12 medium-5 large-7\">\n\t\t\t<h3>Virtual race Vysok\u00e9 Tatry<\/h3>\n\t\t\t<p>Another annual virtual race is taking place on selected running, Nordic walking, ski mountaineering and cycling trails in the High Tatras. Through your participation, you will also support the marking process and maintenance of trails in the Tatras.<br><\/p>\n\t\t<\/div>\n\t<\/a>\n\n\t","protected":false},"excerpt":{"rendered":"<p>Running and Nordic walking enthusiasts who like to race, but for various reasons could not participate in the original races, have the opportunity to complete the Virtual race all year round. Registration and sending of the record of the route in the prescribed format according to propositions is the condition of the participation. Participants receive [&hellip;]<\/p>\n","protected":false},"author":2,"featured_media":24376,"parent":1567,"menu_order":0,"comment_status":"closed","ping_status":"closed","template":"template-simple-page.php","meta":{"footnotes":""},"class_list":["post-24387","page","type-page","status-publish","has-post-thumbnail","hentry"],"_links":{"self":[{"href":"https:\/\/regiontatry.sk\/en\/wp-json\/wp\/v2\/pages\/24387"}],"collection":[{"href":"https:\/\/regiontatry.sk\/en\/wp-json\/wp\/v2\/pages"}],"about":[{"href":"https:\/\/regiontatry.sk\/en\/wp-json\/wp\/v2\/types\/page"}],"author":[{"embeddable":true,"href":"https:\/\/regiontatry.sk\/en\/wp-json\/wp\/v2\/users\/2"}],"replies":[{"embeddable":true,"href":"https:\/\/regiontatry.sk\/en\/wp-json\/wp\/v2\/comments?post=24387"}],"version-history":[{"count":1,"href":"https:\/\/regiontatry.sk\/en\/wp-json\/wp\/v2\/pages\/24387\/revisions"}],"predecessor-version":[{"id":24391,"href":"https:\/\/regiontatry.sk\/en\/wp-json\/wp\/v2\/pages\/24387\/revisions\/24391"}],"up":[{"embeddable":true,"href":"https:\/\/regiontatry.sk\/en\/wp-json\/wp\/v2\/pages\/1567"}],"wp:featuredmedia":[{"embeddable":true,"href":"https:\/\/regiontatry.sk\/en\/wp-json\/wp\/v2\/media\/24376"}],"wp:attachment":[{"href":"https:\/\/regiontatry.sk\/en\/wp-json\/wp\/v2\/media?parent=24387"}],"curies":[{"name":"wp","href":"https:\/\/api.w.org\/{rel}","templated":true}]}}