{"id":2490,"date":"2018-08-24T13:41:11","date_gmt":"2018-08-24T11:41:11","guid":{"rendered":"http:\/\/regiontatry.creanet.sk\/lyzovanie-2\/bezecke-lyzovanie\/"},"modified":"2026-01-08T22:17:00","modified_gmt":"2026-01-08T21:17:00","slug":"cross-country-skiing","status":"publish","type":"page","link":"https:\/\/regiontatry.sk\/en\/skiing\/cross-country-skiing\/","title":{"rendered":"Cross-country skiing"},"content":{"rendered":"<div class=\"wp-block-image\">\n<figure class=\"alignright size-full is-resized\"><img loading=\"lazy\" decoding=\"async\" width=\"1024\" height=\"610\" src=\"https:\/\/regiontatry.sk\/wp-content\/uploads\/2024\/10\/image-5.png\" alt=\"\" class=\"wp-image-9952862\" style=\"width:502px;height:auto\" srcset=\"https:\/\/regiontatry.sk\/wp-content\/uploads\/2024\/10\/image-5.png 1024w, https:\/\/regiontatry.sk\/wp-content\/uploads\/2024\/10\/image-5-300x179.png 300w, https:\/\/regiontatry.sk\/wp-content\/uploads\/2024\/10\/image-5-768x458.png 768w, https:\/\/regiontatry.sk\/wp-content\/uploads\/2024\/10\/image-5-860x512.png 860w, https:\/\/regiontatry.sk\/wp-content\/uploads\/2024\/10\/image-5-698x416.png 698w, https:\/\/regiontatry.sk\/wp-content\/uploads\/2024\/10\/image-5-552x329.png 552w\" sizes=\"(max-width: 1024px) 100vw, 1024px\" \/><\/figure><\/div>\n\n\n<p>Cross-country skiing is an integral part of winter in the High Tatras, along with alpine skiing and ski touring. There are top-class&nbsp;<strong>cross-country tracks in every resort<\/strong>, all of them are groomed every day.&nbsp;<strong>75 kilometres of cross-country skiing tracks<\/strong>&nbsp;are at disposal in every settlement in the&nbsp;High Tatras during the winter season.&nbsp;<\/p>\n\n\n\n<p>The biggest cross-country skiing area is in&nbsp;<strong>\u0160trbsk\u00e9&nbsp;Pleso<\/strong>&nbsp;and offers 8 professional groomed tracks with the length of 0,5 to 5 km. The so called SNOW area is supplied with man-made snow and can be used all winter long. The resorts of&nbsp;<strong>Tatransk\u00e1 Lomnica,&nbsp;Star\u00fd Smokovec<\/strong>&nbsp;and&nbsp;<strong><strong>areas around&nbsp;<\/strong>offer&nbsp;offer 42 km<\/strong> of tracks in total, from easy to medium difficulty. Experienced skiers as well as beginners can find here everything they need.<\/p>\n\n\n\n<p><strong>The golf area Black Stork<\/strong>&nbsp;changes to an ideal cross-country ski area in winter. Circuits&nbsp;with the total length of more than 10 km offer sports satisfaction and picturesque&nbsp;views of the whole High Tatras&nbsp;and the&nbsp;<strong>cycle route between&nbsp;Spi\u0161sk\u00e1 Bel\u00e1 and Tatransk\u00e1 Kotlina<\/strong>&nbsp;can be used as an easy 9 km-long running track in&nbsp;winter.<br><\/p>\n\n\n\n<h2 class=\"wp-block-heading\">Cross-country trails in the High Tatras<\/h2>\n\n\n\n<h3 class=\"wp-block-heading\"><a href=\"https:\/\/regiontatry.sk\/wp-content\/uploads\/2024\/12\/mapa-zima-2024-25.pdfhttps:\/\/regiontatry.sk\/wp-content\/uploads\/2025\/12\/mapa-zima-2025-26.pdf\" target=\"_blank\" rel=\"noreferrer noopener\" class=\"broken_link\">>>>download the MAP HERE &lt;&lt;&lt;<\/a><\/h3>\n\n\n\n<figure class=\"wp-block-image size-full\"><a href=\"https:\/\/regiontatry.sk\/wp-content\/uploads\/2025\/12\/mapa-zima-2025-26_titulka.png\" data-rel=\"lightbox-image-0\" data-rl_title=\"\" data-rl_caption=\"\" title=\"\"><img loading=\"lazy\" decoding=\"async\" width=\"1131\" height=\"802\" src=\"https:\/\/regiontatry.sk\/wp-content\/uploads\/2025\/12\/mapa-zima-2025-26_titulka.png\" alt=\"\" class=\"wp-image-13171682\" srcset=\"https:\/\/regiontatry.sk\/wp-content\/uploads\/2025\/12\/mapa-zima-2025-26_titulka.png 1131w, https:\/\/regiontatry.sk\/wp-content\/uploads\/2025\/12\/mapa-zima-2025-26_titulka-300x213.png 300w, https:\/\/regiontatry.sk\/wp-content\/uploads\/2025\/12\/mapa-zima-2025-26_titulka-1024x726.png 1024w, https:\/\/regiontatry.sk\/wp-content\/uploads\/2025\/12\/mapa-zima-2025-26_titulka-768x545.png 768w, https:\/\/regiontatry.sk\/wp-content\/uploads\/2025\/12\/mapa-zima-2025-26_titulka-860x610.png 860w, https:\/\/regiontatry.sk\/wp-content\/uploads\/2025\/12\/mapa-zima-2025-26_titulka-698x495.png 698w, https:\/\/regiontatry.sk\/wp-content\/uploads\/2025\/12\/mapa-zima-2025-26_titulka-552x391.png 552w\" sizes=\"(max-width: 1131px) 100vw, 1131px\" \/><\/a><\/figure>\n\n\n\n<h2 class=\"wp-block-heading\"><br>Cross-country skiing area SNOW \u0160trbsk\u00e9 Pleso<\/h2>\n\n\n\n<p><strong>In the \u0160trbsk\u00e9 Pleso cross-country skiing area<\/strong>, an unforgettable cross-country skiing experience awaits you in one of the most beautiful surroundings of Slovakia. It offers access to <strong>8 superbly groomed cross-country ski tracks<\/strong> that are suitable for skiers of all ages and skill levels. <strong>The tracks are groomed and maintained daily for classic (CT) and free (FT) running styles.<\/strong><\/p>\n\n\n\n<p>Operating hours are daily from 9:00 a.m. to 6:00 p.m. After 18:00 The cross-country tracks are being modified, the tracks are CLOSED.<\/p>\n\n\n\n<p><strong>Entrance to the cross-country skiing area is subject to a fee.<\/strong> CURRENT PRICE LIST <a href=\"https:\/\/sportticket.sk\/stredisko\/abl\">HERE!<\/a><\/p>\n\n\n\n<figure class=\"wp-block-gallery has-nested-images columns-default is-cropped wp-block-gallery-2 is-layout-flex wp-block-gallery-is-layout-flex\">\n<figure class=\"wp-block-image\"><img loading=\"lazy\" decoding=\"async\" width=\"1024\" height=\"683\" data-id=\"13212\" src=\"https:\/\/regiontatry.sk\/wp-content\/uploads\/2018\/11\/c-Marek-Hajkovsky-SPmarketing-bezkovanie-180-1-1024x683.jpg\" alt=\"\" class=\"wp-image-13212\" srcset=\"https:\/\/regiontatry.sk\/wp-content\/uploads\/2018\/11\/c-Marek-Hajkovsky-SPmarketing-bezkovanie-180-1-1024x683.jpg 1024w, https:\/\/regiontatry.sk\/wp-content\/uploads\/2018\/11\/c-Marek-Hajkovsky-SPmarketing-bezkovanie-180-1-300x200.jpg 300w, https:\/\/regiontatry.sk\/wp-content\/uploads\/2018\/11\/c-Marek-Hajkovsky-SPmarketing-bezkovanie-180-1-768x513.jpg 768w, https:\/\/regiontatry.sk\/wp-content\/uploads\/2018\/11\/c-Marek-Hajkovsky-SPmarketing-bezkovanie-180-1-698x466.jpg 698w, https:\/\/regiontatry.sk\/wp-content\/uploads\/2018\/11\/c-Marek-Hajkovsky-SPmarketing-bezkovanie-180-1-552x368.jpg 552w, https:\/\/regiontatry.sk\/wp-content\/uploads\/2018\/11\/c-Marek-Hajkovsky-SPmarketing-bezkovanie-180-1.jpg 1500w\" sizes=\"(max-width: 1024px) 100vw, 1024px\" \/><\/figure>\n\n\n\n<figure class=\"wp-block-image\"><img loading=\"lazy\" decoding=\"async\" width=\"1024\" height=\"683\" data-id=\"13213\" src=\"https:\/\/regiontatry.sk\/wp-content\/uploads\/2018\/11\/c-Marek-Hajkovsky-SPmarketing-bezkovanie-146-1-1024x683.jpg\" alt=\"\" class=\"wp-image-13213\" srcset=\"https:\/\/regiontatry.sk\/wp-content\/uploads\/2018\/11\/c-Marek-Hajkovsky-SPmarketing-bezkovanie-146-1-1024x683.jpg 1024w, https:\/\/regiontatry.sk\/wp-content\/uploads\/2018\/11\/c-Marek-Hajkovsky-SPmarketing-bezkovanie-146-1-300x200.jpg 300w, https:\/\/regiontatry.sk\/wp-content\/uploads\/2018\/11\/c-Marek-Hajkovsky-SPmarketing-bezkovanie-146-1-768x513.jpg 768w, https:\/\/regiontatry.sk\/wp-content\/uploads\/2018\/11\/c-Marek-Hajkovsky-SPmarketing-bezkovanie-146-1-698x466.jpg 698w, https:\/\/regiontatry.sk\/wp-content\/uploads\/2018\/11\/c-Marek-Hajkovsky-SPmarketing-bezkovanie-146-1-552x368.jpg 552w, https:\/\/regiontatry.sk\/wp-content\/uploads\/2018\/11\/c-Marek-Hajkovsky-SPmarketing-bezkovanie-146-1.jpg 1500w\" sizes=\"(max-width: 1024px) 100vw, 1024px\" \/><\/figure>\n\n\n\n<figure class=\"wp-block-image\"><img loading=\"lazy\" decoding=\"async\" width=\"1024\" height=\"683\" data-id=\"13215\" src=\"https:\/\/regiontatry.sk\/wp-content\/uploads\/2018\/11\/c-Marek-Hajkovsky-SPmarketing-bezkovanie-140-1-1024x683.jpg\" alt=\"\" class=\"wp-image-13215\" srcset=\"https:\/\/regiontatry.sk\/wp-content\/uploads\/2018\/11\/c-Marek-Hajkovsky-SPmarketing-bezkovanie-140-1-1024x683.jpg 1024w, https:\/\/regiontatry.sk\/wp-content\/uploads\/2018\/11\/c-Marek-Hajkovsky-SPmarketing-bezkovanie-140-1-300x200.jpg 300w, https:\/\/regiontatry.sk\/wp-content\/uploads\/2018\/11\/c-Marek-Hajkovsky-SPmarketing-bezkovanie-140-1-768x513.jpg 768w, https:\/\/regiontatry.sk\/wp-content\/uploads\/2018\/11\/c-Marek-Hajkovsky-SPmarketing-bezkovanie-140-1-698x466.jpg 698w, https:\/\/regiontatry.sk\/wp-content\/uploads\/2018\/11\/c-Marek-Hajkovsky-SPmarketing-bezkovanie-140-1-552x368.jpg 552w, https:\/\/regiontatry.sk\/wp-content\/uploads\/2018\/11\/c-Marek-Hajkovsky-SPmarketing-bezkovanie-140-1.jpg 1500w\" sizes=\"(max-width: 1024px) 100vw, 1024px\" \/><\/figure>\n<\/figure>\n\n\n\n<h3 class=\"wp-block-heading has-text-align-center\"><a aria-label=\"Aktu\u00e1lny stav be\u017eeck\u00fdch trat\u00ed (otvor\u00ed sa v novej karte)\" href=\"http:\/\/abl.sk\/zima\/trate\/\" target=\"_blank\" rel=\"noreferrer noopener\">&gt;&gt;&gt;   Current conditions of cross-country skiing tracks&nbsp;  <strong>&lt;&lt;&lt;<\/strong><\/a> <br><\/h3>\n\n\n<div class=\"wp-block-image\">\n<figure class=\"aligncenter size-large is-resized\"><a href=\"https:\/\/regiontatry.sk\/wp-content\/uploads\/2021\/12\/SNOW-\u0160trbsk\u00e9-Pleso.jpg\" data-rel=\"lightbox-image-1\" data-rl_title=\"\" data-rl_caption=\"\" title=\"\"><img loading=\"lazy\" decoding=\"async\" width=\"1024\" height=\"724\" src=\"https:\/\/regiontatry.sk\/wp-content\/uploads\/2021\/12\/SNOW-\u0160trbsk\u00e9-Pleso-1024x724.jpg\" alt=\"\" class=\"wp-image-7201018\" style=\"width:764px;height:auto\" srcset=\"https:\/\/regiontatry.sk\/wp-content\/uploads\/2021\/12\/SNOW-\u0160trbsk\u00e9-Pleso-1024x724.jpg 1024w, https:\/\/regiontatry.sk\/wp-content\/uploads\/2021\/12\/SNOW-\u0160trbsk\u00e9-Pleso-300x212.jpg 300w, https:\/\/regiontatry.sk\/wp-content\/uploads\/2021\/12\/SNOW-\u0160trbsk\u00e9-Pleso-768x543.jpg 768w, https:\/\/regiontatry.sk\/wp-content\/uploads\/2021\/12\/SNOW-\u0160trbsk\u00e9-Pleso-1920x1357.jpg 1920w, https:\/\/regiontatry.sk\/wp-content\/uploads\/2021\/12\/SNOW-\u0160trbsk\u00e9-Pleso-1705x1205.jpg 1705w, https:\/\/regiontatry.sk\/wp-content\/uploads\/2021\/12\/SNOW-\u0160trbsk\u00e9-Pleso-698x493.jpg 698w, https:\/\/regiontatry.sk\/wp-content\/uploads\/2021\/12\/SNOW-\u0160trbsk\u00e9-Pleso-552x390.jpg 552w\" sizes=\"(max-width: 1024px) 100vw, 1024px\" \/><\/a><\/figure><\/div>\n\n\n<h2 class=\"wp-block-heading\"><br>Cross-country trails of the High Tatras<\/h2>\n\n\n\n<div class=\"wp-block-columns is-layout-flex wp-container-core-columns-is-layout-1 wp-block-columns-is-layout-flex\">\n<div class=\"wp-block-column is-layout-flow wp-block-column-is-layout-flow\" style=\"flex-basis:100%\">\n<figure class=\"wp-block-table alignleft is-style-stripes\" style=\"font-size:14px\"><table class=\"has-pale-cyan-blue-background-color has-background\"><tbody><tr><td colspan=\"4\"><strong>Tatransk\u00e1 Lomnica<\/strong><\/td><\/tr><tr><td><strong>Poz\u00edcia&nbsp;<\/strong><\/td><td><strong>Miesto<\/strong><\/td><td><strong>D\u013a\u017eka<\/strong><\/td><td><strong>Tra\u0165<\/strong><\/td><\/tr><tr><td>&nbsp; &nbsp; &nbsp; 1.&nbsp;<\/td><td>Kolbisko<\/td><td>2,0 km<\/td><td><strong>&nbsp;<a href=\"https:\/\/pretekaj.sk\/sk\/trate\/626\" target=\"_blank\" rel=\"noreferrer noopener\">TU<\/a><\/strong><\/td><\/tr><tr><td>&nbsp; &nbsp; &nbsp; 2.<\/td><td>Jamy<\/td><td>2,0 km<\/td><td><strong>&nbsp;<a href=\"https:\/\/pretekaj.sk\/sk\/trate\/626\" target=\"_blank\" rel=\"noreferrer noopener\">TU<\/a><\/strong><\/td><\/tr><tr><td>&nbsp; &nbsp; &nbsp; 3.<\/td><td>Starolesniansk\u00e9 luky<\/td><td>7,5 km<\/td><td><strong>&nbsp;<a href=\"https:\/\/pretekaj.sk\/sk\/trate\/501\" target=\"_blank\" rel=\"noreferrer noopener\">TU<\/a><\/strong><\/td><\/tr><tr><td colspan=\"4\"><strong>Doln\u00fd Smokovec<\/strong><\/td><\/tr><tr><td>&nbsp; &nbsp; &nbsp; 4.<\/td><td>Farsk\u00e9 l\u00faky<\/td><td>0,4 km<\/td><td><strong><a href=\"https:\/\/pretekaj.sk\/sk\/trate\/629\" target=\"_blank\" rel=\"noreferrer noopener\">TU<\/a><\/strong><\/td><\/tr><tr><td colspan=\"4\"><strong>Nov\u00fd Smokovec &#8211; Vy\u0161n\u00e9 H\u00e1gy<\/strong><\/td><\/tr><tr><td>&nbsp; &nbsp; &nbsp; 5.<\/td><td>Chodn\u00edk pri cesty Slobody<\/td><td>8,0 km<\/td><td><strong><a href=\"https:\/\/pretekaj.sk\/sk\/trate\/627\" target=\"_blank\" rel=\"noreferrer noopener\">TU<\/a><\/strong><\/td><\/tr><tr><td colspan=\"4\"><strong>Tatransk\u00e1 Polianka<\/strong><\/td><\/tr><tr><td>&nbsp; &nbsp; &nbsp; 6.<\/td><td>Luky Tatrahaim<\/td><td>2,0 km<\/td><td><strong><a href=\"https:\/\/pretekaj.sk\/sk\/trate\/632\" target=\"_blank\" rel=\"noreferrer noopener\">TU<\/a><\/strong><\/td><\/tr><tr><td colspan=\"4\"><strong>Vy\u0161n\u00e9 H\u00e1gy<\/strong><\/td><\/tr><tr><td>&nbsp; &nbsp; &nbsp; 7.<\/td><td>Ihrisko<\/td><td>0,3 km<\/td><td><strong><a href=\"https:\/\/pretekaj.sk\/sk\/trate\/632\" target=\"_blank\" rel=\"noreferrer noopener\">TU<\/a>&nbsp;<\/strong><\/td><\/tr><tr><td colspan=\"4\"><strong>Nov\u00e1 Polianka<\/strong><\/td><\/tr><tr><td>&nbsp; &nbsp; &nbsp; 8.<\/td><td>Park v are\u00e1li<\/td><td>0,3 km<\/td><td><strong><a href=\"https:\/\/pretekaj.sk\/sk\/trate\/\" target=\"_blank\" rel=\"noreferrer noopener\">TU<\/a><\/strong><\/td><\/tr><\/tbody><\/table><\/figure>\n<\/div>\n<\/div>\n\n\n\n<p><\/p>\n\n\n\n<figure class=\"wp-block-gallery has-nested-images columns-5 is-cropped wp-block-gallery-3 is-layout-flex wp-block-gallery-is-layout-flex\">\n<figure class=\"wp-block-image size-large\"><img loading=\"lazy\" decoding=\"async\" width=\"1024\" height=\"713\" data-id=\"9487655\" src=\"https:\/\/regiontatry.sk\/wp-content\/uploads\/2024\/02\/IMG_4303-Edit-2-1024x713.jpg\" alt=\"\" class=\"wp-image-9487655\" srcset=\"https:\/\/regiontatry.sk\/wp-content\/uploads\/2024\/02\/IMG_4303-Edit-2-1024x713.jpg 1024w, https:\/\/regiontatry.sk\/wp-content\/uploads\/2024\/02\/IMG_4303-Edit-2-300x209.jpg 300w, https:\/\/regiontatry.sk\/wp-content\/uploads\/2024\/02\/IMG_4303-Edit-2-768x535.jpg 768w, https:\/\/regiontatry.sk\/wp-content\/uploads\/2024\/02\/IMG_4303-Edit-2-1920x1337.jpg 1920w, https:\/\/regiontatry.sk\/wp-content\/uploads\/2024\/02\/IMG_4303-Edit-2-1705x1187.jpg 1705w, https:\/\/regiontatry.sk\/wp-content\/uploads\/2024\/02\/IMG_4303-Edit-2-698x486.jpg 698w, https:\/\/regiontatry.sk\/wp-content\/uploads\/2024\/02\/IMG_4303-Edit-2-552x384.jpg 552w\" sizes=\"(max-width: 1024px) 100vw, 1024px\" \/><figcaption class=\"wp-element-caption\">Starolesniansk\u00e9 l\u00fak<\/figcaption><\/figure>\n\n\n\n<figure class=\"wp-block-image size-large\"><img loading=\"lazy\" decoding=\"async\" width=\"1024\" height=\"768\" data-id=\"9487753\" src=\"https:\/\/regiontatry.sk\/wp-content\/uploads\/2024\/02\/bezky-kolbisko-1024x768.jpg\" alt=\"\" class=\"wp-image-9487753\" srcset=\"https:\/\/regiontatry.sk\/wp-content\/uploads\/2024\/02\/bezky-kolbisko-1024x768.jpg 1024w, https:\/\/regiontatry.sk\/wp-content\/uploads\/2024\/02\/bezky-kolbisko-300x225.jpg 300w, https:\/\/regiontatry.sk\/wp-content\/uploads\/2024\/02\/bezky-kolbisko-768x576.jpg 768w, https:\/\/regiontatry.sk\/wp-content\/uploads\/2024\/02\/bezky-kolbisko-1920x1440.jpg 1920w, https:\/\/regiontatry.sk\/wp-content\/uploads\/2024\/02\/bezky-kolbisko-1705x1279.jpg 1705w, https:\/\/regiontatry.sk\/wp-content\/uploads\/2024\/02\/bezky-kolbisko-698x524.jpg 698w, https:\/\/regiontatry.sk\/wp-content\/uploads\/2024\/02\/bezky-kolbisko-552x414.jpg 552w, https:\/\/regiontatry.sk\/wp-content\/uploads\/2024\/02\/bezky-kolbisko.jpg 2048w\" sizes=\"(max-width: 1024px) 100vw, 1024px\" \/><figcaption class=\"wp-element-caption\">Kolbisko<\/figcaption><\/figure>\n\n\n\n<figure class=\"wp-block-image size-large\"><img loading=\"lazy\" decoding=\"async\" width=\"819\" height=\"1024\" data-id=\"9487760\" src=\"https:\/\/regiontatry.sk\/wp-content\/uploads\/2024\/02\/be\u017eky_vy\u0161n\u00e9-h\u00e1gy-819x1024.jpg\" alt=\"\" class=\"wp-image-9487760\" srcset=\"https:\/\/regiontatry.sk\/wp-content\/uploads\/2024\/02\/be\u017eky_vy\u0161n\u00e9-h\u00e1gy-819x1024.jpg 819w, https:\/\/regiontatry.sk\/wp-content\/uploads\/2024\/02\/be\u017eky_vy\u0161n\u00e9-h\u00e1gy-240x300.jpg 240w, https:\/\/regiontatry.sk\/wp-content\/uploads\/2024\/02\/be\u017eky_vy\u0161n\u00e9-h\u00e1gy-768x960.jpg 768w, https:\/\/regiontatry.sk\/wp-content\/uploads\/2024\/02\/be\u017eky_vy\u0161n\u00e9-h\u00e1gy-698x873.jpg 698w, https:\/\/regiontatry.sk\/wp-content\/uploads\/2024\/02\/be\u017eky_vy\u0161n\u00e9-h\u00e1gy-552x690.jpg 552w, https:\/\/regiontatry.sk\/wp-content\/uploads\/2024\/02\/be\u017eky_vy\u0161n\u00e9-h\u00e1gy.jpg 1440w\" sizes=\"(max-width: 819px) 100vw, 819px\" \/><figcaption class=\"wp-element-caption\">Nov\u00fd Smokovec &#8211; Vy\u0161n\u00e9 H\u00e1gy<\/figcaption><\/figure>\n\n\n\n<figure class=\"wp-block-image size-large\"><img loading=\"lazy\" decoding=\"async\" width=\"1024\" height=\"768\" data-id=\"9487860\" src=\"https:\/\/regiontatry.sk\/wp-content\/uploads\/2024\/02\/BEZKY-1_Lenka-Rusn\u00e1kov\u00e1-1-1024x768.jpg\" alt=\"\" class=\"wp-image-9487860\" srcset=\"https:\/\/regiontatry.sk\/wp-content\/uploads\/2024\/02\/BEZKY-1_Lenka-Rusn\u00e1kov\u00e1-1-1024x768.jpg 1024w, https:\/\/regiontatry.sk\/wp-content\/uploads\/2024\/02\/BEZKY-1_Lenka-Rusn\u00e1kov\u00e1-1-300x225.jpg 300w, https:\/\/regiontatry.sk\/wp-content\/uploads\/2024\/02\/BEZKY-1_Lenka-Rusn\u00e1kov\u00e1-1-768x576.jpg 768w, https:\/\/regiontatry.sk\/wp-content\/uploads\/2024\/02\/BEZKY-1_Lenka-Rusn\u00e1kov\u00e1-1-1920x1440.jpg 1920w, https:\/\/regiontatry.sk\/wp-content\/uploads\/2024\/02\/BEZKY-1_Lenka-Rusn\u00e1kov\u00e1-1-1705x1279.jpg 1705w, https:\/\/regiontatry.sk\/wp-content\/uploads\/2024\/02\/BEZKY-1_Lenka-Rusn\u00e1kov\u00e1-1-698x524.jpg 698w, https:\/\/regiontatry.sk\/wp-content\/uploads\/2024\/02\/BEZKY-1_Lenka-Rusn\u00e1kov\u00e1-1-552x414.jpg 552w\" sizes=\"(max-width: 1024px) 100vw, 1024px\" \/><figcaption class=\"wp-element-caption\">Nov\u00fd Smokovec &#8211; Vy\u0161n\u00e9 H\u00e1gy<\/figcaption><\/figure>\n<\/figure>\n\n\n\n<p><\/p>\n\n\n\n<h3 class=\"wp-block-heading has-text-align-center\" id=\"mce_27\"><a rel=\"noreferrer noopener\" aria-label=\"&gt;&gt;&gt; Aktu\u00e1lny stav be\u017eeck\u00fdch trat\u00ed&nbsp; &lt;&lt;&lt; (otvor\u00ed sa v novej karte)\" href=\"https:\/\/www.vysoketatry.sk\/bt.html\" target=\"_blank\">&gt;&gt;&gt; Current conditions of cross-country skiing tracks&nbsp; &lt;&lt;&lt;<\/a><\/h3>\n\n\n<div class=\"wp-block-image\">\n<figure class=\"aligncenter size-full is-resized\"><a href=\"https:\/\/regiontatry.sk\/wp-content\/uploads\/2019\/12\/i_5927958.png\" data-rel=\"lightbox-image-2\" data-rl_title=\"\" data-rl_caption=\"\" title=\"\"><img loading=\"lazy\" decoding=\"async\" width=\"700\" height=\"362\" src=\"https:\/\/regiontatry.sk\/wp-content\/uploads\/2019\/12\/i_5927958.png\" alt=\"\" class=\"wp-image-23339\" style=\"width:730px;height:auto\" srcset=\"https:\/\/regiontatry.sk\/wp-content\/uploads\/2019\/12\/i_5927958.png 700w, https:\/\/regiontatry.sk\/wp-content\/uploads\/2019\/12\/i_5927958-300x155.png 300w, https:\/\/regiontatry.sk\/wp-content\/uploads\/2019\/12\/i_5927958-698x361.png 698w, https:\/\/regiontatry.sk\/wp-content\/uploads\/2019\/12\/i_5927958-552x285.png 552w\" sizes=\"(max-width: 700px) 100vw, 700px\" \/><\/a><\/figure><\/div>\n\n\n<h3 class=\"wp-block-heading\"><br>Cross-country tracks Black Stork, Ve\u013ek\u00e1 Lomnica<br><\/h3>\n\n\n\n<figure class=\"wp-block-image\"><a href=\"https:\/\/regiontatry.sk\/wp-content\/uploads\/2019\/12\/bezecke-trate-black-stork-velka-lomnica-hotel-international-mapa.jpg\" data-rel=\"lightbox-image-3\" data-rl_title=\"\" data-rl_caption=\"\" title=\"\"><img loading=\"lazy\" decoding=\"async\" width=\"1024\" height=\"724\" src=\"https:\/\/regiontatry.sk\/wp-content\/uploads\/2019\/12\/bezecke-trate-black-stork-velka-lomnica-hotel-international-mapa-1024x724.jpg\" alt=\"\" class=\"wp-image-23356\" srcset=\"https:\/\/regiontatry.sk\/wp-content\/uploads\/2019\/12\/bezecke-trate-black-stork-velka-lomnica-hotel-international-mapa-1024x724.jpg 1024w, https:\/\/regiontatry.sk\/wp-content\/uploads\/2019\/12\/bezecke-trate-black-stork-velka-lomnica-hotel-international-mapa-300x212.jpg 300w, https:\/\/regiontatry.sk\/wp-content\/uploads\/2019\/12\/bezecke-trate-black-stork-velka-lomnica-hotel-international-mapa-768x543.jpg 768w, https:\/\/regiontatry.sk\/wp-content\/uploads\/2019\/12\/bezecke-trate-black-stork-velka-lomnica-hotel-international-mapa-698x493.jpg 698w, https:\/\/regiontatry.sk\/wp-content\/uploads\/2019\/12\/bezecke-trate-black-stork-velka-lomnica-hotel-international-mapa-552x390.jpg 552w, https:\/\/regiontatry.sk\/wp-content\/uploads\/2019\/12\/bezecke-trate-black-stork-velka-lomnica-hotel-international-mapa.jpg 1600w\" sizes=\"(max-width: 1024px) 100vw, 1024px\" \/><\/a><\/figure>\n\n\n\n<p><br>Choose your own style \u2013 the classic one along a track cut in the snow; or the so called skate skiing along a groomed track.<\/p>\n\n\n\n<p>If you want to do sports and keep in shape on your holiday, however, without putting too much strain on your joints, cross-country skiing is ideal for you.<\/p>\n\n\n<div class=\"wp-block-image\">\n<figure class=\"aligncenter size-large is-resized\"><img loading=\"lazy\" decoding=\"async\" width=\"1024\" height=\"633\" src=\"https:\/\/regiontatry.sk\/wp-content\/uploads\/2022\/11\/c-Marek-Hajkovsky-foto-BEZKY-2021-16_11zon-1-1024x633.jpg\" alt=\"\" class=\"wp-image-8600542\" style=\"width:705px;height:auto\" srcset=\"https:\/\/regiontatry.sk\/wp-content\/uploads\/2022\/11\/c-Marek-Hajkovsky-foto-BEZKY-2021-16_11zon-1-1024x633.jpg 1024w, https:\/\/regiontatry.sk\/wp-content\/uploads\/2022\/11\/c-Marek-Hajkovsky-foto-BEZKY-2021-16_11zon-1-300x186.jpg 300w, https:\/\/regiontatry.sk\/wp-content\/uploads\/2022\/11\/c-Marek-Hajkovsky-foto-BEZKY-2021-16_11zon-1-768x475.jpg 768w, https:\/\/regiontatry.sk\/wp-content\/uploads\/2022\/11\/c-Marek-Hajkovsky-foto-BEZKY-2021-16_11zon-1-1920x1187.jpg 1920w, https:\/\/regiontatry.sk\/wp-content\/uploads\/2022\/11\/c-Marek-Hajkovsky-foto-BEZKY-2021-16_11zon-1-1705x1054.jpg 1705w, https:\/\/regiontatry.sk\/wp-content\/uploads\/2022\/11\/c-Marek-Hajkovsky-foto-BEZKY-2021-16_11zon-1-698x432.jpg 698w, https:\/\/regiontatry.sk\/wp-content\/uploads\/2022\/11\/c-Marek-Hajkovsky-foto-BEZKY-2021-16_11zon-1-552x341.jpg 552w\" sizes=\"(max-width: 1024px) 100vw, 1024px\" \/><\/figure><\/div>\n\n\n<h2 class=\"wp-block-heading\"><br>Cross-country ski and equipment rental<br><\/h2>\n\n\n\n<figure class=\"wp-block-table is-style-stripes\"><table class=\"has-pale-cyan-blue-background-color has-background has-fixed-layout\"><tbody><tr><td><strong>INTERSPORT RENT GALFY<\/strong><\/td><td>Horn\u00fd Smokovec<br>\u0160trbsk\u00e9 Pleso, Hotel Crocus<\/td><td>+421 52 478 14 02<br>+421 52 446 84 35<br><\/td><td><a href=\"https:\/\/www.galfy.sk\/pozicovna\" class=\"broken_link\">www.galfy.sk\/pozicovna<\/a><\/td><\/tr><tr><td><strong>Are\u00e1l be\u017eeck\u00e9ho ly\u017eovania SNOW<\/strong> <\/td><td>ABL Snow, \u0160trbsk\u00e9 Pleso<\/td><td>+421 911 576 667<\/td><td><a href=\"http:\/\/abl.sk\/zima\/sluzby\/\">abl.sk<\/a><\/td><\/tr><tr><td><strong>PREMIERE SKI SCHOOLS<\/strong><\/td><td>&nbsp;Horn\u00fd Smokovec (Grand Hotel Bellevue)<\/td><td>&nbsp;+421 905 276 764<\/td><td><a href=\"http:\/\/www.premiere-group.sk\" target=\"_blank\" rel=\"noreferrer noopener\">www.premiere-group.sk<\/a><\/td><\/tr><tr><td><strong>KRAMER<\/strong><\/td><td>&nbsp;Tatransk\u00e1 Lomnica (Slne\u010dn\u00fd dom)<\/td><td>&nbsp;+421 917 420 976<\/td><td><a href=\"http:\/\/www.ski-tatry.sk\" target=\"_blank\" rel=\"noreferrer noopener\">www.ski-tatry.sk<\/a><\/td><\/tr><tr><td><strong>TATRA SKI SCHOOL<\/strong><\/td><td>&nbsp;\u0160trbsk\u00e9 Pleso (Are\u00e1l Snov)<\/td><td>&nbsp;+421 908 318 080<\/td><td><a href=\"https:\/\/www.skirent.sk\/\" target=\"_blank\" rel=\"noreferrer noopener\">www.skirent.sk<\/a><\/td><\/tr><\/tbody><\/table><\/figure>\n\n\n\n<p><br>Regular grooming of cross-country skiing tracks in the area of \u0160trbsk\u00e9 Pleso, Star\u00fd Smokovec and Tatransk\u00e1 Lomnica is financed by the Ministry of Tourism and Sports of the Slovak Republic.<br><\/p>\n","protected":false},"excerpt":{"rendered":"<p>Cross-country skiing is an integral part of winter in the High Tatras, along with alpine skiing and ski touring. There are top-class&nbsp;cross-country tracks in every resort, all of them are groomed every day.&nbsp;75 kilometres of cross-country skiing tracks&nbsp;are at disposal in every settlement in the&nbsp;High Tatras during the winter season.&nbsp; The biggest cross-country skiing area [&hellip;]<\/p>\n","protected":false},"author":1,"featured_media":13200,"parent":1599,"menu_order":0,"comment_status":"closed","ping_status":"closed","template":"template-simple-page.php","meta":{"footnotes":""},"class_list":["post-2490","page","type-page","status-publish","has-post-thumbnail","hentry"],"_links":{"self":[{"href":"https:\/\/regiontatry.sk\/en\/wp-json\/wp\/v2\/pages\/2490"}],"collection":[{"href":"https:\/\/regiontatry.sk\/en\/wp-json\/wp\/v2\/pages"}],"about":[{"href":"https:\/\/regiontatry.sk\/en\/wp-json\/wp\/v2\/types\/page"}],"author":[{"embeddable":true,"href":"https:\/\/regiontatry.sk\/en\/wp-json\/wp\/v2\/users\/1"}],"replies":[{"embeddable":true,"href":"https:\/\/regiontatry.sk\/en\/wp-json\/wp\/v2\/comments?post=2490"}],"version-history":[{"count":53,"href":"https:\/\/regiontatry.sk\/en\/wp-json\/wp\/v2\/pages\/2490\/revisions"}],"predecessor-version":[{"id":13222914,"href":"https:\/\/regiontatry.sk\/en\/wp-json\/wp\/v2\/pages\/2490\/revisions\/13222914"}],"up":[{"embeddable":true,"href":"https:\/\/regiontatry.sk\/en\/wp-json\/wp\/v2\/pages\/1599"}],"wp:featuredmedia":[{"embeddable":true,"href":"https:\/\/regiontatry.sk\/en\/wp-json\/wp\/v2\/media\/13200"}],"wp:attachment":[{"href":"https:\/\/regiontatry.sk\/en\/wp-json\/wp\/v2\/media?parent=2490"}],"curies":[{"name":"wp","href":"https:\/\/api.w.org\/{rel}","templated":true}]}}