{"id":2521,"date":"2018-08-24T12:35:36","date_gmt":"2018-08-24T10:35:36","guid":{"rendered":"http:\/\/regiontatry.creanet.sk\/families-and-children-summer\/rodinna-turistika\/"},"modified":"2018-10-29T14:58:09","modified_gmt":"2018-10-29T13:58:09","slug":"family-hiking","status":"publish","type":"page","link":"https:\/\/regiontatry.sk\/en\/hiking\/family-hiking\/","title":{"rendered":"Family hiking"},"content":{"rendered":"\n<p>Enjoy happy family moments in the Tatras and a summer of unforgettable experiences! The High Tatras can become your hiking paradise. They offer tourist trails ideal even for small children\u00b4s feet.<br\/><\/p>\n\n\n\n<h3 class=\"wp-block-heading\" id=\"mce_0\"><strong><br\/>TIPS FOR FAMILY TRIPS<\/strong><\/h3>\n\n\n\n<table class=\"wp-block-table\"><tbody><tr><td>\u00a0<\/td><td>\u00a0<\/td><td>time<\/td><td>\u00a0<\/td><td>vertical drop<\/td><\/tr><tr><td><strong>From \u0160trbsk\u00e9 Pleso to Jamsk\u00e9 pleso (tarn)<\/strong><br\/><\/td><td>\u00a0<\/td><td>1:00<\/td><td>\u00a0<\/td><td>120 m<\/td><\/tr><tr><td><strong>From bus stop Popradsk\u00e9 Pleso to Popradsk\u00e9 pleso,<br\/><\/strong>the fourth biggest tarn in the Tatras<\/td><td>\u00a0<\/td><td>1:00<\/td><td>\u00a0<\/td><td>250 m<\/td><\/tr><tr><td><strong>From Podbansk\u00e9 to Kme\u0165ov vodop\u00e1d,<br\/><\/strong>the biggest waterfall in Slovakia (80m)<\/td><td>\u00a0<\/td><td>2:00<\/td><td>\u00a0<\/td><td>320 m<\/td><\/tr><tr><td><strong>Around Star\u00fd Smokovec<\/strong><br\/>Star\u00fd Smokovec \u2013 foot of Mt. Slavkovsk\u00fd \u0161t\u00edt &#8211; Hrebienok &#8211; Star\u00fd Smokovec<\/td><td>\u00a0<\/td><td>2:00<\/td><td>\u00a0<\/td><td>300 m<\/td><\/tr><tr><td><strong>To Rainer\u00b4s chalet and waterfalls of Studen\u00fd potok (brook)<\/strong><br\/>Star\u00fd Smokovec &#8211; Hrebienok \u2013 Waterfalls of Studen\u00fd potok &#8211; Starolesnianska po\u013eana (former clearing Kamz\u00edk) \u2013 Rainer\u00b4s chalet<\/td><td>\u00a0<\/td><td>1:00<\/td><td>\u00a0<\/td><td>150 m<\/td><\/tr><tr><td><strong>From Tatransk\u00e1 Lomnica to cable car midstation \u0160tart<\/strong><br\/><\/td><td>\u00a0<\/td><td>1:00<\/td><td>\u00a0<\/td><td>200 m<\/td><\/tr><tr><td><strong>Around Tatransk\u00e1 Lomnica<\/strong><br\/>Tatransk\u00e1 Lomnica \u2013 meadows at Tatransk\u00e9 Matliare and back, along the so called Cesta Slobody (Road of Freedom)<\/td><td>\u00a0<\/td><td>1:30<\/td><td>\u00a0<\/td><td>50 m<\/td><\/tr><tr><td><strong>From Javorina to Po\u013eana pod Mur\u00e1\u0148om (clearing)<\/strong><br\/><\/td><td>\u00a0<\/td><td>0:45<\/td><td>\u00a0<\/td><td>110 m<\/td><\/tr><tr><td><strong>From Lys\u00e1 Po\u013eana to Po\u013eana pod Rozpadlinami (clearing)<\/strong><br\/>past Biela voda (brook) \u2013 gamekeeper\u00b4s lodge &#8211; Po\u013eana pod Rozpadlinami<\/td><td>\u00a0<\/td><td>1:00<\/td><td>\u00a0<\/td><td>50 m<\/td><\/tr><\/tbody><\/table>\n","protected":false},"excerpt":{"rendered":"<p>Enjoy happy family moments in the Tatras and a summer of unforgettable experiences! The High Tatras can become your hiking paradise. They offer tourist trails ideal even for small children\u00b4s feet. TIPS FOR FAMILY TRIPS \u00a0 \u00a0 time \u00a0 vertical drop From \u0160trbsk\u00e9 Pleso to Jamsk\u00e9 pleso (tarn) \u00a0 1:00 \u00a0 120 m From bus [&hellip;]<\/p>\n","protected":false},"author":1,"featured_media":1443,"parent":1559,"menu_order":0,"comment_status":"closed","ping_status":"closed","template":"template-simple-page.php","meta":{"footnotes":""},"class_list":["post-2521","page","type-page","status-publish","has-post-thumbnail","hentry"],"_links":{"self":[{"href":"https:\/\/regiontatry.sk\/en\/wp-json\/wp\/v2\/pages\/2521"}],"collection":[{"href":"https:\/\/regiontatry.sk\/en\/wp-json\/wp\/v2\/pages"}],"about":[{"href":"https:\/\/regiontatry.sk\/en\/wp-json\/wp\/v2\/types\/page"}],"author":[{"embeddable":true,"href":"https:\/\/regiontatry.sk\/en\/wp-json\/wp\/v2\/users\/1"}],"replies":[{"embeddable":true,"href":"https:\/\/regiontatry.sk\/en\/wp-json\/wp\/v2\/comments?post=2521"}],"version-history":[{"count":10,"href":"https:\/\/regiontatry.sk\/en\/wp-json\/wp\/v2\/pages\/2521\/revisions"}],"predecessor-version":[{"id":12955,"href":"https:\/\/regiontatry.sk\/en\/wp-json\/wp\/v2\/pages\/2521\/revisions\/12955"}],"up":[{"embeddable":true,"href":"https:\/\/regiontatry.sk\/en\/wp-json\/wp\/v2\/pages\/1559"}],"wp:featuredmedia":[{"embeddable":true,"href":"https:\/\/regiontatry.sk\/en\/wp-json\/wp\/v2\/media\/1443"}],"wp:attachment":[{"href":"https:\/\/regiontatry.sk\/en\/wp-json\/wp\/v2\/media?parent=2521"}],"curies":[{"name":"wp","href":"https:\/\/api.w.org\/{rel}","templated":true}]}}