{"id":2562,"date":"2018-08-23T14:09:10","date_gmt":"2018-08-23T12:09:10","guid":{"rendered":"http:\/\/regiontatry.creanet.sk\/hiking\/horska-turistika\/"},"modified":"2025-05-05T22:05:28","modified_gmt":"2025-05-05T20:05:28","slug":"mountains-and-hiking","status":"publish","type":"page","link":"https:\/\/regiontatry.sk\/en\/hiking\/mountains-and-hiking\/","title":{"rendered":"Mountains and hiking"},"content":{"rendered":"\n<p>There are about&nbsp;<strong>600 km of marked tourist trails<\/strong>&nbsp;in the territory of the High Tatras that take the tourists to the most attractive places of this mountain region. Tourist trails leading through<strong>&nbsp;valleys<\/strong>, ascents to&nbsp;<strong>Tatra chalets<\/strong>, trails to the most&nbsp;<strong>beautiful tarns<\/strong>&nbsp;or a&nbsp;<strong>fascinating world of animals and plants<\/strong>.<\/p>\n\n\n\n<p>Visit this picturesque region. You will love it.<\/p>\n\n\n\n<p>The High Tatras are<strong>&nbsp;ideal for all tourists<\/strong>. They offer easy walks for families with children, active hiking for more demanding tourists or real challenges for those who want to reach the highest peaks.<\/p>\n\n\n\n<p><strong>All tourist trails designated for tourists in the Tatra National Park are marked (red, blue, green, yellow) <\/strong>and divided in groups according to the level of difficulty.<\/p>\n\n\n\n<p><\/p>\n\n\n\n<iframe loading=\"lazy\" title=\"Horsk\u00e1 turistika vo Vysok\u00fdch Tatr\u00e1ch\" width=\"640\" height=\"360\" src=\"https:\/\/www.youtube.com\/embed\/WOdnl5jNlAg?feature=oembed\" frameborder=\"0\" allow=\"accelerometer; autoplay; clipboard-write; encrypted-media; gyroscope; picture-in-picture; web-share\" referrerpolicy=\"strict-origin-when-cross-origin\" allowfullscreen><\/iframe>\n\n\n\n<h3 class=\"wp-block-heading has-text-color has-link-color wp-elements-2f3154f8b74ecd754db2d2c3652ea51c\" style=\"color:#1ad100\"><br><strong>WALKING IN THE AREA<\/strong><\/h3>\n\n\n\n<p>Less demanding tourists can make short walks of max. 2 hours. They are ideal even for families with children.<\/p>\n\n\n\n<h3 class=\"wp-block-heading has-text-color has-link-color wp-elements-3837e0665caf0b37afe62861d7e4b469\" style=\"color:#1ad100\"><strong>HIKING IN VALLEYS<\/strong><\/h3>\n\n\n\n<p>If you are one of\u00a0more demanding tourists, you should definitely try longer hikes in valleys. Set out for tarns and chalets along marked tourist trails, embraced by a beautiful panorama of alpine nature.<\/p>\n\n\n\n<h3 class=\"wp-block-heading has-text-color has-link-color wp-elements-b00e840428d7aafbb7df65b8e2cb1d8c\" style=\"color:#1ad100\"><strong>ASCENTS TO PEAKS<br><\/strong><\/h3>\n\n\n\n<p>The most demanding tourists with determination to surmount difficult terrain and great vertical drops will enjoy ascents to peaks. Many peaks are accessible with <strong><a href=\"\/en\/hiking\/mountain-guides\/\">mountain guides<\/a> <\/strong>only. Safety comes first so every ascent should be well prepared.<\/p>\n\n\n\n<p>Thanks to the project of \u201c<a href=\"\/en\/hiking\/tatras-without-barrriers\/\"><strong>The Tatras without barriers<\/strong><\/a>\u201d, the highest Slovak mountain range is accessible also to disabled citizens and families with prams. Have a look at our <a href=\"\/en\/hiking\/family-hiking\/\"><strong>tips for family hiking trips<\/strong><\/a>.<\/p>\n","protected":false},"excerpt":{"rendered":"<p>There are about&nbsp;600 km of marked tourist trails&nbsp;in the territory of the High Tatras that take the tourists to the most attractive places of this mountain region. Tourist trails leading through&nbsp;valleys, ascents to&nbsp;Tatra chalets, trails to the most&nbsp;beautiful tarns&nbsp;or a&nbsp;fascinating world of animals and plants. Visit this picturesque region. You will love it. The High [&hellip;]<\/p>\n","protected":false},"author":1,"featured_media":1175,"parent":1559,"menu_order":0,"comment_status":"closed","ping_status":"closed","template":"template-objects.php","meta":{"footnotes":""},"class_list":["post-2562","page","type-page","status-publish","has-post-thumbnail","hentry"],"_links":{"self":[{"href":"https:\/\/regiontatry.sk\/en\/wp-json\/wp\/v2\/pages\/2562"}],"collection":[{"href":"https:\/\/regiontatry.sk\/en\/wp-json\/wp\/v2\/pages"}],"about":[{"href":"https:\/\/regiontatry.sk\/en\/wp-json\/wp\/v2\/types\/page"}],"author":[{"embeddable":true,"href":"https:\/\/regiontatry.sk\/en\/wp-json\/wp\/v2\/users\/1"}],"replies":[{"embeddable":true,"href":"https:\/\/regiontatry.sk\/en\/wp-json\/wp\/v2\/comments?post=2562"}],"version-history":[{"count":21,"href":"https:\/\/regiontatry.sk\/en\/wp-json\/wp\/v2\/pages\/2562\/revisions"}],"predecessor-version":[{"id":10226048,"href":"https:\/\/regiontatry.sk\/en\/wp-json\/wp\/v2\/pages\/2562\/revisions\/10226048"}],"up":[{"embeddable":true,"href":"https:\/\/regiontatry.sk\/en\/wp-json\/wp\/v2\/pages\/1559"}],"wp:featuredmedia":[{"embeddable":true,"href":"https:\/\/regiontatry.sk\/en\/wp-json\/wp\/v2\/media\/1175"}],"wp:attachment":[{"href":"https:\/\/regiontatry.sk\/en\/wp-json\/wp\/v2\/media?parent=2562"}],"curies":[{"name":"wp","href":"https:\/\/api.w.org\/{rel}","templated":true}]}}