{"id":2578,"date":"2018-08-23T15:40:19","date_gmt":"2018-08-23T13:40:19","guid":{"rendered":"http:\/\/regiontatry.creanet.sk\/hiking\/vysokohorske-chaty\/"},"modified":"2024-10-12T21:56:26","modified_gmt":"2024-10-12T19:56:26","slug":"alpine-chalets","status":"publish","type":"page","link":"https:\/\/regiontatry.sk\/en\/hiking\/alpine-chalets\/","title":{"rendered":"Alpine chalets"},"content":{"rendered":"\n<p>Explore the hiking trails in the High Tatras and discover <strong>13 alpine chalets<\/strong>, offering breathtaking views of majestic peaks, expansive valleys and blue-green tarns.<\/p>\n\n\n\n<p>The chalets are <strong>ideal to rest during strenuous hikes, refresh oneself or even stay overnight,<\/strong> except for Rainer\u2019s hut, the smallest chalet in the High Tatras, which offers only refreshments.<\/p>\n\n\n\n<p><strong>12 chalets are open all year round<\/strong>: Bil\u00edk\u2019s chalet, Rainer\u2019s hut, Z\u00e1mkovsk\u00fd\u2019s chalet, T\u00e9ry\u2019s chalet, Zbojn\u00edcka chalet, Skalnat\u00e1 chalet, Chalet at Zelen\u00e9 pleso (tarn), Plesnivec chalet, Sliezsky dom mountain hotel, Majl\u00e1th\u2019s chalet, Chalet at Popradsk\u00e9 pleso (tarn) and Chalet below Mt Solisko. <strong>The Chalet below Mt Rysy is an exception as it is only open during the summer season from 1<sup>st<\/sup> June to 31<sup>st<\/sup> October and closed for the rest of the year.<\/strong><\/p>\n\n\n\n<p>These alpine chalets are supplied by <strong><a href=\"https:\/\/regiontatry.sk\/en\/mountain-load-bearers\/\">mountain load bearers,<\/a><\/strong> a world rarity, which makes the chalets truly unique.<\/p>\n\n\n\n<p>If you want to experience an unforgettable night in a chalet in the embrace of the Tatra nature, don\u2019t forget to book your accommodation in advance \u2013 the capacity of accommodation in the chalets is limited.<\/p>\n","protected":false},"excerpt":{"rendered":"<p>Explore the hiking trails in the High Tatras and discover 13 alpine chalets, offering breathtaking views of majestic peaks, expansive valleys and blue-green tarns. The chalets are ideal to rest during strenuous hikes, refresh oneself or even stay overnight, except for Rainer\u2019s hut, the smallest chalet in the High Tatras, which offers only refreshments. 12 [&hellip;]<\/p>\n","protected":false},"author":1,"featured_media":3661,"parent":1559,"menu_order":0,"comment_status":"closed","ping_status":"closed","template":"template-objects.php","meta":{"footnotes":""},"class_list":["post-2578","page","type-page","status-publish","has-post-thumbnail","hentry"],"_links":{"self":[{"href":"https:\/\/regiontatry.sk\/en\/wp-json\/wp\/v2\/pages\/2578"}],"collection":[{"href":"https:\/\/regiontatry.sk\/en\/wp-json\/wp\/v2\/pages"}],"about":[{"href":"https:\/\/regiontatry.sk\/en\/wp-json\/wp\/v2\/types\/page"}],"author":[{"embeddable":true,"href":"https:\/\/regiontatry.sk\/en\/wp-json\/wp\/v2\/users\/1"}],"replies":[{"embeddable":true,"href":"https:\/\/regiontatry.sk\/en\/wp-json\/wp\/v2\/comments?post=2578"}],"version-history":[{"count":9,"href":"https:\/\/regiontatry.sk\/en\/wp-json\/wp\/v2\/pages\/2578\/revisions"}],"predecessor-version":[{"id":9943921,"href":"https:\/\/regiontatry.sk\/en\/wp-json\/wp\/v2\/pages\/2578\/revisions\/9943921"}],"up":[{"embeddable":true,"href":"https:\/\/regiontatry.sk\/en\/wp-json\/wp\/v2\/pages\/1559"}],"wp:featuredmedia":[{"embeddable":true,"href":"https:\/\/regiontatry.sk\/en\/wp-json\/wp\/v2\/media\/3661"}],"wp:attachment":[{"href":"https:\/\/regiontatry.sk\/en\/wp-json\/wp\/v2\/media?parent=2578"}],"curies":[{"name":"wp","href":"https:\/\/api.w.org\/{rel}","templated":true}]}}