{"id":2587,"date":"2018-08-23T13:14:25","date_gmt":"2018-08-23T11:14:25","guid":{"rendered":"http:\/\/regiontatry.creanet.sk\/ubytovanie-a-specialne-ponuky\/co-je-tatry-card\/"},"modified":"2024-07-18T13:23:25","modified_gmt":"2024-07-18T11:23:25","slug":"what-is-the-tatry-card","status":"publish","type":"page","link":"https:\/\/regiontatry.sk\/en\/what-is-the-tatry-card\/","title":{"rendered":"DISCOVER AND EXPERIENCE THE TATRAS WITH OUR NEW DISCOUNT CARD"},"content":{"rendered":"<div class=\"wp-block-image\">\n<figure class=\"alignright is-resized\"><img loading=\"lazy\" decoding=\"async\" width=\"916\" height=\"813\" src=\"https:\/\/regiontatry.sk\/wp-content\/uploads\/2023\/07\/tatry-card-ruka.jpg\" alt=\"\" class=\"wp-image-9169287\" style=\"width:282px;height:250px\" srcset=\"https:\/\/regiontatry.sk\/wp-content\/uploads\/2023\/07\/tatry-card-ruka.jpg 916w, https:\/\/regiontatry.sk\/wp-content\/uploads\/2023\/07\/tatry-card-ruka-300x266.jpg 300w, https:\/\/regiontatry.sk\/wp-content\/uploads\/2023\/07\/tatry-card-ruka-768x682.jpg 768w, https:\/\/regiontatry.sk\/wp-content\/uploads\/2023\/07\/tatry-card-ruka-698x620.jpg 698w, https:\/\/regiontatry.sk\/wp-content\/uploads\/2023\/07\/tatry-card-ruka-552x490.jpg 552w\" sizes=\"(max-width: 916px) 100vw, 916px\" \/><\/figure><\/div>\n\n\n<p><strong>The regional TATRY Card<\/strong> is the key to new adventures and unforgettable moments in the Region of the High Tatras and the best way to \u201ctaste\u201d and try various new activities that our region offers. . <\/p>\n\n\n\n<p>The TATRY Card includes unlimited ecological transport in the High Tatras during the card validity period \u2013 with ZSSK trains&nbsp;<strong>on the routes of the Tatra Electric Railway, <\/strong>the Rack Railway and on the route: Poprad-Tatry \u2013 Studen\u00fd Potok \u2013 Tatransk\u00e1 Lomnica, where the&nbsp;<strong>TATRY Card serves as a travel ticket. <\/strong>If asked by a member of the ZSSK staff, every Tatry Card holder is obliged to show their card together with their valid identification document. <\/p>\n\n\n\n<hr class=\"wp-block-separator has-css-opacity\"\/>\n\n\n\n<h2 class=\"wp-block-heading\"><em>TIPS  TATRY CARD<\/em><\/h2>\n\n\n<div class=\"wp-block-image\">\n<figure class=\"aligncenter size-full\"><img loading=\"lazy\" decoding=\"async\" width=\"1575\" height=\"2050\" src=\"https:\/\/regiontatry.sk\/wp-content\/uploads\/2024\/03\/tipy-tatry-card.png\" alt=\"\" class=\"wp-image-9574638\" srcset=\"https:\/\/regiontatry.sk\/wp-content\/uploads\/2024\/03\/tipy-tatry-card.png 1575w, https:\/\/regiontatry.sk\/wp-content\/uploads\/2024\/03\/tipy-tatry-card-230x300.png 230w, https:\/\/regiontatry.sk\/wp-content\/uploads\/2024\/03\/tipy-tatry-card-768x1000.png 768w, https:\/\/regiontatry.sk\/wp-content\/uploads\/2024\/03\/tipy-tatry-card-787x1024.png 787w, https:\/\/regiontatry.sk\/wp-content\/uploads\/2024\/03\/tipy-tatry-card-698x909.png 698w, https:\/\/regiontatry.sk\/wp-content\/uploads\/2024\/03\/tipy-tatry-card-552x718.png 552w\" sizes=\"(max-width: 1575px) 100vw, 1575px\" \/><\/figure><\/div>\n\n\n<h2 class=\"wp-block-heading\"><br><\/h2>\n\n\n<h2><span style=\"color: #33cccc;\"><em>TATRY CARD PRICES<\/em><\/span><\/h2>\n\n\n<p><\/p>\n<figure class=\"wp-block-table alignleft is-style-regular\">\n<table class=\"has-black-color has-text-color has-background has-link-color\">\n<tbody>\n<tr>\n<td class=\"has-text-align-center\" rowspan=\"3\" data-align=\"center\"><strong>Podmienky predaja<\/strong><\/td>\n<td class=\"has-text-align-center\" colspan=\"4\" data-align=\"center\"><strong>TATRY CARD<\/strong><\/td>\n<\/tr>\n<tr>\n<td class=\"has-text-align-center\" colspan=\"2\" data-align=\"center\"><strong>Dospel\u00fd<\/strong><\/td>\n<td class=\"has-text-align-center\" colspan=\"2\" data-align=\"center\"><strong>Z\u013eavnen\u00fd<br \/>(die\u0165a +-16 r., z\u00e1kazn\u00edk od 62 r.)<\/strong><\/td>\n<\/tr>\n<tr>\n<td class=\"has-text-align-center\" data-align=\"center\"><strong>3 dni<\/strong><\/td>\n<td class=\"has-text-align-center\" data-align=\"center\"><strong>7 dni<\/strong><\/td>\n<td class=\"has-text-align-center\" data-align=\"center\"><strong>3 dni<\/strong><\/td>\n<td class=\"has-text-align-center\" data-align=\"center\"><strong>7 dni<\/strong><\/td>\n<\/tr>\n<tr>\n<td class=\"has-text-align-center\" data-align=\"center\"><strong>Predaj na mieste po\u010das pobytu *<\/strong><\/td>\n<td class=\"has-text-align-center\" data-align=\"center\">8 \u20ac<\/td>\n<td class=\"has-text-align-center\" data-align=\"center\">14 \u20ac<\/td>\n<td class=\"has-text-align-center\" data-align=\"center\">3,50 \u20ac<\/td>\n<td class=\"has-text-align-center\" data-align=\"center\">6 \u20ac<\/td>\n<\/tr>\n<tr>\n<td class=\"has-text-align-center\" data-align=\"center\"><strong>Predaj kedyko\u013evek cez e-shop TATRY CARD<\/strong><\/td>\n<td class=\"has-text-align-center\" data-align=\"center\">10 \u20ac<\/td>\n<td class=\"has-text-align-center\" data-align=\"center\">16 \u20ac<\/td>\n<td class=\"has-text-align-center\" data-align=\"center\">6 \u20ac<\/td>\n<td class=\"has-text-align-center\" data-align=\"center\">8 \u20ac<\/td>\n<\/tr>\n<\/tbody>\n<\/table>\n<\/figure>\n<p><\/p>\n\n\n\n<p><\/p>\n\n\n\n<p><\/p>\n\n\n\n<p><strong><em>Note:<\/em>\u00a0\u00a0<\/strong><em> <strong>Discounted TATRYCARDs<\/strong> can be purchased by clients of selected age groups (younger than 16y and older than 62y) who don\u2019t have to register to have 100% off travel tickets and can travel with the railways in the Tatras at a better price also without registering.<\/em><\/p>\n\n\n\n<p><em>*&nbsp; TATRY\nCARDs can be sold by and used only at contractual accommodation establishments:&nbsp;<\/em><a href=\"https:\/\/tatrycard.tatry.sk\/distribucne-miesta\">https:\/\/tatrycard.tatry.sk\/distribucne-miesta<\/a><\/p>\n\n\n\n<hr class=\"wp-block-separator has-css-opacity\"\/>\n\n\n\n<h2 class=\"wp-block-heading\"><br><em>How to get the TATRY Card?<\/em><\/h2>\n\n\n\n<p>Your personal regional card can be purchased at your accommodation provider. Every TATRY Card is valid while you stay at your accommodation establishment for max. 3 nights (4 days) or 6 nights (7 days) once activated.&nbsp;If you stay for a longer time, you can have another card activated by your accommodation establishment at the same charge. At the reception of your hotel, you\u2019ll receive a unique QR code to download the digital card version to your mobile phone. How to get discounts with the TATRY Card? To get discounts, you need a digital card downloaded to your mobile phone. Vouchers for individual discounts that you choose can then be downloaded too. <\/p>\n\n\n\n<h2 class=\"wp-block-heading\"><br><em>WHERE TO GET THE TATRY CARD?<\/em><\/h2>\n\n\n\n<p>TATRY CARDs are sold to visitors staying in the High Tatras:<br> <strong>\u2013 based on their accommodation establishment:<\/strong> TATRY CARDs are activated in partner accommodation establishments of the Vysok\u00e9 Tatry Tourism Association (ZCR VT) (please find their list\u00a0<a href=\"https:\/\/tatrycard.tatry.sk\/distribucne-miesta\" target=\"_blank\" rel=\"noreferrer noopener\"><strong>HERE<\/strong><\/a>)<br> <strong>\u2013 not based on their accommodation establishment:\u00a0<\/strong>TATRY CARDs are activated by individual customers via the\u00a0<a href=\"https:\/\/tatrycard.tatry.sk\/\" target=\"_blank\" rel=\"noreferrer noopener\">TATRY CARD online shop<\/a>.<\/p>\n\n\n\n<p>TATRY CARDs\ncan be simply downloaded to mobile phones (Android, iPhone).<\/p>\n\n\n\n<hr class=\"wp-block-separator has-css-opacity\"\/>\n\n\n\n<h3 class=\"wp-block-heading\"><strong><em>DIGITAL CARD<\/em><\/strong><\/h3>\n\n\n\n<p>The digital membership card uses mobile wallet technological properties. The mobile wallet is a collective term for the Apple Wallet and Google Wallet apps, which are included in all iOS- and Android-operated devices. Although Apple Wallet and Google Wallet\/Pay are known mainly as payment card storages and enable contactless mobile payments, they offer much more than only digital payment at cash desks. <\/p>\n\n\n\n<h3 class=\"wp-block-heading\"><strong><em>HOW CAN I DOWNLOAD MY DIGITAL CARD?<\/em><\/strong><\/h3>\n\n\n<p><img loading=\"lazy\" decoding=\"async\" class=\" wp-image-9211988 alignright\" src=\"https:\/\/regiontatry.sk\/wp-content\/uploads\/2023\/08\/digit\u00e1lna-karta-198x300.png\" alt=\"\" width=\"278\" height=\"421\" \/><\/p>\n<p>After buying a membership or registering for the membership programme, you will receive an email with your digital membership card and login data for your profile in the system. The card can be downloaded to your mobile wallet easily, with a few clicks only.<\/p>\n<h4><strong>Downloading the digital card<\/strong><\/h4>\n<ul>\n<li style=\"list-style-type: none;\">\n<ul id=\"mce_59\" class=\"editor-rich-text__tinymce mce-content-body\" style=\"list-style-type: square;\" role=\"textbox\" contenteditable=\"true\" aria-label=\"Nap\u00ed\u0161te zoznam...\" aria-autocomplete=\"list\" aria-multiline=\"true\" data-is-placeholder-visible=\"false\">\n<li>By clicking on &#8220;Download the digital card&#8221;<\/li>\n<li>By scanning the respective QR code<\/li>\n<li>After logging to one\u2019s account<\/li>\n<\/ul>\n<\/li>\n<\/ul>\n<p>When you click on \u201cDownload the cars\u201d in the received email or scan the respective QR code, the card will be displayed on your mobile phone. Based on the type of your phone, look for a \u201cSave\u201d or \u201cAdd the card to the wallet\u201d option. Click on it. If you are asked by your phone to allow notifications, do it to receive important information in future. If you change your mobile phone, find the QR code to download your membership card again in your profile.<!--StartFragment--><\/p>\n<figure class=\"wp-block-image is-resized\"><\/figure>\n\n\n<h2 class=\"wp-block-heading\">Advantages of using a digital card<br><\/h2>\n\n\n<p><strong> <img loading=\"lazy\" decoding=\"async\" class=\"alignleft\" src=\"https:\/\/paysy.s3.eu-central-1.amazonaws.com\/paysy\/zdruzenie-cestovneho-ruchu-vysoke-tatry\/files\/dec63d6d831c4d1eb9536c5375fb9da6.png\" width=\"56\" height=\"56\" \/><\/strong><\/p>\n<p><strong>Updated information<br \/><\/strong>The digital card updates automatically. So every time you open it, you\u2019ll find relevant information, currently-valid benefits and important news from your community. The card can be updated also manually by swiping down.<img loading=\"lazy\" decoding=\"async\" class=\" wp-image-9212103 alignright\" src=\"https:\/\/regiontatry.sk\/wp-content\/uploads\/2023\/08\/mobil-tatry-card-156x300.png\" alt=\"\" width=\"239\" height=\"460\" \/><\/p>\n<p><strong><img loading=\"lazy\" decoding=\"async\" class=\"alignleft\" src=\"https:\/\/paysy.s3.eu-central-1.amazonaws.com\/paysy\/zdruzenie-cestovneho-ruchu-vysoke-tatry\/files\/27c37a75e5944cc88ece763603cea03b.png\" width=\"54\" height=\"54\" \/><\/strong><\/p>\n<p><strong>User-friendly<br \/><\/strong>Your digital membership card can be found in your mobile wallet app. If you need to identify yourself as a community member, use the QR code. If you want to check the latest updates, take a look at the back of the card. If you delete the card by mistake or change the phone, your card can be easily downloaded again from your profile in the Memberyo system.<\/p>\n<p><strong><img loading=\"lazy\" decoding=\"async\" class=\"alignleft\" src=\"https:\/\/paysy.s3.eu-central-1.amazonaws.com\/paysy\/zdruzenie-cestovneho-ruchu-vysoke-tatry\/files\/360edfcfa3bc4e5fbc4ccae2be926b23.png\" width=\"56\" height=\"56\" \/><\/strong><\/p>\n<p><strong>Lots of benefits<br \/><\/strong>Thanks to the digital card, all benefits can be found in one place in your mobile wallet. They can not only be viewed but also used there.<\/p>\n<p><strong><img loading=\"lazy\" decoding=\"async\" class=\"alignleft\" src=\"https:\/\/paysy.s3.eu-central-1.amazonaws.com\/paysy\/zdruzenie-cestovneho-ruchu-vysoke-tatry\/files\/9afdd30514194015931032a1f6365a61.png\" width=\"55\" height=\"55\" \/><\/strong><\/p>\n<p><strong>Discounts at partners<br \/><\/strong>With your membership card, it\u2019s very easy to use benefits in the membership programme, i.e. discounts, tickets and special vouchers at the programme partners.<\/p>\n\n\n<hr class=\"wp-block-separator has-css-opacity\"\/>\n\n\n\n<p>The regional TATRY CARD is the key to a holiday full of experiences at better prices. <strong>Only the TATRY CARD offers various discounts of up to 25% in selected facilities in the Region of the High Tatras. &nbsp;<\/strong><\/p>\n\n\n<h1><span style=\"color: #3366ff;\">Read more about the TATRY CARD and where to buy it\u00a0<a style=\"color: #3366ff;\" href=\"https:\/\/www.tatry.sk\/tatrycard\/\">HERE<\/a><\/span><\/h1>\n\n\n<figure class=\"wp-block-image\"><img loading=\"lazy\" decoding=\"async\" width=\"1024\" height=\"726\" src=\"https:\/\/regiontatry.sk\/wp-content\/uploads\/2023\/08\/TATRY-CARD-banner-1024x726.jpg\" alt=\"\" class=\"wp-image-9212163\" srcset=\"https:\/\/regiontatry.sk\/wp-content\/uploads\/2023\/08\/TATRY-CARD-banner-1024x726.jpg 1024w, https:\/\/regiontatry.sk\/wp-content\/uploads\/2023\/08\/TATRY-CARD-banner-300x213.jpg 300w, https:\/\/regiontatry.sk\/wp-content\/uploads\/2023\/08\/TATRY-CARD-banner-768x545.jpg 768w, https:\/\/regiontatry.sk\/wp-content\/uploads\/2023\/08\/TATRY-CARD-banner-1705x1209.jpg 1705w, https:\/\/regiontatry.sk\/wp-content\/uploads\/2023\/08\/TATRY-CARD-banner-698x495.jpg 698w, https:\/\/regiontatry.sk\/wp-content\/uploads\/2023\/08\/TATRY-CARD-banner-552x392.jpg 552w, https:\/\/regiontatry.sk\/wp-content\/uploads\/2023\/08\/TATRY-CARD-banner.jpg 1748w\" sizes=\"(max-width: 1024px) 100vw, 1024px\" \/><\/figure>\n\n\n\n<h4 class=\"wp-block-heading\"><strong>The Tatry Card is operated by the&nbsp;<\/strong><a href=\"https:\/\/www.tatry.sk\/\">Vysok\u00e9\nTatry Tourism Association.<\/a><\/h4>\n\n\n\n<p>Please send your questions, suggestions and observations by email to:  <br><strong> <a rel=\"noreferrer noopener\" href=\"http:\/\/www.tatry.sk\/\" target=\"_blank\">tatry@tatry.sk,<\/a><\/strong> <br><strong>+421 903 406 800<\/strong>  <\/p>\n\n\n\n<div class=\"wp-block-columns has-5-columns is-layout-flex wp-container-core-columns-is-layout-1 wp-block-columns-is-layout-flex\">\n<div class=\"wp-block-column is-layout-flow wp-block-column-is-layout-flow\"><div class=\"wp-block-image\">\n<figure class=\"aligncenter is-resized\"><img decoding=\"async\" src=\"https:\/\/regiontatry.sk\/wp-content\/uploads\/2021\/07\/Vysoke-Tatry-region-logo-830x1024.png\" alt=\"\" style=\"width:181px;height:260px\"\/><\/figure><\/div><\/div>\n\n\n\n<div class=\"wp-block-column is-layout-flow wp-block-column-is-layout-flow\">\n<p><\/p>\n<\/div>\n\n\n\n<div class=\"wp-block-column is-layout-flow wp-block-column-is-layout-flow\"><div class=\"wp-block-image\">\n<figure class=\"aligncenter is-resized\"><img decoding=\"async\" src=\"https:\/\/regiontatry.sk\/wp-content\/uploads\/2021\/07\/ZCR_logo_300dpi-1024x808.jpg\" alt=\"Tento obr\u00e1zok nem\u00e1 vyplnen\u00fd ALT popisok, jeho n\u00e1zov je ZCR_logo_300dpi-1024x808.jpg\" style=\"width:261px;height:206px\"\/><\/figure><\/div><\/div>\n\n\n\n<div class=\"wp-block-column is-layout-flow wp-block-column-is-layout-flow\">\n<p><\/p>\n<\/div>\n\n\n\n<div class=\"wp-block-column is-layout-flow wp-block-column-is-layout-flow\">\n<figure class=\"wp-block-image is-resized\"><img loading=\"lazy\" decoding=\"async\" width=\"338\" height=\"162\" src=\"https:\/\/regiontatry.sk\/wp-content\/uploads\/2023\/07\/visit-tatry.png\" alt=\"\" class=\"wp-image-9169354\" style=\"width:417px;height:198px\" srcset=\"https:\/\/regiontatry.sk\/wp-content\/uploads\/2023\/07\/visit-tatry.png 338w, https:\/\/regiontatry.sk\/wp-content\/uploads\/2023\/07\/visit-tatry-300x144.png 300w\" sizes=\"(max-width: 338px) 100vw, 338px\" \/><\/figure>\n<\/div>\n<\/div>\n\n\n\n<hr class=\"wp-block-separator has-css-opacity\"\/>\n","protected":false},"excerpt":{"rendered":"<p>The regional TATRY Card is the key to new adventures and unforgettable moments in the Region of the High Tatras and the best way to \u201ctaste\u201d and try various new activities that our region offers. . The TATRY Card includes unlimited ecological transport in the High Tatras during the card validity period \u2013 with ZSSK [&hellip;]<\/p>\n","protected":false},"author":1,"featured_media":0,"parent":0,"menu_order":0,"comment_status":"closed","ping_status":"closed","template":"template-simple-page.php","meta":{"footnotes":""},"class_list":["post-2587","page","type-page","status-publish","hentry"],"_links":{"self":[{"href":"https:\/\/regiontatry.sk\/en\/wp-json\/wp\/v2\/pages\/2587"}],"collection":[{"href":"https:\/\/regiontatry.sk\/en\/wp-json\/wp\/v2\/pages"}],"about":[{"href":"https:\/\/regiontatry.sk\/en\/wp-json\/wp\/v2\/types\/page"}],"author":[{"embeddable":true,"href":"https:\/\/regiontatry.sk\/en\/wp-json\/wp\/v2\/users\/1"}],"replies":[{"embeddable":true,"href":"https:\/\/regiontatry.sk\/en\/wp-json\/wp\/v2\/comments?post=2587"}],"version-history":[{"count":52,"href":"https:\/\/regiontatry.sk\/en\/wp-json\/wp\/v2\/pages\/2587\/revisions"}],"predecessor-version":[{"id":9813569,"href":"https:\/\/regiontatry.sk\/en\/wp-json\/wp\/v2\/pages\/2587\/revisions\/9813569"}],"wp:attachment":[{"href":"https:\/\/regiontatry.sk\/en\/wp-json\/wp\/v2\/media?parent=2587"}],"curies":[{"name":"wp","href":"https:\/\/api.w.org\/{rel}","templated":true}]}}