{"id":2798,"date":"2018-08-30T16:35:21","date_gmt":"2018-08-30T14:35:21","guid":{"rendered":"http:\/\/regiontatry.creanet.sk\/tatranska-divocina\/"},"modified":"2018-10-26T15:51:11","modified_gmt":"2018-10-26T13:51:11","slug":"tatras-wilderness","status":"publish","type":"page","link":"https:\/\/regiontatry.sk\/en\/tatras-wilderness\/","title":{"rendered":"Tatras Wilderness"},"content":{"rendered":"\n<p>Aj tento rok, av\u0161ak v\u00a0novom vylep\u0161enom form\u00e1te,\u010dakaj\u00fa rodiny s\u00a0de\u0165mi nev\u0161edn\u00e9 dobrodru\u017estv\u00e1 v\u010faka\u00a0eko \u2013 friendly projektu Tatransk\u00e1 divo\u010dina. Op\u00e4\u0165 o\u00a0\u010dosi zauj\u00edmavej\u0161ia, op\u00e4\u0165 o\u00a0\u010dosi dobrodru\u017enej\u0161ia, av\u0161ak st\u00e1le pln\u00e1 nap\u00ednav\u00fdch et\u00e1p po cel\u00fdch Tatr\u00e1ch.<\/p>\n\n\n\n<p>Deti z\u00e1bavno \u2013 edukat\u00edvnou formou spoznaj\u00fa najkraj\u0161ie a\u00a0najzauj\u00edmavej\u0161ie miesta Tatier.\u00a0Na\u0161i 4 zvierac\u00ed kamar\u00e1ti &#8211; svi\u0161\u0165 Jurko, orol Karol, medve\u010f Kubo a kamz\u00edk Pirin\u00a0bud\u00fa Va\u0161imi sprievodcami a\u00a0z\u00e1rove\u0148 pomocn\u00edkmi.<\/p>\n\n\n\n<p>Tento rok je pripraven\u00fdch\u00a07 dobrodru\u017en\u00fdch et\u00e1p a novinkou je 5 \u00faloh na vo\u013en\u00fd \u010das s\u00a0n\u00e1zvom \u201eZahraj sa\u201c. Bro\u017e\u00fara pln\u00e1 nap\u00ednav\u00fdch pr\u00edbehov, z\u00e1bavy a dobrodru\u017estiev spr\u00edjemn\u00ed chv\u00edle v Tatr\u00e1ch nie len de\u0165om ale i\u00a0rodi\u010dom. Okrem z\u00e1\u017eitkov m\u00f4\u017eete\u00a0z\u00edska\u0165 aj skvel\u00e9 ceny.<\/p>\n\n\n\n<p>\u010cak\u00e1 \u0164a 7 zauj\u00edmav\u00fdch, z\u00e1hadn\u00fdch a\u00a0n\u00e1u\u010dn\u00fdch et\u00e1p Tatranskej divo\u010diny:<\/p>\n\n\n\n<div class=\"wp-block-cgb-block-text-image-right grid-x grid-padding-x\"><div class=\"cell small-12 medium-7\"><p>1. PALACINKOV\u00c9 DOBRODRU\u017dSTVO MEDVE\u010eA KUBA, Tatransk\u00e1 Lomnica \u2013 okolie Apres ski baru<\/p><ul><li>V\u0161etky zvieratk\u00e1 s\u00fa od nepam\u00e4ti ve\u013ek\u00ed jed\u00e1ci. V\u0161etky dobre vedia, \u017ee tie najlep\u0161ie palacinky v\u00a0Tatr\u00e1ch s\u00fa pr\u00e1ve v\u00a0Apres ski bare. Vybrali sa tam teda za ich ob\u013e\u00fabenou dobrotou. Ako tak ma\u0161krtili, chu\u0165 palaciniek ich \u00faplne opantala a\u00a0zvieratk\u00e1 zabl\u00fadili. Ak sa poriadne poobzer\u00e1\u0161, n\u00e1jde\u0161 ich a\u00a0\u010do to sa o\u00a0nich podozved\u00e1\u0161. Uvid\u00ed\u0161, \u010d\u00edm sa tatransk\u00e9 zvieratk\u00e1 l\u00ed\u0161ia, no tvojou \u00falohou bude zisti\u0165, \u010do maj\u00fa spolo\u010dn\u00e9.<\/li><\/ul><\/div><div class=\"cell small-12 medium-5\"><img decoding=\"async\" src=\"https:\/\/regiontatry.sk\/wp-content\/uploads\/2018\/08\/csm_4._c04b454f62.jpg\" alt=\"\"\/><\/div><\/div>\n","protected":false},"excerpt":{"rendered":"<p>Aj tento rok, av\u0161ak v\u00a0novom vylep\u0161enom form\u00e1te,\u010dakaj\u00fa rodiny s\u00a0de\u0165mi nev\u0161edn\u00e9 dobrodru\u017estv\u00e1 v\u010faka\u00a0eko \u2013 friendly projektu Tatransk\u00e1 divo\u010dina. Op\u00e4\u0165 o\u00a0\u010dosi zauj\u00edmavej\u0161ia, op\u00e4\u0165 o\u00a0\u010dosi dobrodru\u017enej\u0161ia, av\u0161ak st\u00e1le pln\u00e1 nap\u00ednav\u00fdch et\u00e1p po cel\u00fdch Tatr\u00e1ch. Deti z\u00e1bavno \u2013 edukat\u00edvnou formou spoznaj\u00fa najkraj\u0161ie a\u00a0najzauj\u00edmavej\u0161ie miesta Tatier.\u00a0Na\u0161i 4 zvierac\u00ed kamar\u00e1ti &#8211; svi\u0161\u0165 Jurko, orol Karol, medve\u010f Kubo a kamz\u00edk Pirin\u00a0bud\u00fa Va\u0161imi [&hellip;]<\/p>\n","protected":false},"author":1,"featured_media":0,"parent":0,"menu_order":0,"comment_status":"closed","ping_status":"closed","template":"template-cons.php","meta":{"footnotes":""},"class_list":["post-2798","page","type-page","status-publish","hentry"],"_links":{"self":[{"href":"https:\/\/regiontatry.sk\/en\/wp-json\/wp\/v2\/pages\/2798"}],"collection":[{"href":"https:\/\/regiontatry.sk\/en\/wp-json\/wp\/v2\/pages"}],"about":[{"href":"https:\/\/regiontatry.sk\/en\/wp-json\/wp\/v2\/types\/page"}],"author":[{"embeddable":true,"href":"https:\/\/regiontatry.sk\/en\/wp-json\/wp\/v2\/users\/1"}],"replies":[{"embeddable":true,"href":"https:\/\/regiontatry.sk\/en\/wp-json\/wp\/v2\/comments?post=2798"}],"version-history":[{"count":1,"href":"https:\/\/regiontatry.sk\/en\/wp-json\/wp\/v2\/pages\/2798\/revisions"}],"predecessor-version":[{"id":12225,"href":"https:\/\/regiontatry.sk\/en\/wp-json\/wp\/v2\/pages\/2798\/revisions\/12225"}],"wp:attachment":[{"href":"https:\/\/regiontatry.sk\/en\/wp-json\/wp\/v2\/media?parent=2798"}],"curies":[{"name":"wp","href":"https:\/\/api.w.org\/{rel}","templated":true}]}}