{"id":2941,"date":"2018-09-03T15:12:27","date_gmt":"2018-09-03T13:12:27","guid":{"rendered":"http:\/\/regiontatry.creanet.sk\/turisticke-informacne-centra\/"},"modified":"2022-05-05T19:26:18","modified_gmt":"2022-05-05T17:26:18","slug":"tourist-information-centres","status":"publish","type":"page","link":"https:\/\/regiontatry.sk\/en\/tourist-information\/tourist-information-centres\/","title":{"rendered":"Tourist information centres"},"content":{"rendered":"\n<p>Tatra information centres offer professional information about trips, summer and winter activities, weather, planned events, accommodation and general services in the High Tatras and the region. <\/p>\n\n\n\n<h4 class=\"wp-block-heading\"><strong>What do the Tatra information offices offer<\/strong><\/h4>\n\n\n\n<p>Both Tatra information offices present mainly products of local producers.\nIn addition to the important mountain insurance, information, interesting\nleaflets and brochures, zero-value bank notes and details about planned events,\nthere is a wide choice of literature about the Tatras including professional works,\nphotography collections and fascinating poetry. Hand-made edelweiss or chamois\nshaped jewels made by Mat\u00fa\u0161 Kr\u00fa\u010day or tourist marking shaped ones made by\nMiriam Vesel\u00e1 are really beautiful. One can buy wooden mini magnets with\nTatransk\u00e1 Lomnica depicted, quality alcohol of the Zizak distillery from Poprad-St\u00e1\u017ee,\ncosmetics with popular Shea butter of the Cyprianus company or DVDs of\nwell-known film maker Pavol Barab\u00e1\u0161. The centres also offer copying, printing\nand scanning services and a free WiFi Internet connection. <\/p>\n","protected":false},"excerpt":{"rendered":"<p>Tatra information centres offer professional information about trips, summer and winter activities, weather, planned events, accommodation and general services in the High Tatras and the region. What do the Tatra information offices offer Both Tatra information offices present mainly products of local producers. In addition to the important mountain insurance, information, interesting leaflets and brochures, [&hellip;]<\/p>\n","protected":false},"author":1,"featured_media":8901416,"parent":5468,"menu_order":0,"comment_status":"closed","ping_status":"closed","template":"template-objects.php","meta":{"footnotes":""},"class_list":["post-2941","page","type-page","status-publish","has-post-thumbnail","hentry"],"_links":{"self":[{"href":"https:\/\/regiontatry.sk\/en\/wp-json\/wp\/v2\/pages\/2941"}],"collection":[{"href":"https:\/\/regiontatry.sk\/en\/wp-json\/wp\/v2\/pages"}],"about":[{"href":"https:\/\/regiontatry.sk\/en\/wp-json\/wp\/v2\/types\/page"}],"author":[{"embeddable":true,"href":"https:\/\/regiontatry.sk\/en\/wp-json\/wp\/v2\/users\/1"}],"replies":[{"embeddable":true,"href":"https:\/\/regiontatry.sk\/en\/wp-json\/wp\/v2\/comments?post=2941"}],"version-history":[{"count":3,"href":"https:\/\/regiontatry.sk\/en\/wp-json\/wp\/v2\/pages\/2941\/revisions"}],"predecessor-version":[{"id":8040218,"href":"https:\/\/regiontatry.sk\/en\/wp-json\/wp\/v2\/pages\/2941\/revisions\/8040218"}],"up":[{"embeddable":true,"href":"https:\/\/regiontatry.sk\/en\/wp-json\/wp\/v2\/pages\/5468"}],"wp:featuredmedia":[{"embeddable":true,"href":"https:\/\/regiontatry.sk\/en\/wp-json\/wp\/v2\/media\/8901416"}],"wp:attachment":[{"href":"https:\/\/regiontatry.sk\/en\/wp-json\/wp\/v2\/media?parent=2941"}],"curies":[{"name":"wp","href":"https:\/\/api.w.org\/{rel}","templated":true}]}}