{"id":5117,"date":"2018-09-24T16:53:57","date_gmt":"2018-09-24T14:53:57","guid":{"rendered":"http:\/\/regiontatry.creanet.sk\/rodina-a-zabava\/tatranska-divocina-2\/"},"modified":"2020-07-21T14:10:40","modified_gmt":"2020-07-21T12:10:40","slug":"tatranska-divocina-2","status":"publish","type":"page","link":"https:\/\/regiontatry.sk\/en\/families-and-children-summer\/tatranska-divocina-2\/","title":{"rendered":"Tatra Wilderness"},"content":{"rendered":"\n<p>This year again, families with children can enjoy non-traditional adventures with the&nbsp;<strong>eco-friendly project of the Tatra Wilderness,&nbsp;<\/strong>now in a new upgraded format. It is more interesting again, more exciting but still full of tempting adventures in the whole Tatras.<\/p>\n\n\n\n<p>Children can discover the most beautiful and most interesting places in the Tatras in an amusing and educational way.&nbsp;<strong>Our 4 well-known animal friends \u2013 Jurko the Marmot, Karol the Eagle, Kubo the Bear and Pirin the Chamois<\/strong>&nbsp;will be their guides and helpers.<\/p>\n\n\n\n<p>This time, there are&nbsp;<strong>7 adventures and 5 free-time tasks called \u201cPlay with us\u201d<\/strong>. It is not only children but also adults who can experience a lot of fun in the Tatras with a workbook which is full of tempting stories and adventures. Besides unforgettable moments,&nbsp;<strong>the Tatra Wilderness offers a competition with great prizes every month this summer.<\/strong><\/p>\n\n\n\n<hr class=\"wp-block-separator\"\/>\n\n\n\n<div class=\"wp-block-image\"><figure class=\"alignleft is-resized\"><img loading=\"lazy\" decoding=\"async\" src=\"https:\/\/www.vt.sk\/fileadmin\/_processed_\/3\/0\/csm_csm_medved_kubo_7c2db2a5d4_f4832a40f7.jpg\" alt=\"\" width=\"182\" height=\"182\"\/><\/figure><\/div>\n\n\n\n<p><strong>1. KUBO THE BEAR AND HIS FRIENDS FROM THE TATRAS<\/strong>, Tatransk\u00e1 Lomnica \u2013 around the Apr\u00e8s ski bar<\/p>\n\n\n\n<p>Solve riddles about animals that live in the Tatras. You can find them in the area around the Apr\u00e8s ski bar. Correct answers will help you solve the first task. And don\u00b4t forget to reward yourself with Kubo\u00b4s Smoothie, ice cream or another delicacy. Animals have a sweet tooth as well <br><br><br><\/p>\n\n\n\n<div class=\"wp-block-image\"><figure class=\"alignright is-resized\"><img loading=\"lazy\" decoding=\"async\" src=\"https:\/\/www.vt.sk\/fileadmin\/_processed_\/4\/8\/csm_csm_csm_svist_jurko_bc0b9e7fcc_8dbd7fa1d5_1e5d267a59.jpg\" alt=\"\" width=\"182\" height=\"182\"\/><\/figure><\/div>\n\n\n\n<p><strong>2.&nbsp;ADVICE OF JURKO THE MARMOT, <\/strong>Tatransk\u00e1 Lomnica, Humno restaurant <\/p>\n\n\n\n<p style=\"text-align:left\">Solve the task in your Guide. Then find a board of Jurko the Marmot at climbing frames next to the Humno restaurant and let him help you solve your task successfully. <br><br><br><\/p>\n\n\n\n<div class=\"wp-block-image\"><figure class=\"alignleft is-resized\"><img loading=\"lazy\" decoding=\"async\" src=\"https:\/\/www.vt.sk\/fileadmin\/_processed_\/0\/3\/csm_csm_kamzik_ivan_b1969ad9ae_ed69359043.jpg\" alt=\"\" width=\"182\" height=\"182\"\/><\/figure><\/div>\n\n\n\n<p style=\"text-align:left\"><strong>3. LOST PUZZLE OF PIRIN THE CHAMOIS, <\/strong>Skalnat\u00e9 pleso <br><\/p>\n\n\n\n<p>Pirin the Chamois lost his favourite puzzle near the tarn of Skalnat\u00e9 pleso. Luckily, Karol the Eagle saw it from above. Help him find the puzzle pieces by using GPS coordinates or a map in your Guide. Can you see what picture is on the puzzle? <br><br><br><\/p>\n\n\n\n<div class=\"wp-block-image\"><figure class=\"alignright is-resized\"><img loading=\"lazy\" decoding=\"async\" src=\"https:\/\/www.vt.sk\/fileadmin\/_processed_\/2\/2\/csm_letna_dovolenka_fotogaleria_tatranska_divocina3_07_f6ce6c5ca6.jpg\" alt=\"\" width=\"182\" height=\"137\"\/><\/figure><\/div>\n\n\n\n<p><strong>4. ACROSS LOMNICK\u00c9 SEDLO (SADDLE) TO MT VE\u013dK\u00c1 LOMNICK\u00c1 VE\u017dA,<\/strong> Lomnick\u00e9 sedlo <\/p>\n\n\n\n<p style=\"text-align:left\">The walk across Lomnick\u00e9 sedlo is a great way of testing your knowledge about the High Tatras. Use correct answers to collect symbols and find a magic wheel at the end of the trail to solve the task. <br><br><br><\/p>\n\n\n\n<div class=\"wp-block-image\"><figure class=\"alignleft is-resized\"><img loading=\"lazy\" decoding=\"async\" src=\"https:\/\/www.vt.sk\/fileadmin\/_processed_\/c\/4\/csm_csm_orol_karol_9cfc09e0c2_dc198dc1a8.jpg\" alt=\"\" width=\"182\" height=\"182\"\/><\/figure><\/div>\n\n\n\n<p><strong>5.&nbsp;ALONG THE MAIN TOURIST TRAIL WITH FRIENDS,<\/strong> from Skalnat\u00e9 Pleso to the so called Giant waterfall <\/p>\n\n\n\n<p>The main tourist trail is well known to all Tatra lovers. Our animal friends use it sometimes too. This time they were talking about their favourite places in the Tatras. Pirin the Chamois was the first to answer. It was an easy question for him and he chose a spot where he can enjoy a great view and see what is happening around. Guess which location is his favourite one. <br><br><br><\/p>\n\n\n\n<div class=\"wp-block-image\"><figure class=\"alignright is-resized\"><img loading=\"lazy\" decoding=\"async\" src=\"https:\/\/www.vt.sk\/fileadmin\/_processed_\/f\/a\/csm_csm_jasna_leto__26__1cbce470cd_8a1f342b35.jpg\" alt=\"\" width=\"182\" height=\"122\"\/><\/figure><\/div>\n\n\n\n<p style=\"text-align:left\"><strong>6.&nbsp;FOREST TEAM CLEANLINESS INSPECTION,<\/strong> from&nbsp;Hrebienok to&nbsp;Rainer\u00b4s chalet <\/p>\n\n\n\n<p style=\"text-align:left\">The hiking trail from Hrebienok to Rainer\u00b4s chalet is very comfortable and easy. The forest team led by Kubo the Bear decided to check it and see if people can keep nature clean and tidy there. However, they went even further. Can you find out where their inspection ended? <br><br><br><\/p>\n\n\n\n<div class=\"wp-block-image\"><figure class=\"alignleft is-resized\"><img loading=\"lazy\" decoding=\"async\" src=\"https:\/\/www.vt.sk\/fileadmin\/_processed_\/4\/8\/csm_csm_csm_svist_jurko_bc0b9e7fcc_8dbd7fa1d5_1e5d267a59.jpg\" alt=\"\" width=\"182\" height=\"182\"\/><\/figure><\/div>\n\n\n\n<p><strong>7.&nbsp;GREETINGS FROM THE TATRAS<\/strong>, Mt Solisko, \u0160trbsk\u00e9 Pleso<\/p>\n\n\n\n<p>Pirin the Chamois was visited by his cousin. He liked the Tatras so much that he decided to send a postcard home. Can you find out which location is in the picture? Look for boards with questions on Mt Solisko near the Bivac Pizza restaurant, answer them correctly and solve this interesting but not easy task. <\/p>\n\n\n\n<figure class=\"wp-block-image\"><img loading=\"lazy\" decoding=\"async\" width=\"1024\" height=\"724\" src=\"https:\/\/regiontatry.sk\/wp-content\/uploads\/2020\/07\/TL_leto_2020_mapa-1024x724.png\" alt=\"\" class=\"wp-image-5031912\" srcset=\"https:\/\/regiontatry.sk\/wp-content\/uploads\/2020\/07\/TL_leto_2020_mapa-1024x724.png 1024w, https:\/\/regiontatry.sk\/wp-content\/uploads\/2020\/07\/TL_leto_2020_mapa-300x212.png 300w, https:\/\/regiontatry.sk\/wp-content\/uploads\/2020\/07\/TL_leto_2020_mapa-768x543.png 768w, https:\/\/regiontatry.sk\/wp-content\/uploads\/2020\/07\/TL_leto_2020_mapa-698x494.png 698w, https:\/\/regiontatry.sk\/wp-content\/uploads\/2020\/07\/TL_leto_2020_mapa-552x390.png 552w, https:\/\/regiontatry.sk\/wp-content\/uploads\/2020\/07\/TL_leto_2020_mapa.png 1226w\" sizes=\"(max-width: 1024px) 100vw, 1024px\" \/><\/figure>\n\n\n\n<figure class=\"wp-block-image\"><img loading=\"lazy\" decoding=\"async\" width=\"1024\" height=\"721\" src=\"https:\/\/regiontatry.sk\/wp-content\/uploads\/2020\/07\/SP_leto_2020_mapa-1024x721.png\" alt=\"\" class=\"wp-image-5031916\" srcset=\"https:\/\/regiontatry.sk\/wp-content\/uploads\/2020\/07\/SP_leto_2020_mapa-1024x721.png 1024w, https:\/\/regiontatry.sk\/wp-content\/uploads\/2020\/07\/SP_leto_2020_mapa-300x211.png 300w, https:\/\/regiontatry.sk\/wp-content\/uploads\/2020\/07\/SP_leto_2020_mapa-768x541.png 768w, https:\/\/regiontatry.sk\/wp-content\/uploads\/2020\/07\/SP_leto_2020_mapa-698x491.png 698w, https:\/\/regiontatry.sk\/wp-content\/uploads\/2020\/07\/SP_leto_2020_mapa-552x389.png 552w, https:\/\/regiontatry.sk\/wp-content\/uploads\/2020\/07\/SP_leto_2020_mapa.png 1230w\" sizes=\"(max-width: 1024px) 100vw, 1024px\" \/><\/figure>\n","protected":false},"excerpt":{"rendered":"<p>This year again, families with children can enjoy non-traditional adventures with the&nbsp;eco-friendly project of the Tatra Wilderness,&nbsp;now in a new upgraded format. It is more interesting again, more exciting but still full of tempting adventures in the whole Tatras. Children can discover the most beautiful and most interesting places in the Tatras in an amusing [&hellip;]<\/p>\n","protected":false},"author":4,"featured_media":5283,"parent":1579,"menu_order":0,"comment_status":"closed","ping_status":"closed","template":"template-simple-page.php","meta":{"footnotes":""},"class_list":["post-5117","page","type-page","status-publish","has-post-thumbnail","hentry"],"_links":{"self":[{"href":"https:\/\/regiontatry.sk\/en\/wp-json\/wp\/v2\/pages\/5117"}],"collection":[{"href":"https:\/\/regiontatry.sk\/en\/wp-json\/wp\/v2\/pages"}],"about":[{"href":"https:\/\/regiontatry.sk\/en\/wp-json\/wp\/v2\/types\/page"}],"author":[{"embeddable":true,"href":"https:\/\/regiontatry.sk\/en\/wp-json\/wp\/v2\/users\/4"}],"replies":[{"embeddable":true,"href":"https:\/\/regiontatry.sk\/en\/wp-json\/wp\/v2\/comments?post=5117"}],"version-history":[{"count":25,"href":"https:\/\/regiontatry.sk\/en\/wp-json\/wp\/v2\/pages\/5117\/revisions"}],"predecessor-version":[{"id":5031985,"href":"https:\/\/regiontatry.sk\/en\/wp-json\/wp\/v2\/pages\/5117\/revisions\/5031985"}],"up":[{"embeddable":true,"href":"https:\/\/regiontatry.sk\/en\/wp-json\/wp\/v2\/pages\/1579"}],"wp:featuredmedia":[{"embeddable":true,"href":"https:\/\/regiontatry.sk\/en\/wp-json\/wp\/v2\/media\/5283"}],"wp:attachment":[{"href":"https:\/\/regiontatry.sk\/en\/wp-json\/wp\/v2\/media?parent=5117"}],"curies":[{"name":"wp","href":"https:\/\/api.w.org\/{rel}","templated":true}]}}