{"id":5462,"date":"2018-09-07T11:27:30","date_gmt":"2018-09-07T09:27:30","guid":{"rendered":"http:\/\/regiontatry.creanet.sk\/doprava-v-regione\/"},"modified":"2024-11-06T21:37:41","modified_gmt":"2024-11-06T20:37:41","slug":"transport-in-the-region","status":"publish","type":"page","link":"https:\/\/regiontatry.sk\/en\/tourist-information\/transport-in-the-region\/","title":{"rendered":"Transport in the region"},"content":{"rendered":"\n<p>There is a developed local transport of slow trains and buses in the region. To get to mountain resorts, one can use the Tatra Electric Railway or a bus from Poprad or a rag railway from Tatransk\u00e1 \u0160trba, which has a station for fast trains. Tourists can also use the parking lot and take the shuttle bus to the resorts.<\/p>\n\n\n\n<p>Transport in the High Tatras is ensured by two supporting transport systems &#8211; <strong>the Tatransk\u00e9 elektric\u00e9 \u017eeleznice (TE\u017d) and the Ozubnicov\u00e1 \u017eeleznica (O\u017d),<\/strong> which connect the main centers of the High Tatras.<\/p>\n\n\n\n<h3 class=\"wp-block-heading\">Tatra electric railways (Tatransk\u00e9 elektrick\u00e9 \u017eeleznice \u2013 TE\u017d)&nbsp;<\/h3>\n\n\n\n<p>The Tatra Electric Railway (TE\u017d) in the High Tatras provides transport on the lines Poprad-Tatra \u2013 Star\u00fd Smokovec \u2013 \u0160trbsk\u00e9 Pleso and Star\u00fd Smokovec \u2013 Tatransk\u00e1 Lomnica. From February 2022, new hybrid trams &#8211; cogwheels will be running on these lines at the same time, but they will run primarily in the \u0160trba &#8211; \u0160trbsk\u00e9 Pleso section.<\/p>\n\n\n\n<h3 class=\"wp-block-heading\">Cog railway (Ozubnicov\u00e1 \u017eeleznica \u2013 OZ )<\/h3>\n\n\n\n<p>It transports passengers between \u0160trba railway station and is an important tourist starting point for the High Tatras. It is a railway, where the transmission of the traction force is ensured by a gear engaging in a toothed rack in the axis of the track. The cog railway line was reconstructed in 2019-2022, and the old cogs were replaced after 50 years by new hybrid electric cogs (Wardavica, Vysok\u00e1, Stredohort, Kostolik, Ganek), which, in addition to O\u017d, can also run on the TE\u017d line.<\/p>\n\n\n\n<figure class=\"wp-block-gallery has-nested-images columns-default is-cropped wp-block-gallery-2 is-layout-flex wp-block-gallery-is-layout-flex\">\n<figure class=\"wp-block-image size-large\"><img loading=\"lazy\" decoding=\"async\" width=\"1024\" height=\"640\" data-id=\"7908844\" src=\"https:\/\/regiontatry.sk\/wp-content\/uploads\/2022\/04\/Strbske-pleso-elektricka-1024x640.jpg\" alt=\"\" class=\"wp-image-7908844\" srcset=\"https:\/\/regiontatry.sk\/wp-content\/uploads\/2022\/04\/Strbske-pleso-elektricka-1024x640.jpg 1024w, https:\/\/regiontatry.sk\/wp-content\/uploads\/2022\/04\/Strbske-pleso-elektricka-300x188.jpg 300w, https:\/\/regiontatry.sk\/wp-content\/uploads\/2022\/04\/Strbske-pleso-elektricka-768x480.jpg 768w, https:\/\/regiontatry.sk\/wp-content\/uploads\/2022\/04\/Strbske-pleso-elektricka.jpg 1920w, https:\/\/regiontatry.sk\/wp-content\/uploads\/2022\/04\/Strbske-pleso-elektricka-1705x1066.jpg 1705w, https:\/\/regiontatry.sk\/wp-content\/uploads\/2022\/04\/Strbske-pleso-elektricka-698x436.jpg 698w, https:\/\/regiontatry.sk\/wp-content\/uploads\/2022\/04\/Strbske-pleso-elektricka-552x345.jpg 552w\" sizes=\"(max-width: 1024px) 100vw, 1024px\" \/><\/figure>\n\n\n\n<figure class=\"wp-block-image size-large\"><img loading=\"lazy\" decoding=\"async\" width=\"1024\" height=\"768\" data-id=\"5190117\" src=\"https:\/\/regiontatry.sk\/wp-content\/uploads\/2020\/09\/IMG_20200614_132855-1024x768.jpg\" alt=\"\" class=\"wp-image-5190117\" srcset=\"https:\/\/regiontatry.sk\/wp-content\/uploads\/2020\/09\/IMG_20200614_132855-1024x768.jpg 1024w, https:\/\/regiontatry.sk\/wp-content\/uploads\/2020\/09\/IMG_20200614_132855-300x225.jpg 300w, https:\/\/regiontatry.sk\/wp-content\/uploads\/2020\/09\/IMG_20200614_132855-768x576.jpg 768w, https:\/\/regiontatry.sk\/wp-content\/uploads\/2020\/09\/IMG_20200614_132855-scaled-1536x1152.jpg 1536w, https:\/\/regiontatry.sk\/wp-content\/uploads\/2020\/09\/IMG_20200614_132855-scaled-2048x1536.jpg 2048w, https:\/\/regiontatry.sk\/wp-content\/uploads\/2020\/09\/IMG_20200614_132855-1920x1440.jpg 1920w, https:\/\/regiontatry.sk\/wp-content\/uploads\/2020\/09\/IMG_20200614_132855-1705x1279.jpg 1705w, https:\/\/regiontatry.sk\/wp-content\/uploads\/2020\/09\/IMG_20200614_132855-scaled-860x645.jpg 860w, https:\/\/regiontatry.sk\/wp-content\/uploads\/2020\/09\/IMG_20200614_132855-698x524.jpg 698w, https:\/\/regiontatry.sk\/wp-content\/uploads\/2020\/09\/IMG_20200614_132855-552x414.jpg 552w\" sizes=\"(max-width: 1024px) 100vw, 1024px\" \/><\/figure>\n<\/figure>\n\n\n\n<figure class=\"wp-block-gallery has-nested-images columns-default is-cropped wp-block-gallery-3 is-layout-flex wp-block-gallery-is-layout-flex\">\n<figure class=\"wp-block-image\"><img loading=\"lazy\" decoding=\"async\" width=\"1024\" height=\"1024\" data-id=\"7877813\" src=\"https:\/\/regiontatry.sk\/wp-content\/uploads\/2022\/03\/Mapa-TEZ_200x210_s-tabulkou_dec2021-1024x1024.png\" alt=\"\" class=\"wp-image-7877813\" srcset=\"https:\/\/regiontatry.sk\/wp-content\/uploads\/2022\/03\/Mapa-TEZ_200x210_s-tabulkou_dec2021-1024x1024.png 1024w, https:\/\/regiontatry.sk\/wp-content\/uploads\/2022\/03\/Mapa-TEZ_200x210_s-tabulkou_dec2021-150x150.png 150w, https:\/\/regiontatry.sk\/wp-content\/uploads\/2022\/03\/Mapa-TEZ_200x210_s-tabulkou_dec2021-300x300.png 300w, https:\/\/regiontatry.sk\/wp-content\/uploads\/2022\/03\/Mapa-TEZ_200x210_s-tabulkou_dec2021-768x768.png 768w, https:\/\/regiontatry.sk\/wp-content\/uploads\/2022\/03\/Mapa-TEZ_200x210_s-tabulkou_dec2021-1920x1920.png 1920w, https:\/\/regiontatry.sk\/wp-content\/uploads\/2022\/03\/Mapa-TEZ_200x210_s-tabulkou_dec2021-1705x1705.png 1705w, https:\/\/regiontatry.sk\/wp-content\/uploads\/2022\/03\/Mapa-TEZ_200x210_s-tabulkou_dec2021-698x698.png 698w, https:\/\/regiontatry.sk\/wp-content\/uploads\/2022\/03\/Mapa-TEZ_200x210_s-tabulkou_dec2021-552x552.png 552w\" sizes=\"(max-width: 1024px) 100vw, 1024px\" \/><\/figure>\n<\/figure>\n\n\n\n<h4 class=\"wp-block-heading\">More information: <a href=\"https:\/\/www.zssk.sk\/en\/\">www.slovakrail.sk\/en<\/a><\/h4>\n\n\n\n<h3 class=\"wp-block-heading\"><br>Rides on historic trams in the High Tatras<\/h3>\n\n\n\n<p>Riding in historic trams under the peaks of the High Tatras is an exceptional experience. During the summer and winter seasons, two historic trams &#8211; Kom\u00e9ta from 1913 and Troj\u010da from 1969 &#8211; operate on the TE\u017d tracks on designated days.<\/p>\n\n\n\n<figure class=\"wp-block-image\"><img loading=\"lazy\" decoding=\"async\" width=\"1024\" height=\"681\" src=\"https:\/\/regiontatry.sk\/wp-content\/uploads\/2022\/04\/PSX_20180922_151641-1024x681.jpg\" alt=\"\" class=\"wp-image-7908850\" srcset=\"https:\/\/regiontatry.sk\/wp-content\/uploads\/2022\/04\/PSX_20180922_151641-1024x681.jpg 1024w, https:\/\/regiontatry.sk\/wp-content\/uploads\/2022\/04\/PSX_20180922_151641-300x199.jpg 300w, https:\/\/regiontatry.sk\/wp-content\/uploads\/2022\/04\/PSX_20180922_151641-768x511.jpg 768w, https:\/\/regiontatry.sk\/wp-content\/uploads\/2022\/04\/PSX_20180922_151641-1920x1277.jpg 1920w, https:\/\/regiontatry.sk\/wp-content\/uploads\/2022\/04\/PSX_20180922_151641-1705x1134.jpg 1705w, https:\/\/regiontatry.sk\/wp-content\/uploads\/2022\/04\/PSX_20180922_151641-698x464.jpg 698w, https:\/\/regiontatry.sk\/wp-content\/uploads\/2022\/04\/PSX_20180922_151641-552x367.jpg 552w\" sizes=\"(max-width: 1024px) 100vw, 1024px\" \/><\/figure>\n\n\n\n<h3 class=\"wp-block-heading\">BUS<\/h3>\n\n\n<div class=\"wp-block-image\">\n<figure class=\"alignright is-resized\"><img loading=\"lazy\" decoding=\"async\" width=\"160\" height=\"100\" src=\"https:\/\/regiontatry.sk\/wp-content\/uploads\/2022\/03\/tatraexpress-transparent-160x100.png\" alt=\"\" class=\"wp-image-7877819\" style=\"width:174px;height:auto\"\/><\/figure><\/div>\n\n\n<p>Bus transport in the Lower Tatra region (Poprad, Tatry, Svit, Ke\u017emarok, Levo\u010da) is provided by Slovak bus transport Poprad.<\/p>\n\n\n\n<p>All timetables can be found <a href=\"https:\/\/cp.hnonline.sk\/vlakbusmhd\/spojenie\/\" class=\"broken_link\">HERE!<\/a><\/p>\n\n\n\n<h3 class=\"wp-block-heading\">Tatra Aqua-Skibus &#8211; comfortably for experiences<\/h3>\n\n\n\n<p>In the winter season, the SKI &amp; AQUA BUS regional transport is available for visitors and skiers, which will transport you comfortably and for free to the resorts of Tatransk\u00e1 Lomnica, Star\u00fd Smokovec and \u0160trbsk\u00e9 Pleso.<\/p>\n\n\n\n<figure class=\"wp-block-image\"><img loading=\"lazy\" decoding=\"async\" width=\"1024\" height=\"541\" src=\"https:\/\/regiontatry.sk\/wp-content\/uploads\/2018\/11\/skibus-logo2-1024x541.jpg\" alt=\"\" class=\"wp-image-14189\" srcset=\"https:\/\/regiontatry.sk\/wp-content\/uploads\/2018\/11\/skibus-logo2-1024x541.jpg 1024w, https:\/\/regiontatry.sk\/wp-content\/uploads\/2018\/11\/skibus-logo2-300x158.jpg 300w, https:\/\/regiontatry.sk\/wp-content\/uploads\/2018\/11\/skibus-logo2-768x405.jpg 768w, https:\/\/regiontatry.sk\/wp-content\/uploads\/2018\/11\/skibus-logo2-698x368.jpg 698w, https:\/\/regiontatry.sk\/wp-content\/uploads\/2018\/11\/skibus-logo2-552x291.jpg 552w, https:\/\/regiontatry.sk\/wp-content\/uploads\/2018\/11\/skibus-logo2.jpg 1273w\" sizes=\"(max-width: 1024px) 100vw, 1024px\" \/><\/figure>\n\n\n\n<h3 class=\"wp-block-heading\">TAXI<\/h3>\n\n\n\n<p>If you decide to use individual transport but don\u00b4t have your own car, use a taxi service or car rental. Enjoy the comfort of all offered services and become the master of your time.<br><\/p>\n","protected":false},"excerpt":{"rendered":"<p>There is a developed local transport of slow trains and buses in the region. To get to mountain resorts, one can use the Tatra Electric Railway or a bus from Poprad or a rag railway from Tatransk\u00e1 \u0160trba, which has a station for fast trains. Tourists can also use the parking lot and take the [&hellip;]<\/p>\n","protected":false},"author":1,"featured_media":5190117,"parent":5468,"menu_order":0,"comment_status":"closed","ping_status":"closed","template":"template-objects.php","meta":{"footnotes":""},"class_list":["post-5462","page","type-page","status-publish","has-post-thumbnail","hentry"],"_links":{"self":[{"href":"https:\/\/regiontatry.sk\/en\/wp-json\/wp\/v2\/pages\/5462"}],"collection":[{"href":"https:\/\/regiontatry.sk\/en\/wp-json\/wp\/v2\/pages"}],"about":[{"href":"https:\/\/regiontatry.sk\/en\/wp-json\/wp\/v2\/types\/page"}],"author":[{"embeddable":true,"href":"https:\/\/regiontatry.sk\/en\/wp-json\/wp\/v2\/users\/1"}],"replies":[{"embeddable":true,"href":"https:\/\/regiontatry.sk\/en\/wp-json\/wp\/v2\/comments?post=5462"}],"version-history":[{"count":25,"href":"https:\/\/regiontatry.sk\/en\/wp-json\/wp\/v2\/pages\/5462\/revisions"}],"predecessor-version":[{"id":9969815,"href":"https:\/\/regiontatry.sk\/en\/wp-json\/wp\/v2\/pages\/5462\/revisions\/9969815"}],"up":[{"embeddable":true,"href":"https:\/\/regiontatry.sk\/en\/wp-json\/wp\/v2\/pages\/5468"}],"wp:featuredmedia":[{"embeddable":true,"href":"https:\/\/regiontatry.sk\/en\/wp-json\/wp\/v2\/media\/5190117"}],"wp:attachment":[{"href":"https:\/\/regiontatry.sk\/en\/wp-json\/wp\/v2\/media?parent=5462"}],"curies":[{"name":"wp","href":"https:\/\/api.w.org\/{rel}","templated":true}]}}