{"id":8903572,"date":"2023-04-18T22:10:25","date_gmt":"2023-04-18T20:10:25","guid":{"rendered":"https:\/\/regiontatry.sk\/tatranske-unikaty\/"},"modified":"2023-04-18T22:45:48","modified_gmt":"2023-04-18T20:45:48","slug":"tatranske-unikaty","status":"publish","type":"page","link":"https:\/\/regiontatry.sk\/en\/tatranske-unikaty\/","title":{"rendered":"Unique places in the Tatras"},"content":{"rendered":"\n<h4 class=\"wp-block-heading\"><strong><em>Discover unique places in the Tatras and trails running to unexplored territories that everybody will love.<\/em><\/strong><\/h4>\n\n\n\n<p><strong>Although the High Tatras are known as the smallest high mountains in the world, there are lots of natural jewels and beauties hidden. Well-known and popular locations can surprise and fascinate even experienced mountain fans.<\/strong><\/p>\n\n\n\n<p>Valleys like <strong>Velick\u00e1 dolina <\/strong>with a fascinating mountain garden, <strong>Skalnat\u00e1 dolina <\/strong>with a gully for film makers or <strong>Javorov\u00e1 dolina<\/strong>, where Prince Hohenlohe felt like at home. Places in the Tatras whose stories make them unique can be marked while walking there. All this together with a map of adventurers, fan photos and interesting texts results in a complex of places that are definitely worth visiting. <\/p>\n\n\n\n<div class=\"wp-block-image\"><figure class=\"aligncenter is-resized\"><a href=\"https:\/\/regiontatry.sk\/wp-content\/uploads\/2023\/04\/Tatranske_unikaty_plagat-1.jpg\" data-rel=\"lightbox-image-0\" data-rl_title=\"\" data-rl_caption=\"\" title=\"\"><img loading=\"lazy\" decoding=\"async\" src=\"https:\/\/regiontatry.sk\/wp-content\/uploads\/2023\/04\/Tatranske_unikaty_plagat-1-724x1024.jpg\" alt=\"\" class=\"wp-image-8903527\" width=\"362\" height=\"512\" srcset=\"https:\/\/regiontatry.sk\/wp-content\/uploads\/2023\/04\/Tatranske_unikaty_plagat-1-724x1024.jpg 724w, https:\/\/regiontatry.sk\/wp-content\/uploads\/2023\/04\/Tatranske_unikaty_plagat-1-212x300.jpg 212w, https:\/\/regiontatry.sk\/wp-content\/uploads\/2023\/04\/Tatranske_unikaty_plagat-1-768x1086.jpg 768w, https:\/\/regiontatry.sk\/wp-content\/uploads\/2023\/04\/Tatranske_unikaty_plagat-1-698x987.jpg 698w, https:\/\/regiontatry.sk\/wp-content\/uploads\/2023\/04\/Tatranske_unikaty_plagat-1-552x781.jpg 552w, https:\/\/regiontatry.sk\/wp-content\/uploads\/2023\/04\/Tatranske_unikaty_plagat-1.jpg 1240w\" sizes=\"(max-width: 362px) 100vw, 362px\" \/><\/a><\/figure><\/div>\n\n\n\n<p><strong>VELICK\u00c1 DOLINA<\/strong><br>Find out who was behind the creation of tourist trails, where the first alpine chalets were built, why a gully is named after an innkeeper, how a young Czech poet influenced Tatransk\u00e1 Polianka with his life and much more.<br><\/p>\n\n\n\n<p><strong>SKALNAT\u00c1 DOLINA<\/strong><br>Admire a building after which a planet is named, see how the former biggest sledge track of Europe looked like, learn interesting facts related to the creation of the Skalnat\u00e1 chalet. <\/p>\n\n\n\n<p><strong>JAVOROV\u00c1 DOLINA<\/strong><br>Discover the final resting places of significant personalities, dolina Zadn\u00fdch Me\u010fodolov (valley) and meadows where white stags from England used to graze for some time. <br><\/p>\n\n\n\n<p><strong><em>Study the map, pack a thermos flask and set out to admire unique places in the High Tatras. <\/em><\/strong><\/p>\n\n\n\n<h4 class=\"wp-block-heading\">MAP OF TATRA UNIQUES: <a href=\"https:\/\/www.mapotic.com\/tatranske-unikaty?zoom=11&amp;lng=20.185317993164066&amp;lat=49.14353776699441\" target=\"_blank\" rel=\"noreferrer noopener\" aria-label=\" (otvor\u00ed sa v novej karte)\">HERE! <\/a><\/h4>\n\n\n\n<ul class=\"wp-block-gallery columns-3 is-cropped wp-block-gallery-2 is-layout-flex wp-block-gallery-is-layout-flex\"><li class=\"blocks-gallery-item\"><figure><img loading=\"lazy\" decoding=\"async\" width=\"1024\" height=\"1024\" src=\"https:\/\/regiontatry.sk\/wp-content\/uploads\/2023\/04\/Javorova-dolina_Zvernica-1-1024x1024.jpg\" alt=\"\" data-id=\"8903490\" data-link=\"https:\/\/regiontatry.sk\/?attachment_id=8903490\" class=\"wp-image-8903490\" srcset=\"https:\/\/regiontatry.sk\/wp-content\/uploads\/2023\/04\/Javorova-dolina_Zvernica-1-1024x1024.jpg 1024w, https:\/\/regiontatry.sk\/wp-content\/uploads\/2023\/04\/Javorova-dolina_Zvernica-1-150x150.jpg 150w, https:\/\/regiontatry.sk\/wp-content\/uploads\/2023\/04\/Javorova-dolina_Zvernica-1-300x300.jpg 300w, https:\/\/regiontatry.sk\/wp-content\/uploads\/2023\/04\/Javorova-dolina_Zvernica-1-768x768.jpg 768w, https:\/\/regiontatry.sk\/wp-content\/uploads\/2023\/04\/Javorova-dolina_Zvernica-1-698x698.jpg 698w, https:\/\/regiontatry.sk\/wp-content\/uploads\/2023\/04\/Javorova-dolina_Zvernica-1-552x552.jpg 552w, https:\/\/regiontatry.sk\/wp-content\/uploads\/2023\/04\/Javorova-dolina_Zvernica-1.jpg 1080w\" sizes=\"(max-width: 1024px) 100vw, 1024px\" \/><\/figure><\/li><li class=\"blocks-gallery-item\"><figure><img loading=\"lazy\" decoding=\"async\" width=\"1024\" height=\"1024\" src=\"https:\/\/regiontatry.sk\/wp-content\/uploads\/2023\/04\/Skalnata-dolina_Filmarsky-zlab-1-1024x1024.jpg\" alt=\"\" data-id=\"8903496\" data-link=\"https:\/\/regiontatry.sk\/?attachment_id=8903496\" class=\"wp-image-8903496\" srcset=\"https:\/\/regiontatry.sk\/wp-content\/uploads\/2023\/04\/Skalnata-dolina_Filmarsky-zlab-1-1024x1024.jpg 1024w, https:\/\/regiontatry.sk\/wp-content\/uploads\/2023\/04\/Skalnata-dolina_Filmarsky-zlab-1-150x150.jpg 150w, https:\/\/regiontatry.sk\/wp-content\/uploads\/2023\/04\/Skalnata-dolina_Filmarsky-zlab-1-300x300.jpg 300w, https:\/\/regiontatry.sk\/wp-content\/uploads\/2023\/04\/Skalnata-dolina_Filmarsky-zlab-1-768x768.jpg 768w, https:\/\/regiontatry.sk\/wp-content\/uploads\/2023\/04\/Skalnata-dolina_Filmarsky-zlab-1-698x698.jpg 698w, https:\/\/regiontatry.sk\/wp-content\/uploads\/2023\/04\/Skalnata-dolina_Filmarsky-zlab-1-552x552.jpg 552w, https:\/\/regiontatry.sk\/wp-content\/uploads\/2023\/04\/Skalnata-dolina_Filmarsky-zlab-1.jpg 1080w\" sizes=\"(max-width: 1024px) 100vw, 1024px\" \/><\/figure><\/li><li class=\"blocks-gallery-item\"><figure><img loading=\"lazy\" decoding=\"async\" width=\"1024\" height=\"1024\" src=\"https:\/\/regiontatry.sk\/wp-content\/uploads\/2023\/04\/Skalnata-dolina_Filmarsky-zlab-2-1024x1024.jpg\" alt=\"\" data-id=\"8903502\" data-link=\"https:\/\/regiontatry.sk\/?attachment_id=8903502\" class=\"wp-image-8903502\" srcset=\"https:\/\/regiontatry.sk\/wp-content\/uploads\/2023\/04\/Skalnata-dolina_Filmarsky-zlab-2-1024x1024.jpg 1024w, https:\/\/regiontatry.sk\/wp-content\/uploads\/2023\/04\/Skalnata-dolina_Filmarsky-zlab-2-150x150.jpg 150w, https:\/\/regiontatry.sk\/wp-content\/uploads\/2023\/04\/Skalnata-dolina_Filmarsky-zlab-2-300x300.jpg 300w, https:\/\/regiontatry.sk\/wp-content\/uploads\/2023\/04\/Skalnata-dolina_Filmarsky-zlab-2-768x768.jpg 768w, https:\/\/regiontatry.sk\/wp-content\/uploads\/2023\/04\/Skalnata-dolina_Filmarsky-zlab-2-698x698.jpg 698w, https:\/\/regiontatry.sk\/wp-content\/uploads\/2023\/04\/Skalnata-dolina_Filmarsky-zlab-2-552x552.jpg 552w, https:\/\/regiontatry.sk\/wp-content\/uploads\/2023\/04\/Skalnata-dolina_Filmarsky-zlab-2.jpg 1080w\" sizes=\"(max-width: 1024px) 100vw, 1024px\" \/><\/figure><\/li><li class=\"blocks-gallery-item\"><figure><img loading=\"lazy\" decoding=\"async\" width=\"1024\" height=\"1024\" src=\"https:\/\/regiontatry.sk\/wp-content\/uploads\/2023\/04\/Skalnata-dolina_Pramenisko-1024x1024.jpg\" alt=\"\" data-id=\"8903508\" data-link=\"https:\/\/regiontatry.sk\/?attachment_id=8903508\" class=\"wp-image-8903508\" srcset=\"https:\/\/regiontatry.sk\/wp-content\/uploads\/2023\/04\/Skalnata-dolina_Pramenisko-1024x1024.jpg 1024w, https:\/\/regiontatry.sk\/wp-content\/uploads\/2023\/04\/Skalnata-dolina_Pramenisko-150x150.jpg 150w, https:\/\/regiontatry.sk\/wp-content\/uploads\/2023\/04\/Skalnata-dolina_Pramenisko-300x300.jpg 300w, https:\/\/regiontatry.sk\/wp-content\/uploads\/2023\/04\/Skalnata-dolina_Pramenisko-768x768.jpg 768w, https:\/\/regiontatry.sk\/wp-content\/uploads\/2023\/04\/Skalnata-dolina_Pramenisko-698x698.jpg 698w, https:\/\/regiontatry.sk\/wp-content\/uploads\/2023\/04\/Skalnata-dolina_Pramenisko-552x552.jpg 552w, https:\/\/regiontatry.sk\/wp-content\/uploads\/2023\/04\/Skalnata-dolina_Pramenisko.jpg 1080w\" sizes=\"(max-width: 1024px) 100vw, 1024px\" \/><\/figure><\/li><li class=\"blocks-gallery-item\"><figure><img loading=\"lazy\" decoding=\"async\" width=\"1024\" height=\"1024\" src=\"https:\/\/regiontatry.sk\/wp-content\/uploads\/2023\/04\/Velicka-dolina_Zlta-stena-1024x1024.jpg\" alt=\"\" data-id=\"8903514\" data-link=\"https:\/\/regiontatry.sk\/?attachment_id=8903514\" class=\"wp-image-8903514\" srcset=\"https:\/\/regiontatry.sk\/wp-content\/uploads\/2023\/04\/Velicka-dolina_Zlta-stena-1024x1024.jpg 1024w, https:\/\/regiontatry.sk\/wp-content\/uploads\/2023\/04\/Velicka-dolina_Zlta-stena-150x150.jpg 150w, https:\/\/regiontatry.sk\/wp-content\/uploads\/2023\/04\/Velicka-dolina_Zlta-stena-300x300.jpg 300w, https:\/\/regiontatry.sk\/wp-content\/uploads\/2023\/04\/Velicka-dolina_Zlta-stena-768x768.jpg 768w, https:\/\/regiontatry.sk\/wp-content\/uploads\/2023\/04\/Velicka-dolina_Zlta-stena-698x698.jpg 698w, https:\/\/regiontatry.sk\/wp-content\/uploads\/2023\/04\/Velicka-dolina_Zlta-stena-552x552.jpg 552w, https:\/\/regiontatry.sk\/wp-content\/uploads\/2023\/04\/Velicka-dolina_Zlta-stena.jpg 1080w\" sizes=\"(max-width: 1024px) 100vw, 1024px\" \/><\/figure><\/li><\/ul>\n\n\n\n<p>Realizovan\u00e9 s finan\u010dnou podporou Ministerstva dopravy a v\u00fdstavby Slovenskej republiky. <\/p>\n\n\n\n<figure class=\"wp-block-image\"><img loading=\"lazy\" decoding=\"async\" width=\"632\" height=\"173\" src=\"https:\/\/regiontatry.sk\/wp-content\/uploads\/2023\/04\/log\u00e1-na-web.png\" alt=\"\" class=\"wp-image-8903552\" srcset=\"https:\/\/regiontatry.sk\/wp-content\/uploads\/2023\/04\/log\u00e1-na-web.png 632w, https:\/\/regiontatry.sk\/wp-content\/uploads\/2023\/04\/log\u00e1-na-web-300x82.png 300w, https:\/\/regiontatry.sk\/wp-content\/uploads\/2023\/04\/log\u00e1-na-web-552x151.png 552w\" sizes=\"(max-width: 632px) 100vw, 632px\" \/><\/figure>\n","protected":false},"excerpt":{"rendered":"<p>Discover unique places in the Tatras and trails running to unexplored territories that everybody will love. Although the High Tatras are known as the smallest high mountains in the world, there are lots of natural jewels and beauties hidden. Well-known and popular locations can surprise and fascinate even experienced mountain fans. Valleys like Velick\u00e1 dolina [&hellip;]<\/p>\n","protected":false},"author":12,"featured_media":8903545,"parent":0,"menu_order":0,"comment_status":"closed","ping_status":"closed","template":"template-list.php","meta":{"footnotes":""},"class_list":["post-8903572","page","type-page","status-publish","has-post-thumbnail","hentry"],"_links":{"self":[{"href":"https:\/\/regiontatry.sk\/en\/wp-json\/wp\/v2\/pages\/8903572"}],"collection":[{"href":"https:\/\/regiontatry.sk\/en\/wp-json\/wp\/v2\/pages"}],"about":[{"href":"https:\/\/regiontatry.sk\/en\/wp-json\/wp\/v2\/types\/page"}],"author":[{"embeddable":true,"href":"https:\/\/regiontatry.sk\/en\/wp-json\/wp\/v2\/users\/12"}],"replies":[{"embeddable":true,"href":"https:\/\/regiontatry.sk\/en\/wp-json\/wp\/v2\/comments?post=8903572"}],"version-history":[{"count":3,"href":"https:\/\/regiontatry.sk\/en\/wp-json\/wp\/v2\/pages\/8903572\/revisions"}],"predecessor-version":[{"id":8903585,"href":"https:\/\/regiontatry.sk\/en\/wp-json\/wp\/v2\/pages\/8903572\/revisions\/8903585"}],"wp:featuredmedia":[{"embeddable":true,"href":"https:\/\/regiontatry.sk\/en\/wp-json\/wp\/v2\/media\/8903545"}],"wp:attachment":[{"href":"https:\/\/regiontatry.sk\/en\/wp-json\/wp\/v2\/media?parent=8903572"}],"curies":[{"name":"wp","href":"https:\/\/api.w.org\/{rel}","templated":true}]}}