{"id":9230126,"date":"2020-04-21T14:43:19","date_gmt":"2020-04-21T12:43:19","guid":{"rendered":"https:\/\/regiontatry.sk\/kontakty\/"},"modified":"2025-05-05T13:09:40","modified_gmt":"2025-05-05T11:09:40","slug":"kontakty","status":"publish","type":"page","link":"https:\/\/regiontatry.sk\/en\/kontakty\/","title":{"rendered":"Kontakty"},"content":{"rendered":"\n<h4 class=\"wp-block-heading\"><br><strong>Adresa<\/strong><\/h4>\n\n\n\n<p>Regi\u00f3n Vysok\u00e9 Tatry<br>Star\u00fd Smokovec 1<br>062 01 Vysok\u00e9 Tatry<\/p>\n\n\n\n<p><strong>I\u010cO:<\/strong>&nbsp; 422 34 077<br><strong>DI\u010c:<\/strong>&nbsp; 2023468403<br><strong>I\u010c DPH: <\/strong>SK2023468403<\/p>\n\n\n\n<h4 class=\"wp-block-heading\"><br><strong>Kontakty<\/strong><\/h4>\n\n\n\n<p><strong>Lucia Bla\u0161kov\u00e1<\/strong><br>Executive Director<br>E-mail: <a href=\"mailto:riaditel@regiontatry.sk\">riaditel@regiontatry.sk<\/a> <\/p>\n\n\n\n<p><strong>Bc. Sandra Hupkov\u00e1 <\/strong><br>Office manager<br>Email: <a href=\"mailto:hupkova@regiontatry.sk\" target=\"_blank\" rel=\"noreferrer noopener\">office@regiontatry.sk<\/a><\/p>\n\n\n\n<p><strong>Vikt\u00f3ria Kubalov\u00e1 <\/strong><br>Product manager<br>Email: <a href=\"mailto:kubalova@regiontatry.sk\" target=\"_blank\" rel=\"noreferrer noopener\">kubalova@regiontatry.sk<\/a> <\/p>\n\n\n\n<p><strong>Ing. M\u00e1ria Kunov\u00e1<\/strong><br>Product manager<br>Email:\u00a0<a href=\"mailto:kunova@regiontatry.sk\" target=\"_blank\" rel=\"noreferrer noopener\">kunova@regiontatry.sk<\/a><\/p>\n\n\n\n<p><strong>For tourist information, opening hours of attractions and other information, contact the tourist information centers:<\/strong><\/p>\n\n\n\n<p><br><strong>Tatransk\u00e1 informa\u010dn\u00e1 kancel\u00e1ria Star\u00fd Smokovec <\/strong><br>Email:  <a href=\"mailto:smokovec@tatry.sk\">smokovec@tatry.sk<\/a> <br>Kontakt: <a href=\"tel:+421(0)524423440\">+ 421 (0) 52 442 34 40<\/a> <br><strong><br>Tatransk\u00e1 informa\u010dn\u00e1 kancel\u00e1ria Tatransk\u00e1 Lomnica<\/strong><br>Email: <a href=\"mailto:lomnica@tatry.sk\">lomnica@tatry.sk<\/a> <br>Kontakt: <a href=\"tel:+421(0)524468119\">+ 421 (0) 52 446 81 19<\/a> <br><br><strong>Turistick\u00e9 informa\u010dn\u00e9 centrum \u0160trbsk\u00e9 Pleso <\/strong><br>Email: <a href=\"mailto:info@strbskepleso.sk\">info@strbskepleso.sk<\/a><br>Kontakt:  <a href=\"tel:+421911333466\">+421 911 333 466<\/a><br><\/p>\n","protected":false},"excerpt":{"rendered":"<p>Adresa Regi\u00f3n Vysok\u00e9 TatryStar\u00fd Smokovec 1062 01 Vysok\u00e9 Tatry I\u010cO:&nbsp; 422 34 077DI\u010c:&nbsp; 2023468403I\u010c DPH: SK2023468403 Kontakty Lucia Bla\u0161kov\u00e1Executive DirectorE-mail: riaditel@regiontatry.sk Bc. Sandra Hupkov\u00e1 Office managerEmail: office@regiontatry.sk Vikt\u00f3ria Kubalov\u00e1 Product managerEmail: kubalova@regiontatry.sk Ing. M\u00e1ria Kunov\u00e1Product managerEmail:\u00a0kunova@regiontatry.sk For tourist information, opening hours of attractions and other information, contact the tourist information centers: Tatransk\u00e1 informa\u010dn\u00e1 kancel\u00e1ria Star\u00fd [&hellip;]<\/p>\n","protected":false},"author":2,"featured_media":17243,"parent":0,"menu_order":0,"comment_status":"closed","ping_status":"closed","template":"template-simple-page.php","meta":{"footnotes":""},"class_list":["post-9230126","page","type-page","status-publish","has-post-thumbnail","hentry"],"_links":{"self":[{"href":"https:\/\/regiontatry.sk\/en\/wp-json\/wp\/v2\/pages\/9230126"}],"collection":[{"href":"https:\/\/regiontatry.sk\/en\/wp-json\/wp\/v2\/pages"}],"about":[{"href":"https:\/\/regiontatry.sk\/en\/wp-json\/wp\/v2\/types\/page"}],"author":[{"embeddable":true,"href":"https:\/\/regiontatry.sk\/en\/wp-json\/wp\/v2\/users\/2"}],"replies":[{"embeddable":true,"href":"https:\/\/regiontatry.sk\/en\/wp-json\/wp\/v2\/comments?post=9230126"}],"version-history":[{"count":4,"href":"https:\/\/regiontatry.sk\/en\/wp-json\/wp\/v2\/pages\/9230126\/revisions"}],"predecessor-version":[{"id":10226027,"href":"https:\/\/regiontatry.sk\/en\/wp-json\/wp\/v2\/pages\/9230126\/revisions\/10226027"}],"wp:featuredmedia":[{"embeddable":true,"href":"https:\/\/regiontatry.sk\/en\/wp-json\/wp\/v2\/media\/17243"}],"wp:attachment":[{"href":"https:\/\/regiontatry.sk\/en\/wp-json\/wp\/v2\/media?parent=9230126"}],"curies":[{"name":"wp","href":"https:\/\/api.w.org\/{rel}","templated":true}]}}