{"id":9919117,"date":"2024-09-04T23:02:23","date_gmt":"2024-09-04T21:02:23","guid":{"rendered":"https:\/\/regiontatry.sk\/kam-so-psom-vo-vysokych-tatrach\/"},"modified":"2024-10-02T22:41:51","modified_gmt":"2024-10-02T20:41:51","slug":"where-to-go-with-your-dog-in-the-high-tatras","status":"publish","type":"page","link":"https:\/\/regiontatry.sk\/en\/where-to-go-with-your-dog-in-the-high-tatras\/","title":{"rendered":"Where to go with your dog in the High Tatras"},"content":{"rendered":"\n<p>Are you planning a holiday in the High Tatras and don\u2019t want to leave your four-legged friend at home? No problem! <strong>The High Tatras offer designated trails for hiking with dogs, where you can enjoy nature together.<\/strong> Discover stunning views by cable cars, walk along hiking trails, and enjoy active relaxation with your dog in areas that are also accessible for pets.<\/p>\n\n\n\n<p>According to the latest <a href=\"https:\/\/www.tatry.sk\/wp-content\/uploads\/2023\/11\/navstevny_poriadok_tanapu.pdf\" target=\"_blank\" rel=\"noreferrer noopener\">regulation on the national park rules<\/a>,&nbsp;effective from 15<sup>th<\/sup> December 2023, <strong>the movement of pets in the Tatra National Park area has been restricted<\/strong>. Despite these limitations, there are still popular routes where you can go with your pet.<\/p>\n\n\n\n<p>The Tatra National Park can be entered with animals now only <strong>outside of areas with marmot colonies, areas with permanent presence of chamois herds and areas where large predators and other rare and endangered species are found.<\/strong><\/p>\n\n\n\n<p>These rules are there to prevent encounters with wildlife, dogs running off or coming into contact with other dogs, conflicts with cyclists, running off the hiking trails, swimming in forest streams or lakes and dislodging rocks onto other hikers.<\/p>\n\n\n\n<p><strong>Even with the new park rules and restrictions in the Tatra National Park, there are plenty of interesting places you can visit with your dog, whether on foot or by cable car.<\/strong><\/p>\n\n\n\n<figure class=\"wp-block-gallery has-nested-images columns-default is-cropped wp-block-gallery-2 is-layout-flex wp-block-gallery-is-layout-flex\">\n<figure class=\"wp-block-image size-large\"><img loading=\"lazy\" decoding=\"async\" width=\"1024\" height=\"576\" data-id=\"9860880\" src=\"https:\/\/regiontatry.sk\/wp-content\/uploads\/2024\/09\/Sunny-a-Dalls_leto-1024x576.jpg\" alt=\"\" class=\"wp-image-9860880\" srcset=\"https:\/\/regiontatry.sk\/wp-content\/uploads\/2024\/09\/Sunny-a-Dalls_leto-1024x576.jpg 1024w, https:\/\/regiontatry.sk\/wp-content\/uploads\/2024\/09\/Sunny-a-Dalls_leto-300x169.jpg 300w, https:\/\/regiontatry.sk\/wp-content\/uploads\/2024\/09\/Sunny-a-Dalls_leto-768x432.jpg 768w, https:\/\/regiontatry.sk\/wp-content\/uploads\/2024\/09\/Sunny-a-Dalls_leto-1536x864.jpg 1536w, https:\/\/regiontatry.sk\/wp-content\/uploads\/2024\/09\/Sunny-a-Dalls_leto-1920x1080.jpg 1920w, https:\/\/regiontatry.sk\/wp-content\/uploads\/2024\/09\/Sunny-a-Dalls_leto-1705x959.jpg 1705w, https:\/\/regiontatry.sk\/wp-content\/uploads\/2024\/09\/Sunny-a-Dalls_leto-860x484.jpg 860w, https:\/\/regiontatry.sk\/wp-content\/uploads\/2024\/09\/Sunny-a-Dalls_leto-698x393.jpg 698w, https:\/\/regiontatry.sk\/wp-content\/uploads\/2024\/09\/Sunny-a-Dalls_leto-552x311.jpg 552w, https:\/\/regiontatry.sk\/wp-content\/uploads\/2024\/09\/Sunny-a-Dalls_leto.jpg 2048w\" sizes=\"(max-width: 1024px) 100vw, 1024px\" \/><\/figure>\n\n\n\n<figure class=\"wp-block-image size-large\"><img loading=\"lazy\" decoding=\"async\" width=\"1024\" height=\"498\" data-id=\"9860887\" src=\"https:\/\/regiontatry.sk\/wp-content\/uploads\/2024\/09\/Sunny-a-Dallas_Mata-1024x498.jpg\" alt=\"\" class=\"wp-image-9860887\" srcset=\"https:\/\/regiontatry.sk\/wp-content\/uploads\/2024\/09\/Sunny-a-Dallas_Mata-1024x498.jpg 1024w, https:\/\/regiontatry.sk\/wp-content\/uploads\/2024\/09\/Sunny-a-Dallas_Mata-300x146.jpg 300w, https:\/\/regiontatry.sk\/wp-content\/uploads\/2024\/09\/Sunny-a-Dallas_Mata-768x373.jpg 768w, https:\/\/regiontatry.sk\/wp-content\/uploads\/2024\/09\/Sunny-a-Dallas_Mata-860x418.jpg 860w, https:\/\/regiontatry.sk\/wp-content\/uploads\/2024\/09\/Sunny-a-Dallas_Mata-698x339.jpg 698w, https:\/\/regiontatry.sk\/wp-content\/uploads\/2024\/09\/Sunny-a-Dallas_Mata-552x268.jpg 552w, https:\/\/regiontatry.sk\/wp-content\/uploads\/2024\/09\/Sunny-a-Dallas_Mata.jpg 1316w\" sizes=\"(max-width: 1024px) 100vw, 1024px\" \/><\/figure>\n<\/figure>\n\n\n\n<h2 class=\"wp-block-heading has-luminous-vivid-orange-color has-text-color has-link-color wp-elements-c95be94a6a11a02cfd5667568d5f4f57\"><strong>Hiking trails where dogs are allowed:<\/strong><\/h2>\n\n\n\n<p><\/p>\n\n\n\n<ol>\n<li>Star\u00fd Smokovec \u2013 Hrebienok \u2013 green trail\u00a0 <img loading=\"lazy\" decoding=\"async\" src=\"http:\/\/www.tatry.sk\/wp-content\/uploads\/2019\/10\/zelena.jpg\" alt=\"zelen\u00e1\" width=\"30\" height=\"29\" \/>\u00a0<\/li>\n<li><img loading=\"lazy\" decoding=\"async\" class=\"wp-image-9860912  alignright\" src=\"https:\/\/regiontatry.sk\/wp-content\/webp-express\/webp-images\/doc-root\/wp-content\/uploads\/2024\/09\/Sunny_leto-scaled-e1725482583977-227x300.jpg.webp\" sizes=\"(max-width: 300px) 100vw, 300px\" srcset=\"https:\/\/regiontatry.sk\/wp-content\/webp-express\/webp-images\/doc-root\/wp-content\/uploads\/2024\/09\/Sunny_leto-scaled-e1725482583977-227x300.jpg.webp 227w,  https:\/\/regiontatry.sk\/wp-content\/webp-express\/webp-images\/doc-root\/wp-content\/uploads\/2024\/09\/Sunny_leto-scaled-e1725482583977-776x1024.jpg.webp 776w,  https:\/\/regiontatry.sk\/wp-content\/webp-express\/webp-images\/doc-root\/wp-content\/uploads\/2024\/09\/Sunny_leto-scaled-e1725482583977-768x1013.jpg.webp 768w,  https:\/\/regiontatry.sk\/wp-content\/webp-express\/webp-images\/doc-root\/wp-content\/uploads\/2024\/09\/Sunny_leto-scaled-e1725482583977-1164x1536.jpg.webp 1164w,  https:\/\/regiontatry.sk\/wp-content\/webp-express\/webp-images\/doc-root\/wp-content\/uploads\/2024\/09\/Sunny_leto-scaled-e1725482583977-860x1135.jpg.webp 860w,  https:\/\/regiontatry.sk\/wp-content\/webp-express\/webp-images\/doc-root\/wp-content\/uploads\/2024\/09\/Sunny_leto-scaled-e1725482583977-698x921.jpg.webp 698w,  https:\/\/regiontatry.sk\/wp-content\/webp-express\/webp-images\/doc-root\/wp-content\/uploads\/2024\/09\/Sunny_leto-scaled-e1725482583977-552x728.jpg.webp 552w,  https:\/\/regiontatry.sk\/wp-content\/webp-express\/webp-images\/doc-root\/wp-content\/uploads\/2024\/09\/Sunny_leto-scaled-e1725482583977.jpg.webp 1177w\" alt=\"\" width=\"300\" height=\"397\" \/>Star\u00fd Smokovec \u2013 crossroads below Mt Slavkovsk\u00fd \u0161t\u00edt \u2013 blue trail\u00a0 <img loading=\"lazy\" decoding=\"async\" src=\"http:\/\/www.tatry.sk\/wp-content\/uploads\/2019\/10\/modra.jpg\" alt=\"modr\u00e1\" width=\"30\" height=\"29\" \/><\/li>\n<li>Nov\u00fd Smokovec \u2013 crossroads above Tatransk\u00e9 Zruby \u2013 yellow trail\u00a0 <img loading=\"lazy\" decoding=\"async\" src=\"http:\/\/www.tatry.sk\/wp-content\/uploads\/2019\/10\/zlta.jpg\" alt=\"\u017elt\u00e1\" width=\"30\" height=\"29\" \/><\/li>\n<li>Tatransk\u00e9 Zruby \u2013 crossroads above Tatransk\u00e9 Zruby \u2013 blue trail\u00a0 <img loading=\"lazy\" decoding=\"async\" src=\"http:\/\/www.tatry.sk\/wp-content\/uploads\/2019\/10\/modra.jpg\" alt=\"modr\u00e1\" width=\"30\" height=\"29\" \/><\/li>\n<li>Tatransk\u00e1 Polianka \u2013 Sliezsky dom mountain hotel along the asphalt service road<\/li>\n<li>Tatransk\u00e1 Polianka \u2013 \u0160t\u00f4la \u2013 green trail\u00a0 <img loading=\"lazy\" decoding=\"async\" src=\"http:\/\/www.tatry.sk\/wp-content\/uploads\/2019\/10\/zelena.jpg\" alt=\"zelen\u00e1\" width=\"30\" height=\"29\" \/><\/li>\n<li>Tatransk\u00e1 Lomnica \u2013 Skalnat\u00e9 pleso \u2013 green trail\u00a0 <img loading=\"lazy\" decoding=\"async\" src=\"http:\/\/www.tatry.sk\/wp-content\/uploads\/2019\/10\/zelena.jpg\" alt=\"zelen\u00e1\" width=\"30\" height=\"29\" \/><\/li>\n<li>Tatransk\u00e1 Lomnica \u2013 Waterfalls of Studen\u00fd potok (brook) \u2013 blue trail\u00a0 <img loading=\"lazy\" decoding=\"async\" src=\"http:\/\/www.tatry.sk\/wp-content\/uploads\/2019\/10\/modra.jpg\" alt=\"modr\u00e1\" width=\"30\" height=\"29\" \/><\/li>\n<li>Tatransk\u00e1 Lesn\u00e1 \u2013 Waterfalls of Studen\u00fd potok (brook)\u2013 yellow trail\u00a0 <img loading=\"lazy\" decoding=\"async\" src=\"http:\/\/www.tatry.sk\/wp-content\/uploads\/2019\/10\/zlta.jpg\" alt=\"\u017elt\u00e1\" width=\"30\" height=\"29\" \/><\/li>\n<li>Tatransk\u00e9 Matliare \u2013 \u0160alviov\u00fd prame\u0148 (spring) \u2013 blue trail\u00a0 <img loading=\"lazy\" decoding=\"async\" src=\"http:\/\/www.tatry.sk\/wp-content\/uploads\/2019\/10\/modra.jpg\" alt=\"modr\u00e1\" width=\"30\" height=\"29\" \/><\/li>\n<li>Tatransk\u00e9 Matliare \u2013 Tatransk\u00e1 Lomnica \u2013 yellow trail\u00a0<img loading=\"lazy\" decoding=\"async\" src=\"http:\/\/www.tatry.sk\/wp-content\/uploads\/2019\/10\/zlta.jpg\" alt=\"\u017elt\u00e1\" width=\"30\" height=\"29\" \/><\/li>\n<li>Biela Voda \u2013 \u0160alviov\u00fd prame\u0148 (spring) \u2013 yellow trail\u00a0<img loading=\"lazy\" decoding=\"async\" src=\"http:\/\/www.tatry.sk\/wp-content\/uploads\/2019\/10\/zlta.jpg\" alt=\"\u017elt\u00e1\" width=\"30\" height=\"29\" \/><\/li>\n<li>Tatransk\u00e1 Kotlina \u2013 \u0160umiv\u00fd prame\u0148 (spring) \u2013 green trail\u00a0 <img loading=\"lazy\" decoding=\"async\" src=\"http:\/\/www.tatry.sk\/wp-content\/uploads\/2019\/10\/zelena.jpg\" alt=\"zelen\u00e1\" width=\"30\" height=\"29\" \/><\/li>\n<li>Tatransk\u00e1 Kotlina \u2013 Ke\u017emarsk\u00e9 \u017d\u013eaby \u2013 blue trail\u00a0 <img loading=\"lazy\" decoding=\"async\" src=\"http:\/\/www.tatry.sk\/wp-content\/uploads\/2019\/10\/modra.jpg\" alt=\"modr\u00e1\" width=\"30\" height=\"29\" \/>\u00a0<\/li>\n<li>Strednica, \u017ddiar \u2013 Pto\u0161ovsk\u00e9 turne \u2013 \u017ddiar village \u2013 green trail\u00a0 <img loading=\"lazy\" decoding=\"async\" src=\"http:\/\/www.tatry.sk\/wp-content\/uploads\/2019\/10\/zelena.jpg\" alt=\"zelen\u00e1\" width=\"30\" height=\"29\" \/><\/li>\n<li>Tatransk\u00e1 Javorina \u2013 crossroads below Mur\u00e1\u0148 \u2013 green trail\u00a0 <img loading=\"lazy\" decoding=\"async\" src=\"http:\/\/www.tatry.sk\/wp-content\/uploads\/2019\/10\/zelena.jpg\" alt=\"zelen\u00e1\" width=\"30\" height=\"29\" \/>\u00a0<\/li>\n<li><img loading=\"lazy\" decoding=\"async\" class=\"wp-image-9860903 alignright\" src=\"https:\/\/regiontatry.sk\/wp-content\/webp-express\/webp-images\/doc-root\/wp-content\/uploads\/2024\/09\/Dallas_leto.1-220x300.jpg.webp\" sizes=\"(max-width: 303px) 100vw, 303px\" srcset=\"https:\/\/regiontatry.sk\/wp-content\/webp-express\/webp-images\/doc-root\/wp-content\/uploads\/2024\/09\/Dallas_leto.1-220x300.jpg.webp 220w,  https:\/\/regiontatry.sk\/wp-content\/webp-express\/webp-images\/doc-root\/wp-content\/uploads\/2024\/09\/Dallas_leto.1-750x1024.jpg.webp 750w,  https:\/\/regiontatry.sk\/wp-content\/webp-express\/webp-images\/doc-root\/wp-content\/uploads\/2024\/09\/Dallas_leto.1-768x1049.jpg.webp 768w,  https:\/\/regiontatry.sk\/wp-content\/webp-express\/webp-images\/doc-root\/wp-content\/uploads\/2024\/09\/Dallas_leto.1-1125x1536.jpg.webp 1125w,  https:\/\/regiontatry.sk\/wp-content\/webp-express\/webp-images\/doc-root\/wp-content\/uploads\/2024\/09\/Dallas_leto.1-1500x2048.jpg.webp 1500w,  https:\/\/regiontatry.sk\/wp-content\/webp-express\/webp-images\/doc-root\/wp-content\/uploads\/2024\/09\/Dallas_leto.1-1920x2621.jpg.webp 1920w,  https:\/\/regiontatry.sk\/wp-content\/webp-express\/webp-images\/doc-root\/wp-content\/uploads\/2024\/09\/Dallas_leto.1-1705x2328.jpg.webp 1705w,  https:\/\/regiontatry.sk\/wp-content\/webp-express\/webp-images\/doc-root\/wp-content\/uploads\/2024\/09\/Dallas_leto.1-860x1174.jpg.webp 860w,  https:\/\/regiontatry.sk\/wp-content\/webp-express\/webp-images\/doc-root\/wp-content\/uploads\/2024\/09\/Dallas_leto.1-698x953.jpg.webp 698w,  https:\/\/regiontatry.sk\/wp-content\/webp-express\/webp-images\/doc-root\/wp-content\/uploads\/2024\/09\/Dallas_leto.1-552x754.jpg.webp 552w,  https:\/\/regiontatry.sk\/wp-content\/webp-express\/webp-images\/doc-root\/wp-content\/uploads\/2024\/09\/Dallas_leto.1-scaled.jpg.webp 1875w\" alt=\"\" width=\"303\" height=\"413\" \/>Tatransk\u00e1 Javorina \u2013 forester\u2019s lodge below Mur\u00e1\u0148 \u2013 blue trail\u00a0 <img loading=\"lazy\" decoding=\"async\" src=\"http:\/\/www.tatry.sk\/wp-content\/uploads\/2019\/10\/modra.jpg\" alt=\"modr\u00e1\" width=\"30\" height=\"29\" \/>\u00a0\u00a0<\/li>\n<li>Lys\u00e1 Po\u013eana \u2013 forester\u2019s lodge in Bielovodsk\u00e1 dolina (valley) \u2013 blue trail\u00a0 <img loading=\"lazy\" decoding=\"async\" src=\"http:\/\/www.tatry.sk\/wp-content\/uploads\/2019\/10\/modra.jpg\" alt=\"modr\u00e1\" width=\"30\" height=\"29\" \/><\/li>\n<li>Vy\u0161n\u00e9 H\u00e1gy \u2013 \u0160t\u00f4la \u2013 yellow trail\u00a0 <img loading=\"lazy\" decoding=\"async\" src=\"http:\/\/www.tatry.sk\/wp-content\/uploads\/2019\/10\/zlta.jpg\" alt=\"\u017elt\u00e1\" width=\"30\" height=\"29\" \/>\u00a0\u00a0<\/li>\n<li>Popradsk\u00e9 Pleso, bus stop\u2013 winter road junction to \u0160trbsk\u00e9 Pleso \u2013 blue trail\u00a0 <img loading=\"lazy\" decoding=\"async\" src=\"http:\/\/www.tatry.sk\/wp-content\/uploads\/2019\/10\/modra.jpg\" alt=\"modr\u00e1\" width=\"30\" height=\"29\" \/>\u00a0 \u00a0 \u00a0 \u00a0 \u00a0 \u00a0 \u00a0 \u00a0 \u00a0<br \/>Then to Popradsk\u00e9 pleso (tarn) and the Popradsk\u00e9 pleso hotel along the asphalt service road.<\/li>\n<li>Popradsk\u00e9 pleso mountain hotel \u2013 Symbolic Cemetery \u2013 Popradsk\u00e1 po\u013eana (clearing) \u2013 yellow trail\u00a0 <img loading=\"lazy\" decoding=\"async\" src=\"http:\/\/www.tatry.sk\/wp-content\/uploads\/2019\/10\/zlta.jpg\" alt=\"\u017elt\u00e1\" width=\"30\" height=\"29\" \/><\/li>\n<li>\u0160trbsk\u00e9 Pleso, Solisko sanatorium \u2013 FIS hotel \u2013 yellow trail\u00a0 <img loading=\"lazy\" decoding=\"async\" src=\"http:\/\/www.tatry.sk\/wp-content\/uploads\/2019\/10\/zlta.jpg\" alt=\"\u017elt\u00e1\" width=\"30\" height=\"29\" \/><\/li>\n<li>\u0160trbsk\u00e9 Pleso, Solisko sanatorium \u2013 Tri studni\u010dky, old forester&#8217;s lodge \u2013 green trail <img loading=\"lazy\" decoding=\"async\" src=\"http:\/\/www.tatry.sk\/wp-content\/uploads\/2019\/10\/zelena.jpg\" alt=\"zelen\u00e1\" width=\"30\" height=\"29\" \/><\/li>\n<li>\u0160trba \u2013 Tatransk\u00e1 \u0160trba \u2013 \u0160trbsk\u00e9 Pleso \u2013 Chalet below Mt Solisko \u2013 blue trail\u00a0 <img loading=\"lazy\" decoding=\"async\" src=\"http:\/\/www.tatry.sk\/wp-content\/uploads\/2019\/10\/modra.jpg\" alt=\"modr\u00e1\" width=\"30\" height=\"29\" \/><\/li>\n<li>Crosroads at Biely V\u00e1h \u2013 Jamsk\u00e9 pleso (tarn) \u2013 blue trail\u00a0 <img loading=\"lazy\" decoding=\"async\" src=\"http:\/\/www.tatry.sk\/wp-content\/uploads\/2019\/10\/modra.jpg\" alt=\"modr\u00e1\" width=\"30\" height=\"29\" \/><\/li>\n<li>Podbansk\u00e9 \u2013 Tri studni\u010dky \u2013 \u0160trbsk\u00e9 Pleso, crossroads in front of Helios \u2013 red trail\u00a0<img loading=\"lazy\" decoding=\"async\" src=\"http:\/\/www.tatry.sk\/wp-content\/uploads\/2019\/10\/cervena.jpg\" alt=\"\u010derven\u00e1\" width=\"30\" height=\"29\" \/><\/li>\n<li>Tri studni\u010dky \u2013 Kme\u0165ov vodop\u00e1d (waterfall) \u2013 blue trail\u00a0 <img loading=\"lazy\" decoding=\"async\" src=\"http:\/\/www.tatry.sk\/wp-content\/uploads\/2019\/10\/modra.jpg\" alt=\"modr\u00e1\" width=\"30\" height=\"29\" \/><\/li>\n<li>K\u00f4prov\u00e1 dolina (valley) crossroads below Mt Gr\u00fanik \u2013 forester&#8217;s lodge before Tich\u00e1 dolina (valley) \u2013 yellow trail\u00a0\u00a0 <img loading=\"lazy\" decoding=\"async\" src=\"http:\/\/www.tatry.sk\/wp-content\/uploads\/2019\/10\/zlta.jpg\" alt=\"\u017elt\u00e1\" width=\"30\" height=\"29\" \/><\/li>\n<li>Nadbansk\u00e9, Pod kravskou cestou \u2013 Tich\u00e1 dolina (valley), Liptovsk\u00fd ko\u0161iar crossroads \u2013 yellow trail\u00a0<img loading=\"lazy\" decoding=\"async\" src=\"http:\/\/www.tatry.sk\/wp-content\/uploads\/2019\/10\/zlta.jpg\" alt=\"\u017elt\u00e1\" width=\"30\" height=\"29\" \/><\/li>\n<\/ol>\n\n\n\n<p><\/p>\n\n\n\n<p class=\"has-text-align-center has-medium-font-size\"><strong>Map of the respective hiking trails, spa paths, local roads and routes beyond the built-up areas of municipalities within the Tatra National Park, where you can walk with animals.<\/strong><\/p>\n\n\n<div class=\"wp-block-image\">\n<figure data-wp-context=\"{&quot;uploadedSrc&quot;:&quot;https:\\\/\\\/regiontatry.sk\\\/wp-content\\\/uploads\\\/2024\\\/10\\\/TZCH_so_psami-scaled_upravena-mapa.jpg&quot;,&quot;figureClassNames&quot;:&quot;aligncenter size-full is-resized&quot;,&quot;figureStyles&quot;:null,&quot;imgClassNames&quot;:&quot;wp-image-9919130&quot;,&quot;imgStyles&quot;:&quot;width:829px;height:auto&quot;,&quot;targetWidth&quot;:1915,&quot;targetHeight&quot;:1205,&quot;scaleAttr&quot;:false,&quot;ariaLabel&quot;:&quot;Enlarge image&quot;,&quot;alt&quot;:&quot;&quot;}\" data-wp-interactive=\"core\/image\" class=\"aligncenter size-full is-resized wp-lightbox-container\"><img loading=\"lazy\" decoding=\"async\" width=\"1915\" height=\"1205\" data-wp-init=\"callbacks.setButtonStyles\" data-wp-on-async--click=\"actions.showLightbox\" data-wp-on-async--load=\"callbacks.setButtonStyles\" data-wp-on-async-window--resize=\"callbacks.setButtonStyles\" src=\"https:\/\/regiontatry.sk\/wp-content\/uploads\/2024\/10\/TZCH_so_psami-scaled_upravena-mapa.jpg\" alt=\"\" class=\"wp-image-9919130\" style=\"width:829px;height:auto\" srcset=\"https:\/\/regiontatry.sk\/wp-content\/uploads\/2024\/10\/TZCH_so_psami-scaled_upravena-mapa.jpg 1915w, https:\/\/regiontatry.sk\/wp-content\/uploads\/2024\/10\/TZCH_so_psami-scaled_upravena-mapa-300x189.jpg 300w, https:\/\/regiontatry.sk\/wp-content\/uploads\/2024\/10\/TZCH_so_psami-scaled_upravena-mapa-1024x644.jpg 1024w, https:\/\/regiontatry.sk\/wp-content\/uploads\/2024\/10\/TZCH_so_psami-scaled_upravena-mapa-768x483.jpg 768w, https:\/\/regiontatry.sk\/wp-content\/uploads\/2024\/10\/TZCH_so_psami-scaled_upravena-mapa-1536x967.jpg 1536w, https:\/\/regiontatry.sk\/wp-content\/uploads\/2024\/10\/TZCH_so_psami-scaled_upravena-mapa-1705x1073.jpg 1705w, https:\/\/regiontatry.sk\/wp-content\/uploads\/2024\/10\/TZCH_so_psami-scaled_upravena-mapa-860x541.jpg 860w, https:\/\/regiontatry.sk\/wp-content\/uploads\/2024\/10\/TZCH_so_psami-scaled_upravena-mapa-698x439.jpg 698w, https:\/\/regiontatry.sk\/wp-content\/uploads\/2024\/10\/TZCH_so_psami-scaled_upravena-mapa-552x347.jpg 552w\" sizes=\"(max-width: 1915px) 100vw, 1915px\" \/><button\n\t\t\tclass=\"lightbox-trigger\"\n\t\t\ttype=\"button\"\n\t\t\taria-haspopup=\"dialog\"\n\t\t\taria-label=\"Enlarge image\"\n\t\t\tdata-wp-init=\"callbacks.initTriggerButton\"\n\t\t\tdata-wp-on-async--click=\"actions.showLightbox\"\n\t\t\tdata-wp-style--right=\"context.imageButtonRight\"\n\t\t\tdata-wp-style--top=\"context.imageButtonTop\"\n\t\t>\n\t\t\t<svg xmlns=\"http:\/\/www.w3.org\/2000\/svg\" width=\"12\" height=\"12\" fill=\"none\" viewBox=\"0 0 12 12\">\n\t\t\t\t<path fill=\"#fff\" d=\"M2 0a2 2 0 0 0-2 2v2h1.5V2a.5.5 0 0 1 .5-.5h2V0H2Zm2 10.5H2a.5.5 0 0 1-.5-.5V8H0v2a2 2 0 0 0 2 2h2v-1.5ZM8 12v-1.5h2a.5.5 0 0 0 .5-.5V8H12v2a2 2 0 0 1-2 2H8Zm2-12a2 2 0 0 1 2 2v2h-1.5V2a.5.5 0 0 0-.5-.5H8V0h2Z\" \/>\n\t\t\t<\/svg>\n\t\t<\/button><\/figure><\/div>\n\n\n<h2 class=\"wp-block-heading has-text-align-center has-vivid-green-cyan-color has-text-color has-link-color wp-elements-16536513206fe2734c5bfd6f26d5aab1\"><strong>Respect these TANAP rules and enjoy unforgettable moments with your four-legged friend in the beautiful Tatra mountains.<\/strong><\/h2>\n\n\n\n<p><\/p>\n\n\n<div class=\"wp-block-image\">\n<figure class=\"aligncenter size-large\"><img loading=\"lazy\" decoding=\"async\" width=\"1024\" height=\"575\" src=\"https:\/\/regiontatry.sk\/wp-content\/uploads\/2024\/09\/Sunny-a-Dallas_leto-1024x575.jpg\" alt=\"\" class=\"wp-image-9860935\" srcset=\"https:\/\/regiontatry.sk\/wp-content\/uploads\/2024\/09\/Sunny-a-Dallas_leto-1024x575.jpg 1024w, https:\/\/regiontatry.sk\/wp-content\/uploads\/2024\/09\/Sunny-a-Dallas_leto-300x169.jpg 300w, https:\/\/regiontatry.sk\/wp-content\/uploads\/2024\/09\/Sunny-a-Dallas_leto-768x431.jpg 768w, https:\/\/regiontatry.sk\/wp-content\/uploads\/2024\/09\/Sunny-a-Dallas_leto-1536x863.jpg 1536w, https:\/\/regiontatry.sk\/wp-content\/uploads\/2024\/09\/Sunny-a-Dallas_leto-2048x1150.jpg 2048w, https:\/\/regiontatry.sk\/wp-content\/uploads\/2024\/09\/Sunny-a-Dallas_leto-1920x1079.jpg 1920w, https:\/\/regiontatry.sk\/wp-content\/uploads\/2024\/09\/Sunny-a-Dallas_leto-1705x958.jpg 1705w, https:\/\/regiontatry.sk\/wp-content\/uploads\/2024\/09\/Sunny-a-Dallas_leto-860x483.jpg 860w, https:\/\/regiontatry.sk\/wp-content\/uploads\/2024\/09\/Sunny-a-Dallas_leto-698x392.jpg 698w, https:\/\/regiontatry.sk\/wp-content\/uploads\/2024\/09\/Sunny-a-Dallas_leto-552x310.jpg 552w\" sizes=\"(max-width: 1024px) 100vw, 1024px\" \/><\/figure><\/div>\n\n\n<p><\/p>\n\n\n\n<h2 class=\"wp-block-heading has-luminous-vivid-orange-color has-text-color has-link-color wp-elements-008d29a9fcf8c4940a1ca5b6b6d09de7\"><strong>Transporting dogs by cable cars in the High Tatras<\/strong><\/h2>\n\n\n\n<p>In the High Tatras, dogs can be transported by cable cars, and you can enjoy hiking together. For example, you can take a chairlift <strong>from \u0160trbsk\u00e9 Pleso to the Chalet below Mt Solisko<\/strong> or a cable car <strong>from Tatransk\u00e1 Lomnica to Skalnat\u00e9 Pleso<\/strong>. <strong>From Star\u00fd Smokovec, you can travel with a funicular to Hrebienok<\/strong>. Large dogs need to have their own cable car tickets, so they can share the adventure with you!<\/p>\n\n\n\n<p>In the <strong>Tatransk\u00e1 Lomnica and Star\u00fd Smokovec<\/strong> resorts, dogs are allowed on all cable cars except for the chairlift running to Lomnick\u00e9 sedlo (saddle) and the cable car running to Mt Lomnick\u00fd \u0161t\u00edt. The fare for larger dogs on cable cars <strong>is 10\u20ac per animal<\/strong>, and on the <strong>Hrebienok<\/strong> funicular, it is <strong>6\u20ac per animal<\/strong>. In the <strong>\u0160trbsk\u00e9 Pleso<\/strong> resort, dogs are allowed on all cable cars, with the fare for larger dogs being <strong>9\u20ac per animal<\/strong>. Current cable car prices for dogs can be found at <a href=\"http:\/\/www.vt.sk\" target=\"_blank\" rel=\"noreferrer noopener\">www.vt.sk<\/a>.<\/p>\n\n\n\n<p><\/p>\n\n\n\n<h2 class=\"wp-block-heading has-text-align-center\"><strong>Download the \u201cWhere to go with your dog in the Tatras\u201d leaflet <\/strong><a href=\"https:\/\/regiontatry.sk\/wp-content\/uploads\/2024\/08\/Kam-so-psom-v-Tatrach.pdf\" target=\"_blank\" rel=\"noreferrer noopener\"><strong>HERE!<\/strong><\/a><\/h2>\n\n\n<div class=\"wp-block-image\">\n<figure data-wp-context=\"{&quot;uploadedSrc&quot;:&quot;https:\\\/\\\/regiontatry.sk\\\/wp-content\\\/uploads\\\/2024\\\/08\\\/Kam-so-psom-v-Tatrach_zmensene.jpg&quot;,&quot;figureClassNames&quot;:&quot;aligncenter size-full is-resized&quot;,&quot;figureStyles&quot;:null,&quot;imgClassNames&quot;:&quot;wp-image-9853020&quot;,&quot;imgStyles&quot;:&quot;width:556px;height:auto&quot;,&quot;targetWidth&quot;:1410,&quot;targetHeight&quot;:2000,&quot;scaleAttr&quot;:false,&quot;ariaLabel&quot;:&quot;Enlarge image&quot;,&quot;alt&quot;:&quot;&quot;}\" data-wp-interactive=\"core\/image\" class=\"aligncenter size-full is-resized wp-lightbox-container\"><img loading=\"lazy\" decoding=\"async\" width=\"1410\" height=\"2000\" data-wp-init=\"callbacks.setButtonStyles\" data-wp-on-async--click=\"actions.showLightbox\" data-wp-on-async--load=\"callbacks.setButtonStyles\" data-wp-on-async-window--resize=\"callbacks.setButtonStyles\" src=\"https:\/\/regiontatry.sk\/wp-content\/uploads\/2024\/08\/Kam-so-psom-v-Tatrach_zmensene.jpg\" alt=\"\" class=\"wp-image-9853020\" style=\"width:556px;height:auto\" srcset=\"https:\/\/regiontatry.sk\/wp-content\/uploads\/2024\/08\/Kam-so-psom-v-Tatrach_zmensene.jpg 1410w, https:\/\/regiontatry.sk\/wp-content\/uploads\/2024\/08\/Kam-so-psom-v-Tatrach_zmensene-212x300.jpg 212w, https:\/\/regiontatry.sk\/wp-content\/uploads\/2024\/08\/Kam-so-psom-v-Tatrach_zmensene-722x1024.jpg 722w, https:\/\/regiontatry.sk\/wp-content\/uploads\/2024\/08\/Kam-so-psom-v-Tatrach_zmensene-768x1089.jpg 768w, https:\/\/regiontatry.sk\/wp-content\/uploads\/2024\/08\/Kam-so-psom-v-Tatrach_zmensene-1083x1536.jpg 1083w, https:\/\/regiontatry.sk\/wp-content\/uploads\/2024\/08\/Kam-so-psom-v-Tatrach_zmensene-860x1220.jpg 860w, https:\/\/regiontatry.sk\/wp-content\/uploads\/2024\/08\/Kam-so-psom-v-Tatrach_zmensene-698x990.jpg 698w, https:\/\/regiontatry.sk\/wp-content\/uploads\/2024\/08\/Kam-so-psom-v-Tatrach_zmensene-552x783.jpg 552w\" sizes=\"(max-width: 1410px) 100vw, 1410px\" \/><button\n\t\t\tclass=\"lightbox-trigger\"\n\t\t\ttype=\"button\"\n\t\t\taria-haspopup=\"dialog\"\n\t\t\taria-label=\"Enlarge image\"\n\t\t\tdata-wp-init=\"callbacks.initTriggerButton\"\n\t\t\tdata-wp-on-async--click=\"actions.showLightbox\"\n\t\t\tdata-wp-style--right=\"context.imageButtonRight\"\n\t\t\tdata-wp-style--top=\"context.imageButtonTop\"\n\t\t>\n\t\t\t<svg xmlns=\"http:\/\/www.w3.org\/2000\/svg\" width=\"12\" height=\"12\" fill=\"none\" viewBox=\"0 0 12 12\">\n\t\t\t\t<path fill=\"#fff\" d=\"M2 0a2 2 0 0 0-2 2v2h1.5V2a.5.5 0 0 1 .5-.5h2V0H2Zm2 10.5H2a.5.5 0 0 1-.5-.5V8H0v2a2 2 0 0 0 2 2h2v-1.5ZM8 12v-1.5h2a.5.5 0 0 0 .5-.5V8H12v2a2 2 0 0 1-2 2H8Zm2-12a2 2 0 0 1 2 2v2h-1.5V2a.5.5 0 0 0-.5-.5H8V0h2Z\" \/>\n\t\t\t<\/svg>\n\t\t<\/button><\/figure><\/div>\n\n\n<p><strong>The full text of the District Office of Pre\u0161ov&#8217;s Regulation on the TANAP rules and its buffer zone can be found <\/strong><a href=\"https:\/\/www.tanap.sk\/wp-content\/uploads\/vyhlaska_26.pdf\" target=\"_blank\" rel=\"noreferrer noopener\"><strong>HERE<\/strong><\/a><strong>.<\/strong><\/p>\n\n\n\n<p>Photos: \ud83d\udcf8 Monika Zemkov\u00e1<\/p>\n","protected":false},"excerpt":{"rendered":"<p>Are you planning a holiday in the High Tatras and don\u2019t want to leave your four-legged friend at home? No problem! The High Tatras offer designated trails for hiking with dogs, where you can enjoy nature together. Discover stunning views by cable cars, walk along hiking trails, and enjoy active relaxation with your dog in [&hellip;]<\/p>\n","protected":false},"author":12,"featured_media":9860929,"parent":0,"menu_order":0,"comment_status":"closed","ping_status":"closed","template":"template-simple-page.php","meta":{"footnotes":""},"class_list":["post-9919117","page","type-page","status-publish","has-post-thumbnail","hentry"],"_links":{"self":[{"href":"https:\/\/regiontatry.sk\/en\/wp-json\/wp\/v2\/pages\/9919117"}],"collection":[{"href":"https:\/\/regiontatry.sk\/en\/wp-json\/wp\/v2\/pages"}],"about":[{"href":"https:\/\/regiontatry.sk\/en\/wp-json\/wp\/v2\/types\/page"}],"author":[{"embeddable":true,"href":"https:\/\/regiontatry.sk\/en\/wp-json\/wp\/v2\/users\/12"}],"replies":[{"embeddable":true,"href":"https:\/\/regiontatry.sk\/en\/wp-json\/wp\/v2\/comments?post=9919117"}],"version-history":[{"count":8,"href":"https:\/\/regiontatry.sk\/en\/wp-json\/wp\/v2\/pages\/9919117\/revisions"}],"predecessor-version":[{"id":9919156,"href":"https:\/\/regiontatry.sk\/en\/wp-json\/wp\/v2\/pages\/9919117\/revisions\/9919156"}],"wp:featuredmedia":[{"embeddable":true,"href":"https:\/\/regiontatry.sk\/en\/wp-json\/wp\/v2\/media\/9860929"}],"wp:attachment":[{"href":"https:\/\/regiontatry.sk\/en\/wp-json\/wp\/v2\/media?parent=9919117"}],"curies":[{"name":"wp","href":"https:\/\/api.w.org\/{rel}","templated":true}]}}