{"id":10001036,"date":"2018-07-18T14:50:44","date_gmt":"2018-07-18T12:50:44","guid":{"rendered":"https:\/\/regiontatry.sk\/aktivity-a-atrakcie\/"},"modified":"2025-11-18T22:35:41","modified_gmt":"2025-11-18T21:35:41","slug":"aktivity-a-atrakcie","status":"publish","type":"page","link":"https:\/\/regiontatry.sk\/hu\/aktivity-a-atrakcie\/","title":{"rendered":"Tev\u00e9kenys\u00e9gek \u00e9s l\u00e1tnival\u00f3k"},"content":{"rendered":"\n<p>A t\u00e1trai tev\u00e9kenys\u00e9gek \u00e9s l\u00e1tnival\u00f3k lehet\u0151s\u00e9get k\u00edn\u00e1lnak a szabadid\u0151 nagyon v\u00e1ltozatos elt\u00f6lt\u00e9s\u00e9re. Adrenalinf\u00fcgg\u0151 vagy, szeretsz \u00faj attrakci\u00f3kat kipr\u00f3b\u00e1lni, vagy szeretn\u00e9d megmutatni gyermekeidnek, hogy t\u00e9len is lehet sz\u00e1nk\u00f3zni?<\/p>\n\n\n\n<p><br><strong>A Magas-T\u00e1tr\u00e1ban sz\u00e1mos olyan tev\u00e9kenys\u00e9g v\u00e1rja a t\u00e9l folyam\u00e1n, amelyekkel biztosan nem fog unatkozni.<\/strong><\/p>\n\n\n\t<div class=\"wp-block-cgb-block-creanet-grid category-list cell small-12 medium-4 cg\">\n\t\t<div class=\"cell small-12 medium-12 large-12 medium-order-1\">\n\t\t\t<a href=\"https:\/\/regiontatry.sk\/hu\/aktivity-a-atrakcie\/sanius-pe-hrebienk\/sledging-from-hrebienok-824\/\">\n\t\t\t\t<div class=\"background-grid-color\"><\/div>\n\t\t\t\t\t\t\t\t\t<figure><img decoding=\"async\" src=\"https:\/\/regiontatry.sk\/wp-content\/uploads\/2024\/11\/Hrebienok-zima-2.png\" alt=\"\"\n\t\t\t\t\t\t\t\t title=\"Hrebienok zima (2)\"\/><\/figure>\n\t\t\t\t\t\t\t\t<h3>Hrebienko sz\u00e1nk\u00f3z\u00e1s<\/h3>\t\t\t\t\t\t\t<\/a>\n\t\t<\/div>\n\t<\/div>\n\t\n\n\t<div class=\"wp-block-cgb-block-creanet-grid category-list cell small-12 medium-4 cg\">\n\t\t<div class=\"cell small-12 medium-12 large-12 medium-order-1\">\n\t\t\t<a href=\"https:\/\/regiontatry.sk\/hu\/tatrai-jegtemplom\/\">\n\t\t\t\t<div class=\"background-grid-color\"><\/div>\n\t\t\t\t\t\t\t\t\t<figure><img decoding=\"async\" src=\"https:\/\/regiontatry.sk\/wp-content\/uploads\/2025\/11\/\u00a9-Marek-Hajkovsky_foto_Ladovy-Dom_2025_12-1024x696.jpg\" alt=\"\"\n\t\t\t\t\t\t\t\t title=\"\u00a9 Marek Hajkovsky_foto_Ladovy Dom_2025_12\"\/><\/figure>\n\t\t\t\t\t\t\t\t<h3><strong>DOMUL DE GHEA\u021a\u0102 DIN MUN\u021aII TATRA<\/strong><\/h3>\t\t\t\t\t\t\t<\/a>\n\t\t<\/div>\n\t<\/div>\n\t","protected":false},"excerpt":{"rendered":"<p>A t\u00e1trai tev\u00e9kenys\u00e9gek \u00e9s l\u00e1tnival\u00f3k lehet\u0151s\u00e9get k\u00edn\u00e1lnak a szabadid\u0151 nagyon v\u00e1ltozatos elt\u00f6lt\u00e9s\u00e9re. Adrenalinf\u00fcgg\u0151 vagy, szeretsz \u00faj attrakci\u00f3kat kipr\u00f3b\u00e1lni, vagy szeretn\u00e9d megmutatni gyermekeidnek, hogy t\u00e9len is lehet sz\u00e1nk\u00f3zni? A Magas-T\u00e1tr\u00e1ban sz\u00e1mos olyan tev\u00e9kenys\u00e9g v\u00e1rja a t\u00e9l folyam\u00e1n, amelyekkel biztosan nem fog unatkozni.<\/p>\n","protected":false},"author":1,"featured_media":10001037,"parent":0,"menu_order":0,"comment_status":"closed","ping_status":"closed","template":"template-list.php","meta":{"footnotes":""},"class_list":["post-10001036","page","type-page","status-publish","has-post-thumbnail","hentry"],"_links":{"self":[{"href":"https:\/\/regiontatry.sk\/hu\/wp-json\/wp\/v2\/pages\/10001036"}],"collection":[{"href":"https:\/\/regiontatry.sk\/hu\/wp-json\/wp\/v2\/pages"}],"about":[{"href":"https:\/\/regiontatry.sk\/hu\/wp-json\/wp\/v2\/types\/page"}],"author":[{"embeddable":true,"href":"https:\/\/regiontatry.sk\/hu\/wp-json\/wp\/v2\/users\/1"}],"replies":[{"embeddable":true,"href":"https:\/\/regiontatry.sk\/hu\/wp-json\/wp\/v2\/comments?post=10001036"}],"version-history":[{"count":4,"href":"https:\/\/regiontatry.sk\/hu\/wp-json\/wp\/v2\/pages\/10001036\/revisions"}],"predecessor-version":[{"id":11191289,"href":"https:\/\/regiontatry.sk\/hu\/wp-json\/wp\/v2\/pages\/10001036\/revisions\/11191289"}],"wp:featuredmedia":[{"embeddable":true,"href":"https:\/\/regiontatry.sk\/hu\/wp-json\/wp\/v2\/media\/10001037"}],"wp:attachment":[{"href":"https:\/\/regiontatry.sk\/hu\/wp-json\/wp\/v2\/media?parent=10001036"}],"curies":[{"name":"wp","href":"https:\/\/api.w.org\/{rel}","templated":true}]}}