{"id":10107156,"date":"2024-11-06T10:09:27","date_gmt":"2024-11-06T09:09:27","guid":{"rendered":"https:\/\/regiontatry.sk\/zimna-dovolenka\/"},"modified":"2026-03-03T11:56:41","modified_gmt":"2026-03-03T10:56:41","slug":"teli-pihenes-a-tatraban","status":"publish","type":"page","link":"https:\/\/regiontatry.sk\/hu\/teli-pihenes-a-tatraban\/","title":{"rendered":"T\u00e9li pihen\u00e9s a T\u00e1tr\u00e1ban"},"content":{"rendered":"\n\n\n\n","protected":false},"excerpt":{"rendered":"","protected":false},"author":15,"featured_media":9994764,"parent":0,"menu_order":0,"comment_status":"closed","ping_status":"closed","template":"template-homepage-new.php","meta":{"footnotes":""},"class_list":["post-10107156","page","type-page","status-publish","has-post-thumbnail","hentry"],"_links":{"self":[{"href":"https:\/\/regiontatry.sk\/hu\/wp-json\/wp\/v2\/pages\/10107156"}],"collection":[{"href":"https:\/\/regiontatry.sk\/hu\/wp-json\/wp\/v2\/pages"}],"about":[{"href":"https:\/\/regiontatry.sk\/hu\/wp-json\/wp\/v2\/types\/page"}],"author":[{"embeddable":true,"href":"https:\/\/regiontatry.sk\/hu\/wp-json\/wp\/v2\/users\/15"}],"replies":[{"embeddable":true,"href":"https:\/\/regiontatry.sk\/hu\/wp-json\/wp\/v2\/comments?post=10107156"}],"version-history":[{"count":1,"href":"https:\/\/regiontatry.sk\/hu\/wp-json\/wp\/v2\/pages\/10107156\/revisions"}],"predecessor-version":[{"id":10107157,"href":"https:\/\/regiontatry.sk\/hu\/wp-json\/wp\/v2\/pages\/10107156\/revisions\/10107157"}],"wp:featuredmedia":[{"embeddable":true,"href":"https:\/\/regiontatry.sk\/hu\/wp-json\/wp\/v2\/media\/9994764"}],"wp:attachment":[{"href":"https:\/\/regiontatry.sk\/hu\/wp-json\/wp\/v2\/media?parent=10107156"}],"curies":[{"name":"wp","href":"https:\/\/api.w.org\/{rel}","templated":true}]}}