{"id":10119139,"date":"2018-08-24T13:18:17","date_gmt":"2018-08-24T11:18:17","guid":{"rendered":"https:\/\/regiontatry.sk\/atrakcie-a-herne-pre-deti\/"},"modified":"2025-02-17T21:52:27","modified_gmt":"2025-02-17T20:52:27","slug":"atrakcie-a-herne-pre-deti","status":"publish","type":"page","link":"https:\/\/regiontatry.sk\/hu\/atrakcie-a-herne-pre-deti\/","title":{"rendered":"L\u00e1tnival\u00f3k \u00e9s j\u00e1tsz\u00f3szob\u00e1k gyerekeknek"},"content":{"rendered":"","protected":false},"excerpt":{"rendered":"","protected":false},"author":1,"featured_media":0,"parent":0,"menu_order":0,"comment_status":"closed","ping_status":"closed","template":"template-objects.php","meta":{"footnotes":""},"class_list":["post-10119139","page","type-page","status-publish","hentry"],"_links":{"self":[{"href":"https:\/\/regiontatry.sk\/hu\/wp-json\/wp\/v2\/pages\/10119139"}],"collection":[{"href":"https:\/\/regiontatry.sk\/hu\/wp-json\/wp\/v2\/pages"}],"about":[{"href":"https:\/\/regiontatry.sk\/hu\/wp-json\/wp\/v2\/types\/page"}],"author":[{"embeddable":true,"href":"https:\/\/regiontatry.sk\/hu\/wp-json\/wp\/v2\/users\/1"}],"replies":[{"embeddable":true,"href":"https:\/\/regiontatry.sk\/hu\/wp-json\/wp\/v2\/comments?post=10119139"}],"version-history":[{"count":1,"href":"https:\/\/regiontatry.sk\/hu\/wp-json\/wp\/v2\/pages\/10119139\/revisions"}],"predecessor-version":[{"id":10119140,"href":"https:\/\/regiontatry.sk\/hu\/wp-json\/wp\/v2\/pages\/10119139\/revisions\/10119140"}],"wp:attachment":[{"href":"https:\/\/regiontatry.sk\/hu\/wp-json\/wp\/v2\/media?parent=10119139"}],"curies":[{"name":"wp","href":"https:\/\/api.w.org\/{rel}","templated":true}]}}