{"id":13239230,"date":"2026-01-14T08:19:56","date_gmt":"2026-01-14T07:19:56","guid":{"rendered":"https:\/\/regiontatry.sk\/enjoy-tatras-2\/"},"modified":"2026-01-20T09:22:38","modified_gmt":"2026-01-20T08:22:38","slug":"enjoy-tatras-2","status":"publish","type":"page","link":"https:\/\/regiontatry.sk\/hu\/enjoy-tatras-2\/","title":{"rendered":"Enjoy Tatras"},"content":{"rendered":"\n<p>Az <strong>Enjoy Tatras<\/strong> a c\u00e9lter\u00fcleti menedzseri szervezet (DMO) exkluz\u00edv m\u00e1rk\u00e1ja Szlov\u00e1ki k\u00e9t er\u0151s r\u00e9gi\u00f3ja \u2013 <strong>Magas T\u00e1tra<\/strong> \u00e9s <strong>Lipt\u00f3 <\/strong>sz\u00e1m\u00e1ra. Felejthetetlen \u00e9lm\u00e9nyeket propag\u00e1lunk mindenki sz\u00e1m\u00e1ra.<\/p>\n\n\n\n<p>S\u00edel\u00e9st terveznek a legismertebb sik\u00f6zpontokban, luxusos hegyi chalet b\u00e9rl\u00e9s\u00e9t, l\u00e9legzetel\u00e1ll\u00edt\u00f3 hegyek vagy kultur\u00e1lis \u00f6r\u00f6ks\u00e9ggel teli helyek felfedez\u00e9s\u00e9t?<\/p>\n\n\n\n<p>Esetleg haj\u00f3zni a Szentm\u00e1riai-v\u00edzt\u00e1roz\u00f3n, gy\u00f6ny\u00f6r\u0171 szurdokv\u00f6lgyeket, v\u00edzes\u00e9seket \u00e9s barlangokat csod\u00e1lni? Seg\u00edt\u00fcnk a csod\u00e1latos orsz\u00e1gunk rejtett kincsei leleplez\u00e9s\u00e9ben.<\/p>\n\n\n\n<p>A mi szenved\u00e9ly\u00fcnk <strong>hiteles helyi \u00e9lm\u00e9nyek<\/strong> bemutat\u00e1sa, hogy meg\u00e9lhess\u00e9k a val\u00f3di Szlov\u00e1ki\u00e1t.<\/p>\n\n\n\n<figure class=\"wp-block-gallery has-nested-images columns-default is-cropped wp-block-gallery-2 is-layout-flex wp-block-gallery-is-layout-flex\">\n<figure class=\"wp-block-image size-large\"><img loading=\"lazy\" decoding=\"async\" width=\"1024\" height=\"684\" data-id=\"8876110\" src=\"https:\/\/regiontatry.sk\/wp-content\/uploads\/2023\/04\/17_11zon-1024x684.jpg\" alt=\"\" class=\"wp-image-8876110\" srcset=\"https:\/\/regiontatry.sk\/wp-content\/uploads\/2023\/04\/17_11zon-1024x684.jpg 1024w, https:\/\/regiontatry.sk\/wp-content\/uploads\/2023\/04\/17_11zon-300x200.jpg 300w, https:\/\/regiontatry.sk\/wp-content\/uploads\/2023\/04\/17_11zon-768x513.jpg 768w, https:\/\/regiontatry.sk\/wp-content\/uploads\/2023\/04\/17_11zon-1536x1025.jpg 1536w, https:\/\/regiontatry.sk\/wp-content\/uploads\/2023\/04\/17_11zon-1920x1282.jpg 1920w, https:\/\/regiontatry.sk\/wp-content\/uploads\/2023\/04\/17_11zon-1705x1138.jpg 1705w, https:\/\/regiontatry.sk\/wp-content\/uploads\/2023\/04\/17_11zon-860x574.jpg 860w, https:\/\/regiontatry.sk\/wp-content\/uploads\/2023\/04\/17_11zon-698x466.jpg 698w, https:\/\/regiontatry.sk\/wp-content\/uploads\/2023\/04\/17_11zon-552x368.jpg 552w, https:\/\/regiontatry.sk\/wp-content\/uploads\/2023\/04\/17_11zon.jpg 2048w\" sizes=\"(max-width: 1024px) 100vw, 1024px\" \/><\/figure>\n\n\n\n<figure class=\"wp-block-image size-large\"><img loading=\"lazy\" decoding=\"async\" width=\"1024\" height=\"683\" data-id=\"13227962\" src=\"https:\/\/regiontatry.sk\/wp-content\/uploads\/2026\/01\/09-small-1024x683.jpg\" alt=\"\" class=\"wp-image-13227962\" srcset=\"https:\/\/regiontatry.sk\/wp-content\/uploads\/2026\/01\/09-small-1024x683.jpg 1024w, https:\/\/regiontatry.sk\/wp-content\/uploads\/2026\/01\/09-small-300x200.jpg 300w, https:\/\/regiontatry.sk\/wp-content\/uploads\/2026\/01\/09-small-768x512.jpg 768w, https:\/\/regiontatry.sk\/wp-content\/uploads\/2026\/01\/09-small-1536x1024.jpg 1536w, https:\/\/regiontatry.sk\/wp-content\/uploads\/2026\/01\/09-small-2048x1365.jpg 2048w, https:\/\/regiontatry.sk\/wp-content\/uploads\/2026\/01\/09-small-1920x1280.jpg 1920w, https:\/\/regiontatry.sk\/wp-content\/uploads\/2026\/01\/09-small-1705x1137.jpg 1705w, https:\/\/regiontatry.sk\/wp-content\/uploads\/2026\/01\/09-small-860x573.jpg 860w, https:\/\/regiontatry.sk\/wp-content\/uploads\/2026\/01\/09-small-698x465.jpg 698w, https:\/\/regiontatry.sk\/wp-content\/uploads\/2026\/01\/09-small-552x368.jpg 552w\" sizes=\"(max-width: 1024px) 100vw, 1024px\" \/><\/figure>\n\n\n\n<figure class=\"wp-block-image size-large\"><img loading=\"lazy\" decoding=\"async\" width=\"1024\" height=\"722\" data-id=\"13227942\" src=\"https:\/\/regiontatry.sk\/wp-content\/uploads\/2026\/01\/MalyJavorovystit_01-1024x722.jpg\" alt=\"\" class=\"wp-image-13227942\" srcset=\"https:\/\/regiontatry.sk\/wp-content\/uploads\/2026\/01\/MalyJavorovystit_01-1024x722.jpg 1024w, https:\/\/regiontatry.sk\/wp-content\/uploads\/2026\/01\/MalyJavorovystit_01-300x212.jpg 300w, https:\/\/regiontatry.sk\/wp-content\/uploads\/2026\/01\/MalyJavorovystit_01-768x541.jpg 768w, https:\/\/regiontatry.sk\/wp-content\/uploads\/2026\/01\/MalyJavorovystit_01-1536x1083.jpg 1536w, https:\/\/regiontatry.sk\/wp-content\/uploads\/2026\/01\/MalyJavorovystit_01-2048x1444.jpg 2048w, https:\/\/regiontatry.sk\/wp-content\/uploads\/2026\/01\/MalyJavorovystit_01-1920x1354.jpg 1920w, https:\/\/regiontatry.sk\/wp-content\/uploads\/2026\/01\/MalyJavorovystit_01-1705x1202.jpg 1705w, https:\/\/regiontatry.sk\/wp-content\/uploads\/2026\/01\/MalyJavorovystit_01-860x606.jpg 860w, https:\/\/regiontatry.sk\/wp-content\/uploads\/2026\/01\/MalyJavorovystit_01-698x492.jpg 698w, https:\/\/regiontatry.sk\/wp-content\/uploads\/2026\/01\/MalyJavorovystit_01-552x389.jpg 552w\" sizes=\"(max-width: 1024px) 100vw, 1024px\" \/><\/figure>\n<\/figure>\n\n\n\n<p><\/p>\n\n\n\n<p><strong>ENJOY TATRAS <\/strong>\u2013 nem\u00e9ben az els\u0151 k\u00eds\u00e9rleti projekt Szlov\u00e1ki\u00e1ban, egy a c\u00e9lter\u00fclet-menedzsmenten alap\u00edtott t\u00e1rsas\u00e1g, amely az idegenforgalom k\u00e9t megb\u00edzhat\u00f3 \u00e9s er\u0151s region\u00e1lis szervezet\u00e9t kapcsolja \u00f6ssze <strong>\u2013 az OOCR Regi\u00f3n Liptov \u00e9s\u00a0OOCR Regi\u00f3n\u00a0Vysok\u00e9 Tatry<\/strong> szervezeteket, azok tud\u00e1s\u00e1t \u00e9s tapasztalatait szem\u00e9lyes\u00edti meg. A f\u0151 c\u00e9lja a Szlov\u00e1ki\u00e1ban lev\u0151 gy\u00f6ny\u00f6r\u0171 t\u00e1trai r\u00e9gi\u00f3 propag\u00e1l\u00e1sa.<\/p>\n\n\n\n<p>Nem szeretn\u00e9nk \u00fcres klis\u00e9t ism\u00e9telgetni. Szeretn\u00e9nk bemutatni a T\u00e1tra gy\u00f6ny\u00f6r\u0171 t\u00e9rs\u00e9g\u00e9t ahogy ismerj\u00fck, kiemelni annak jelent\u0151s poz\u00edci\u00f3j\u00e1t Kelet-Eur\u00f3pa keret\u00e9n bel\u00fcl. A mozg\u00f3er\u0151nk a lelkesed\u00e9s. K\u00e9szen \u00e1llunk utalni a r\u00e9gi\u00f3 egyed\u00fcl\u00e1ll\u00f3s\u00e1g\u00e1ra, szokatlan \u00e9s rendk\u00edv\u00fcli \u00e9lm\u00e9nyeket k\u00edn\u00e1lni.<\/p>\n\n\n\n<p>K\u00e9szen \u00e1llunk tan\u00e1csad\u00e1sra a l\u00e1togat\u00f3k sz\u00e1m\u00e1ra a Magas T\u00e1tr\u00e1ban vagy Lipt\u00f3n val\u00f3 \u00fcd\u00fcl\u00e9s tervez\u00e9s\u00e9ben:&nbsp;<\/p>\n\n\n\n<ul class=\"wp-block-list\">\n<li>Tippek a legszebb t\u00far\u00e1kra<\/li>\n\n\n\n<li>Tippek a legjobb sz\u00e1ll\u00e1sra k\u00fcl\u00f6nb\u00f6z\u0151 kateg\u00f3ri\u00e1j\u00fa panzi\u00f3kban, h\u00e1zik\u00f3kban, sz\u00e1llod\u00e1kban \u00e9s \u00fcd\u00fcl\u00e9si komplexumokban, a legegyszer\u0171bbekt\u0151l a legluxusosabbakig<\/li>\n\n\n\n<li>Szolg\u00e1ltat\u00e1sok a r\u00e9gi\u00f3ban: skipasok, sporteszk\u00f6z\u00f6k k\u00f6lcs\u00f6nz\u00e9se, k\u00f6zleked\u00e9s, aut\u00f3 k\u00f6lcs\u00f6nz\u00e9s, kalauzi szolg\u00e1ltat\u00e1sok, bel\u00e9p\u00e9sek aquaparkokba, szabadidei aktivit\u00e1sok,<\/li>\n\n\n\n<li>kieg\u00e9sz\u00edt\u0151 szolg\u00e1ltat\u00e1sok \u2013 oktat\u00e1sok s\u00ediskol\u00e1kban, fresh track, barlangszeml\u00e9k, kil\u00e1t\u00e1sos rep\u00fcl\u00e9sek, apr\u00e8s ski sz\u00f3rakoz\u00e1s, golf<\/li>\n<\/ul>\n\n\n\n<p><\/p>\n\n\n\n<figure class=\"wp-block-gallery has-nested-images columns-default is-cropped wp-block-gallery-3 is-layout-flex wp-block-gallery-is-layout-flex\">\n<figure class=\"wp-block-image size-large\"><img loading=\"lazy\" decoding=\"async\" width=\"1024\" height=\"719\" data-id=\"9994770\" src=\"https:\/\/regiontatry.sk\/wp-content\/uploads\/2024\/11\/\u00a9-Marek-Hajkovsky-foto-VT-kampan-zima-2024_115-e1732222566500-1024x719.jpg\" alt=\"ly\u017eovanie Skalnat\u00e9 pleso\" class=\"wp-image-9994770\" srcset=\"https:\/\/regiontatry.sk\/wp-content\/uploads\/2024\/11\/\u00a9-Marek-Hajkovsky-foto-VT-kampan-zima-2024_115-e1732222566500-1024x719.jpg 1024w, https:\/\/regiontatry.sk\/wp-content\/uploads\/2024\/11\/\u00a9-Marek-Hajkovsky-foto-VT-kampan-zima-2024_115-e1732222566500-300x211.jpg 300w, https:\/\/regiontatry.sk\/wp-content\/uploads\/2024\/11\/\u00a9-Marek-Hajkovsky-foto-VT-kampan-zima-2024_115-e1732222566500-768x540.jpg 768w, https:\/\/regiontatry.sk\/wp-content\/uploads\/2024\/11\/\u00a9-Marek-Hajkovsky-foto-VT-kampan-zima-2024_115-e1732222566500-860x604.jpg 860w, https:\/\/regiontatry.sk\/wp-content\/uploads\/2024\/11\/\u00a9-Marek-Hajkovsky-foto-VT-kampan-zima-2024_115-e1732222566500-698x490.jpg 698w, https:\/\/regiontatry.sk\/wp-content\/uploads\/2024\/11\/\u00a9-Marek-Hajkovsky-foto-VT-kampan-zima-2024_115-e1732222566500-552x388.jpg 552w, https:\/\/regiontatry.sk\/wp-content\/uploads\/2024\/11\/\u00a9-Marek-Hajkovsky-foto-VT-kampan-zima-2024_115-e1732222566500.jpg 1096w\" sizes=\"(max-width: 1024px) 100vw, 1024px\" \/><\/figure>\n\n\n\n<figure class=\"wp-block-image size-large\"><img loading=\"lazy\" decoding=\"async\" width=\"1024\" height=\"662\" data-id=\"10270045\" src=\"https:\/\/regiontatry.sk\/wp-content\/uploads\/2025\/06\/c-Marek-Hajkovsky-foto-VT-letna-kampan-2024_39-1024x662.jpg\" alt=\"\" class=\"wp-image-10270045\" srcset=\"https:\/\/regiontatry.sk\/wp-content\/uploads\/2025\/06\/c-Marek-Hajkovsky-foto-VT-letna-kampan-2024_39-1024x662.jpg 1024w, https:\/\/regiontatry.sk\/wp-content\/uploads\/2025\/06\/c-Marek-Hajkovsky-foto-VT-letna-kampan-2024_39-300x194.jpg 300w, https:\/\/regiontatry.sk\/wp-content\/uploads\/2025\/06\/c-Marek-Hajkovsky-foto-VT-letna-kampan-2024_39-768x496.jpg 768w, https:\/\/regiontatry.sk\/wp-content\/uploads\/2025\/06\/c-Marek-Hajkovsky-foto-VT-letna-kampan-2024_39-860x556.jpg 860w, https:\/\/regiontatry.sk\/wp-content\/uploads\/2025\/06\/c-Marek-Hajkovsky-foto-VT-letna-kampan-2024_39-698x451.jpg 698w, https:\/\/regiontatry.sk\/wp-content\/uploads\/2025\/06\/c-Marek-Hajkovsky-foto-VT-letna-kampan-2024_39-552x357.jpg 552w, https:\/\/regiontatry.sk\/wp-content\/uploads\/2025\/06\/c-Marek-Hajkovsky-foto-VT-letna-kampan-2024_39.jpg 1400w\" sizes=\"(max-width: 1024px) 100vw, 1024px\" \/><\/figure>\n\n\n\n<figure class=\"wp-block-image size-full\"><img loading=\"lazy\" decoding=\"async\" width=\"800\" height=\"480\" data-id=\"13228816\" src=\"https:\/\/regiontatry.sk\/wp-content\/uploads\/2026\/01\/c-Marek-Hajkovsky-foto-VT-letna-kampan-2024_179-1.webp\" alt=\"\" class=\"wp-image-13228816\" srcset=\"https:\/\/regiontatry.sk\/wp-content\/uploads\/2026\/01\/c-Marek-Hajkovsky-foto-VT-letna-kampan-2024_179-1.webp 800w, https:\/\/regiontatry.sk\/wp-content\/uploads\/2026\/01\/c-Marek-Hajkovsky-foto-VT-letna-kampan-2024_179-1-300x180.webp 300w, https:\/\/regiontatry.sk\/wp-content\/uploads\/2026\/01\/c-Marek-Hajkovsky-foto-VT-letna-kampan-2024_179-1-768x461.webp 768w, https:\/\/regiontatry.sk\/wp-content\/uploads\/2026\/01\/c-Marek-Hajkovsky-foto-VT-letna-kampan-2024_179-1-698x419.webp 698w, https:\/\/regiontatry.sk\/wp-content\/uploads\/2026\/01\/c-Marek-Hajkovsky-foto-VT-letna-kampan-2024_179-1-552x331.webp 552w\" sizes=\"(max-width: 800px) 100vw, 800px\" \/><\/figure>\n<\/figure>\n\n\n\n<h3 class=\"wp-block-heading\"><br>KIVEL M\u0170K\u00d6D\u00dcNK EGY\u00dcTT?<\/h3>\n\n\n\n<p>Mint a c\u00e9lter\u00fcleti menedzsmenten alap\u00edtott t\u00e1rsas\u00e1g, Szlov\u00e1ki\u00e1ban az idegenforgalom k\u00e9t leger\u0151sebb szervezete \u00e1ltal kialak\u00edtva minden kulcspartnert \u00f6tv\u00f6z\u00fcnk a Lipt\u00f3 \u00e9s Magas T\u00e1tra r\u00e9gi\u00f3ban. Partnerei vagyunk minden kateg\u00f3ri\u00e1j\u00fa sz\u00e1llod\u00e1nak \u00e9s panzi\u00f3nak, s\u00edreszortoknak, v\u00edzi- \u00e9s term\u00e1lparkoknak, gy\u00f3gyf\u00fcrd\u0151knek, t\u00e9li \u00e9s ny\u00e1ri aktivit\u00e1sok ny\u00fajt\u00f3inak, v\u00e1rosi k\u00e9pviseleteknek, sz\u00f3rakoztat\u00f3 parkoknak \u00e9s minden szolg\u00e1ltat\u00e1snak, amire a turist\u00e1nak sz\u00fcks\u00e9ge van a t\u00f6k\u00e9letes szabads\u00e1g\u00e1hoz.<\/p>\n\n\n\n<figure class=\"wp-block-gallery has-nested-images columns-default is-cropped wp-block-gallery-4 is-layout-flex wp-block-gallery-is-layout-flex\">\n<figure class=\"wp-block-image size-large\"><img loading=\"lazy\" decoding=\"async\" width=\"1024\" height=\"693\" data-id=\"10345533\" src=\"https:\/\/regiontatry.sk\/wp-content\/uploads\/2025\/07\/AquaCity_Poprad_Leto_MH_web_013-1024x693.jpg\" alt=\"\" class=\"wp-image-10345533\" srcset=\"https:\/\/regiontatry.sk\/wp-content\/uploads\/2025\/07\/AquaCity_Poprad_Leto_MH_web_013-1024x693.jpg 1024w, https:\/\/regiontatry.sk\/wp-content\/uploads\/2025\/07\/AquaCity_Poprad_Leto_MH_web_013-300x203.jpg 300w, https:\/\/regiontatry.sk\/wp-content\/uploads\/2025\/07\/AquaCity_Poprad_Leto_MH_web_013-768x520.jpg 768w, https:\/\/regiontatry.sk\/wp-content\/uploads\/2025\/07\/AquaCity_Poprad_Leto_MH_web_013-1536x1039.jpg 1536w, https:\/\/regiontatry.sk\/wp-content\/uploads\/2025\/07\/AquaCity_Poprad_Leto_MH_web_013-1705x1154.jpg 1705w, https:\/\/regiontatry.sk\/wp-content\/uploads\/2025\/07\/AquaCity_Poprad_Leto_MH_web_013-860x582.jpg 860w, https:\/\/regiontatry.sk\/wp-content\/uploads\/2025\/07\/AquaCity_Poprad_Leto_MH_web_013-698x472.jpg 698w, https:\/\/regiontatry.sk\/wp-content\/uploads\/2025\/07\/AquaCity_Poprad_Leto_MH_web_013-552x373.jpg 552w, https:\/\/regiontatry.sk\/wp-content\/uploads\/2025\/07\/AquaCity_Poprad_Leto_MH_web_013.jpg 1920w\" sizes=\"(max-width: 1024px) 100vw, 1024px\" \/><\/figure>\n\n\n\n<figure class=\"wp-block-image size-large\"><img loading=\"lazy\" decoding=\"async\" width=\"1024\" height=\"684\" data-id=\"9214198\" src=\"https:\/\/regiontatry.sk\/wp-content\/uploads\/2023\/08\/15-1024x684.jpg\" alt=\"\" class=\"wp-image-9214198\" srcset=\"https:\/\/regiontatry.sk\/wp-content\/uploads\/2023\/08\/15-1024x684.jpg 1024w, https:\/\/regiontatry.sk\/wp-content\/uploads\/2023\/08\/15-300x200.jpg 300w, https:\/\/regiontatry.sk\/wp-content\/uploads\/2023\/08\/15-768x513.jpg 768w, https:\/\/regiontatry.sk\/wp-content\/uploads\/2023\/08\/15-1920x1282.jpg 1920w, https:\/\/regiontatry.sk\/wp-content\/uploads\/2023\/08\/15-1705x1138.jpg 1705w, https:\/\/regiontatry.sk\/wp-content\/uploads\/2023\/08\/15-698x466.jpg 698w, https:\/\/regiontatry.sk\/wp-content\/uploads\/2023\/08\/15-552x368.jpg 552w, https:\/\/regiontatry.sk\/wp-content\/uploads\/2023\/08\/15.jpg 2048w\" sizes=\"(max-width: 1024px) 100vw, 1024px\" \/><\/figure>\n\n\n\n<figure class=\"wp-block-image size-large\"><img loading=\"lazy\" decoding=\"async\" width=\"1024\" height=\"671\" data-id=\"8927744\" src=\"https:\/\/regiontatry.sk\/wp-content\/uploads\/2023\/04\/Kempinski_exterier_zima_11zon-1024x671.jpg\" alt=\"\" class=\"wp-image-8927744\" srcset=\"https:\/\/regiontatry.sk\/wp-content\/uploads\/2023\/04\/Kempinski_exterier_zima_11zon-1024x671.jpg 1024w, https:\/\/regiontatry.sk\/wp-content\/uploads\/2023\/04\/Kempinski_exterier_zima_11zon-300x197.jpg 300w, https:\/\/regiontatry.sk\/wp-content\/uploads\/2023\/04\/Kempinski_exterier_zima_11zon-768x504.jpg 768w, https:\/\/regiontatry.sk\/wp-content\/uploads\/2023\/04\/Kempinski_exterier_zima_11zon-1920x1259.jpg 1920w, https:\/\/regiontatry.sk\/wp-content\/uploads\/2023\/04\/Kempinski_exterier_zima_11zon-1705x1118.jpg 1705w, https:\/\/regiontatry.sk\/wp-content\/uploads\/2023\/04\/Kempinski_exterier_zima_11zon-698x458.jpg 698w, https:\/\/regiontatry.sk\/wp-content\/uploads\/2023\/04\/Kempinski_exterier_zima_11zon-552x362.jpg 552w\" sizes=\"(max-width: 1024px) 100vw, 1024px\" \/><\/figure>\n<\/figure>\n\n\n\n<h4 class=\"elementor-icon-box-title\"><img loading=\"lazy\" decoding=\"async\" class=\"alignnone size-medium wp-image-13157589\" src=\"https:\/\/regiontatry.sk\/wp-content\/uploads\/2025\/12\/EnjoyTatras_logo_color_final-300x160.jpg\" alt=\"\" width=\"300\" height=\"160\" srcset=\"https:\/\/regiontatry.sk\/wp-content\/uploads\/2025\/12\/EnjoyTatras_logo_color_final-300x160.jpg 300w, https:\/\/regiontatry.sk\/wp-content\/uploads\/2025\/12\/EnjoyTatras_logo_color_final-1024x545.jpg 1024w, https:\/\/regiontatry.sk\/wp-content\/uploads\/2025\/12\/EnjoyTatras_logo_color_final-768x409.jpg 768w, https:\/\/regiontatry.sk\/wp-content\/uploads\/2025\/12\/EnjoyTatras_logo_color_final-860x458.jpg 860w, https:\/\/regiontatry.sk\/wp-content\/uploads\/2025\/12\/EnjoyTatras_logo_color_final-698x371.jpg 698w, https:\/\/regiontatry.sk\/wp-content\/uploads\/2025\/12\/EnjoyTatras_logo_color_final-552x294.jpg 552w, https:\/\/regiontatry.sk\/wp-content\/uploads\/2025\/12\/EnjoyTatras_logo_color_final.jpg 1231w\" sizes=\"(max-width: 300px) 100vw, 300px\" \/><\/h4>\n<h4 class=\"elementor-icon-box-title\">Email: info@enjoytatras.com<br \/>web: <a href=\"https:\/\/enjoytatras.com\/\">www.enjoytatras.com<\/a><\/h4>\n<p>\u00a0<\/p>\n<p>\u00a0<\/p>\n","protected":false},"excerpt":{"rendered":"<p>Az Enjoy Tatras a c\u00e9lter\u00fcleti menedzseri szervezet (DMO) exkluz\u00edv m\u00e1rk\u00e1ja Szlov\u00e1ki k\u00e9t er\u0151s r\u00e9gi\u00f3ja \u2013 Magas T\u00e1tra \u00e9s Lipt\u00f3 sz\u00e1m\u00e1ra. Felejthetetlen \u00e9lm\u00e9nyeket propag\u00e1lunk mindenki sz\u00e1m\u00e1ra. S\u00edel\u00e9st terveznek a legismertebb sik\u00f6zpontokban, luxusos hegyi chalet b\u00e9rl\u00e9s\u00e9t, l\u00e9legzetel\u00e1ll\u00edt\u00f3 hegyek vagy kultur\u00e1lis \u00f6r\u00f6ks\u00e9ggel teli helyek felfedez\u00e9s\u00e9t? Esetleg haj\u00f3zni a Szentm\u00e1riai-v\u00edzt\u00e1roz\u00f3n, gy\u00f6ny\u00f6r\u0171 szurdokv\u00f6lgyeket, v\u00edzes\u00e9seket \u00e9s barlangokat csod\u00e1lni? Seg\u00edt\u00fcnk a csod\u00e1latos [&hellip;]<\/p>\n","protected":false},"author":12,"featured_media":0,"parent":0,"menu_order":0,"comment_status":"closed","ping_status":"closed","template":"template-simple-page.php","meta":{"footnotes":""},"class_list":["post-13239230","page","type-page","status-publish","hentry"],"_links":{"self":[{"href":"https:\/\/regiontatry.sk\/hu\/wp-json\/wp\/v2\/pages\/13239230"}],"collection":[{"href":"https:\/\/regiontatry.sk\/hu\/wp-json\/wp\/v2\/pages"}],"about":[{"href":"https:\/\/regiontatry.sk\/hu\/wp-json\/wp\/v2\/types\/page"}],"author":[{"embeddable":true,"href":"https:\/\/regiontatry.sk\/hu\/wp-json\/wp\/v2\/users\/12"}],"replies":[{"embeddable":true,"href":"https:\/\/regiontatry.sk\/hu\/wp-json\/wp\/v2\/comments?post=13239230"}],"version-history":[{"count":2,"href":"https:\/\/regiontatry.sk\/hu\/wp-json\/wp\/v2\/pages\/13239230\/revisions"}],"predecessor-version":[{"id":13239233,"href":"https:\/\/regiontatry.sk\/hu\/wp-json\/wp\/v2\/pages\/13239230\/revisions\/13239233"}],"wp:attachment":[{"href":"https:\/\/regiontatry.sk\/hu\/wp-json\/wp\/v2\/media?parent=13239230"}],"curies":[{"name":"wp","href":"https:\/\/api.w.org\/{rel}","templated":true}]}}