{"id":18690,"date":"2018-09-13T15:55:29","date_gmt":"2018-09-13T13:55:29","guid":{"rendered":"https:\/\/regiontatry.sk\/zdravy-zivotny-styl-a-wellness\/"},"modified":"2023-07-06T22:42:19","modified_gmt":"2023-07-06T20:42:19","slug":"healthy-lifestyle-and-wellness-summer","status":"publish","type":"page","link":"https:\/\/regiontatry.sk\/hu\/wellness-a-relax\/healthy-lifestyle-and-wellness-summer\/","title":{"rendered":"Eg\u00e9szs\u00e9ges \u00e9letm\u00f3d \u00e9s Wellness"},"content":{"rendered":"\n<p>A testi eg\u00e9szs\u00e9g \u00e9s lelki egyens\u00faly a mai korban emberek sokas\u00e1g\u00e1nak\n\u00e9letbeli hozz\u00e1\u00e1ll\u00e1sa kezd lenni.&nbsp;<strong>A\nt\u00e1trai term\u00e9szetben val\u00f3 pihen\u00e9s legjobb recept a mindennapok kih\u00edv\u00e1saira.<\/strong><\/p>\n\n\n\n<p><strong>A helyi kl\u00edma egyed\u00fcl\u00e1ll\u00f3 gy\u00f3gyhat\u00e1sainak k\u00f6sz\u00f6nhet\u0151en a\nT\u00e1tra m\u00e1r r\u00e9g\u00f3ta keresett az eg\u00e9sz vil\u00e1g l\u00e1togat\u00f3i k\u00f6r\u00e9ben.<\/strong>&nbsp;Mindenki, aki j\u00f3t\u00e9kony hat\u00e1s\u00fa pihen\u00e9s,\ner\u0151regener\u00e1ci\u00f3, a test \u00e9s l\u00e9lek harm\u00f3ni\u00e1ja, vitalit\u00e1s \u00e9s sz\u00e9ps\u00e9g, illetve csak\nisteni b\u00e9ke ut\u00e1n v\u00e1gyakozik, itt megtal\u00e1lja a saj\u00e1t eg\u00e9szs\u00e9g-sziget\u00e9t.<\/p>\n\n\n\n<p>Mer\u00fclj\u00f6n el \u00d6n is a t\u00e1trai term\u00e9szetben \u00e9s t\u00f6lts\u00f6n er\u0151t \u00e9s \u00e9rz\u00e9keket\nsimogat\u00f3 nyugalmat!<\/p>\n\n\n\n<p><strong>A leveg\u0151 rendk\u00edv\u00fcli tisztas\u00e1ga<\/strong>, a napsug\u00e1rz\u00e1s magas \u00e9rt\u00e9kei,&nbsp;<strong>a t\u00e1trai l\u00e9gk\u00f6r illatos ill\u00f3olajakkal val\u00f3\ntelts\u00e9ge <\/strong>\u00e9s sok egy\u00e9b elem meggy\u0151zi \u00d6nt a gy\u00f3gyhat\u00e1sair\u00f3l.<\/p>\n\n\n\t<a href=\"\/wellness-a-relax\/klimaticke-kupele\/\" class=\"wp-block-cgb-block-creanet-list category-list grid-x grid-padding-x align-middle\">\n\t\t\t\t\t<div class=\"small-12 medium-6 large-5\">\n\t\t\t\t<figure><img src='https:\/\/regiontatry.sk\/wp-content\/uploads\/2019\/05\/kupelens.jpg'\n\t\t\t\t\t\talt=''\n\t\t\t\t\t\ttitle='kupelens'\n\t\t\t\t\t\/><\/figure>\n\t\t\t<\/div>\n\t\t\n\n\t\t<div class=\"cell small-12 medium-5 large-7\">\n\t\t\t<h3>Klimatikus f\u00fcrd\u0151 \u2013 eg\u00e9szs\u00e9gk\u00f6zpontok <\/h3>\n\t\t\t<p>Szlov\u00e1ki\u00e1ban a legismertebb klimatikus f\u00fcrd\u0151 a t\u00e1trai kl\u00edma gy\u00f3gy-elemeinek k\u00f6sz\u00f6nhet\u0151en egyed\u00fcl\u00e1ll\u00f3. A t\u00e1trai f\u00fcrd\u0151ket f\u0151leg l\u00e9gz\u00e9si probl\u00e9m\u00e1kkal k\u00fczd\u0151 emberek haszn\u00e1lj\u00e1k ki, akiknek egy\u00e9b gy\u00f3gyelj\u00e1r\u00e1sokkal \u00f6sszek\u00f6t\u00f6tt klimatoter\u00e1pia kimagasl\u00f3an seg\u00edt a regener\u00e1ci\u00f3ban. <\/p>\n\t\t<\/div>\n\t<\/a>\n\n\t\n\n\t<a href=\"\/turistika\/priroda-a-turistika\/\" class=\"wp-block-cgb-block-creanet-list category-list grid-x grid-padding-x align-middle\">\n\t\t\t\t\t<div class=\"small-12 medium-6 large-5\">\n\t\t\t\t<figure><img src='https:\/\/regiontatry.sk\/wp-content\/uploads\/2019\/05\/DSC_3312a_1000.jpg'\n\t\t\t\t\t\talt=''\n\t\t\t\t\t\ttitle='DSC_3312a_1000'\n\t\t\t\t\t\/><\/figure>\n\t\t\t<\/div>\n\t\t\n\n\t\t<div class=\"cell small-12 medium-5 large-7\">\n\t\t\t<h3>Sz\u00e9p \u00e9s vit\u00e1lis a term\u00e9szet erej\u00e9nek k\u00f6sz\u00f6nhet\u0151en <\/h3>\n\t\t\t<p>Ne feledkezzen meg az energia rendszeres fel\u00faj\u00edt\u00e1s\u00e1r\u00f3l \u00e9s emelje ki sz\u00e9ps\u00e9g\u00e9t a t\u00e1trai term\u00e9szet gy\u00f3gyhat\u00e1sainak k\u00f6sz\u00f6nhet\u0151en. Engedje mag\u00e1t k\u00e9nyeztetni \u00e9s engedjen meg mag\u00e1nak egy kis s\u00e9t\u00e1t a feh\u00e9r t\u00e1jban, amely nem csak a teste, de a l\u00e9lek sz\u00e1m\u00e1ra is balzsam. A t\u00e1trai leveg\u0151 a legjobb gy\u00f3gyszer a sz\u00e9p arcb\u0151rh\u00f6z! <\/p>\n\t\t<\/div>\n\t<\/a>\n\n\t\n\n\t<a href=\"\/wellness-a-relax\/wellness-spa\/\" class=\"wp-block-cgb-block-creanet-list category-list grid-x grid-padding-x align-middle\">\n\t\t\t\t\t<div class=\"small-12 medium-6 large-5\">\n\t\t\t\t<figure><img src='https:\/\/regiontatry.sk\/wp-content\/uploads\/2019\/05\/wellness-ko\u0301pia.jpg'\n\t\t\t\t\t\talt=''\n\t\t\t\t\t\ttitle='wellness - ko\u0301pia'\n\t\t\t\t\t\/><\/figure>\n\t\t\t<\/div>\n\t\t\n\n\t\t<div class=\"cell small-12 medium-5 large-7\">\n\t\t\t<h3>Term\u00e9szetes gy\u00f3gyn\u00f6v\u00e9nyek a t\u00f6k\u00e9letes relaxhoz <\/h3>\n\t\t\t<p>Nyissa meg a test \u00e9s l\u00e9lek gondoz\u00e1s\u00e1nak nem ismert dimenzi\u00f3j\u00e1t a t\u00e1trai gy\u00f3gyn\u00f6v\u00e9nyek erej\u00e9nek k\u00f6sz\u00f6nhet\u0151en. Engedje meg d\u00e9delgetni mag\u00e1t term\u00e9szetes ill\u00f3olajakkal a hegyi vir\u00e1gok kivonataib\u00f3l \u00e9s \u00e9lvezze a maxim\u00e1lis \u00e9lvezet pillanat\u00e1t t\u00e1trai wellness sz\u00e1llod\u00e1kban. <\/p>\n\t\t<\/div>\n\t<\/a>\n\n\t\n\n\t<a href=\"\/wellness-a-relax\/kryoterapia\/\" class=\"wp-block-cgb-block-creanet-list category-list grid-x grid-padding-x align-middle\">\n\t\t\t\t\t<div class=\"small-12 medium-6 large-5\">\n\t\t\t\t<figure><img src='https:\/\/regiontatry.sk\/wp-content\/uploads\/2018\/08\/kryo.jpg'\n\t\t\t\t\t\talt=''\n\t\t\t\t\t\ttitle='kryo'\n\t\t\t\t\t\/><\/figure>\n\t\t\t<\/div>\n\t\t\n\n\t\t<div class=\"cell small-12 medium-5 large-7\">\n\t\t\t<h3>Krioter\u00e1pi\u00e1val az eg\u00e9szs\u00e9g \u00e9s immunit\u00e1s meger\u0151s\u00edt\u00e9s\u00e9hez  <\/h3>\n\t\t\t<p>A kriokamr\u00e1ban val\u00f3 tart\u00f3zkod\u00e1s ingerli a gy\u00f3gyul\u00e1st t\u00e1mogat\u00f3 enzimek \u00e9s hormonok kialakul\u00e1s\u00e1t \u00e9s a testben k\u00e9pes \u201ebeind\u00edtani\u201c az \u00f6ngy\u00f3gy\u00edt\u00e1st \u00e9s regener\u00e1ci\u00f3t. Az elj\u00e1r\u00e1s r\u00e9sze a \u2013120 \u00b0C \u00e1tlagh\u0151m\u00e9rs\u00e9klet\u0171 kamr\u00e1ban val\u00f3 h\u00e1romperces tart\u00f3zkod\u00e1s, amely ut\u00e1n intenz\u00edv torna \u2013 Kinezoter\u00e1pia \u2013 k\u00f6vetkezik. <\/p>\n\t\t<\/div>\n\t<\/a>\n\n\t\n\n\t<a href=\"\/wellness-a-relax\/vodny-svet-aquacity-poprad\/\" class=\"wp-block-cgb-block-creanet-list category-list grid-x grid-padding-x align-middle\">\n\t\t\t\t\t<div class=\"small-12 medium-6 large-5\">\n\t\t\t\t<figure><img src='https:\/\/regiontatry.sk\/wp-content\/uploads\/2018\/10\/Aquacity_Relax.jpg'\n\t\t\t\t\t\talt=''\n\t\t\t\t\t\ttitle='Aquacity_Relax'\n\t\t\t\t\t\/><\/figure>\n\t\t\t<\/div>\n\t\t\n\n\t\t<div class=\"cell small-12 medium-5 large-7\">\n\t\t\t<h3>Vit\u00e1lis vil\u00e1g a t\u0171z \u00e9s v\u00edz elemek jegy\u00e9ben   <\/h3>\n\t\t\t<p> K\u00f6z\u00e9p\u2013Eur\u00f3p\u00e1ban a legnagyobb k\u00e9temeletes wellness centrumot t\u00f6bb mint 1590 m2 fel\u00fclettel az Aquacity Popradban tal\u00e1lja. A t\u0171z \u00e9s v\u00edz elemek a wellness centrum \u00faj szimb\u00f3lumai, amelyben egy\u00e9bk\u00e9nt k\u00fcl\u00f6nb\u00f6z\u0151 fajta szauna \u00e9s bel\u00e9legz\u0151 helys\u00e9g, ceremoni\u00e1lis szauna, priv\u00e1t \u00e9s party z\u00f3na, h\u00f3-barlang illetve pihen\u0151helys\u00e9g v\u00edz\u00e1gyakkal tal\u00e1lhat\u00f3. <\/p>\n\t\t<\/div>\n\t<\/a>\n\n\t\n\n\n<p><br>A T\u00e1tra minden \u00e9vszakban ritka nyugalmat \u00e9s intenz\u00edv term\u00e9szeti \u00e9lm\u00e9nyt ny\u00fajt. Egyedi var\u00e1zzsal b\u0151velkedik, amely mind\u00f6r\u00f6kre megh\u00f3d\u00edtja \u00d6nt. V\u00e9gtelen mennyis\u00e9g\u0171 kil\u00e1t\u00e1sok, hegyi utacsk\u00e1k kilom\u00e9terei \u00e9s egyedi atmoszf\u00e9r\u00e1j\u00fa helyek meggy\u0151zik \u00d6nt arr\u00f3l, hogy semmilyen probl\u00e9ma nem olyan nagy, mint maga a term\u00e9szet grandi\u00f3zusa.\u00a0<strong>Hallgat\u00f3zzon bele a hegyi v\u00f6lgyek csendj\u00e9be, engedje mag\u00e1t megsz\u00e1llni az isteni nyugalommal \u00e9s ism\u00e9t lelje fel az utat saj\u00e1t mag\u00e1hoz.<\/strong><br><\/p>\n\n\n\n<div style=\"height:100px\" aria-hidden=\"true\" class=\"wp-block-spacer\"><\/div>\n\n\n\n<iframe loading=\"lazy\" width=\"100%\" height=\"700\" src=\"https:\/\/www.youtube.com\/embed\/NisuSROxz0w\" frameborder=\"0\" allow=\"accelerometer; autoplay; encrypted-media; gyroscope; picture-in-picture\" allowfullscreen=\"\"><\/iframe>\n","protected":false},"excerpt":{"rendered":"<p>A testi eg\u00e9szs\u00e9g \u00e9s lelki egyens\u00faly a mai korban emberek sokas\u00e1g\u00e1nak \u00e9letbeli hozz\u00e1\u00e1ll\u00e1sa kezd lenni.&nbsp;A t\u00e1trai term\u00e9szetben val\u00f3 pihen\u00e9s legjobb recept a mindennapok kih\u00edv\u00e1saira. A helyi kl\u00edma egyed\u00fcl\u00e1ll\u00f3 gy\u00f3gyhat\u00e1sainak k\u00f6sz\u00f6nhet\u0151en a T\u00e1tra m\u00e1r r\u00e9g\u00f3ta keresett az eg\u00e9sz vil\u00e1g l\u00e1togat\u00f3i k\u00f6r\u00e9ben.&nbsp;Mindenki, aki j\u00f3t\u00e9kony hat\u00e1s\u00fa pihen\u00e9s, er\u0151regener\u00e1ci\u00f3, a test \u00e9s l\u00e9lek harm\u00f3ni\u00e1ja, vitalit\u00e1s \u00e9s sz\u00e9ps\u00e9g, illetve csak [&hellip;]<\/p>\n","protected":false},"author":1,"featured_media":18324,"parent":9998909,"menu_order":0,"comment_status":"closed","ping_status":"closed","template":"template-simple-page.php","meta":{"footnotes":""},"class_list":["post-18690","page","type-page","status-publish","has-post-thumbnail","hentry"],"_links":{"self":[{"href":"https:\/\/regiontatry.sk\/hu\/wp-json\/wp\/v2\/pages\/18690"}],"collection":[{"href":"https:\/\/regiontatry.sk\/hu\/wp-json\/wp\/v2\/pages"}],"about":[{"href":"https:\/\/regiontatry.sk\/hu\/wp-json\/wp\/v2\/types\/page"}],"author":[{"embeddable":true,"href":"https:\/\/regiontatry.sk\/hu\/wp-json\/wp\/v2\/users\/1"}],"replies":[{"embeddable":true,"href":"https:\/\/regiontatry.sk\/hu\/wp-json\/wp\/v2\/comments?post=18690"}],"version-history":[{"count":4,"href":"https:\/\/regiontatry.sk\/hu\/wp-json\/wp\/v2\/pages\/18690\/revisions"}],"predecessor-version":[{"id":9146332,"href":"https:\/\/regiontatry.sk\/hu\/wp-json\/wp\/v2\/pages\/18690\/revisions\/9146332"}],"up":[{"embeddable":true,"href":"https:\/\/regiontatry.sk\/hu\/wp-json\/wp\/v2\/pages\/9998909"}],"wp:featuredmedia":[{"embeddable":true,"href":"https:\/\/regiontatry.sk\/hu\/wp-json\/wp\/v2\/media\/18324"}],"wp:attachment":[{"href":"https:\/\/regiontatry.sk\/hu\/wp-json\/wp\/v2\/media?parent=18690"}],"curies":[{"name":"wp","href":"https:\/\/api.w.org\/{rel}","templated":true}]}}