{"id":7935808,"date":"2018-08-23T14:09:10","date_gmt":"2018-08-23T12:09:10","guid":{"rendered":"https:\/\/regiontatry.sk\/horska-turistika\/"},"modified":"2025-05-05T22:13:30","modified_gmt":"2025-05-05T20:13:30","slug":"hegyi-turisztika","status":"publish","type":"page","link":"https:\/\/regiontatry.sk\/hu\/hegyi-turisztika\/","title":{"rendered":"Hegyi turisztika"},"content":{"rendered":"\n<p>Magas T\u00e1tr\u00e1ban k\u00f6r\u00fclbel\u00fcl <strong>600\u2005km jel\u00f6lt \u00f6sv\u00e9ny tal\u00e1lhat\u00f3<\/strong>, melyek lehet\u0151v\u00e9 teszik a turist\u00e1k sz\u00e1m\u00e1ra megismerni ennek a hegyi t\u00e1jnak a legszebb sz\u00ednhelyeit. Turista\u00f6sv\u00e9nyek a <strong>v\u00f6lgyekben<\/strong>, felh\u00e1g\u00e1sok a&nbsp;<strong>t\u00e1trai mened\u00e9kh\u00e1zakhoz<\/strong>, \u00fatvonalak a legszebb<strong>&nbsp;t\u00e1trai tengerszemekhez<\/strong>, t\u00e1trai&nbsp;<strong>cs\u00facsok<\/strong>&nbsp;vagy ak\u00e1r a k\u00e9tezres <strong>ormok<\/strong>, \u00e1th\u00e1g\u00e1sok a <strong>t\u00e1trai nyergeken<\/strong>&nbsp;mennyei kil\u00e1t\u00e1sokkal, valamint az \u00e1llatok \u00e9s n\u00f6v\u00e9nyek leny\u0171g\u00f6z\u0151 vil\u00e1ga.<\/p>\n\n\n\n<p>Ha megl\u00e1togatja ezt a fest\u0151i f\u00f6lddarabk\u00e1t, biztosan megszereti.<\/p>\n\n\n\n<p>A Magas T\u00e1tra <strong>minden turista sz\u00e1m\u00e1ra alkalmas<\/strong>, a nem ig\u00e9nyes s\u00e9t\u00e1kt\u00f3l kezdve gyermekes csal\u00e1dok sz\u00e1m\u00e1ra, az akt\u00edv turisztik\u00e1n kereszt\u00fcl ig\u00e9nyesebbek sz\u00e1m\u00e1ra, eg\u00e9szen a fizikai t\u00falteljes\u00edt\u00e9sig azok sz\u00e1m\u00e1ra, akik el szeretn\u00e9k \u00e9rni a legmagasabb cs\u00facsokat<\/p>\n\n\n\n<p>Minden, a T\u00e1trai nemzeti parkban mozg\u00f3 l\u00e1togat\u00f3k sz\u00e1m\u00e1ra hozz\u00e1f\u00e9rhet\u0151 turista\u00f6sv\u00e9ny jelz\u00e9sekkel van kijel\u00f6lve (v\u00f6r\u00f6s, k\u00e9k, z\u00f6ld, s\u00e1rga). Az egyes szakaszok neh\u00e9zs\u00e9ge szerint n\u00e9h\u00e1ny csoportba osztjuk \u0151ket.<\/p>\n\n\n\n<iframe loading=\"lazy\" title=\"Horsk\u00e1 turistika vo Vysok\u00fdch Tatr\u00e1ch\" width=\"640\" height=\"360\" src=\"https:\/\/www.youtube.com\/embed\/WOdnl5jNlAg?feature=oembed\" frameborder=\"0\" allow=\"accelerometer; autoplay; clipboard-write; encrypted-media; gyroscope; picture-in-picture; web-share\" referrerpolicy=\"strict-origin-when-cross-origin\" allowfullscreen><\/iframe>\n\n\n\n<h3 class=\"wp-block-heading has-text-color has-link-color wp-elements-3dcacffb83d8c3704cbd1ae4d1aabb7e\" style=\"color:#1ad100\"><br><strong>S\u00c9T\u00c1K A T\u00c1JBAN<\/strong><\/h3>\n\n\n\n<p>Ide\u00e1lis r\u00f6vid kimen\u0151k a kev\u00e9sb\u00e9 ig\u00e9nyes turist\u00e1k sz\u00e1mra k\u00e9t \u00f3ra alatt, melyek kis gyermekekkel is elv\u00e9gezhet\u0151k.<\/p>\n\n\n\n<h3 class=\"wp-block-heading has-text-color has-link-color wp-elements-9533bd871a0dff071a4c8ad25a5c9119\" style=\"color:#1ad100\"><strong>V\u00d6LGYI T\u00daR\u00c1K<\/strong><\/h3>\n\n\n\n<p>Ha<strong>\u00a0az ig\u00e9nyesebb turist\u00e1khoz tartozik<\/strong>, semmik\u00e9ppen ne hagyja ki a hosszabb t\u00fara valamelyik\u00e9t a v\u00f6lgyeken \u00e1t. A magashegyi term\u00e9szet panor\u00e1m\u00e1j\u00e1val k\u00f6r\u00fclv\u00e9ve induljon kezelt \u00f6sv\u00e9nyeken a tavakhoz \u00e9s mened\u00e9kh\u00e1zakhoz.<\/p>\n\n\n\n<h3 class=\"wp-block-heading has-text-color has-link-color wp-elements-7acabf253f7bad0d3cccf71fa41876ff\" style=\"color:#1ad100\"><strong>FELL\u00c9P\u00c9S A CS\u00daCSOKRA<\/strong><\/h3>\n\n\n\n<p>A neh\u00e9z terepet \u00e9s nagy magass\u00e1gi szintk\u00fcl\u00f6nbs\u00e9geketlek\u00fczdenielsz\u00e1nt<strong>legig\u00e9nyesebb turist\u00e1k sz\u00e1m\u00e1ra<\/strong>a cs\u00facsokra val\u00f3 felh\u00e1g\u00e1sok v\u00e1rnak. Sok k\u00f6z\u00fcl\u00fck csak <a href=\"https:\/\/regiontatry.sk\/turistika\/horski-vodcovia\/\">hegyi vezet\u0151k<\/a> k\u00eds\u00e9ret\u00e9ben enged\u00e9lyezet. A biztons\u00e1g az els\u0151 helyen szerepel, ez\u00e9rt nem szabad semmi felh\u00e1g\u00e1st al\u00e1becs\u00fclni \u00e9s alaposan fel kell r\u00e1 k\u00e9sz\u00fclni.<\/p>\n\n\n\n<p>A legmagasabb szlov\u00e1k hegys\u00e9g\u00fcnk az&nbsp;<a href=\"https:\/\/regiontatry.sk\/turistika\/tatry-bez-barier\/\">Akad\u00e1lymentes T\u00e1tra <\/a>projektnek k\u00f6sz\u00f6nhet\u0151en cs\u00f6kkentett mozg\u00e1sk\u00e9pess\u00e9g\u0171 szem\u00e9lyek sz\u00e1m\u00e1ra illetve gyerekkocsikkal is el\u00e9rhet\u0151ek. Tekintse meg tippjeinket <a href=\"https:\/\/regiontatry.sk\/turistika\/rodinna-turistika\/\">csal\u00e1di turisztik\u00e1hoz<\/a>.<\/p>\n","protected":false},"excerpt":{"rendered":"<p>Magas T\u00e1tr\u00e1ban k\u00f6r\u00fclbel\u00fcl 600\u2005km jel\u00f6lt \u00f6sv\u00e9ny tal\u00e1lhat\u00f3, melyek lehet\u0151v\u00e9 teszik a turist\u00e1k sz\u00e1m\u00e1ra megismerni ennek a hegyi t\u00e1jnak a legszebb sz\u00ednhelyeit. Turista\u00f6sv\u00e9nyek a v\u00f6lgyekben, felh\u00e1g\u00e1sok a&nbsp;t\u00e1trai mened\u00e9kh\u00e1zakhoz, \u00fatvonalak a legszebb&nbsp;t\u00e1trai tengerszemekhez, t\u00e1trai&nbsp;cs\u00facsok&nbsp;vagy ak\u00e1r a k\u00e9tezres ormok, \u00e1th\u00e1g\u00e1sok a t\u00e1trai nyergeken&nbsp;mennyei kil\u00e1t\u00e1sokkal, valamint az \u00e1llatok \u00e9s n\u00f6v\u00e9nyek leny\u0171g\u00f6z\u0151 vil\u00e1ga. Ha megl\u00e1togatja ezt a fest\u0151i f\u00f6lddarabk\u00e1t, biztosan [&hellip;]<\/p>\n","protected":false},"author":1,"featured_media":7935809,"parent":0,"menu_order":0,"comment_status":"closed","ping_status":"closed","template":"template-objects.php","meta":{"footnotes":""},"class_list":["post-7935808","page","type-page","status-publish","has-post-thumbnail","hentry"],"_links":{"self":[{"href":"https:\/\/regiontatry.sk\/hu\/wp-json\/wp\/v2\/pages\/7935808"}],"collection":[{"href":"https:\/\/regiontatry.sk\/hu\/wp-json\/wp\/v2\/pages"}],"about":[{"href":"https:\/\/regiontatry.sk\/hu\/wp-json\/wp\/v2\/types\/page"}],"author":[{"embeddable":true,"href":"https:\/\/regiontatry.sk\/hu\/wp-json\/wp\/v2\/users\/1"}],"replies":[{"embeddable":true,"href":"https:\/\/regiontatry.sk\/hu\/wp-json\/wp\/v2\/comments?post=7935808"}],"version-history":[{"count":4,"href":"https:\/\/regiontatry.sk\/hu\/wp-json\/wp\/v2\/pages\/7935808\/revisions"}],"predecessor-version":[{"id":10226056,"href":"https:\/\/regiontatry.sk\/hu\/wp-json\/wp\/v2\/pages\/7935808\/revisions\/10226056"}],"wp:featuredmedia":[{"embeddable":true,"href":"https:\/\/regiontatry.sk\/hu\/wp-json\/wp\/v2\/media\/7935809"}],"wp:attachment":[{"href":"https:\/\/regiontatry.sk\/hu\/wp-json\/wp\/v2\/media?parent=7935808"}],"curies":[{"name":"wp","href":"https:\/\/api.w.org\/{rel}","templated":true}]}}