{"id":7976509,"date":"2018-08-28T10:44:29","date_gmt":"2018-08-28T08:44:29","guid":{"rendered":"https:\/\/regiontatry.sk\/vrcholove-zazitky\/"},"modified":"2022-04-26T11:17:31","modified_gmt":"2022-04-26T09:17:31","slug":"csucselmenyek","status":"publish","type":"page","link":"https:\/\/regiontatry.sk\/hu\/region\/csucselmenyek\/","title":{"rendered":"Cs\u00facs\u00e9lm\u00e9nyek"},"content":{"rendered":"\n<p>A Magas T\u00e1tra sz\u00e9ps\u00e9gei \u00e9s \u00e9rdekess\u00e9gei k\u00e9t k\u00e9z \u00fajain sem sz\u00e1molhat\u00f3k \u00f6ssze. Ennek ellen\u00e9re kiemelt\u00fcnk \u00d6n\u00f6k sz\u00e1m\u00e1ra t\u00edz term\u00e9szeti sz\u00e9ps\u00e9get, amelyet \u00e9rdemes megtekinteni. Fens\u00e9gess\u00e9g\u00fckkel elb\u0171v\u00f6lik \u00d6n\u00f6ket.<br><br><br><\/p>\n\n\n\n<div class=\"wp-block-image\"><figure class=\"alignright is-resized\"><img decoding=\"async\" src=\"https:\/\/regiontatry.sk\/wp-content\/uploads\/2018\/10\/balianska-jaskyna-2.jpg\" alt=\"\" class=\"wp-image-5912\" width=\"400\" srcset=\"https:\/\/regiontatry.sk\/wp-content\/uploads\/2018\/10\/balianska-jaskyna-2.jpg 540w, https:\/\/regiontatry.sk\/wp-content\/uploads\/2018\/10\/balianska-jaskyna-2-300x225.jpg 300w\" sizes=\"(max-width: 540px) 100vw, 540px\" \/><\/figure><\/div>\n\n\n\n<h3 class=\"wp-block-heading\"><strong>B\u00e9lai barlang<\/strong><\/h3>\n\n\n\n<p>Az ilyen term\u00e9szeti sz\u00e9ps\u00e9gek k\u00f6z\u00e9 mindenk\u00e9ppen beletartozik a B\u00e9lai barlang. Az egyetlen hozz\u00e1f\u00e9rhet\u0151 barlang a nyilv\u00e1noss\u00e1g sz\u00e1m\u00e1ra. A Kobyl\u00ed vrch(Kanca-cs\u00facs) hegyben tal\u00e1lhat\u00f3 T\u00e1trabarlangliget felett\u00e9s nemzeti term\u00e9szeti eml\u00e9km\u0171nek nevezt\u00e9k ki. Hozz\u00e1f\u00e9rhet\u0151v\u00e9 1882. \u00e9vben tett\u00e9k \u00e9s az \u00f6sszes t\u00e1trai barlangok k\u00f6z\u00fcl a leggazdagabb cseppk\u0151 (szinterelt) d\u00edsz\u00edt\u00e9ssel rendelkezik. A barlang 3829 m \u00f6sszhossz\u00e1b\u00f3l 1370 m\u00e9ter hozz\u00e1f\u00e9rhet\u0151. \u00c9rdekess\u00e9ge a villany-megvil\u00e1g\u00edt\u00e1s,amely m\u00e1r 1896-ban ker\u00fclt bevezet\u00e9sre.<br><br><br><\/p>\n\n\n\n<div class=\"wp-block-image\"><figure class=\"alignleft is-resized\"><img decoding=\"async\" src=\"https:\/\/regiontatry.sk\/wp-content\/uploads\/2018\/10\/vodopadskok.jpg\" alt=\"\" class=\"wp-image-5914\" width=\"400\" srcset=\"https:\/\/regiontatry.sk\/wp-content\/uploads\/2018\/10\/vodopadskok.jpg 620w, https:\/\/regiontatry.sk\/wp-content\/uploads\/2018\/10\/vodopadskok-300x194.jpg 300w\" sizes=\"(max-width: 620px) 100vw, 620px\" \/><\/figure><\/div>\n\n\n\n<h3 class=\"wp-block-heading\">F\u00e1tyol-v\u00edzes\u00e9s <\/h3>\n\n\n\n<p>A term\u00e9szet \u00e1ltal v\u00edzb\u0151l kialak\u00edtott sz\u00e9ps\u00e9gek k\u00f6z\u00fcl a F\u00e1tyol-v\u00edzes\u00e9st \u00e9s a Kme\u0165ov v\u00edzes\u00e9st eml\u00edthetj\u00fck. A F\u00e1tyol-v\u00edzes\u00e9s a Malompataki-v\u00f6lgyben \u201eesik\u201d. Ugyanis a Malompatak t\u00e1pl\u00e1lja, amely 100 m magass\u00e1gb\u00f3l esik al\u00e1, mintha ugrana. A v\u00edzes\u00e9s hossza \u00f6nmag\u00e1ban 25 m \u00e9s a Magas T\u00e1tra legb\u0151viz\u0171bb v\u00edzes\u00e9se. A \u201eleg\u201d jelz\u0151t a Kme\u0165ov v\u00edzes\u00e9s is tartalmazza. Az pedig a Magas T\u00e1tra leghosszabb v\u00edzes\u00e9se. A hossza 80 m \u00e9s a Nefcerv\u00f6lgyben tal\u00e1lhat\u00f3.<br><br><br><\/p>\n\n\n\n<div class=\"wp-block-image\"><figure class=\"alignright is-resized\"><img decoding=\"async\" src=\"https:\/\/regiontatry.sk\/wp-content\/uploads\/2018\/10\/strbskepleso.jpg\" alt=\"\" class=\"wp-image-5916\" width=\"400\" srcset=\"https:\/\/regiontatry.sk\/wp-content\/uploads\/2018\/10\/strbskepleso.jpg 550w, https:\/\/regiontatry.sk\/wp-content\/uploads\/2018\/10\/strbskepleso-300x200.jpg 300w\" sizes=\"(max-width: 550px) 100vw, 550px\" \/><\/figure><\/div>\n\n\n\n<h3 class=\"wp-block-heading\">Csorbat\u00f3<\/h3>\n\n\n\n<p>A T\u00e1tra t\u00f6rt\u00e9nelm\u00e9nek \u00e9s term\u00e9szeti jelleg\u00e9nek elk\u00e9pzelhetetlen\u00fcl a tengerszemek adnak v\u00e9gs\u0151 alakot. K\u00f6z\u00fcl\u00fck a legismertebb \u00e9s legl\u00e1togatottabb a Csorbat\u00f3. Egy\u00fattal a m\u00e1sik legnagyobb Szlov\u00e1ki\u00e1ban \u00e9s a sz\u00e9ps\u00e9g\u00e9t nem csak a partr\u00f3l \u00e9lvezheti, hanem cs\u00f3nakb\u00f3l is.<br><br><br><\/p>\n\n\n\n<div class=\"wp-block-image\"><figure class=\"alignleft is-resized\"><img decoding=\"async\" src=\"https:\/\/regiontatry.sk\/wp-content\/uploads\/2018\/10\/hincovo.jpg\" alt=\"\" class=\"wp-image-5918\" width=\"400\" srcset=\"https:\/\/regiontatry.sk\/wp-content\/uploads\/2018\/10\/hincovo.jpg 738w, https:\/\/regiontatry.sk\/wp-content\/uploads\/2018\/10\/hincovo-300x199.jpg 300w\" sizes=\"(max-width: 738px) 100vw, 738px\" \/><\/figure><\/div>\n\n\n\n<h3 class=\"wp-block-heading\">Nagy-Hinc\u00f3-t\u00f3 <\/h3>\n\n\n\n<p>A term\u00e9szeti t\u00fcnem\u00e9nyek ezen kateg\u00f3ri\u00e1j\u00e1b\u00f3l a k\u00f6vetkez\u0151 a Nagy-Hinc\u00f3-t\u00f3. A legnagyobb \u00e9s egy\u00fattal legm\u00e9lyebb tengerszem a szlov\u00e1k Magas T\u00e1tr\u00e1ban. 1946 m tengerszint feletti magass\u00e1gban fekszik 20,08 ha kiterjed\u00e9ssel \u00e9s 53 m m\u00e9lys\u00e9ggel. A Hinc\u00f3-katlanban tal\u00e1lhat\u00f3 a Manguszfalvi-v\u00f6lgy fels\u0151 r\u00e9sz\u00e9ben.<br><br><br><\/p>\n\n\n\n<div class=\"wp-block-image\"><figure class=\"alignright is-resized\"><img decoding=\"async\" src=\"https:\/\/regiontatry.sk\/wp-content\/uploads\/2018\/10\/koprova-dolina.jpg\" alt=\"\" class=\"wp-image-5922\" width=\"400\" srcset=\"https:\/\/regiontatry.sk\/wp-content\/uploads\/2018\/10\/koprova-dolina.jpg 800w, https:\/\/regiontatry.sk\/wp-content\/uploads\/2018\/10\/koprova-dolina-300x200.jpg 300w, https:\/\/regiontatry.sk\/wp-content\/uploads\/2018\/10\/koprova-dolina-768x512.jpg 768w\" sizes=\"(max-width: 800px) 100vw, 800px\" \/><\/figure><\/div>\n\n\n\n<h3 class=\"wp-block-heading\">Kapor-v\u00f6lgy<\/h3>\n\n\n\n<p>A hegyl\u00e1bakn\u00e1l fekv\u0151 v\u00f6lgyeken \u00e1t turista\u00f6sv\u00e9nyek vezetnek. Ha kir\u00e1ndul rajtuk, nem fogja sajn\u00e1lni. Rengeteg panor\u00e1m\u00e1s kil\u00e1t\u00e1st ny\u00fajtanak, melyeket val\u00f3ban \u00e9lvezni fog. Ezek k\u00f6z\u00fcl az egyik a Kapor-v\u00f6lgy. Egy 12 km hossz\u00fa ter\u00fcletr\u0151l van sz\u00f3 rengeteg oldal-v\u00f6lggyel. A rajtuk \u00e1thalad\u00f3 turista\u00f6sv\u00e9ny v\u00e9gigkalauzolja a term\u00e9szeti gazdags\u00e1gon. Z\u00f6ldell\u0151 mez\u0151k\u00f6n, gazdag erd\u0151k\u00f6nvagy a Kapor-patak partj\u00e1n. A Hlinszka-v\u00f6lgy\u00f6n is \u00e1thalad a Fels\u0151-Kapor-h\u00e1g\u00f3ba \u00e9s Menguszfalvi-v\u00f6lgybe. Eljuthat eg\u00e9szen a Kapor-cs\u00facsra, amely a v\u00f6lgy f\u00f6l\u00f6tt magaslik a Kriv\u00e1nnal egy\u00fctt.<br><br><br><\/p>\n\n\n\n<div class=\"wp-block-image\"><figure class=\"alignleft is-resized\"><img decoding=\"async\" src=\"https:\/\/regiontatry.sk\/wp-content\/uploads\/2018\/10\/krivan.jpg\" alt=\"\" class=\"wp-image-5924\" width=\"400\" srcset=\"https:\/\/regiontatry.sk\/wp-content\/uploads\/2018\/10\/krivan.jpg 800w, https:\/\/regiontatry.sk\/wp-content\/uploads\/2018\/10\/krivan-300x200.jpg 300w, https:\/\/regiontatry.sk\/wp-content\/uploads\/2018\/10\/krivan-768x511.jpg 768w\" sizes=\"(max-width: 800px) 100vw, 800px\" \/><\/figure><\/div>\n\n\n\n<h3 class=\"wp-block-heading\">Kriv\u00e1n<\/h3>\n\n\n\n<p>A Kriv\u00e1n egy impoz\u00e1ns cs\u00facs Magas T\u00e1tra nyugati oldal\u00e1n 2494,7 m. t. f. magass\u00e1ggal.T\u00f6bb gerinc alkotja, amelyekb\u0151l a turist\u00e1k sz\u00e1m\u00e1ra a d\u00e9li \u00e9s d\u00e9lnyugat a hozz\u00e1f\u00e9rhet\u0151.<br><br><br><\/p>\n\n\n\n<div class=\"wp-block-image\"><figure class=\"alignright is-resized\"><img decoding=\"async\" src=\"https:\/\/regiontatry.sk\/wp-content\/uploads\/2018\/10\/lomnickystit.jpg\" alt=\"\" class=\"wp-image-5926\" width=\"400\" srcset=\"https:\/\/regiontatry.sk\/wp-content\/uploads\/2018\/10\/lomnickystit.jpg 550w, https:\/\/regiontatry.sk\/wp-content\/uploads\/2018\/10\/lomnickystit-300x200.jpg 300w\" sizes=\"(max-width: 550px) 100vw, 550px\" \/><\/figure><\/div>\n\n\n\n<h3 class=\"wp-block-heading\">Lomnici-cs\u00facs <\/h3>\n\n\n\n<p>A T\u00e1tra egyik legismertebb cs\u00facsa a Lomnici-cs\u00facs. Ugyan\u00fagy a Szlov\u00e1kia m\u00e1sodik legnagyobb cs\u00facsa. A cs\u00facs egy h\u00e1rom\u00e9l\u0171 piramisra eml\u00e9keztet \u00e9s 2633,8 m. t. f. magass\u00e1gba \u00e9r. N\u00e9pszer\u0171s\u00e9get a f\u00fcgg\u0151vas\u00fatnak k\u00f6sz\u00f6nhet\u0151en szerzett, amely a K\u0151-pataki-t\u00f3r\u00f3l vezet fel hozz\u00e1. Felh\u00e1gni a Lomnici-nyeregb\u0151l lehet, de csak hegyi vezet\u0151 k\u00eds\u00e9ret\u00e9ben.<br><br><br><\/p>\n\n\n\n<div class=\"wp-block-image\"><figure class=\"alignleft is-resized\"><img decoding=\"async\" src=\"https:\/\/regiontatry.sk\/wp-content\/uploads\/2018\/10\/gerlachovsky.jpg\" alt=\"\" class=\"wp-image-5928\" width=\"400\" srcset=\"https:\/\/regiontatry.sk\/wp-content\/uploads\/2018\/10\/gerlachovsky.jpg 1920w, https:\/\/regiontatry.sk\/wp-content\/uploads\/2018\/10\/gerlachovsky-300x200.jpg 300w, https:\/\/regiontatry.sk\/wp-content\/uploads\/2018\/10\/gerlachovsky-768x512.jpg 768w, https:\/\/regiontatry.sk\/wp-content\/uploads\/2018\/10\/gerlachovsky-1024x683.jpg 1024w\" sizes=\"(max-width: 1920px) 100vw, 1920px\" \/><\/figure><\/div>\n\n\n\n<h3 class=\"wp-block-heading\">Gerlachfalvi-cs\u00facs <\/h3>\n\n\n\n<p>A h\u00e1rmast a Gerlachfalvi-cs\u00facs eg\u00e9sz\u00edti ki, amely a T\u00e1tra \u00e9s eg\u00e9sz K\u00e1rp\u00e1tok legmagasabb cs\u00facsa. Magass\u00e1ga 2654,4 m. t. f. <br><br><br><\/p>\n\n\n\n<div class=\"wp-block-image\"><figure class=\"alignright is-resized\"><img decoding=\"async\" src=\"https:\/\/regiontatry.sk\/wp-content\/uploads\/2018\/10\/sedielko.jpg\" alt=\"\" class=\"wp-image-5920\" width=\"400\" srcset=\"https:\/\/regiontatry.sk\/wp-content\/uploads\/2018\/10\/sedielko.jpg 800w, https:\/\/regiontatry.sk\/wp-content\/uploads\/2018\/10\/sedielko-698x524.jpg 698w, https:\/\/regiontatry.sk\/wp-content\/uploads\/2018\/10\/sedielko-552x414.jpg 552w, https:\/\/regiontatry.sk\/wp-content\/uploads\/2018\/10\/sedielko-300x225.jpg 300w, https:\/\/regiontatry.sk\/wp-content\/uploads\/2018\/10\/sedielko-768x576.jpg 768w\" sizes=\"(max-width: 800px) 100vw, 800px\" \/><\/figure><\/div>\n\n\n\n<h3 class=\"wp-block-heading\">Kis-Nyereg-h\u00e1g\u00f3 <\/h3>\n\n\n\n<p>A nyergek egyike is a t\u00edz \u201eleg\u201d k\u00f6z\u00f6tt tal\u00e1lhat\u00f3, a neve Kis-Nyereg-h\u00e1g\u00f3. A Hiller-torony \u00e9s a Sz\u00e9lestorony k\u00f6z\u00f6tt helyezkedik el 2 376 m. t. f. magass\u00e1gban. A legmagasabban fekv\u0151 h\u00e1g\u00f3, amely a Kis-tarpataki v\u00f6lgyet \u00e9s H\u00e1ts\u00f3-Juharv\u00f6lgyet k\u00f6ti \u00f6ssze. Mindk\u00e9t ir\u00e1nyban \u00e1tj\u00e1rhat\u00f3 \u2013 \u00d3t\u00e1traf\u00fcredb\u0151l vagy Javorin\u00e1b\u00f3l. <br><br><br><\/p>\n\n\n\n<div class=\"wp-block-image\"><figure class=\"alignleft is-resized\"><img decoding=\"async\" src=\"https:\/\/regiontatry.sk\/wp-content\/uploads\/2018\/10\/malykezmarsky.jpg\" alt=\"\" class=\"wp-image-5930\" width=\"400\" srcset=\"https:\/\/regiontatry.sk\/wp-content\/uploads\/2018\/10\/malykezmarsky.jpg 750w, https:\/\/regiontatry.sk\/wp-content\/uploads\/2018\/10\/malykezmarsky-300x211.jpg 300w\" sizes=\"(max-width: 750px) 100vw, 750px\" \/><\/figure><\/div>\n\n\n\n<h3 class=\"wp-block-heading\">Kis-K\u00e9sm\u00e1rki-cs\u00facs <br><\/h3>\n\n\n\n<p>A t\u00edz kiemelt \u201eleg\u201d-et a Kis-K\u00e9sm\u00e1rki-cs\u00facs Fala z\u00e1rja le, amely a leghatalmasabb sziklafal Magas T\u00e1tr\u00e1ban. Magass\u00e1ga 900 m \u00e9s ide\u00e1lis hegym\u00e1sz\u00f3 hely. <\/p>\n","protected":false},"excerpt":{"rendered":"<p>A Magas T\u00e1tra sz\u00e9ps\u00e9gei \u00e9s \u00e9rdekess\u00e9gei k\u00e9t k\u00e9z \u00fajain sem sz\u00e1molhat\u00f3k \u00f6ssze. Ennek ellen\u00e9re kiemelt\u00fcnk \u00d6n\u00f6k sz\u00e1m\u00e1ra t\u00edz term\u00e9szeti sz\u00e9ps\u00e9get, amelyet \u00e9rdemes megtekinteni. Fens\u00e9gess\u00e9g\u00fckkel elb\u0171v\u00f6lik \u00d6n\u00f6ket. B\u00e9lai barlang Az ilyen term\u00e9szeti sz\u00e9ps\u00e9gek k\u00f6z\u00e9 mindenk\u00e9ppen beletartozik a B\u00e9lai barlang. Az egyetlen hozz\u00e1f\u00e9rhet\u0151 barlang a nyilv\u00e1noss\u00e1g sz\u00e1m\u00e1ra. A Kobyl\u00ed vrch(Kanca-cs\u00facs) hegyben tal\u00e1lhat\u00f3 T\u00e1trabarlangliget felett\u00e9s nemzeti term\u00e9szeti eml\u00e9km\u0171nek [&hellip;]<\/p>\n","protected":false},"author":4,"featured_media":8688228,"parent":9997713,"menu_order":0,"comment_status":"closed","ping_status":"closed","template":"template-simple-page.php","meta":{"footnotes":""},"class_list":["post-7976509","page","type-page","status-publish","has-post-thumbnail","hentry"],"_links":{"self":[{"href":"https:\/\/regiontatry.sk\/hu\/wp-json\/wp\/v2\/pages\/7976509"}],"collection":[{"href":"https:\/\/regiontatry.sk\/hu\/wp-json\/wp\/v2\/pages"}],"about":[{"href":"https:\/\/regiontatry.sk\/hu\/wp-json\/wp\/v2\/types\/page"}],"author":[{"embeddable":true,"href":"https:\/\/regiontatry.sk\/hu\/wp-json\/wp\/v2\/users\/4"}],"replies":[{"embeddable":true,"href":"https:\/\/regiontatry.sk\/hu\/wp-json\/wp\/v2\/comments?post=7976509"}],"version-history":[{"count":1,"href":"https:\/\/regiontatry.sk\/hu\/wp-json\/wp\/v2\/pages\/7976509\/revisions"}],"predecessor-version":[{"id":7976512,"href":"https:\/\/regiontatry.sk\/hu\/wp-json\/wp\/v2\/pages\/7976509\/revisions\/7976512"}],"up":[{"embeddable":true,"href":"https:\/\/regiontatry.sk\/hu\/wp-json\/wp\/v2\/pages\/9997713"}],"wp:featuredmedia":[{"embeddable":true,"href":"https:\/\/regiontatry.sk\/hu\/wp-json\/wp\/v2\/media\/8688228"}],"wp:attachment":[{"href":"https:\/\/regiontatry.sk\/hu\/wp-json\/wp\/v2\/media?parent=7976509"}],"curies":[{"name":"wp","href":"https:\/\/api.w.org\/{rel}","templated":true}]}}