{"id":7977519,"date":"2020-04-21T14:43:19","date_gmt":"2020-04-21T12:43:19","guid":{"rendered":"https:\/\/regiontatry.sk\/kontakty\/"},"modified":"2025-05-05T13:00:05","modified_gmt":"2025-05-05T11:00:05","slug":"elerhetosegek","status":"publish","type":"page","link":"https:\/\/regiontatry.sk\/hu\/elerhetosegek\/","title":{"rendered":"El\u00e9rhet\u0151s\u00e9gek"},"content":{"rendered":"\n<h4 class=\"wp-block-heading\"><br><strong>C\u00edm<\/strong><\/h4>\n\n\n\n<p>Regi\u00f3n Vysok\u00e9 Tatry<br>Star\u00fd Smokovec 1<br>062 01 Vysok\u00e9 Tatry<\/p>\n\n\n\n<p><strong>I\u010cO:<\/strong>&nbsp; 422 34 077<br><strong>DI\u010c:<\/strong>&nbsp; 2023468403<br><strong>I\u010c DPH: <\/strong>SK2023468403<\/p>\n\n\n\n<h4 class=\"wp-block-heading\"><br>Kapcsolat<\/h4>\n\n\n\n<p><strong>Lucia Bla\u0161kov\u00e1<\/strong><br>\u00dcgyvezet\u0151 igazgat\u00f3 <br>E-mail: <a href=\"mailto:riaditel@regiontatry.sk\">riaditel@regiontatry.sk<\/a> <\/p>\n\n\n\n<p><strong>Bc. Sandra Hupkov\u00e1 <\/strong><br>Orodavezet\u0151<br>Email: <a href=\"mailto:hupkova@regiontatry.sk\" target=\"_blank\" rel=\"noreferrer noopener\">hupkova@regiontatry.sk<\/a><\/p>\n\n\n\n<p><strong>Vikt\u00f3ria Kubalov\u00e1 <\/strong><br>Term\u00e9kmenedzser<br>Email: <a href=\"mailto:kubalova@regiontatry.sk\" target=\"_blank\" rel=\"noreferrer noopener\">kubalova@regiontatry.sk<\/a> <br><\/p>\n\n\n\n<p><strong>Ing. M\u00e1ria Kunov\u00e1<\/strong><br>Term\u00e9kmenedzser<br>Email:\u00a0<a href=\"mailto:kunova@regiontatry.sk\" target=\"_blank\" rel=\"noreferrer noopener\">kunova@regiontatry.sk<\/a><\/p>\n\n\n\n<p><strong>Turistainform\u00e1ci\u00f3k, az attrakci\u00f3k nyitvatart\u00e1si ideje \u00e9s egy\u00e9b inform\u00e1ci\u00f3k eset\u00e9ben keresse a k\u00f6vetkez\u0151 turisztikai inform\u00e1ci\u00f3s k\u00f6zpontokat:<\/strong><br><br><strong>T\u00e1trai inform\u00e1ci\u00f3s iroda \u00d3t\u00e1traf\u00fcred<\/strong><br>Email:  <a href=\"mailto:smokovec@tatry.sk\">smokovec@tatry.sk<\/a> <br>Kontakt: <a href=\"tel:+421(0)524423440\">+ 421 (0) 52 442 34 40<\/a> <br><strong><br>T\u00e1trai inform\u00e1ci\u00f3s iroda T\u00e1tralomnic<\/strong><br>Email: <a href=\"mailto:lomnica@tatry.sk\">lomnica@tatry.sk<\/a> <br>Kontakt: <a href=\"tel:+421(0)524468119\">+ 421 (0) 52 446 81 19<\/a> <br><br><strong>T\u00e1trai inform\u00e1ci\u00f3s iroda Csorbat\u00f3<\/strong><br>Email: <a href=\"mailto:info@strbskepleso.sk\">info@strbskepleso.sk<\/a><br>Kontakt:  <a href=\"tel:+421911333466\">+421 911 333 466<\/a><br><\/p>\n","protected":false},"excerpt":{"rendered":"<p>C\u00edm Regi\u00f3n Vysok\u00e9 TatryStar\u00fd Smokovec 1062 01 Vysok\u00e9 Tatry I\u010cO:&nbsp; 422 34 077DI\u010c:&nbsp; 2023468403I\u010c DPH: SK2023468403 Kapcsolat Lucia Bla\u0161kov\u00e1\u00dcgyvezet\u0151 igazgat\u00f3 E-mail: riaditel@regiontatry.sk Bc. Sandra Hupkov\u00e1 Orodavezet\u0151Email: hupkova@regiontatry.sk Vikt\u00f3ria Kubalov\u00e1 Term\u00e9kmenedzserEmail: kubalova@regiontatry.sk Ing. M\u00e1ria Kunov\u00e1Term\u00e9kmenedzserEmail:\u00a0kunova@regiontatry.sk Turistainform\u00e1ci\u00f3k, az attrakci\u00f3k nyitvatart\u00e1si ideje \u00e9s egy\u00e9b inform\u00e1ci\u00f3k eset\u00e9ben keresse a k\u00f6vetkez\u0151 turisztikai inform\u00e1ci\u00f3s k\u00f6zpontokat: T\u00e1trai inform\u00e1ci\u00f3s iroda \u00d3t\u00e1traf\u00fcredEmail: smokovec@tatry.sk Kontakt: [&hellip;]<\/p>\n","protected":false},"author":2,"featured_media":7977520,"parent":0,"menu_order":0,"comment_status":"closed","ping_status":"closed","template":"template-simple-page.php","meta":{"footnotes":""},"class_list":["post-7977519","page","type-page","status-publish","has-post-thumbnail","hentry"],"_links":{"self":[{"href":"https:\/\/regiontatry.sk\/hu\/wp-json\/wp\/v2\/pages\/7977519"}],"collection":[{"href":"https:\/\/regiontatry.sk\/hu\/wp-json\/wp\/v2\/pages"}],"about":[{"href":"https:\/\/regiontatry.sk\/hu\/wp-json\/wp\/v2\/types\/page"}],"author":[{"embeddable":true,"href":"https:\/\/regiontatry.sk\/hu\/wp-json\/wp\/v2\/users\/2"}],"replies":[{"embeddable":true,"href":"https:\/\/regiontatry.sk\/hu\/wp-json\/wp\/v2\/comments?post=7977519"}],"version-history":[{"count":4,"href":"https:\/\/regiontatry.sk\/hu\/wp-json\/wp\/v2\/pages\/7977519\/revisions"}],"predecessor-version":[{"id":10226018,"href":"https:\/\/regiontatry.sk\/hu\/wp-json\/wp\/v2\/pages\/7977519\/revisions\/10226018"}],"wp:featuredmedia":[{"embeddable":true,"href":"https:\/\/regiontatry.sk\/hu\/wp-json\/wp\/v2\/media\/7977520"}],"wp:attachment":[{"href":"https:\/\/regiontatry.sk\/hu\/wp-json\/wp\/v2\/media?parent=7977519"}],"curies":[{"name":"wp","href":"https:\/\/api.w.org\/{rel}","templated":true}]}}