{"id":7979018,"date":"2018-09-07T11:27:30","date_gmt":"2018-09-07T09:27:30","guid":{"rendered":"https:\/\/regiontatry.sk\/doprava-v-regione\/"},"modified":"2025-02-17T21:24:34","modified_gmt":"2025-02-17T20:24:34","slug":"kozlekedes-magas-tatraban","status":"publish","type":"page","link":"https:\/\/regiontatry.sk\/hu\/turisztikai-informaciok\/kozlekedes-magas-tatraban\/","title":{"rendered":"K\u00f6zleked\u00e9s magas t\u00e1tr\u00e1ban"},"content":{"rendered":"\n<p>A r\u00e9gi\u00f3ban kifejlett helyi szem\u00e9lysz\u00e1ll\u00edt\u00e1s van term\u00e9szetbar\u00e1t vonatok \u00e9s buszok r\u00e9v\u00e9n. A hegyi k\u00f6zpontokba val\u00f3 \u00fathoz a T\u00e1trai villanyvasutat (TE\u017d) vagy Popr\u00e1db\u00f3l aut\u00f3buszt illetve T\u00e1tracsorb\u00e1r\u00f3l fogaskerek\u0171 vasutat lehet kihaszn\u00e1lni. T\u00e1tracsorb\u00e1n tal\u00e1lhat\u00f3 a gyorsvonat\u00e1llom\u00e1s is.<\/p>\n\n\n\n<p>A turist\u00e1k a parkol\u00f3t is haszn\u00e1lhatj\u00e1k, \u00e9s transzferbusszal utazhatnak az \u00fcd\u00fcl\u0151helyekre.<\/p>\n\n\n\n<p>A sz\u00e1ll\u00edt\u00e1st Magas T\u00e1tr\u00e1ban k\u00e9t f\u0151 k\u00f6zleked\u00e9si rendszer biztos\u00edtja \u2013&nbsp;<strong>T\u00e1trai villanyvas\u00fat (TE\u017d)<\/strong>&nbsp;\u00e9s&nbsp;<strong>Fogaskerek\u0171 vas\u00fat (O\u017d)<\/strong>, amelyek a Magas T\u00e1tra k\u00f6zpontjait k\u00f6tik \u00f6ssze.<\/p>\n\n\n\n<h3 class=\"wp-block-heading\"><br>T\u00e1trai elektromos vas\u00fat (TE\u017d)<br><\/h3>\n\n\n\n<p>A Magas-T\u00e1tr\u00e1ban a T\u00e1trai Elektromos Vas\u00fat (TE\u017d) biztos\u00edtja a k\u00f6zleked\u00e9st a <strong>Popr\u00e1d-T\u00e1tra \u2013 \u00d3t\u00e1traf\u00fcred \u2013 Csorbat\u00f3 \u00e9s a \u00d3t\u00e1traf\u00fcred \u2013 T\u00e1tralomnic vonalakon.<\/strong> 2022 febru\u00e1rj\u00e1t\u00f3l \u00faj hibrid villamosok &#8211; fogaskerek\u0171ek k\u00f6zlekednek egy id\u0151ben ezeken a vonalakon, de ezek els\u0151sorban a Csorba-\u0160trbsk\u00e9 Pleso szakaszon k\u00f6zlekednek.<\/p>\n\n\n\n<h3 class=\"wp-block-heading\"><br><strong>Fogaskerek\u0171 vas\u00fat (O\u017d) \u2013 \u201eZuba\u010dka\u201c <\/strong><\/h3>\n\n\n\n<p>Az utaz\u00f3kat a Csorba vas\u00fat\u00e1llom\u00e1s k\u00f6z\u00f6tt sz\u00e1ll\u00edtja \u00e9s jelent\u0151s turista-indul\u00f3pont a Magas T\u00e1tr\u00e1ba. Olyan vas\u00fatr\u00f3l van sz\u00f3, ahol a vontat\u00f3er\u0151 \u00e1tvitel\u00e9t fogazott gerincbe kapaszkod\u00f3 fogasker\u00e9k biztos\u00edtjaa s\u00edn tengely\u00e9ben. A fogaskerek\u0171 vas\u00fat p\u00e1ly\u00e1ja 2019-2022 \u00e9vekben ker\u00fclt fel\u00faj\u00edt\u00e1sra\u00e9s a r\u00e9gi vagonokat 50 \u00e9v ut\u00e1n \u00faj hibrid villamos-fogaskerek\u0171ek v\u00e1ltott\u00e1k le (Bradavica, Vysok\u00e1, Stredohrot, Kostol\u00edk, Ganek), amelyek az O\u017d-n k\u00edv\u00fcl a TE\u017d p\u00e1ly\u00e1in is k\u00f6zlekedhetnek.<\/p>\n\n\n\n<figure class=\"wp-block-gallery has-nested-images columns-default is-cropped wp-block-gallery-2 is-layout-flex wp-block-gallery-is-layout-flex\">\n<figure class=\"wp-block-image size-large\"><img loading=\"lazy\" decoding=\"async\" width=\"1024\" height=\"640\" data-id=\"7908846\" src=\"https:\/\/regiontatry.sk\/wp-content\/uploads\/2022\/04\/Strbske-pleso-elektricka-1024x640.jpg\" alt=\"\" class=\"wp-image-7908846\" srcset=\"https:\/\/regiontatry.sk\/wp-content\/uploads\/2022\/04\/Strbske-pleso-elektricka-1024x640.jpg 1024w, https:\/\/regiontatry.sk\/wp-content\/uploads\/2022\/04\/Strbske-pleso-elektricka-300x188.jpg 300w, https:\/\/regiontatry.sk\/wp-content\/uploads\/2022\/04\/Strbske-pleso-elektricka-768x480.jpg 768w, https:\/\/regiontatry.sk\/wp-content\/uploads\/2022\/04\/Strbske-pleso-elektricka.jpg 1920w, https:\/\/regiontatry.sk\/wp-content\/uploads\/2022\/04\/Strbske-pleso-elektricka-1705x1066.jpg 1705w, https:\/\/regiontatry.sk\/wp-content\/uploads\/2022\/04\/Strbske-pleso-elektricka-698x436.jpg 698w, https:\/\/regiontatry.sk\/wp-content\/uploads\/2022\/04\/Strbske-pleso-elektricka-552x345.jpg 552w\" sizes=\"(max-width: 1024px) 100vw, 1024px\" \/><\/figure>\n\n\n\n<figure class=\"wp-block-image size-large\"><img loading=\"lazy\" decoding=\"async\" width=\"1024\" height=\"768\" data-id=\"7979020\" src=\"https:\/\/regiontatry.sk\/wp-content\/uploads\/2020\/09\/IMG_20200614_132855-scaled-1024x768.jpg\" alt=\"\" class=\"wp-image-7979020\" srcset=\"https:\/\/regiontatry.sk\/wp-content\/uploads\/2020\/09\/IMG_20200614_132855-scaled-1024x768.jpg 1024w, https:\/\/regiontatry.sk\/wp-content\/uploads\/2020\/09\/IMG_20200614_132855-scaled-300x225.jpg 300w, https:\/\/regiontatry.sk\/wp-content\/uploads\/2020\/09\/IMG_20200614_132855-scaled-768x576.jpg 768w, https:\/\/regiontatry.sk\/wp-content\/uploads\/2020\/09\/IMG_20200614_132855-scaled-1536x1152.jpg 1536w, https:\/\/regiontatry.sk\/wp-content\/uploads\/2020\/09\/IMG_20200614_132855-scaled-2048x1536.jpg 2048w, https:\/\/regiontatry.sk\/wp-content\/uploads\/2020\/09\/IMG_20200614_132855-scaled-1920x1440.jpg 1920w, https:\/\/regiontatry.sk\/wp-content\/uploads\/2020\/09\/IMG_20200614_132855-scaled-1705x1279.jpg 1705w, https:\/\/regiontatry.sk\/wp-content\/uploads\/2020\/09\/IMG_20200614_132855-scaled-860x645.jpg 860w, https:\/\/regiontatry.sk\/wp-content\/uploads\/2020\/09\/IMG_20200614_132855-scaled-698x524.jpg 698w, https:\/\/regiontatry.sk\/wp-content\/uploads\/2020\/09\/IMG_20200614_132855-scaled-552x414.jpg 552w\" sizes=\"(max-width: 1024px) 100vw, 1024px\" \/><\/figure>\n<\/figure>\n\n\n\n<figure class=\"wp-block-image\"><img loading=\"lazy\" decoding=\"async\" width=\"1024\" height=\"1024\" src=\"https:\/\/regiontatry.sk\/wp-content\/uploads\/2022\/03\/Mapa-TEZ_200x210_s-tabulkou_dec2021-1024x1024.png\" alt=\"\" class=\"wp-image-7877812\" srcset=\"https:\/\/regiontatry.sk\/wp-content\/uploads\/2022\/03\/Mapa-TEZ_200x210_s-tabulkou_dec2021-1024x1024.png 1024w, https:\/\/regiontatry.sk\/wp-content\/uploads\/2022\/03\/Mapa-TEZ_200x210_s-tabulkou_dec2021-150x150.png 150w, https:\/\/regiontatry.sk\/wp-content\/uploads\/2022\/03\/Mapa-TEZ_200x210_s-tabulkou_dec2021-300x300.png 300w, https:\/\/regiontatry.sk\/wp-content\/uploads\/2022\/03\/Mapa-TEZ_200x210_s-tabulkou_dec2021-768x768.png 768w, https:\/\/regiontatry.sk\/wp-content\/uploads\/2022\/03\/Mapa-TEZ_200x210_s-tabulkou_dec2021-1920x1920.png 1920w, https:\/\/regiontatry.sk\/wp-content\/uploads\/2022\/03\/Mapa-TEZ_200x210_s-tabulkou_dec2021-1705x1705.png 1705w, https:\/\/regiontatry.sk\/wp-content\/uploads\/2022\/03\/Mapa-TEZ_200x210_s-tabulkou_dec2021-698x698.png 698w, https:\/\/regiontatry.sk\/wp-content\/uploads\/2022\/03\/Mapa-TEZ_200x210_s-tabulkou_dec2021-552x552.png 552w\" sizes=\"(max-width: 1024px) 100vw, 1024px\" \/><\/figure>\n\n\n\n<p>T\u00f6bb inform\u00e1ci\u00f3: <a rel=\"noreferrer noopener\" href=\"http:\/\/www.slovakrail.sk\/\" target=\"_blank\"><strong>www.slovakrail.sk<\/strong><\/a><br><\/p>\n\n\n\n<h3 class=\"wp-block-heading\"><br>T\u00f6rt\u00e9nelmi villamosokon utazik a Magas-T\u00e1tr\u00e1ban<\/h3>\n\n\n\n<p>A Magas-T\u00e1tra cs\u00facsai alatt t\u00f6rt\u00e9nelmi villamosokon val\u00f3 utaz\u00e1s kiv\u00e9teles \u00e9lm\u00e9ny. A ny\u00e1ri \u00e9s a t\u00e9li szezonban k\u00e9t t\u00f6rt\u00e9nelmi villamos &#8211; a Kom\u00e9ta 1913-t\u00f3l \u00e9s a Troj\u010da 1969-t\u0151l &#8211; k\u00f6zlekedik a TE\u017d v\u00e1g\u00e1nyain a kijel\u00f6lt napokon.<\/p>\n\n\n\n<figure class=\"wp-block-gallery has-nested-images columns-default is-cropped wp-block-gallery-3 is-layout-flex wp-block-gallery-is-layout-flex\">\n<figure class=\"wp-block-image size-large\"><img loading=\"lazy\" decoding=\"async\" width=\"1024\" height=\"681\" data-id=\"7908852\" src=\"https:\/\/regiontatry.sk\/wp-content\/uploads\/2022\/04\/PSX_20180922_151641-1024x681.jpg\" alt=\"\" class=\"wp-image-7908852\" srcset=\"https:\/\/regiontatry.sk\/wp-content\/uploads\/2022\/04\/PSX_20180922_151641-1024x681.jpg 1024w, https:\/\/regiontatry.sk\/wp-content\/uploads\/2022\/04\/PSX_20180922_151641-300x199.jpg 300w, https:\/\/regiontatry.sk\/wp-content\/uploads\/2022\/04\/PSX_20180922_151641-768x511.jpg 768w, https:\/\/regiontatry.sk\/wp-content\/uploads\/2022\/04\/PSX_20180922_151641-1920x1277.jpg 1920w, https:\/\/regiontatry.sk\/wp-content\/uploads\/2022\/04\/PSX_20180922_151641-1705x1134.jpg 1705w, https:\/\/regiontatry.sk\/wp-content\/uploads\/2022\/04\/PSX_20180922_151641-698x464.jpg 698w, https:\/\/regiontatry.sk\/wp-content\/uploads\/2022\/04\/PSX_20180922_151641-552x367.jpg 552w\" sizes=\"(max-width: 1024px) 100vw, 1024px\" \/><\/figure>\n\n\n\n<figure class=\"wp-block-image size-large\"><img loading=\"lazy\" decoding=\"async\" width=\"1024\" height=\"604\" data-id=\"8991027\" src=\"https:\/\/regiontatry.sk\/wp-content\/uploads\/2023\/05\/kometa-2023-1024x604.jpg\" alt=\"\" class=\"wp-image-8991027\" srcset=\"https:\/\/regiontatry.sk\/wp-content\/uploads\/2023\/05\/kometa-2023-1024x604.jpg 1024w, https:\/\/regiontatry.sk\/wp-content\/uploads\/2023\/05\/kometa-2023-300x177.jpg 300w, https:\/\/regiontatry.sk\/wp-content\/uploads\/2023\/05\/kometa-2023-768x453.jpg 768w, https:\/\/regiontatry.sk\/wp-content\/uploads\/2023\/05\/kometa-2023-698x412.jpg 698w, https:\/\/regiontatry.sk\/wp-content\/uploads\/2023\/05\/kometa-2023-552x326.jpg 552w, https:\/\/regiontatry.sk\/wp-content\/uploads\/2023\/05\/kometa-2023.jpg 1200w\" sizes=\"(max-width: 1024px) 100vw, 1024px\" \/><\/figure>\n\n\n\n<figure class=\"wp-block-image size-large\"><img loading=\"lazy\" decoding=\"async\" width=\"1024\" height=\"768\" data-id=\"9885952\" src=\"https:\/\/regiontatry.sk\/wp-content\/uploads\/2024\/09\/trojca-1-1024x768.jpg\" alt=\"\" class=\"wp-image-9885952\" srcset=\"https:\/\/regiontatry.sk\/wp-content\/uploads\/2024\/09\/trojca-1-1024x768.jpg 1024w, https:\/\/regiontatry.sk\/wp-content\/uploads\/2024\/09\/trojca-1-300x225.jpg 300w, https:\/\/regiontatry.sk\/wp-content\/uploads\/2024\/09\/trojca-1-768x576.jpg 768w, https:\/\/regiontatry.sk\/wp-content\/uploads\/2024\/09\/trojca-1-1536x1152.jpg 1536w, https:\/\/regiontatry.sk\/wp-content\/uploads\/2024\/09\/trojca-1-2048x1536.jpg 2048w, https:\/\/regiontatry.sk\/wp-content\/uploads\/2024\/09\/trojca-1-1920x1440.jpg 1920w, https:\/\/regiontatry.sk\/wp-content\/uploads\/2024\/09\/trojca-1-1705x1279.jpg 1705w, https:\/\/regiontatry.sk\/wp-content\/uploads\/2024\/09\/trojca-1-860x645.jpg 860w, https:\/\/regiontatry.sk\/wp-content\/uploads\/2024\/09\/trojca-1-698x524.jpg 698w, https:\/\/regiontatry.sk\/wp-content\/uploads\/2024\/09\/trojca-1-552x414.jpg 552w\" sizes=\"(max-width: 1024px) 100vw, 1024px\" \/><\/figure>\n<\/figure>\n\n\n\n<h3 class=\"wp-block-heading\"><br><strong>SAD POPR\u00c1D<\/strong><\/h3>\n\n\n<div class=\"wp-block-image\">\n<figure class=\"alignright\"><img loading=\"lazy\" decoding=\"async\" width=\"160\" height=\"100\" src=\"https:\/\/regiontatry.sk\/wp-content\/uploads\/2022\/03\/tatraexpress-transparent-160x100.png\" alt=\"\" class=\"wp-image-7877818\"\/><\/figure><\/div>\n\n\n<p class=\"has-text-align-left\">Az aut\u00f3busz k\u00f6zleked\u00e9st a t\u00e1traaljai r\u00e9gi\u00f3ban (Popr\u00e1d, T\u00e1tra, Szvit, K\u00e9sm\u00e1rk, L\u0151cse) a Szlov\u00e1k aut\u00f3busz-k\u00f6zleked\u00e9s (SAD) Popr\u00e1d biztos\u00edtja. <\/p>\n\n\n\n<p class=\"has-text-align-left\">A j\u00e1rm\u0171parkot csaknem 180 aut\u00f3busz k\u00e9pezi ,,TATRA EXPRESS\u201c megjel\u00f6l\u00e9ssel, amelyek rendszeres buszk\u00f6zleked\u00e9st biztos\u00edtanak f\u0151leg az el\u0151v\u00e1rosi k\u00f6zleked\u00e9sben az Eperjesi \u00f6nkorm\u00e1nyzat sz\u00e1m\u00e1ra.<\/p>\n\n\n\n<p>Minden menetrendet megtal\u00e1l <a rel=\"noreferrer noopener\" label=\"ITT (otvor\u00ed sa v novej karte)\" href=\"https:\/\/cp.hnonline.sk\/vlakbusmhd\/spojenie\/\" target=\"_blank\" class=\"broken_link\"><strong>ITT<\/strong><\/a>!<\/p>\n\n\n\n<h3 class=\"wp-block-heading\"><br><strong>T\u00e1trai Aqua-Ski bus \u2013 k\u00e9nyelmesen az \u00e9lm\u00e9nyek ut\u00e1n<\/strong><\/h3>\n\n\n\n<p>A t\u00e9li szezonban a l\u00e1togat\u00f3k \u00e9s s\u00edz\u0151k sz\u00e1m\u00e1ra SKI &amp; AQUA BUSregion\u00e1lis k\u00f6zleked\u00e9s \u00e1ll rendelkez\u00e9sre, amely k\u00e9nyelmesen \u00e9s d\u00edjmentesen \u00e1tsz\u00e1ll\u00edtja a T\u00e1tralomnic, \u00d3t\u00e1traf\u00fcred \u00e9s Csorbat\u00f3 k\u00f6zpontokba.<br><\/p>\n\n\n\n<figure class=\"wp-block-image\"><img loading=\"lazy\" decoding=\"async\" width=\"1024\" height=\"466\" src=\"https:\/\/regiontatry.sk\/wp-content\/uploads\/2021\/12\/Aqua_Ski_Bus_webbaner_1605x730px-1024x466.jpg\" alt=\"\" class=\"wp-image-7172262\" srcset=\"https:\/\/regiontatry.sk\/wp-content\/uploads\/2021\/12\/Aqua_Ski_Bus_webbaner_1605x730px-1024x466.jpg 1024w, https:\/\/regiontatry.sk\/wp-content\/uploads\/2021\/12\/Aqua_Ski_Bus_webbaner_1605x730px-300x136.jpg 300w, https:\/\/regiontatry.sk\/wp-content\/uploads\/2021\/12\/Aqua_Ski_Bus_webbaner_1605x730px-768x349.jpg 768w, https:\/\/regiontatry.sk\/wp-content\/uploads\/2021\/12\/Aqua_Ski_Bus_webbaner_1605x730px-698x317.jpg 698w, https:\/\/regiontatry.sk\/wp-content\/uploads\/2021\/12\/Aqua_Ski_Bus_webbaner_1605x730px-552x251.jpg 552w, https:\/\/regiontatry.sk\/wp-content\/uploads\/2021\/12\/Aqua_Ski_Bus_webbaner_1605x730px.jpg 1605w\" sizes=\"(max-width: 1024px) 100vw, 1024px\" \/><\/figure>\n\n\n\n<h2 class=\"wp-block-heading\"><strong>TAXISZOLG\u00c1LTAT\u00c1SOK<\/strong><\/h2>\n\n\n\n<p>Ha egy\u00e9ni k\u00f6zleked\u00e9s mellett d\u00f6nt, de nincs saj\u00e1t aut\u00f3ja, vegye ig\u00e9nybe egy taxi szolg\u00e1ltat\u00e1st vagy egy aut\u00f3k\u00f6lcs\u00f6nz\u0151t. \u00c9lvezze az \u00f6sszes k\u00edn\u00e1lt szolg\u00e1ltat\u00e1s k\u00e9nyelm\u00e9t, \u00e9s v\u00e1ljon ideje mester\u00e9v\u00e9.<\/p>\n","protected":false},"excerpt":{"rendered":"<p>A r\u00e9gi\u00f3ban kifejlett helyi szem\u00e9lysz\u00e1ll\u00edt\u00e1s van term\u00e9szetbar\u00e1t vonatok \u00e9s buszok r\u00e9v\u00e9n. A hegyi k\u00f6zpontokba val\u00f3 \u00fathoz a T\u00e1trai villanyvasutat (TE\u017d) vagy Popr\u00e1db\u00f3l aut\u00f3buszt illetve T\u00e1tracsorb\u00e1r\u00f3l fogaskerek\u0171 vasutat lehet kihaszn\u00e1lni. T\u00e1tracsorb\u00e1n tal\u00e1lhat\u00f3 a gyorsvonat\u00e1llom\u00e1s is. A turist\u00e1k a parkol\u00f3t is haszn\u00e1lhatj\u00e1k, \u00e9s transzferbusszal utazhatnak az \u00fcd\u00fcl\u0151helyekre. A sz\u00e1ll\u00edt\u00e1st Magas T\u00e1tr\u00e1ban k\u00e9t f\u0151 k\u00f6zleked\u00e9si rendszer biztos\u00edtja \u2013&nbsp;T\u00e1trai [&hellip;]<\/p>\n","protected":false},"author":1,"featured_media":7979020,"parent":9096715,"menu_order":0,"comment_status":"closed","ping_status":"closed","template":"template-objects.php","meta":{"footnotes":""},"class_list":["post-7979018","page","type-page","status-publish","has-post-thumbnail","hentry"],"_links":{"self":[{"href":"https:\/\/regiontatry.sk\/hu\/wp-json\/wp\/v2\/pages\/7979018"}],"collection":[{"href":"https:\/\/regiontatry.sk\/hu\/wp-json\/wp\/v2\/pages"}],"about":[{"href":"https:\/\/regiontatry.sk\/hu\/wp-json\/wp\/v2\/types\/page"}],"author":[{"embeddable":true,"href":"https:\/\/regiontatry.sk\/hu\/wp-json\/wp\/v2\/users\/1"}],"replies":[{"embeddable":true,"href":"https:\/\/regiontatry.sk\/hu\/wp-json\/wp\/v2\/comments?post=7979018"}],"version-history":[{"count":13,"href":"https:\/\/regiontatry.sk\/hu\/wp-json\/wp\/v2\/pages\/7979018\/revisions"}],"predecessor-version":[{"id":10119114,"href":"https:\/\/regiontatry.sk\/hu\/wp-json\/wp\/v2\/pages\/7979018\/revisions\/10119114"}],"up":[{"embeddable":true,"href":"https:\/\/regiontatry.sk\/hu\/wp-json\/wp\/v2\/pages\/9096715"}],"wp:featuredmedia":[{"embeddable":true,"href":"https:\/\/regiontatry.sk\/hu\/wp-json\/wp\/v2\/media\/7979020"}],"wp:attachment":[{"href":"https:\/\/regiontatry.sk\/hu\/wp-json\/wp\/v2\/media?parent=7979018"}],"curies":[{"name":"wp","href":"https:\/\/api.w.org\/{rel}","templated":true}]}}