{"id":7979030,"date":"2018-09-03T15:12:27","date_gmt":"2018-09-03T13:12:27","guid":{"rendered":"https:\/\/regiontatry.sk\/turisticke-informacne-centra\/"},"modified":"2022-04-26T16:11:32","modified_gmt":"2022-04-26T14:11:32","slug":"turista-informacios-kozpontok","status":"publish","type":"page","link":"https:\/\/regiontatry.sk\/hu\/turisztikai-informaciok\/turista-informacios-kozpontok\/","title":{"rendered":"Turista inform\u00e1ci\u00f3s k\u00f6zpontok"},"content":{"rendered":"\n<p>A T\u00e1trai inform\u00e1ci\u00f3s irod\u00e1k professzion\u00e1lis inform\u00e1ci\u00f3kat ny\u00fajtanak a kir\u00e1ndul\u00e1sokr\u00f3l, ny\u00e1ri \u00e9s t\u00e9li aktivit\u00e1sokr\u00f3l, id\u0151j\u00e1r\u00e1sr\u00f3l, aktu\u00e1lis rendezv\u00e9nyekr\u0151l, sz\u00e1ll\u00e1sr\u00f3l \u00e9s \u00e1ltal\u00e1nos szolg\u00e1ltat\u00e1sokr\u00f3l Magas T\u00e1tr\u00e1ban \u00e9s k\u00f6rny\u00e9k\u00e9n.<br><\/p>\n\n\n\n<h4 class=\"wp-block-heading\">Ponuka Tatransk\u00fdch informa\u010dn\u00fdch kancel\u00e1ri\u00ed<\/h4>\n\n\n\n<p>Obe Tatransk\u00e9 informa\u010dn\u00e9 kancel\u00e1rie prezentuj\u00fa preva\u017ene tovar od miestnych tvorcov. Okrem d\u00f4le\u017eit\u00e9ho poistenia na hory, inform\u00e1ci\u00ed, zauj\u00edmav\u00fdch let\u00e1kov, nulov\u00fdch bankoviek alebo aktu\u00e1lnych podujat\u00ed tu n\u00e1v\u0161tevn\u00edka ur\u010dite pote\u0161\u00ed \u0161irok\u00fd v\u00fdber literat\u00fary s tatranskou tematikou od odbornej cez fotografick\u00fa a\u017e po fascinuj\u00facu po\u00e9ziu. Kr\u00e1sou s\u00fa i ru\u010dne vyr\u00e1ban\u00e9 \u0161perky v tvare plesnivca \u010di kamz\u00edka od Mat\u00fa\u0161a Kr\u00fa\u010daya alebo turistickej zna\u010dky od \u0161perk\u00e1rky Miriam Veselej. Oko pote\u0161ia i dreven\u00e9 magnetky z Tatranskej Lomnice, kvalitn\u00fd alkohol Zizak z Poprad-St\u00e1\u017ee, kozmetika s ob\u013e\u00faben\u00fdmi bambuck\u00fdmi maslami od firmy Cyprianus alebo DVD od zn\u00e1meho Pavla Barab\u00e1\u0161a. V\u00fdhodou je i mo\u017enos\u0165 vyu\u017eitia kop\u00edrovania, tla\u010de alebo skenovania dokumentov, \u010di bezplatnej WiFi.<\/p>\n","protected":false},"excerpt":{"rendered":"<p>A T\u00e1trai inform\u00e1ci\u00f3s irod\u00e1k professzion\u00e1lis inform\u00e1ci\u00f3kat ny\u00fajtanak a kir\u00e1ndul\u00e1sokr\u00f3l, ny\u00e1ri \u00e9s t\u00e9li aktivit\u00e1sokr\u00f3l, id\u0151j\u00e1r\u00e1sr\u00f3l, aktu\u00e1lis rendezv\u00e9nyekr\u0151l, sz\u00e1ll\u00e1sr\u00f3l \u00e9s \u00e1ltal\u00e1nos szolg\u00e1ltat\u00e1sokr\u00f3l Magas T\u00e1tr\u00e1ban \u00e9s k\u00f6rny\u00e9k\u00e9n. Ponuka Tatransk\u00fdch informa\u010dn\u00fdch kancel\u00e1ri\u00ed Obe Tatransk\u00e9 informa\u010dn\u00e9 kancel\u00e1rie prezentuj\u00fa preva\u017ene tovar od miestnych tvorcov. Okrem d\u00f4le\u017eit\u00e9ho poistenia na hory, inform\u00e1ci\u00ed, zauj\u00edmav\u00fdch let\u00e1kov, nulov\u00fdch bankoviek alebo aktu\u00e1lnych podujat\u00ed tu n\u00e1v\u0161tevn\u00edka ur\u010dite pote\u0161\u00ed [&hellip;]<\/p>\n","protected":false},"author":1,"featured_media":8901418,"parent":9096715,"menu_order":0,"comment_status":"closed","ping_status":"closed","template":"template-objects.php","meta":{"footnotes":""},"class_list":["post-7979030","page","type-page","status-publish","has-post-thumbnail","hentry"],"_links":{"self":[{"href":"https:\/\/regiontatry.sk\/hu\/wp-json\/wp\/v2\/pages\/7979030"}],"collection":[{"href":"https:\/\/regiontatry.sk\/hu\/wp-json\/wp\/v2\/pages"}],"about":[{"href":"https:\/\/regiontatry.sk\/hu\/wp-json\/wp\/v2\/types\/page"}],"author":[{"embeddable":true,"href":"https:\/\/regiontatry.sk\/hu\/wp-json\/wp\/v2\/users\/1"}],"replies":[{"embeddable":true,"href":"https:\/\/regiontatry.sk\/hu\/wp-json\/wp\/v2\/comments?post=7979030"}],"version-history":[{"count":1,"href":"https:\/\/regiontatry.sk\/hu\/wp-json\/wp\/v2\/pages\/7979030\/revisions"}],"predecessor-version":[{"id":7979031,"href":"https:\/\/regiontatry.sk\/hu\/wp-json\/wp\/v2\/pages\/7979030\/revisions\/7979031"}],"up":[{"embeddable":true,"href":"https:\/\/regiontatry.sk\/hu\/wp-json\/wp\/v2\/pages\/9096715"}],"wp:featuredmedia":[{"embeddable":true,"href":"https:\/\/regiontatry.sk\/hu\/wp-json\/wp\/v2\/media\/8901418"}],"wp:attachment":[{"href":"https:\/\/regiontatry.sk\/hu\/wp-json\/wp\/v2\/media?parent=7979030"}],"curies":[{"name":"wp","href":"https:\/\/api.w.org\/{rel}","templated":true}]}}