{"id":7986813,"date":"2018-09-03T13:45:42","date_gmt":"2018-09-03T11:45:42","guid":{"rendered":"https:\/\/regiontatry.sk\/doprava\/"},"modified":"2025-10-11T20:37:06","modified_gmt":"2025-10-11T18:37:06","slug":"hogyan-jutok-tatraba","status":"publish","type":"page","link":"https:\/\/regiontatry.sk\/hu\/turisztikai-informaciok\/hogyan-jutok-tatraba\/","title":{"rendered":"Hogyan jutok T\u00e1tr\u00e1ba"},"content":{"rendered":"<div class=\"wp-block-image is-resized\">\n<figure class=\"alignright size-full\"><img loading=\"lazy\" decoding=\"async\" width=\"676\" height=\"451\" src=\"https:\/\/regiontatry.sk\/wp-content\/uploads\/2024\/10\/letisko-676x451-1.jpg\" alt=\"\" class=\"wp-image-9948238\" style=\"width:437px;height:auto\" srcset=\"https:\/\/regiontatry.sk\/wp-content\/uploads\/2024\/10\/letisko-676x451-1.jpg 676w, https:\/\/regiontatry.sk\/wp-content\/uploads\/2024\/10\/letisko-676x451-1-300x200.jpg 300w, https:\/\/regiontatry.sk\/wp-content\/uploads\/2024\/10\/letisko-676x451-1-552x368.jpg 552w\" sizes=\"(max-width: 676px) 100vw, 676px\" \/><\/figure><\/div>\n\n\n<h2 class=\"wp-block-heading\">REP\u00dcL\u0150VEL <\/h2>\n\n\n\n<p><a aria-label=\"Poprad rep\u00fcl\u0151t\u00e9r - a T\u00e1tr\u00e1nak (otvor\u00ed sa v novej karte)\" href=\"http:\/\/www.airport-poprad.sk\/\" target=\"_blank\" rel=\"noreferrer noopener\">Poprad rep\u00fcl\u0151t\u00e9r &#8211; a T\u00e1tr\u00e1nak<\/a> nemzetk\u00f6zi jellege van. F\u00f6ldrajzi elhelyezked\u00e9s\u00e9nek k\u00f6sz\u00f6nhet\u0151en k\u00e9nyelmes \u00e9s gyors \u00f6sszek\u00f6ttet\u00e9st tesz lehet\u0151v\u00e9 a k\u00f6rnyez\u0151 orsz\u00e1gokb\u00f3l.<\/p>\n\n\n\n<p>A Poprad &#8211; Tatry rep\u00fcl\u0151t\u00e9r ide\u00e1lis hely mindazok sz\u00e1m\u00e1ra, akik szeretn\u00e9k felfedezni a Magas-T\u00e1tra \u00e9s a k\u00f6rnyez\u0151 r\u00e9gi\u00f3 sz\u00e9ps\u00e9geit. Mind\u00f6ssze 12 kilom\u00e9terre tal\u00e1lhat\u00f3 a legh\u00edresebb turisztikai k\u00f6zpontokt\u00f3l, ennek k\u00f6sz\u00f6nhet\u0151en gyors \u00e9s k\u00e9nyelmes hozz\u00e1f\u00e9r\u00e9st biztos\u00edt a Magas-T\u00e1tr\u00e1hoz.<\/p>\n\n\n\n<p><strong>Szab\u00e1lyos vonalak:<\/strong><\/p>\n\n\n\n<ul class=\"wp-block-list\">\n<li><strong>London (Luton), <\/strong>Egyes\u00fclt Kir\u00e1lys\u00e1g heti 2x j\u00e1rat (cs\u00fct\u00f6rt\u00f6k\u00f6n \u00e9s vas\u00e1rnap) a <a href=\"https:\/\/wizzair.com\/en-gb\" target=\"_blank\" rel=\"noreferrer noopener\">Wizzair<\/a> l\u00e9git\u00e1rsas\u00e1g \u00e1ltal.<\/li>\n\n\n\n<li><strong>Gda\u0144sk (Lengyelorsz\u00e1g)<\/strong> \u00faj l\u00e9git\u00e1rsas\u00e1g, amely 2025. december 25. \u00e9s 2026. m\u00e1rcius 31. k\u00f6z\u00f6tt \u00fczemel, heti k\u00e9tszeri (cs\u00fct\u00f6rt\u00f6ki \u00e9s vas\u00e1rnapi) j\u00e1rattal, a <a href=\"https:\/\/wizzair.com\/en-gb\">Wizzair<\/a> biztos\u00edtja.<\/li>\n<\/ul>\n\n\n\n<p>Ezen a nemzetk\u00f6zi rep\u00fcl\u0151t\u00e9ren k\u00edv\u00fcl a Magas-T\u00e1tra k\u00f6zel\u00e9ben kassai (127 km), krakk\u00f3i (Lengyelorsz\u00e1g, 160 km), pozsonyi (314 km), pr\u00e1gai (567 km) rep\u00fcl\u0151terei tal\u00e1lhat\u00f3k.<\/p>\n\n\n\n<figure class=\"wp-block-gallery has-nested-images columns-default is-cropped wp-block-gallery-2 is-layout-flex wp-block-gallery-is-layout-flex\">\n<figure class=\"wp-block-image size-large\"><img loading=\"lazy\" decoding=\"async\" width=\"1024\" height=\"576\" data-id=\"9948270\" src=\"https:\/\/regiontatry.sk\/wp-content\/uploads\/2024\/10\/P4200170-1024x576.jpg\" alt=\"\" class=\"wp-image-9948270\" srcset=\"https:\/\/regiontatry.sk\/wp-content\/uploads\/2024\/10\/P4200170-1024x576.jpg 1024w, https:\/\/regiontatry.sk\/wp-content\/uploads\/2024\/10\/P4200170-300x169.jpg 300w, https:\/\/regiontatry.sk\/wp-content\/uploads\/2024\/10\/P4200170-768x432.jpg 768w, https:\/\/regiontatry.sk\/wp-content\/uploads\/2024\/10\/P4200170-1536x864.jpg 1536w, https:\/\/regiontatry.sk\/wp-content\/uploads\/2024\/10\/P4200170-2048x1152.jpg 2048w, https:\/\/regiontatry.sk\/wp-content\/uploads\/2024\/10\/P4200170-1920x1080.jpg 1920w, https:\/\/regiontatry.sk\/wp-content\/uploads\/2024\/10\/P4200170-1705x959.jpg 1705w, https:\/\/regiontatry.sk\/wp-content\/uploads\/2024\/10\/P4200170-860x484.jpg 860w, https:\/\/regiontatry.sk\/wp-content\/uploads\/2024\/10\/P4200170-698x393.jpg 698w, https:\/\/regiontatry.sk\/wp-content\/uploads\/2024\/10\/P4200170-552x310.jpg 552w\" sizes=\"(max-width: 1024px) 100vw, 1024px\" \/><\/figure>\n\n\n\n<figure class=\"wp-block-image size-large\"><img loading=\"lazy\" decoding=\"async\" width=\"1024\" height=\"473\" data-id=\"9224642\" src=\"https:\/\/regiontatry.sk\/wp-content\/uploads\/2023\/08\/letisko-poprad-tatry-1024x473.jpg\" alt=\"\" class=\"wp-image-9224642\" srcset=\"https:\/\/regiontatry.sk\/wp-content\/uploads\/2023\/08\/letisko-poprad-tatry-1024x473.jpg 1024w, https:\/\/regiontatry.sk\/wp-content\/uploads\/2023\/08\/letisko-poprad-tatry-300x139.jpg 300w, https:\/\/regiontatry.sk\/wp-content\/uploads\/2023\/08\/letisko-poprad-tatry-768x355.jpg 768w, https:\/\/regiontatry.sk\/wp-content\/uploads\/2023\/08\/letisko-poprad-tatry-1920x887.jpg 1920w, https:\/\/regiontatry.sk\/wp-content\/uploads\/2023\/08\/letisko-poprad-tatry-1705x788.jpg 1705w, https:\/\/regiontatry.sk\/wp-content\/uploads\/2023\/08\/letisko-poprad-tatry-698x322.jpg 698w, https:\/\/regiontatry.sk\/wp-content\/uploads\/2023\/08\/letisko-poprad-tatry-552x255.jpg 552w\" sizes=\"(max-width: 1024px) 100vw, 1024px\" \/><\/figure>\n<\/figure>\n\n\n\n<h1 class=\"wp-block-heading\"><br>VONATTAL<\/h1>\n\n\n\n<p>Vonattal k\u00f6nnyen el\u00e9rhet\u0151 a Magas-T\u00e1tra r\u00e9gi\u00f3. A f\u0151 vas\u00fati csom\u00f3pont Popr\u00e1d v\u00e1rosa, ahov\u00e1 Pozsonyb\u00f3l, Kass\u00e1b\u00f3l s\u0171r\u0171n indulnak vonatok, Pr\u00e1g\u00e1b\u00f3l pedig nemzetk\u00f6zi kapcsolatok. Haszn\u00e1lhatja az aut\u00f3vonatot is, \u00edgy k\u00e9nyelmesen \u00e9s gondtalanul utazhat a T\u00e1tr\u00e1ba. Popr\u00e1dr\u00f3l szem\u00e9lyvonatokkal vagy aut\u00f3busszal lehet eljutni a Magas-T\u00e1tra egyes turisztikai ter\u00fcleteire.<\/p>\n\n\n\n<h2 class=\"wp-block-heading\"><em>Leo Express<\/em><\/h2>\n\n\n\n<p>Induljon T\u00e1tr\u00e1ba a Leo Express vonatok fed\u00e9lzet\u00e9n! Az alacsonypadl\u00f3zat\u00fa l\u00e9gkondicion\u00e1lt vonatok gyerekes csal\u00e1dok \u00e9s bar\u00e1ti csoportok sz\u00e1m\u00e1ra ide\u00e1lisak.&nbsp;<\/p>\n\n\n\n<figure class=\"wp-block-gallery alignright has-nested-images columns-default wp-block-gallery-3 is-layout-flex wp-block-gallery-is-layout-flex\">\n<figure class=\"wp-block-image\"><img loading=\"lazy\" decoding=\"async\" width=\"1024\" height=\"480\" data-id=\"4768935\" src=\"https:\/\/regiontatry.sk\/wp-content\/uploads\/2020\/06\/LE_Tatry_crop-1024x480.jpg\" alt=\"\" class=\"wp-image-4768935\" srcset=\"https:\/\/regiontatry.sk\/wp-content\/uploads\/2020\/06\/LE_Tatry_crop-1024x480.jpg 1024w, https:\/\/regiontatry.sk\/wp-content\/uploads\/2020\/06\/LE_Tatry_crop-300x141.jpg 300w, https:\/\/regiontatry.sk\/wp-content\/uploads\/2020\/06\/LE_Tatry_crop-768x360.jpg 768w, https:\/\/regiontatry.sk\/wp-content\/uploads\/2020\/06\/LE_Tatry_crop-1920x899.jpg 1920w, https:\/\/regiontatry.sk\/wp-content\/uploads\/2020\/06\/LE_Tatry_crop-1705x799.jpg 1705w, https:\/\/regiontatry.sk\/wp-content\/uploads\/2020\/06\/LE_Tatry_crop-698x327.jpg 698w, https:\/\/regiontatry.sk\/wp-content\/uploads\/2020\/06\/LE_Tatry_crop-552x259.jpg 552w\" sizes=\"(max-width: 1024px) 100vw, 1024px\" \/><\/figure>\n<\/figure>\n\n\n\n<p>Regisztr\u00e1ljon be a <strong>SMILE CLUB<\/strong>&nbsp;h\u0171s\u00e9gprogramba \u00e9s szerezze meg a legel\u0151ny\u00f6sebb jegy\u00e1rakat \u00e9s cashback-et minden utaz\u00e1s ut\u00e1n. T\u00f6bb a&nbsp;<a rel=\"noreferrer noopener\" href=\"http:\/\/www.leoexpress.sk\/\" target=\"_blank\">www.leoexpress.sk<\/a> oldalon.<\/p>\n\n\n\n<p>Az utaz\u00e1shoz haszn\u00e1lhatja az Economy oszt\u00e1lyt vagy a standardon feletti Economy Plus \u00e9s Business oszt\u00e1lyt b\u0151r\u00fcl\u00e9sekkel \u00e9s kiemelt friss\u00edt\u0151vel. A vonatban kit\u0171n\u0151 gyors\u00e9tel \u00e9s desszertek, valamint frissen \u0151r\u00f6lt k\u00e1v\u00e9t k\u00edn\u00e1lnak fel. A luxusos Premium oszt\u00e1lyban ezen k\u00edv\u00fcl kiv\u00e1l\u00f3 eb\u00e9det vagy vacsor\u00e1t rendelhet, \u00e9s k\u00e9nyelmes \u00fcl\u00e9sekben pihenhet, amelyek ak\u00e1r \u00e1gy-helyzetbe csukhat\u00f3k le. \u00c9jszakai \u00fatra alv\u00e1s-k\u00e9szletet is felk\u00edn\u00e1lunk.<\/p>\n\n\n<div class=\"wp-block-image\">\n<figure class=\"alignright size-full is-resized\"><img loading=\"lazy\" decoding=\"async\" width=\"1024\" height=\"626\" src=\"https:\/\/regiontatry.sk\/wp-content\/uploads\/2024\/10\/image-3.png\" alt=\"\" class=\"wp-image-9948400\" style=\"width:420px;height:auto\" srcset=\"https:\/\/regiontatry.sk\/wp-content\/uploads\/2024\/10\/image-3.png 1024w, https:\/\/regiontatry.sk\/wp-content\/uploads\/2024\/10\/image-3-300x183.png 300w, https:\/\/regiontatry.sk\/wp-content\/uploads\/2024\/10\/image-3-768x470.png 768w, https:\/\/regiontatry.sk\/wp-content\/uploads\/2024\/10\/image-3-860x526.png 860w, https:\/\/regiontatry.sk\/wp-content\/uploads\/2024\/10\/image-3-698x427.png 698w, https:\/\/regiontatry.sk\/wp-content\/uploads\/2024\/10\/image-3-552x337.png 552w\" sizes=\"(max-width: 1024px) 100vw, 1024px\" \/><\/figure><\/div>\n\n\n<h2 class=\"wp-block-heading\"><br><em>Regiojet<\/em><\/h2>\n\n\n\n<p>Popr\u00e1dba val\u00f3 utaz\u00e1shoz haszn\u00e1lhatja tov\u00e1bb\u00e1 a <strong>Regiojet<\/strong> mag\u00e1nt\u00e1rsas\u00e1g vonat-\u00f6sszek\u00f6ttet\u00e9s\u00e9t, amely Pr\u00e1ga-Ostrava-Zsolna-Kassa\u00fatvonalon \u00fczemeltet j\u00e1ratot. Kiv\u00e1l\u00f3 \u00e1raknak, szolg\u00e1ltat\u00e1soknak \u00e9s szerviznek \u00f6r\u00fclhetnek. T\u00f6bb a&nbsp;<a rel=\"noreferrer noopener\" href=\"http:\/\/www.regiojet.sk\/\" target=\"_blank\">www.regiojet.sk<\/a> oldalon.<br><\/p>\n\n\n\n<h2 class=\"wp-block-heading\"><br><em>Pendolino<\/em><\/h2>\n\n\n<div class=\"wp-block-image\">\n<figure class=\"alignright size-full is-resized\"><img loading=\"lazy\" decoding=\"async\" width=\"1024\" height=\"576\" src=\"https:\/\/regiontatry.sk\/wp-content\/uploads\/2024\/10\/image-2.png\" alt=\"\" class=\"wp-image-9948329\" style=\"width:420px;height:auto\" srcset=\"https:\/\/regiontatry.sk\/wp-content\/uploads\/2024\/10\/image-2.png 1024w, https:\/\/regiontatry.sk\/wp-content\/uploads\/2024\/10\/image-2-300x169.png 300w, https:\/\/regiontatry.sk\/wp-content\/uploads\/2024\/10\/image-2-768x432.png 768w, https:\/\/regiontatry.sk\/wp-content\/uploads\/2024\/10\/image-2-860x484.png 860w, https:\/\/regiontatry.sk\/wp-content\/uploads\/2024\/10\/image-2-698x393.png 698w, https:\/\/regiontatry.sk\/wp-content\/uploads\/2024\/10\/image-2-552x311.png 552w\" sizes=\"(max-width: 1024px) 100vw, 1024px\" \/><\/figure><\/div>\n\n\n<p>Vonat a Kassa \u2013 Zsolna \u2013 Pr\u00e1ga \u00fatvonalon hl. n. rendszeres id\u0151k\u00f6z\u00f6nk\u00e9nt m\u0171k\u00f6dik naponta egyszer eg\u00e9sz h\u00e9ten, valamint ellenkez\u0151 ir\u00e1nyban.<\/p>\n\n\n\n<p>Jegyeket online lehet beszerezni legk\u00e9s\u0151bb 24 \u00f3r\u00e1val a vonat indul\u00e1s\u00e1t megel\u0151z\u0151ena keleti \u00e1llom\u00e1sr\u00f3l, k\u00e9s\u0151bb a jegyet m\u00e1r csak a <a href=\"https:\/\/www.zssk.sk\/otvaracie-hodiny-pokladnic\/zoznam-pokladnic-s-kvc\/\" target=\"_blank\" rel=\"noreferrer noopener\">ZSSK Komplex utaz\u00f3-elint\u00e9z\u00e9ses p\u00e9nzt\u00e1raiban (KVC)<\/a> v\u00e1s\u00e1rolhatja meg.<\/p>\n\n\n\n<h1 class=\"wp-block-heading\"><br>AUT\u00d3BUSSZAL<\/h1>\n\n\n\n<figure class=\"wp-block-gallery alignright has-nested-images columns-default is-cropped wp-block-gallery-4 is-layout-flex wp-block-gallery-is-layout-flex\">\n<figure class=\"wp-block-image size-large\"><img loading=\"lazy\" decoding=\"async\" width=\"600\" height=\"300\" data-id=\"8691751\" src=\"https:\/\/regiontatry.sk\/wp-content\/uploads\/2022\/12\/flix-bus_11zon.jpg\" alt=\"\" class=\"wp-image-8691751\" srcset=\"https:\/\/regiontatry.sk\/wp-content\/uploads\/2022\/12\/flix-bus_11zon.jpg 600w, https:\/\/regiontatry.sk\/wp-content\/uploads\/2022\/12\/flix-bus_11zon-300x150.jpg 300w, https:\/\/regiontatry.sk\/wp-content\/uploads\/2022\/12\/flix-bus_11zon-552x276.jpg 552w\" sizes=\"(max-width: 600px) 100vw, 600px\" \/><\/figure>\n<\/figure>\n\n\n\n<p>Busszal k\u00f6nnyen el\u00e9rheti a Magas-T\u00e1tr\u00e1t. A f\u0151 k\u00f6zleked\u00e9si csom\u00f3pont Popr\u00e1d v\u00e1rosa, ahonnan tov\u00e1bb lehet indulni a k\u00f6rnyez\u0151 \u00fcd\u00fcl\u0151helyek fel\u00e9.<\/p>\n\n\n\n<ul class=\"wp-block-list\">\n<li><strong>POPRAD -&gt; KRAKOW<br><\/strong>A rendszeres buszj\u00e1ratot a POPRAD &#8211; STAR\u00dd SMOKOVEC &#8211; TATRANSK\u00c1 LOMNICA &#8211; BIA\u0141KA TATRZA\u0143SK &#8211; NOWY TARG &#8211; KRAK\u00d3W \u00fatvonalon haszn\u00e1lhatja, ITT <a href=\"https:\/\/www.flixbus.sk\/?_sp=bf948b8c-07c0-4835-b808-2ee7e850b05f.1669924045360&amp;atb_pdid=b77348f9-5d7e-4c09-9627-e07b8aca7c37&amp;_ga=2.187330856.1211711077.1669922600-1923689169.1669922600&amp;_gac=1.3344132.1669923513.EAIaIQobChMIjLrUy5XZ-wIVl9-yCh3nZA6MEAAYASAAEgL1hvD_BwE\" target=\"_blank\" rel=\"noreferrer noopener\">tal\u00e1lja!<\/a><\/li>\n\n\n\n<li><strong>POPRAD -&gt; BUDAPEST<\/strong> &#8211; <a href=\"https:\/\/www.flixbus.sk\/\" target=\"_blank\" rel=\"noreferrer noopener\">FLIXBUS<\/a><\/li>\n<\/ul>\n\n\n\n<p>Eur\u00f3pa legnagyobb t\u00e1vols\u00e1gi buszh\u00e1l\u00f3zat\u00e1t a FLIXBUS biztos\u00edtja<\/p>\n\n\n\n<h1 class=\"wp-block-heading\"><br>AUT\u00d3VAL<\/h1>\n\n\n\n<p>A Magas T\u00e1tra R\u00e9gi\u00f3ba aut\u00f3val gyorsan \u00e9s egyszer\u0171en\neljuthat. Az A Aut\u00f3p\u00e1lya a SzK f\u0151v\u00e1ros\u00e1t, Pozsonyt, Trencs\u00e9nen \u00e9s Zsoln\u00e1n\nkereszt\u00fcl k\u00f6ti \u00f6ssze Popr\u00e1ddal eg\u00e9szen Kass\u00e1ig. Szlov\u00e1kia t\u00f6bbi szakaszain\ngyorsforgalmi utak \u00e9s 1 \u00e9s 2 oszt\u00e1ly\u00fa k\u00f6zutak \u00e1llnak rendelkez\u00e9sre.<\/p>\n\n\n\n<p><a href=\"https:\/\/www.vintrica.com\/sk\/e-znamka\/slovensko\/?gad_source=1&amp;gclid=EAIaIQobChMIx76vl9mTiQMVW52DBx33DQrREAAYAiAAEgLA9vD_BwE\">Az aut\u00f3p\u00e1ly\u00e1kon p\u00e1lyamatric\u00e1k \u00e9rv\u00e9nyese<\/a>k, melyeket a hat\u00e1r\u00e1tkel\u0151helyeken, kiemelt t\u00f6lt\u0151\u00e1llom\u00e1sokon, kiemelt postahivatalokban \u00e9s egy\u00e9b \u00e9rt\u00e9kes\u00edt\u00e9si helyeken lehet beszerezni. Minden \u00e9rt\u00e9kes\u00edt\u00e9si hely rendesen meg van jel\u00f6lve.<\/p>\n\n\n\n<p>Az aut\u00f3p\u00e1ly\u00e1k \u00e9s els\u0151 oszt\u00e1ly\u00fa utak ment\u00e9n a\nlegfontosabb t\u00f6rt\u00e9nelmi \u00e9s m\u0171eml\u00e9ki helysz\u00ednekre figyelmeztet\u0151 inform\u00e1ci\u00f3s \u00e9s\nt\u00e1j\u00e9koz\u00f3d\u00e1si t\u00e1bl\u00e1k vannak kihelyezve. Az utak ment\u00e9n t\u00f6lt\u0151\u00e1llom\u00e1sok h\u00e1l\u00f3zata,\npihen\u0151helyek valamint \u00e9ttermek vannak ki\u00e9p\u00edtve.<\/p>\n\n\n\n<p>Az utak eg\u00e9sz \u00e9vben j\u00e1rhat\u00f3k. T\u00e9len biztos\u00edtva van a h\u00f3 els\u00f6pr\u00e9se illetve utak sz\u00f3r\u00e1sa.&nbsp;<strong>Ha az \u00fattesten \u00f6sszef\u00fcgg\u0151 h\u00f3r\u00e9teg, j\u00e9g vagy r\u00e1fagy\u00e1s van, a j\u00e1rm\u0171vek (3,5 tonn\u00e1ig) k\u00f6telesek minden tengelyen t\u00e9li<br>abroncsot haszn\u00e1lni.<\/strong><\/p>\n\n\n\n<p><br><\/p>\n","protected":false},"excerpt":{"rendered":"<p>REP\u00dcL\u0150VEL Poprad rep\u00fcl\u0151t\u00e9r &#8211; a T\u00e1tr\u00e1nak nemzetk\u00f6zi jellege van. F\u00f6ldrajzi elhelyezked\u00e9s\u00e9nek k\u00f6sz\u00f6nhet\u0151en k\u00e9nyelmes \u00e9s gyors \u00f6sszek\u00f6ttet\u00e9st tesz lehet\u0151v\u00e9 a k\u00f6rnyez\u0151 orsz\u00e1gokb\u00f3l. A Poprad &#8211; Tatry rep\u00fcl\u0151t\u00e9r ide\u00e1lis hely mindazok sz\u00e1m\u00e1ra, akik szeretn\u00e9k felfedezni a Magas-T\u00e1tra \u00e9s a k\u00f6rnyez\u0151 r\u00e9gi\u00f3 sz\u00e9ps\u00e9geit. Mind\u00f6ssze 12 kilom\u00e9terre tal\u00e1lhat\u00f3 a legh\u00edresebb turisztikai k\u00f6zpontokt\u00f3l, ennek k\u00f6sz\u00f6nhet\u0151en gyors \u00e9s k\u00e9nyelmes hozz\u00e1f\u00e9r\u00e9st biztos\u00edt [&hellip;]<\/p>\n","protected":false},"author":1,"featured_media":7986815,"parent":9096715,"menu_order":0,"comment_status":"closed","ping_status":"closed","template":"template-simple-page.php","meta":{"footnotes":""},"class_list":["post-7986813","page","type-page","status-publish","has-post-thumbnail","hentry"],"_links":{"self":[{"href":"https:\/\/regiontatry.sk\/hu\/wp-json\/wp\/v2\/pages\/7986813"}],"collection":[{"href":"https:\/\/regiontatry.sk\/hu\/wp-json\/wp\/v2\/pages"}],"about":[{"href":"https:\/\/regiontatry.sk\/hu\/wp-json\/wp\/v2\/types\/page"}],"author":[{"embeddable":true,"href":"https:\/\/regiontatry.sk\/hu\/wp-json\/wp\/v2\/users\/1"}],"replies":[{"embeddable":true,"href":"https:\/\/regiontatry.sk\/hu\/wp-json\/wp\/v2\/comments?post=7986813"}],"version-history":[{"count":11,"href":"https:\/\/regiontatry.sk\/hu\/wp-json\/wp\/v2\/pages\/7986813\/revisions"}],"predecessor-version":[{"id":11145916,"href":"https:\/\/regiontatry.sk\/hu\/wp-json\/wp\/v2\/pages\/7986813\/revisions\/11145916"}],"up":[{"embeddable":true,"href":"https:\/\/regiontatry.sk\/hu\/wp-json\/wp\/v2\/pages\/9096715"}],"wp:featuredmedia":[{"embeddable":true,"href":"https:\/\/regiontatry.sk\/hu\/wp-json\/wp\/v2\/media\/7986815"}],"wp:attachment":[{"href":"https:\/\/regiontatry.sk\/hu\/wp-json\/wp\/v2\/media?parent=7986813"}],"curies":[{"name":"wp","href":"https:\/\/api.w.org\/{rel}","templated":true}]}}