{"id":7986834,"date":"2018-08-23T15:13:09","date_gmt":"2018-08-23T13:13:09","guid":{"rendered":"https:\/\/regiontatry.sk\/lanovkami-za-vyhladmi\/"},"modified":"2022-04-28T08:51:50","modified_gmt":"2022-04-28T06:51:50","slug":"kotelpalyakkal-a-kilatasokhoz","status":"publish","type":"page","link":"https:\/\/regiontatry.sk\/hu\/kotelpalyakkal-a-kilatasokhoz\/","title":{"rendered":"K\u00d6T\u00c9LP\u00c1LY\u00c1KKAL A KIL\u00c1T\u00c1SOKHOZ"},"content":{"rendered":"\n<p>A t\u00e1trai k\u00f6t\u00e9lp\u00e1ly\u00e1k az egyik legkedveltebb m\u00f3dja annak, hogyan teheti a T\u00e1tr\u00e1ban val\u00f3 \u00fcd\u00fcl\u00e9s\u00e9t kellemesebb\u00e9 \u00e9s megismerheti azt. A hegyeket teljesen m\u00e1s perspekt\u00edv\u00e1b\u00f3l leplezik le, mint ahogy megszokta. Ha vonzza az ilyen fajta utaz\u00e1s,\u00a0<strong>utazzon fel k\u00e9nyelmesen a gy\u00f6ny\u00f6r\u0171 panor\u00e1m\u00e1khoz\u00e9s friss leveg\u0151h\u00f6z a t\u00e1trai k\u00f6t\u00e9lp\u00e1ly\u00e1k valamelyik\u00e9vel<\/strong>.<br><\/p>\n","protected":false},"excerpt":{"rendered":"<p>A t\u00e1trai k\u00f6t\u00e9lp\u00e1ly\u00e1k az egyik legkedveltebb m\u00f3dja annak, hogyan teheti a T\u00e1tr\u00e1ban val\u00f3 \u00fcd\u00fcl\u00e9s\u00e9t kellemesebb\u00e9 \u00e9s megismerheti azt. A hegyeket teljesen m\u00e1s perspekt\u00edv\u00e1b\u00f3l leplezik le, mint ahogy megszokta. Ha vonzza az ilyen fajta utaz\u00e1s,\u00a0utazzon fel k\u00e9nyelmesen a gy\u00f6ny\u00f6r\u0171 panor\u00e1m\u00e1khoz\u00e9s friss leveg\u0151h\u00f6z a t\u00e1trai k\u00f6t\u00e9lp\u00e1ly\u00e1k valamelyik\u00e9vel.<\/p>\n","protected":false},"author":1,"featured_media":7986835,"parent":0,"menu_order":0,"comment_status":"closed","ping_status":"closed","template":"template-objects.php","meta":{"footnotes":""},"class_list":["post-7986834","page","type-page","status-publish","has-post-thumbnail","hentry"],"_links":{"self":[{"href":"https:\/\/regiontatry.sk\/hu\/wp-json\/wp\/v2\/pages\/7986834"}],"collection":[{"href":"https:\/\/regiontatry.sk\/hu\/wp-json\/wp\/v2\/pages"}],"about":[{"href":"https:\/\/regiontatry.sk\/hu\/wp-json\/wp\/v2\/types\/page"}],"author":[{"embeddable":true,"href":"https:\/\/regiontatry.sk\/hu\/wp-json\/wp\/v2\/users\/1"}],"replies":[{"embeddable":true,"href":"https:\/\/regiontatry.sk\/hu\/wp-json\/wp\/v2\/comments?post=7986834"}],"version-history":[{"count":1,"href":"https:\/\/regiontatry.sk\/hu\/wp-json\/wp\/v2\/pages\/7986834\/revisions"}],"predecessor-version":[{"id":7986836,"href":"https:\/\/regiontatry.sk\/hu\/wp-json\/wp\/v2\/pages\/7986834\/revisions\/7986836"}],"wp:featuredmedia":[{"embeddable":true,"href":"https:\/\/regiontatry.sk\/hu\/wp-json\/wp\/v2\/media\/7986835"}],"wp:attachment":[{"href":"https:\/\/regiontatry.sk\/hu\/wp-json\/wp\/v2\/media?parent=7986834"}],"curies":[{"name":"wp","href":"https:\/\/api.w.org\/{rel}","templated":true}]}}