{"id":7986837,"date":"2018-08-23T15:40:19","date_gmt":"2018-08-23T13:40:19","guid":{"rendered":"https:\/\/regiontatry.sk\/vysokohorske-chaty\/"},"modified":"2022-04-28T09:02:19","modified_gmt":"2022-04-28T07:02:19","slug":"magashegyi-menedekhazak","status":"publish","type":"page","link":"https:\/\/regiontatry.sk\/hu\/magashegyi-menedekhazak\/","title":{"rendered":"MAGASHEGYI MENED\u00c9KH\u00c1ZAK"},"content":{"rendered":"\n<p>A turista\u00f6sv\u00e9nyek Magas T\u00e1tr\u00e1ban <strong>13 magashegyi mened\u00e9kh\u00e1zhoz is elvezetik<\/strong>\u00a0kil\u00e1t\u00e1ssal a pazar cs\u00facsokra, terjedelmes v\u00f6lgyekre illetve k\u00e9kes t\u00e1trai tengerszemekre.<br><\/p>\n","protected":false},"excerpt":{"rendered":"<p>A turista\u00f6sv\u00e9nyek Magas T\u00e1tr\u00e1ban 13 magashegyi mened\u00e9kh\u00e1zhoz is elvezetik\u00a0kil\u00e1t\u00e1ssal a pazar cs\u00facsokra, terjedelmes v\u00f6lgyekre illetve k\u00e9kes t\u00e1trai tengerszemekre.<\/p>\n","protected":false},"author":1,"featured_media":7986838,"parent":0,"menu_order":0,"comment_status":"closed","ping_status":"closed","template":"template-objects.php","meta":{"footnotes":""},"class_list":["post-7986837","page","type-page","status-publish","has-post-thumbnail","hentry"],"_links":{"self":[{"href":"https:\/\/regiontatry.sk\/hu\/wp-json\/wp\/v2\/pages\/7986837"}],"collection":[{"href":"https:\/\/regiontatry.sk\/hu\/wp-json\/wp\/v2\/pages"}],"about":[{"href":"https:\/\/regiontatry.sk\/hu\/wp-json\/wp\/v2\/types\/page"}],"author":[{"embeddable":true,"href":"https:\/\/regiontatry.sk\/hu\/wp-json\/wp\/v2\/users\/1"}],"replies":[{"embeddable":true,"href":"https:\/\/regiontatry.sk\/hu\/wp-json\/wp\/v2\/comments?post=7986837"}],"version-history":[{"count":1,"href":"https:\/\/regiontatry.sk\/hu\/wp-json\/wp\/v2\/pages\/7986837\/revisions"}],"predecessor-version":[{"id":7986839,"href":"https:\/\/regiontatry.sk\/hu\/wp-json\/wp\/v2\/pages\/7986837\/revisions\/7986839"}],"wp:featuredmedia":[{"embeddable":true,"href":"https:\/\/regiontatry.sk\/hu\/wp-json\/wp\/v2\/media\/7986838"}],"wp:attachment":[{"href":"https:\/\/regiontatry.sk\/hu\/wp-json\/wp\/v2\/media?parent=7986837"}],"curies":[{"name":"wp","href":"https:\/\/api.w.org\/{rel}","templated":true}]}}