{"id":7986840,"date":"2018-07-27T13:32:58","date_gmt":"2018-07-27T11:32:58","guid":{"rendered":"https:\/\/regiontatry.sk\/cyklistika\/"},"modified":"2025-10-02T08:10:04","modified_gmt":"2025-10-02T06:10:04","slug":"kerekparozas","status":"publish","type":"page","link":"https:\/\/regiontatry.sk\/hu\/kerekparozas\/","title":{"rendered":"KER\u00c9KP\u00c1ROZ\u00c1S"},"content":{"rendered":"\n<p>IA Magas-T\u00e1tra r\u00e9gi\u00f3 az a hely, ahol csod\u00e1latos ker\u00e9kp\u00e1ros \u00e9lm\u00e9nyek, l\u00e9legzetel\u00e1ll\u00edt\u00f3 kil\u00e1t\u00e1sok \u00e9s felejthetetlen kalandok v\u00e1rnak \u00f6nre. A Magas-T\u00e1tra ide\u00e1lis hely a ker\u00e9kp\u00e1roz\u00e1s szerelmeseinek, sz\u00e1mtalan ker\u00e9kp\u00e1r\u00fatvonalat \u00e9s kir\u00e1ndul\u00e1si lehet\u0151s\u00e9get k\u00edn\u00e1l, amelyek minden bring\u00e1s ig\u00e9ny\u00e9t kiel\u00e9g\u00edtik \u2013 a csal\u00e1di \u00e9s rekre\u00e1ci\u00f3s ker\u00e9kp\u00e1rosokt\u00f3l kezdve a tapasztalt sportol\u00f3kig \u00e9s a hegyi ker\u00e9kp\u00e1roz\u00e1s rajong\u00f3iig.<\/p>\n\n\n\n<p>Fedezze fel a Magas-T\u00e1tra r\u00e9gi\u00f3j\u00e1t k\u00e9t ker\u00e9ken, a ker\u00e9kp\u00e1r nyerg\u00e9b\u0151l! <strong>T\u00f6bb mint 300 km jelzett ker\u00e9kp\u00e1r\u00fat k\u00fcl\u00f6nb\u00f6z\u0151 neh\u00e9zs\u00e9gi szinteken, mindenki sz\u00e1m\u00e1ra \u2013 csal\u00e1doknak gyerekekkel, az orsz\u00e1g\u00fati \u00e9s hegyi ker\u00e9kp\u00e1roz\u00e1s szerelmeseinek, sportol\u00f3knak \u00e9s kezd\u0151 bicikliseknek egyar\u00e1nt.<\/strong><\/p>\n\n\n\n<p>Itt megtal\u00e1lja:<\/p>\n\n\n\n<ul class=\"wp-block-list\">\n<li><strong>S\u00edk terepeket, amelyek<\/strong> ide\u00e1lisak a nyugodt kir\u00e1ndul\u00e1sokhoz \u00e9s a gyerekekkel val\u00f3 ker\u00e9kp\u00e1roz\u00e1shoz,<\/li>\n\n\n\n<li><strong>Emelked\u0151ket a t\u00e1trai cs\u00facsok al\u00e1,<\/strong> val\u00f3di kih\u00edv\u00e1sk\u00e9nt \u00e9s adrenalint ny\u00fajtva,<\/li>\n\n\n\n<li><strong>A T\u00e1tra k\u00f6rny\u00e9k\u00e9n v\u00e9gighalad\u00f3<\/strong> Podtatransk\u00e1 ker\u00e9kp\u00e1r-magas\u00fatat, amely egyed\u00fcl\u00e1ll\u00f3 t\u00e1jakon vezet v\u00e9gig.<\/li>\n<\/ul>\n\n\n\n<p>Fedezze fel a r\u00e9gi\u00f3t a ker\u00e9kp\u00e1r nyerg\u00e9b\u0151l, \u00e9s kapcsolja \u00f6ssze az akt\u00edv mozg\u00e1st a gy\u00f6ny\u00f6r\u0171 term\u00e9szettel!<br><\/p>\n\n\n\n<figure class=\"wp-block-embed is-type-video is-provider-youtube wp-block-embed-youtube wp-embed-aspect-16-9 wp-has-aspect-ratio\"><div class=\"wp-block-embed__wrapper\">\n<iframe loading=\"lazy\" title=\"Cykloturistika v Regi\u00f3ne Vysok\u00e9 Tatry\" width=\"640\" height=\"360\" src=\"https:\/\/www.youtube.com\/embed\/ZMXNBEXX4Wc?feature=oembed\" frameborder=\"0\" allow=\"accelerometer; autoplay; clipboard-write; encrypted-media; gyroscope; picture-in-picture; web-share\" referrerpolicy=\"strict-origin-when-cross-origin\" allowfullscreen><\/iframe>\n<\/div><\/figure>\n\n\n\n<p><\/p>\n\n\n\n<h3 class=\"wp-block-heading has-vivid-green-cyan-color has-text-color has-link-color wp-elements-78e0fbf31b1c74cd030ad2900a8e45f8\"><br><strong>Ker\u00e9kp\u00e1rutak a Magas-T\u00e1tr\u00e1ban<\/strong><\/h3>\n\n\n\n<p>A Magas-T\u00e1tr\u00e1ban k\u00fcl\u00f6nb\u00f6z\u0151 neh\u00e9zs\u00e9gi szint\u0171 \u00e9s hossz\u00fas\u00e1g\u00fa ker\u00e9kp\u00e1rutak v\u00e1rj\u00e1k a l\u00e1togat\u00f3kat. A fest\u0151i ker\u00e9kp\u00e1rutakt\u00f3l, amelyek gy\u00f6ny\u00f6r\u0171 term\u00e9szeti t\u00e1jakon vezetnek \u00e1t, eg\u00e9szen a kih\u00edv\u00e1st jelent\u0151 MTB-\u00fatvonalakig, amelyek adrenalint \u00e9s izgalmat k\u00edn\u00e1lnak. V\u00e1lasszon \u00fatvonalat kedve \u00e9s er\u0151nl\u00e9te szerint \u2013 a k\u00edn\u00e1latban megtal\u00e1lhat\u00f3k r\u00f6videbb kir\u00e1ndul\u00e1sok \u00e9s ig\u00e9nyes hegyi t\u00far\u00e1k is:<\/p>\n\n\n\n<ol class=\"wp-block-list\">\n<li><strong>Popr\u00e1di ker\u00e9kp\u00e1r\u00fat<\/strong> \u2013 Ide\u00e1lis csal\u00e1doknak gyermekekkel \u00e9s szabadid\u0151s bicikliseknek \u2013 enyhe emelked\u0151k, sz\u00e9p kil\u00e1t\u00e1s, kezd\u0151k sz\u00e1m\u00e1ra is k\u00f6nnyen teljes\u00edthet\u0151. N\u00e9pszer\u0171, k\u00f6nny\u0171 kir\u00e1ndul\u00e1si tipp.<\/li>\n\n\n\n<li><strong>\u00d3t\u00e1traf\u00fcred (Star\u00fd Smokovec) \u2192 Hrebienok vagy T\u00e1trasz\u00e9plak (Tatransk\u00e1 Polianka) \u2192 Szil\u00e9ziai-h\u00e1z (Sliezsky dom)<\/strong> \u2013 K\u00f6zepesen neh\u00e9z hegyi \u00fatvonal, tapasztalt ker\u00e9kp\u00e1rosoknak, akik kih\u00edv\u00e1sokat \u00e9s hegyi panor\u00e1m\u00e1t keresnek.<\/li>\n\n\n\n<li><strong>T\u00e1tra alatti ker\u00e9kp\u00e1r-f\u0151\u00fatvonal (Podbansk\u00e9 \u2192 Tatransk\u00e1 Kotlina)<\/strong> \u2013 Hossz\u00fa szakasz l\u00e9legzetel\u00e1ll\u00edt\u00f3 kil\u00e1t\u00e1sokkal, kitart\u00f3 ker\u00e9kp\u00e1rosoknak, akik a kih\u00edv\u00e1s \u00e9s a term\u00e9szeti sz\u00e9ps\u00e9g kombin\u00e1ci\u00f3j\u00e1t keresik.<\/li>\n<\/ol>\n\n\n\n<p>A ker\u00e9kp\u00e1rt\u00far\u00e1z\u00e1s kiv\u00e1l\u00f3 lehet\u0151s\u00e9g arra, hogy a sportos mozg\u00e1st k\u00f6zvetlen term\u00e9szeti \u00e9lm\u00e9nnyel kapcsolja \u00f6ssze.<\/p>\n\n\n\n<h3 class=\"wp-block-heading has-vivid-green-cyan-color has-text-color has-link-color wp-elements-ca092e16335e8731298e969f0369608a\"><strong>Elektromos ker\u00e9kp\u00e1rok \u2013 Fedezze fel a T\u00e1tr\u00e1t k\u00f6nnyed\u00e9n<\/strong><\/h3>\n\n\n\n<p>Szeretn\u00e9 ker\u00e9kp\u00e1rral felfedezni a T\u00e1tr\u00e1t, de nincs saj\u00e1t biciklije, vagy ink\u00e1bb er\u0151fesz\u00edt\u00e9s n\u00e9lk\u00fcl \u00e9lvezn\u00e9 a t\u00far\u00e1kat? V<a href=\"https:\/\/regiontatry.sk\/hu\/kerekparozas\/kerekpar-berles\/\">egye ig\u00e9nybe a Magas-T\u00e1tra elektromos ker\u00e9kp\u00e1r-k\u00f6lcs\u00f6nz\u0151it!<\/a> Az e-bike kiv\u00e1l\u00f3 v\u00e1laszt\u00e1s mindazoknak, akik hosszabb t\u00e1vokat szeretn\u00e9nek megtenni nagyobb er\u0151fesz\u00edt\u00e9s n\u00e9lk\u00fcl, nehezebb \u00fatvonalakat szeretn\u00e9nek lek\u00fczdeni, vagy k\u00e9nyelmesen szeretn\u00e9k felfedezni a r\u00e9gi\u00f3t \u2013 m\u00e9g a kev\u00e9sb\u00e9 tapasztalt ker\u00e9kp\u00e1rosok sz\u00e1m\u00e1ra is. A Magas-T\u00e1tr\u00e1ban minden k\u00f6lcs\u00f6nz\u0151 sz\u00e9les v\u00e1laszt\u00e9kban k\u00edn\u00e1l min\u0151s\u00e9gi elektromos ker\u00e9kp\u00e1rokat \u00e9s ker\u00e9kp\u00e1rokat, amelyeket rendszeresen karbantartanak \u00e9s felk\u00e9sz\u00edtenek az \u00f6n ker\u00e9kp\u00e1rt\u00far\u00e1j\u00e1ra.<\/p>\n\n\n\n<h3 class=\"wp-block-heading has-vivid-green-cyan-color has-text-color has-link-color wp-elements-0c859f7bab3d3d01411322273f5d48ad\"><br><strong>Elektromos ker\u00e9kp\u00e1r-t\u00f6lt\u0151\u00e1llom\u00e1sok a Magas-T\u00e1tr\u00e1ban<\/strong><\/h3>\n\n\n\n<p><\/p>\n\n\n\n<ul class=\"wp-block-list\">\n<li>Sanat\u00f3rium Dr. Guhra \u2013 Tatransk\u00e1 Polianka<\/li>\n\n\n\n<li>Poliankovo \u2013 Tatransk\u00e1 Polianka<\/li>\n\n\n\n<li>Horsk\u00e9 Vilky Po\u013eana \u2013 Nov\u00fd Smokovec<\/li>\n\n\n\n<li>Hotel Villa Siesta \u2013 Nov\u00fd Smokovec<\/li>\n\n\n\n<li>Dobr\u00e9 \u010casy \u2013 Star\u00fd Smokovec<\/li>\n\n\n\n<li>Penzi\u00f3n Po\u013eana \u2013 Horn\u00fd Smokovec<\/li>\n\n\n\n<li>Rezort pri jazere \u2013 Podbansk\u00e9<\/li>\n\n\n\n<li>Re\u0161taur\u00e1cia U Furmana \u2013 Tatransk\u00e1 Kotlina<\/li>\n\n\n\n<li>BikePoint Kvetnica \u2013 Poprad<\/li>\n<\/ul>\n\n\n\n<p>K\u00e9sz\u00fclj\u00f6n fel egy felejthetetlen ker\u00e9kp\u00e1ros nyaral\u00e1sra a Magas-T\u00e1tr\u00e1ban.<br>Weboldalunkon minden sz\u00fcks\u00e9ges inform\u00e1ci\u00f3t megtal\u00e1l \u2013 t\u00e9rk\u00e9peket, kir\u00e1ndul\u00e1si tippeket \u00e9s elektromos ker\u00e9kp\u00e1r-k\u00f6lcs\u00f6nz\u00e9si lehet\u0151s\u00e9geket.<br>V\u00e1lassza ki kedvenc \u00fatvonal\u00e1t, \u00e9s induljon el felfedezni a T\u00e1tra sz\u00e9ps\u00e9geit k\u00e9t ker\u00e9ken!<\/p>\n\n\n\n\n\t<div class=\"wp-block-cgb-block-creanet-grid category-list cell small-12 medium-4 cg\">\n\t\t<div class=\"cell small-12 medium-12 large-12 medium-order-1\">\n\t\t\t<a href=\"https:\/\/regiontatry.sk\/hu\/kerekparozas\/kerekpar-turisztika-tatraban\/\">\n\t\t\t\t<div class=\"background-grid-color\"><\/div>\n\t\t\t\t\t\t\t\t\t<figure><img decoding=\"async\" src=\"https:\/\/regiontatry.sk\/wp-content\/uploads\/2024\/09\/13-1.jpg\" alt=\"\"\n\t\t\t\t\t\t\t\t title=\"13-1\"\/><\/figure>\n\t\t\t\t\t\t\t\t<h3>KER\u00c9KP\u00c1R-TURISZTIKA T\u00c1TR\u00c1BAN<\/h3>\t\t\t\t\t\t\t<\/a>\n\t\t<\/div>\n\t<\/div>\n\t\n\n\t<div class=\"wp-block-cgb-block-creanet-grid category-list cell small-12 medium-4 cg\">\n\t\t<div class=\"cell small-12 medium-12 large-12 medium-order-1\">\n\t\t\t<a href=\"https:\/\/regiontatry.sk\/hu\/kerekparozas\/kerekpar-utvonalak\/\">\n\t\t\t\t<div class=\"background-grid-color\"><\/div>\n\t\t\t\t\t\t\t\t\t<figure><img decoding=\"async\" src=\"https:\/\/regiontatry.sk\/wp-content\/uploads\/2025\/10\/43_Martin-Malicky-scaled.jpg\" alt=\"\"\n\t\t\t\t\t\t\t\t title=\"43_Martin Mali\u010dk\u00fd\"\/><\/figure>\n\t\t\t\t\t\t\t\t<h3>Ker\u00e9kp\u00e1r \u00fatvonalak<\/h3>\t\t\t\t\t\t\t<\/a>\n\t\t<\/div>\n\t<\/div>\n\t\n\n\t<div class=\"wp-block-cgb-block-creanet-grid category-list cell small-12 medium-4 cg\">\n\t\t<div class=\"cell small-12 medium-12 large-12 medium-order-1\">\n\t\t\t<a href=\"https:\/\/regiontatry.sk\/hu\/tippek-kerekpar-kirandulasokra-magas-tatraban\/\">\n\t\t\t\t<div class=\"background-grid-color\"><\/div>\n\t\t\t\t\t\t\t\t\t<figure><img decoding=\"async\" src=\"https:\/\/regiontatry.sk\/wp-content\/uploads\/2025\/08\/cyklo_Martin-Malicky-1024x694.jpg\" alt=\"\"\n\t\t\t\t\t\t\t\t title=\"cyklo_Martin Mali\u010dk\u00fd\"\/><\/figure>\n\t\t\t\t\t\t\t\t<h3>Tippek ker\u00e9kp\u00e1r-kir\u00e1ndul\u00e1sokra Magas T\u00e1tr\u00e1ban<\/h3>\t\t\t\t\t\t\t<\/a>\n\t\t<\/div>\n\t<\/div>\n\t\n\n\t<div class=\"wp-block-cgb-block-creanet-grid category-list cell small-12 medium-4 cg\">\n\t\t<div class=\"cell small-12 medium-12 large-12 medium-order-1\">\n\t\t\t<a href=\"\/pozicovne-bicyklov\">\n\t\t\t\t<div class=\"background-grid-color\"><\/div>\n\t\t\t\t\t\t\t\t\t<figure><img decoding=\"async\" src=\"https:\/\/regiontatry.sk\/wp-content\/uploads\/2020\/05\/intersport15-ssmokovec-1.jpg\" alt=\"\"\n\t\t\t\t\t\t\t\t title=\"intersport15-ssmokovec\"\/><\/figure>\n\t\t\t\t\t\t\t\t<h3>Ker\u00e9kp\u00e1r-b\u00e9rl\u00e9s<\/h3>\t\t\t\t\t\t\t<\/a>\n\t\t<\/div>\n\t<\/div>\n\t","protected":false},"excerpt":{"rendered":"<p>IA Magas-T\u00e1tra r\u00e9gi\u00f3 az a hely, ahol csod\u00e1latos ker\u00e9kp\u00e1ros \u00e9lm\u00e9nyek, l\u00e9legzetel\u00e1ll\u00edt\u00f3 kil\u00e1t\u00e1sok \u00e9s felejthetetlen kalandok v\u00e1rnak \u00f6nre. A Magas-T\u00e1tra ide\u00e1lis hely a ker\u00e9kp\u00e1roz\u00e1s szerelmeseinek, sz\u00e1mtalan ker\u00e9kp\u00e1r\u00fatvonalat \u00e9s kir\u00e1ndul\u00e1si lehet\u0151s\u00e9get k\u00edn\u00e1l, amelyek minden bring\u00e1s ig\u00e9ny\u00e9t kiel\u00e9g\u00edtik \u2013 a csal\u00e1di \u00e9s rekre\u00e1ci\u00f3s ker\u00e9kp\u00e1rosokt\u00f3l kezdve a tapasztalt sportol\u00f3kig \u00e9s a hegyi ker\u00e9kp\u00e1roz\u00e1s rajong\u00f3iig. Fedezze fel a Magas-T\u00e1tra r\u00e9gi\u00f3j\u00e1t [&hellip;]<\/p>\n","protected":false},"author":1,"featured_media":10394701,"parent":0,"menu_order":0,"comment_status":"closed","ping_status":"closed","template":"template-list.php","meta":{"footnotes":""},"class_list":["post-7986840","page","type-page","status-publish","has-post-thumbnail","hentry"],"_links":{"self":[{"href":"https:\/\/regiontatry.sk\/hu\/wp-json\/wp\/v2\/pages\/7986840"}],"collection":[{"href":"https:\/\/regiontatry.sk\/hu\/wp-json\/wp\/v2\/pages"}],"about":[{"href":"https:\/\/regiontatry.sk\/hu\/wp-json\/wp\/v2\/types\/page"}],"author":[{"embeddable":true,"href":"https:\/\/regiontatry.sk\/hu\/wp-json\/wp\/v2\/users\/1"}],"replies":[{"embeddable":true,"href":"https:\/\/regiontatry.sk\/hu\/wp-json\/wp\/v2\/comments?post=7986840"}],"version-history":[{"count":16,"href":"https:\/\/regiontatry.sk\/hu\/wp-json\/wp\/v2\/pages\/7986840\/revisions"}],"predecessor-version":[{"id":11138075,"href":"https:\/\/regiontatry.sk\/hu\/wp-json\/wp\/v2\/pages\/7986840\/revisions\/11138075"}],"wp:featuredmedia":[{"embeddable":true,"href":"https:\/\/regiontatry.sk\/hu\/wp-json\/wp\/v2\/media\/10394701"}],"wp:attachment":[{"href":"https:\/\/regiontatry.sk\/hu\/wp-json\/wp\/v2\/media?parent=7986840"}],"curies":[{"name":"wp","href":"https:\/\/api.w.org\/{rel}","templated":true}]}}