{"id":7986854,"date":"2018-08-24T11:02:01","date_gmt":"2018-08-24T09:02:01","guid":{"rendered":"https:\/\/regiontatry.sk\/kerekparozas\/cyklotrasy\/"},"modified":"2022-04-28T09:09:05","modified_gmt":"2022-04-28T07:09:05","slug":"kerekpar-utvonalak","status":"publish","type":"page","link":"https:\/\/regiontatry.sk\/hu\/kerekparozas\/kerekpar-utvonalak\/","title":{"rendered":"Ker\u00e9kp\u00e1r \u00fatvonalak"},"content":{"rendered":"\n<h2 class=\"wp-block-heading\"><strong>39 aj\u00e1nlott ker\u00e9kp\u00e1r\u00fat<\/strong><\/h2>\n\n\n\n<p>Tekintse meg a t\u00f6bb mint\u00a0<strong>300 km jel\u00f6lt ker\u00e9kp\u00e1r \u00fatvonalat<\/strong>\u00a0a teljes r\u00e9gi\u00f3n kereszt\u00fcl vagya 30 TOP \u00fatvonalat, amelyet a Magas T\u00e1tra r\u00e9gi\u00f3 k\u00edn\u00e1l. A legig\u00e9nyesebbek, de egy\u00fattal a legszebb kil\u00e1t\u00e1sokat k\u00edn\u00e1l\u00f3k k\u00f6z\u00e9tartoznak aZ\u00f6ld-tavi mened\u00e9kh\u00e1zhoz, Tarajk\u00e1ra, Szil\u00e9ziai-h\u00e1zhoz vagy Popr\u00e1di-t\u00f3hoz vezet\u0151 \u00fatvonalak. V\u00e1lassza ki a megfelel\u0151 ker\u00e9kp\u00e1r-kir\u00e1ndul\u00e1st!<\/p>\n","protected":false},"excerpt":{"rendered":"<p>39 aj\u00e1nlott ker\u00e9kp\u00e1r\u00fat Tekintse meg a t\u00f6bb mint\u00a0300 km jel\u00f6lt ker\u00e9kp\u00e1r \u00fatvonalat\u00a0a teljes r\u00e9gi\u00f3n kereszt\u00fcl vagya 30 TOP \u00fatvonalat, amelyet a Magas T\u00e1tra r\u00e9gi\u00f3 k\u00edn\u00e1l. A legig\u00e9nyesebbek, de egy\u00fattal a legszebb kil\u00e1t\u00e1sokat k\u00edn\u00e1l\u00f3k k\u00f6z\u00e9tartoznak aZ\u00f6ld-tavi mened\u00e9kh\u00e1zhoz, Tarajk\u00e1ra, Szil\u00e9ziai-h\u00e1zhoz vagy Popr\u00e1di-t\u00f3hoz vezet\u0151 \u00fatvonalak. V\u00e1lassza ki a megfelel\u0151 ker\u00e9kp\u00e1r-kir\u00e1ndul\u00e1st!<\/p>\n","protected":false},"author":1,"featured_media":7986856,"parent":7986840,"menu_order":0,"comment_status":"closed","ping_status":"closed","template":"template-objects.php","meta":{"footnotes":""},"class_list":["post-7986854","page","type-page","status-publish","has-post-thumbnail","hentry"],"_links":{"self":[{"href":"https:\/\/regiontatry.sk\/hu\/wp-json\/wp\/v2\/pages\/7986854"}],"collection":[{"href":"https:\/\/regiontatry.sk\/hu\/wp-json\/wp\/v2\/pages"}],"about":[{"href":"https:\/\/regiontatry.sk\/hu\/wp-json\/wp\/v2\/types\/page"}],"author":[{"embeddable":true,"href":"https:\/\/regiontatry.sk\/hu\/wp-json\/wp\/v2\/users\/1"}],"replies":[{"embeddable":true,"href":"https:\/\/regiontatry.sk\/hu\/wp-json\/wp\/v2\/comments?post=7986854"}],"version-history":[{"count":1,"href":"https:\/\/regiontatry.sk\/hu\/wp-json\/wp\/v2\/pages\/7986854\/revisions"}],"predecessor-version":[{"id":7986857,"href":"https:\/\/regiontatry.sk\/hu\/wp-json\/wp\/v2\/pages\/7986854\/revisions\/7986857"}],"up":[{"embeddable":true,"href":"https:\/\/regiontatry.sk\/hu\/wp-json\/wp\/v2\/pages\/7986840"}],"wp:featuredmedia":[{"embeddable":true,"href":"https:\/\/regiontatry.sk\/hu\/wp-json\/wp\/v2\/media\/7986856"}],"wp:attachment":[{"href":"https:\/\/regiontatry.sk\/hu\/wp-json\/wp\/v2\/media?parent=7986854"}],"curies":[{"name":"wp","href":"https:\/\/api.w.org\/{rel}","templated":true}]}}