{"id":7986858,"date":"2018-08-24T11:08:30","date_gmt":"2018-08-24T09:08:30","guid":{"rendered":"https:\/\/regiontatry.sk\/kerekparozas\/pozicovne-bicyklov\/"},"modified":"2022-04-28T09:10:19","modified_gmt":"2022-04-28T07:10:19","slug":"kerekpar-berles","status":"publish","type":"page","link":"https:\/\/regiontatry.sk\/hu\/kerekparozas\/kerekpar-berles\/","title":{"rendered":"Ker\u00e9kp\u00e1r-b\u00e9rl\u00e9s"},"content":{"rendered":"\n<p>A ker\u00e9kp\u00e1r-turisztika egy kiv\u00e1l\u00f3 akt\u00edv relax, amelyhez nincs sz\u00fcks\u00e9ge saj\u00e1t felszerel\u00e9sre.\u00a0<strong>Haszn\u00e1lja ki a k\u00f6lcs\u00f6nz\u0151k szolg\u00e1ltat\u00e1sait<\/strong>\u00a0\u00e9s T\u00e1tr\u00e1ba utazzon k\u00f6nnyen mindenf\u00e9le gondok n\u00e9lk\u00fcl. B\u00e9reljen a ker\u00e9kp\u00e1rok gazdag k\u00edn\u00e1lat\u00e1b\u00f3l \u00e9s\u00a0profi downhillker\u00e9kp\u00e1rb\u00f3la k\u00f6lcs\u00f6nz\u0151k valamelyik\u00e9ben, amelyek min\u0151s\u00e9gi szervizt is biztos\u00edtanak. \u00c9s mi lenne, ha kipr\u00f3b\u00e1ln\u00e1 az attrakt\u00edv <strong>e-bike-ot<\/strong>?<\/p>\n","protected":false},"excerpt":{"rendered":"<p>A ker\u00e9kp\u00e1r-turisztika egy kiv\u00e1l\u00f3 akt\u00edv relax, amelyhez nincs sz\u00fcks\u00e9ge saj\u00e1t felszerel\u00e9sre.\u00a0Haszn\u00e1lja ki a k\u00f6lcs\u00f6nz\u0151k szolg\u00e1ltat\u00e1sait\u00a0\u00e9s T\u00e1tr\u00e1ba utazzon k\u00f6nnyen mindenf\u00e9le gondok n\u00e9lk\u00fcl. B\u00e9reljen a ker\u00e9kp\u00e1rok gazdag k\u00edn\u00e1lat\u00e1b\u00f3l \u00e9s\u00a0profi downhillker\u00e9kp\u00e1rb\u00f3la k\u00f6lcs\u00f6nz\u0151k valamelyik\u00e9ben, amelyek min\u0151s\u00e9gi szervizt is biztos\u00edtanak. \u00c9s mi lenne, ha kipr\u00f3b\u00e1ln\u00e1 az attrakt\u00edv e-bike-ot?<\/p>\n","protected":false},"author":1,"featured_media":7986860,"parent":7986840,"menu_order":0,"comment_status":"closed","ping_status":"closed","template":"template-objects.php","meta":{"footnotes":""},"class_list":["post-7986858","page","type-page","status-publish","has-post-thumbnail","hentry"],"_links":{"self":[{"href":"https:\/\/regiontatry.sk\/hu\/wp-json\/wp\/v2\/pages\/7986858"}],"collection":[{"href":"https:\/\/regiontatry.sk\/hu\/wp-json\/wp\/v2\/pages"}],"about":[{"href":"https:\/\/regiontatry.sk\/hu\/wp-json\/wp\/v2\/types\/page"}],"author":[{"embeddable":true,"href":"https:\/\/regiontatry.sk\/hu\/wp-json\/wp\/v2\/users\/1"}],"replies":[{"embeddable":true,"href":"https:\/\/regiontatry.sk\/hu\/wp-json\/wp\/v2\/comments?post=7986858"}],"version-history":[{"count":1,"href":"https:\/\/regiontatry.sk\/hu\/wp-json\/wp\/v2\/pages\/7986858\/revisions"}],"predecessor-version":[{"id":7986861,"href":"https:\/\/regiontatry.sk\/hu\/wp-json\/wp\/v2\/pages\/7986858\/revisions\/7986861"}],"up":[{"embeddable":true,"href":"https:\/\/regiontatry.sk\/hu\/wp-json\/wp\/v2\/pages\/7986840"}],"wp:featuredmedia":[{"embeddable":true,"href":"https:\/\/regiontatry.sk\/hu\/wp-json\/wp\/v2\/media\/7986860"}],"wp:attachment":[{"href":"https:\/\/regiontatry.sk\/hu\/wp-json\/wp\/v2\/media?parent=7986858"}],"curies":[{"name":"wp","href":"https:\/\/api.w.org\/{rel}","templated":true}]}}