{"id":7986869,"date":"2018-07-27T14:22:25","date_gmt":"2018-07-27T12:22:25","guid":{"rendered":"https:\/\/regiontatry.sk\/sport\/"},"modified":"2025-10-14T22:27:15","modified_gmt":"2025-10-14T20:27:15","slug":"sport","status":"publish","type":"page","link":"https:\/\/regiontatry.sk\/hu\/sport\/","title":{"rendered":"Sport a T\u00e1tr\u00e1ban"},"content":{"rendered":"\n<p>A Magas T\u00e1tra k\u00f6rnyezete t\u00f6bb aspektust foglal mag\u00e1ba a kiv\u00e1l\u00f3 sport\u00e9lm\u00e9nyekhez. A var\u00e1zslatos term\u00e9szet, a kiv\u00e1l\u00f3 klimatikus felt\u00e9telek \u00e9s a tengerszint feletti magass\u00e1geg\u00e9szs\u00e9ges magashegyi leveg\u0151vel minden sportaktivit\u00e1st egyed\u00fcl\u00e1ll\u00f3v\u00e1 tesznek. Ha szeret golfot j\u00e1tszani, lovagolni, fut vagy korcsoly\u00e1zik, ezt az \u00e9lm\u00e9nyt T\u00e1tr\u00e1ban nem hagyhatja el\u00faszni.<\/p>\n\n\n\t<div class=\"wp-block-cgb-block-creanet-grid category-list cell small-12 medium-4 cg\">\n\t\t<div class=\"cell small-12 medium-12 large-12 medium-order-1\">\n\t\t\t<a href=\"\/sport\/golf\">\n\t\t\t\t<div class=\"background-grid-color\"><\/div>\n\t\t\t\t\t\t\t\t\t<figure><img decoding=\"async\" src=\"https:\/\/regiontatry.sk\/wp-content\/uploads\/2018\/09\/golf.jpg\" alt=\"\"\n\t\t\t\t\t\t\t\t title=\"golf\"\/><\/figure>\n\t\t\t\t\t\t\t\t<h3>GOLF<\/h3>\t\t\t\t\t\t\t<\/a>\n\t\t<\/div>\n\t<\/div>\n\t\n\n\t<div class=\"wp-block-cgb-block-creanet-grid category-list cell small-12 medium-4 cg\">\n\t\t<div class=\"cell small-12 medium-12 large-12 medium-order-1\">\n\t\t\t<a href=\"\/sport\/jazda-na-koni\">\n\t\t\t\t<div class=\"background-grid-color\"><\/div>\n\t\t\t\t\t\t\t\t\t<figure><img decoding=\"async\" src=\"https:\/\/regiontatry.sk\/wp-content\/uploads\/2018\/09\/mengusovce-kone.jpg\" alt=\"\"\n\t\t\t\t\t\t\t\t title=\"mengusovce-kone\"\/><\/figure>\n\t\t\t\t\t\t\t\t<h3>Lovagl\u00e1s<\/h3>\t\t\t\t\t\t\t<\/a>\n\t\t<\/div>\n\t<\/div>\n\t\n\n\t<div class=\"wp-block-cgb-block-creanet-grid category-list cell small-12 medium-4 cg\">\n\t\t<div class=\"cell small-12 medium-12 large-12 medium-order-1\">\n\t\t\t<a href=\"\/sport\/nordic-walking\">\n\t\t\t\t<div class=\"background-grid-color\"><\/div>\n\t\t\t\t\t\t\t\t\t<figure><img decoding=\"async\" src=\"https:\/\/regiontatry.sk\/wp-content\/uploads\/2018\/09\/NW.jpg\" alt=\"\"\n\t\t\t\t\t\t\t\t title=\"NW\"\/><\/figure>\n\t\t\t\t\t\t\t\t<h3>NordicWalking<\/h3>\t\t\t\t\t\t\t<\/a>\n\t\t<\/div>\n\t<\/div>\n\t\n\n\t<div class=\"wp-block-cgb-block-creanet-grid category-list cell small-12 medium-4 cg\">\n\t\t<div class=\"cell small-12 medium-12 large-12 medium-order-1\">\n\t\t\t<a href=\"\/sport\/beh\">\n\t\t\t\t<div class=\"background-grid-color\"><\/div>\n\t\t\t\t\t\t\t\t\t<figure><img decoding=\"async\" src=\"https:\/\/regiontatry.sk\/wp-content\/uploads\/2018\/07\/DSC_3331a_1000.jpg\" alt=\"\"\n\t\t\t\t\t\t\t\t title=\"DSC_3331a_1000\"\/><\/figure>\n\t\t\t\t\t\t\t\t<h3>Fut\u00e1s<\/h3>\t\t\t\t\t\t\t<\/a>\n\t\t<\/div>\n\t<\/div>\n\t\n\n\t<div class=\"wp-block-cgb-block-creanet-grid category-list cell small-12 medium-4 cg\">\n\t\t<div class=\"cell small-12 medium-12 large-12 medium-order-1\">\n\t\t\t<a href=\"\/sport\/in-line-korculovanie\">\n\t\t\t\t<div class=\"background-grid-color\"><\/div>\n\t\t\t\t\t\t\t\t\t<figure><img decoding=\"async\" src=\"https:\/\/regiontatry.sk\/wp-content\/uploads\/2018\/09\/inline.jpg\" alt=\"\"\n\t\t\t\t\t\t\t\t title=\"inline\"\/><\/figure>\n\t\t\t\t\t\t\t\t<h3>In-line korcsoly\u00e1z\u00e1s<\/h3>\t\t\t\t\t\t\t<\/a>\n\t\t<\/div>\n\t<\/div>\n\t\n\n\t<div class=\"wp-block-cgb-block-creanet-grid category-list cell small-12 medium-4 cg\">\n\t\t<div class=\"cell small-12 medium-12 large-12 medium-order-1\">\n\t\t\t<a href=\"https:\/\/regiontatry.sk\/sport\/virtualne-preteky\/\">\n\t\t\t\t<div class=\"background-grid-color\"><\/div>\n\t\t\t\t\t\t\t\t\t<figure><img decoding=\"async\" src=\"https:\/\/regiontatry.sk\/wp-content\/uploads\/2018\/09\/beh-v-tatrach.jpg\" alt=\"\"\n\t\t\t\t\t\t\t\t title=\"beh v tatrach\"\/><\/figure>\n\t\t\t\t\t\t\t\t<h3>Virtu\u00e1lis versenyek<\/h3>\t\t\t\t\t\t\t<\/a>\n\t\t<\/div>\n\t<\/div>\n\t","protected":false},"excerpt":{"rendered":"<p>A Magas T\u00e1tra k\u00f6rnyezete t\u00f6bb aspektust foglal mag\u00e1ba a kiv\u00e1l\u00f3 sport\u00e9lm\u00e9nyekhez. A var\u00e1zslatos term\u00e9szet, a kiv\u00e1l\u00f3 klimatikus felt\u00e9telek \u00e9s a tengerszint feletti magass\u00e1geg\u00e9szs\u00e9ges magashegyi leveg\u0151vel minden sportaktivit\u00e1st egyed\u00fcl\u00e1ll\u00f3v\u00e1 tesznek. Ha szeret golfot j\u00e1tszani, lovagolni, fut vagy korcsoly\u00e1zik, ezt az \u00e9lm\u00e9nyt T\u00e1tr\u00e1ban nem hagyhatja el\u00faszni.<\/p>\n","protected":false},"author":1,"featured_media":7986871,"parent":0,"menu_order":0,"comment_status":"closed","ping_status":"closed","template":"template-list.php","meta":{"footnotes":""},"class_list":["post-7986869","page","type-page","status-publish","has-post-thumbnail","hentry"],"_links":{"self":[{"href":"https:\/\/regiontatry.sk\/hu\/wp-json\/wp\/v2\/pages\/7986869"}],"collection":[{"href":"https:\/\/regiontatry.sk\/hu\/wp-json\/wp\/v2\/pages"}],"about":[{"href":"https:\/\/regiontatry.sk\/hu\/wp-json\/wp\/v2\/types\/page"}],"author":[{"embeddable":true,"href":"https:\/\/regiontatry.sk\/hu\/wp-json\/wp\/v2\/users\/1"}],"replies":[{"embeddable":true,"href":"https:\/\/regiontatry.sk\/hu\/wp-json\/wp\/v2\/comments?post=7986869"}],"version-history":[{"count":3,"href":"https:\/\/regiontatry.sk\/hu\/wp-json\/wp\/v2\/pages\/7986869\/revisions"}],"predecessor-version":[{"id":11146024,"href":"https:\/\/regiontatry.sk\/hu\/wp-json\/wp\/v2\/pages\/7986869\/revisions\/11146024"}],"wp:featuredmedia":[{"embeddable":true,"href":"https:\/\/regiontatry.sk\/hu\/wp-json\/wp\/v2\/media\/7986871"}],"wp:attachment":[{"href":"https:\/\/regiontatry.sk\/hu\/wp-json\/wp\/v2\/media?parent=7986869"}],"curies":[{"name":"wp","href":"https:\/\/api.w.org\/{rel}","templated":true}]}}