{"id":7986918,"date":"2018-08-30T16:19:11","date_gmt":"2018-08-30T14:19:11","guid":{"rendered":"https:\/\/regiontatry.sk\/clnkovanie-na-strbskom-plese\/"},"modified":"2022-04-28T14:03:51","modified_gmt":"2022-04-28T12:03:51","slug":"csonakazas-a-tengerszemen","status":"publish","type":"page","link":"https:\/\/regiontatry.sk\/hu\/csonakazas-a-tengerszemen\/","title":{"rendered":"CS\u00d3NAK\u00c1Z\u00c1S A TENGERSZEMEN"},"content":{"rendered":"\n<p>A Csorbat\u00f3n \u00e9s \u00daj Csorbat\u00f3n val\u00f3 cs\u00f3nak\u00e1z\u00e1s hagyom\u00e1ny\u00e1nak t\u00f6bb mint 130 \u00e9ves t\u00f6rt\u00e9nete van. 2008. j\u00falius 5.-\u00e9n Csorbat\u00f3n a cs\u00f3nak\u00e1z\u00e1s 25 \u00e9v ut\u00e1n ism\u00e9t meg\u00fajult. A tavat \u201emegnyitott\u00e1k\u201d \u00e9s \u00d6n\u00f6k a fel\u00fclet\u00e9r\u0151l gy\u00f6ny\u00f6rk\u00f6dhetnek a Szoliszk\u00f3ra val\u00f3 l\u00e1tk\u00e9pben \u00e9s \u00e9lvezhetik ennek a rendk\u00edv\u00fcli egyed\u00fcl\u00e1ll\u00f3s\u00e1gnak a nyugodalmas v\u00edzszintj\u00e9t, amely a vil\u00e1g h\u00e9t csod\u00e1ja egyik\u00e9\u00e9rt k\u00fczd\u00f6tt.<\/p>\n\n\n\n<p>Rendelkez\u00e9sre 22 cs\u00f3nak \u00e1ll, melyek egy \u00fajonnan ki\u00e9p\u00edtett m\u00f3l\u00f3ban vannak kik\u00f6tve pazar kil\u00e1t\u00e1sokkal a t\u00e1trai hegytet\u0151kre. Kiv\u00e9teles \u00e9lm\u00e9ny lehet a mag\u00e1nevez\u0151 szolg\u00e1latai kihaszn\u00e1l\u00e1sa.<\/p>\n\n\n\n<p><strong>Tudta, hogy?<\/strong><\/p>\n\n\n\n<p>A m\u00faltban a cs\u00f3nak\u00e1z\u00e1s a tavon k\u00f6zvetlen\u00fcl az els\u0151 \u00e9p\u00fcletek meg\u00e9p\u00edt\u00e9s\u00e9t k\u00f6vet\u0151en kezd\u0151d\u00f6tt. M\u00e1r 1880. \u00e9vben volt itt m\u00f3l\u00f3 \u00e9s tet\u0151zet a cs\u00f3nakok sz\u00e1m\u00e1ra. Akkoriban a cs\u00f3nak\u00e1z\u00e1s n\u00e9pi sz\u00f3rakoz\u00e1snak sz\u00e1m\u00edtott, amely az id\u0151j\u00e1r\u00e1s szerint m\u00e1just\u00f3l okt\u00f3berig tartott. A cs\u00f3nak\u00e1z\u00e1s \u00e9s f\u00fcrd\u00e9s a 20. sz\u00e1zad 80-as \u00e9veiben ker\u00fclt betilt\u00e1sra v\u00e9delmi okokb\u00f3l. A Csorbat\u00f3 tava az \u00f6t\u00f6dik v\u00e9delmi fokozatba tartozik \u00e9s az \u00fczemeltet\u00e9se szigor\u00fa int\u00e9zked\u00e9sek al\u00e1 esik, mivel a vizekben egy v\u00e9dett halfaj \u00e9l a Coregonusmaraena.\u00a0 \u00a0<\/p>\n\n\n\n<ul class=\"wp-block-gallery columns-2 is-cropped wp-block-gallery-2 is-layout-flex wp-block-gallery-is-layout-flex\"><li class=\"blocks-gallery-item\"><figure><img loading=\"lazy\" decoding=\"async\" width=\"1024\" height=\"681\" src=\"https:\/\/regiontatry.sk\/wp-content\/uploads\/2018\/08\/Boating-at-the-lake2-1024x681.jpg\" alt=\"\" data-id=\"2722\" data-link=\"https:\/\/regiontatry.sk\/?attachment_id=2722\" class=\"wp-image-2722\" srcset=\"https:\/\/regiontatry.sk\/wp-content\/uploads\/2018\/08\/Boating-at-the-lake2-1024x681.jpg 1024w, https:\/\/regiontatry.sk\/wp-content\/uploads\/2018\/08\/Boating-at-the-lake2-1024x681-300x200.jpg 300w, https:\/\/regiontatry.sk\/wp-content\/uploads\/2018\/08\/Boating-at-the-lake2-1024x681-768x511.jpg 768w\" sizes=\"(max-width: 1024px) 100vw, 1024px\" \/><\/figure><\/li><li class=\"blocks-gallery-item\"><figure><img loading=\"lazy\" decoding=\"async\" width=\"800\" height=\"444\" src=\"https:\/\/regiontatry.sk\/wp-content\/uploads\/2018\/08\/clnkovanie_foto4.jpg\" alt=\"\" data-id=\"2727\" data-link=\"https:\/\/regiontatry.sk\/?attachment_id=2727\" class=\"wp-image-2727\" srcset=\"https:\/\/regiontatry.sk\/wp-content\/uploads\/2018\/08\/clnkovanie_foto4.jpg 800w, https:\/\/regiontatry.sk\/wp-content\/uploads\/2018\/08\/clnkovanie_foto4-300x167.jpg 300w, https:\/\/regiontatry.sk\/wp-content\/uploads\/2018\/08\/clnkovanie_foto4-768x426.jpg 768w\" sizes=\"(max-width: 800px) 100vw, 800px\" \/><\/figure><\/li><\/ul>\n\n\n\n<p><strong>Figyelm\u00fckbe:<\/strong><\/p>\n\n\n\n<ul class=\"wp-block-list\"><li>A cs\u00f3nakoz\u00e1s\nfolyam\u00e1n tilos a horg\u00e1szat, hal\u00e1szat \u00e9s vadkacs\u00e1k \u00e9s halak etet\u00e9se.<\/li><li>A cs\u00f3nakba\nnem engedett semmif\u00e9le ennival\u00f3t vagy k\u00e9zi poggy\u00e1szt vinni. A poggy\u00e1sz\nd\u00edjmentesen elhelyezhet\u0151 a kiszolg\u00e1l\u00f3 szem\u00e9lyzetn\u00e9l a kik\u00f6t\u0151m\u00f3l\u00f3n.<\/li><li>Cs\u00f3nak\u00e1z\u00e1s\nk\u00f6zben tilos a doh\u00e1nyz\u00e1s, hangoskod\u00e1s\u00e9s hullad\u00e9k dob\u00e1l\u00e1sa a v\u00edzbe.<\/li><li>Tilos a\nf\u00fcrd\u00e9s \u00e9s a cs\u00f3nakb\u00f3l val\u00f3 v\u00edzbe ugr\u00e1l\u00e1s.<\/li><li>A cs\u00f3nakba\nval\u00f3 be- \u00e9s kisz\u00e1ll\u00e1s csak a kik\u00f6t\u0151m\u00f3l\u00f3n lehets\u00e9ges, a kik\u00f6t\u0151m\u00f3l\u00f3n k\u00edv\u00fcl a\ncs\u00f3nakkal kik\u00f6tni \u00e9s abb\u00f3l kisz\u00e1llni nem megengedett.<\/li><li>Tilos a\ncs\u00f3nak vezet\u00e9se alkohol, k\u00e1b\u00edt\u00f3- \u00e9s pszichotr\u00f3p szer hat\u00e1sa alatt, illetve\negy\u00e9b m\u00f3don vesz\u00e9lyeztetni a cs\u00f3nak\u00e1z\u00e1s biztons\u00e1g\u00e1t.<\/li><li>A cs\u00f3nak\u00e1z\u00e1s\n3 \u00e9vest\u0151l id\u0151sebb gyerekek sz\u00e1m\u00e1ra megengedett. (A cs\u00f3nak\u00e1z\u00e1s napj\u00e1n be kell\n\u00e9rnie a 3 \u00e9vet.)<\/li><\/ul>\n\n\n\n<h3 class=\"wp-block-heading\"><br>T\u00f6bb a Csorbat\u00f3n val\u00f3 cs\u00f3nak\u00e1z\u00e1sr\u00f3l a <a rel=\"noopener noreferrer\" href=\"https:\/\/www.vt.sk\/hory\/letne-atrakcie\/clnkovanie-na-plese\/\" target=\"_blank\">www.vt.sk<\/a> oldalon.<\/h3>\n\n\n\n<figure class=\"wp-block-image\"><img loading=\"lazy\" decoding=\"async\" width=\"1444\" height=\"436\" src=\"https:\/\/regiontatry.sk\/wp-content\/uploads\/2018\/08\/034487.jpg\" alt=\"\" class=\"wp-image-2732\" srcset=\"https:\/\/regiontatry.sk\/wp-content\/uploads\/2018\/08\/034487.jpg 1444w, https:\/\/regiontatry.sk\/wp-content\/uploads\/2018\/08\/034487-300x91.jpg 300w, https:\/\/regiontatry.sk\/wp-content\/uploads\/2018\/08\/034487-768x232.jpg 768w, https:\/\/regiontatry.sk\/wp-content\/uploads\/2018\/08\/034487-1024x309.jpg 1024w\" sizes=\"(max-width: 1444px) 100vw, 1444px\" \/><\/figure>\n","protected":false},"excerpt":{"rendered":"<p>A Csorbat\u00f3n \u00e9s \u00daj Csorbat\u00f3n val\u00f3 cs\u00f3nak\u00e1z\u00e1s hagyom\u00e1ny\u00e1nak t\u00f6bb mint 130 \u00e9ves t\u00f6rt\u00e9nete van. 2008. j\u00falius 5.-\u00e9n Csorbat\u00f3n a cs\u00f3nak\u00e1z\u00e1s 25 \u00e9v ut\u00e1n ism\u00e9t meg\u00fajult. A tavat \u201emegnyitott\u00e1k\u201d \u00e9s \u00d6n\u00f6k a fel\u00fclet\u00e9r\u0151l gy\u00f6ny\u00f6rk\u00f6dhetnek a Szoliszk\u00f3ra val\u00f3 l\u00e1tk\u00e9pben \u00e9s \u00e9lvezhetik ennek a rendk\u00edv\u00fcli egyed\u00fcl\u00e1ll\u00f3s\u00e1gnak a nyugodalmas v\u00edzszintj\u00e9t, amely a vil\u00e1g h\u00e9t csod\u00e1ja egyik\u00e9\u00e9rt k\u00fczd\u00f6tt. Rendelkez\u00e9sre 22 [&hellip;]<\/p>\n","protected":false},"author":1,"featured_media":9810712,"parent":0,"menu_order":0,"comment_status":"closed","ping_status":"closed","template":"template-list.php","meta":{"footnotes":""},"class_list":["post-7986918","page","type-page","status-publish","has-post-thumbnail","hentry"],"_links":{"self":[{"href":"https:\/\/regiontatry.sk\/hu\/wp-json\/wp\/v2\/pages\/7986918"}],"collection":[{"href":"https:\/\/regiontatry.sk\/hu\/wp-json\/wp\/v2\/pages"}],"about":[{"href":"https:\/\/regiontatry.sk\/hu\/wp-json\/wp\/v2\/types\/page"}],"author":[{"embeddable":true,"href":"https:\/\/regiontatry.sk\/hu\/wp-json\/wp\/v2\/users\/1"}],"replies":[{"embeddable":true,"href":"https:\/\/regiontatry.sk\/hu\/wp-json\/wp\/v2\/comments?post=7986918"}],"version-history":[{"count":2,"href":"https:\/\/regiontatry.sk\/hu\/wp-json\/wp\/v2\/pages\/7986918\/revisions"}],"predecessor-version":[{"id":7986928,"href":"https:\/\/regiontatry.sk\/hu\/wp-json\/wp\/v2\/pages\/7986918\/revisions\/7986928"}],"wp:featuredmedia":[{"embeddable":true,"href":"https:\/\/regiontatry.sk\/hu\/wp-json\/wp\/v2\/media\/9810712"}],"wp:attachment":[{"href":"https:\/\/regiontatry.sk\/hu\/wp-json\/wp\/v2\/media?parent=7986918"}],"curies":[{"name":"wp","href":"https:\/\/api.w.org\/{rel}","templated":true}]}}