{"id":7998509,"date":"2018-07-13T11:15:31","date_gmt":"2018-07-13T09:15:31","guid":{"rendered":"https:\/\/regiontatry.sk\/tatranska-lyzovacka\/"},"modified":"2023-03-03T21:58:56","modified_gmt":"2023-03-03T20:58:56","slug":"tatrai-sizes","status":"publish","type":"page","link":"https:\/\/regiontatry.sk\/hu\/sizes\/tatrai-sizes\/","title":{"rendered":"T\u00c1TRAI S\u00cdZ\u00c9S"},"content":{"rendered":"\n<p>Engedjen meg mag\u00e1nak egy t\u00e9li kalanddal teli megism\u00e9telhetetlen szabads\u00e1got \u00e9s \u00e9ljen \u00e1t egy \u00e1loms\u00edz\u00e9st. S\u00edeljen Magas T\u00e1tr\u00e1ban, amely<strong>&nbsp;24 kilom\u00e9ter \u00e1lland\u00f3an kezelt s\u00edp\u00e1ly\u00e1t<\/strong> k\u00edn\u00e1l valamint h\u00f3garanci\u00e1t az \u00e9v 5 h\u00f3napj\u00e1ban. A T\u00e1tralomnic, Csorbat\u00f3 \u00e9s \u00d3t\u00e1traf\u00fcred cs\u00facsk\u00f6zpontokban <strong>20 korszer\u0171 k\u00f6t\u00e9lp\u00e1lya \u00e9s felvon\u00f3<\/strong> sz\u00e1ll\u00edtja fel a fellegekbe.<\/p>\n\n\n\n<p>Az eg\u00e9sz Magas T\u00e1tr\u00e1ban egy <strong>egys\u00e9ges<\/strong> <strong>t\u00e1trai skipass<\/strong>-szal s\u00edel, melegedni \u00e9s sz\u00f3rakozni az&nbsp;<strong>Apres Ski<\/strong>-ban lehet minden k\u00f6zpontban \u00e9s k\u00f6zvetlen\u00fcl a lejt\u0151re val\u00f3 \u00e1thelyezked\u00e9sben <a href=\"https:\/\/regiontatry.sk\/lyzovanie\/ski-aqua-bus\/\"><strong>term\u00e9szetbar\u00e1t SKIbus <\/strong>seg\u00edti<strong>.<\/strong><\/a><\/p>\n\n\n\n<p>Ragadtassa el mag\u00e1t a magashegyi panor\u00e1m\u00e1kkal \u00e9s fantasztikus atmoszf\u00e9r\u00e1val, amelyet a <strong>vil\u00e1g<\/strong> <strong>legkisebb hegy\u00f3ri\u00e1sa<\/strong> k\u00edn\u00e1l t\u00e9len.<br><\/p>\n\n\n\t<a href=\"\/hu\/sizes\/tatralomnic\/\" class=\"wp-block-cgb-block-creanet-list category-list grid-x grid-padding-x align-middle\">\n\t\t\t\t\t<div class=\"small-12 medium-6 large-5\">\n\t\t\t\t<figure><img src='https:\/\/regiontatry.sk\/wp-content\/uploads\/2018\/10\/c_Marek_Hajkovsky_foto_Tatry_zimna_sezona_3000.jpg'\n\t\t\t\t\t\talt=''\n\t\t\t\t\t\ttitle='c_Marek_Hajkovsky_foto_Tatry_zimna_sezona_3000'\n\t\t\t\t\t\/><\/figure>\n\t\t\t<\/div>\n\t\t\n\n\t\t<div class=\"cell small-12 medium-5 large-7\">\n\t\t\t<h3>A legmeredekebb s\u00edp\u00e1ly\u00e1n Szlov\u00e1ki\u00e1ban<\/h3>\n\t\t\t<p>A legkorszer\u0171bb szlov\u00e1k s\u00edk\u00f6zpontban,T\u00e1trlomnicban 2190 m tengerszint feletti magass\u00e1gban a legmeredekebb lejt\u0151n s\u00edelhet a Lomnici-nyeregb\u0151l.<br> Ak\u00e1r 1 300 m szintk\u00fcl\u00f6nbs\u00e9g, 5-havi h\u00f3garancia, legkorszer\u0171bb 15 f\u00e9r\u0151helyes f\u00fclk\u00e9s k\u00f6t\u00e9lp\u00e1lya \u00e1s kisz\u00e9les\u00edtett s\u00edp\u00e1ly\u00e1k kiv\u00e1l\u00f3 \u00e9lm\u00e9ny garanci\u00e1i az els\u0151 oszt\u00e1ly\u00fa 5,5 kilom\u00e9teres, \u00e9s ak\u00e1r 60 m sz\u00e9less\u00e9g\u0171 carving-p\u00e1ly\u00e1n.<br><\/p>\n\t\t<\/div>\n\t<\/a>\n\n\t\n\n\t<a href=\"\/hu\/sizes\/csorbato\/\" class=\"wp-block-cgb-block-creanet-list category-list grid-x grid-padding-x align-middle\">\n\t\t\t\t\t<div class=\"small-12 medium-6 large-5\">\n\t\t\t\t<figure><img src='https:\/\/regiontatry.sk\/wp-content\/uploads\/2018\/10\/ski_strbske.jpeg'\n\t\t\t\t\t\talt=''\n\t\t\t\t\t\ttitle='ski_strbske'\n\t\t\t\t\t\/><\/figure>\n\t\t\t<\/div>\n\t\t\n\n\t\t<div class=\"cell small-12 medium-5 large-7\">\n\t\t\t<h3>S\u00edz\u0151k \u00e1ltal k\u00f6zkedvelt Csorbat\u00f3<\/h3>\n\t\t\t<p>A Csorbat\u00f3 k\u00f6zpont a legmagasabban elhelyezkedett s\u00edk\u00f6zpont als\u00f3 \u00e1llom\u00e1ssal 1400 m t.f. magass\u00e1gban,\u00e9s a leghosszabb s\u00edszezonnal Szlov\u00e1ki\u00e1ban. <br>A s\u00edz\u0151k sz\u00e1m\u00e1ra 9 kilom\u00e9ter k\u00f6nny\u0171 \u00e9s k\u00f6zepes neh\u00e9zs\u00e9g\u0171 s\u00edp\u00e1ly\u00e1t k\u00edn\u00e1l, melyeket gyermekes csal\u00e1dok \u00e9s halad\u00f3 s\u00edz\u0151k szeretnek haszn\u00e1lni.<br><\/p>\n\t\t<\/div>\n\t<\/a>\n\n\t\n\n\t<a href=\"\/hu\/sizes\/otatrafured\/\" class=\"wp-block-cgb-block-creanet-list category-list grid-x grid-padding-x align-middle\">\n\t\t\t\t\t<div class=\"small-12 medium-6 large-5\">\n\t\t\t\t<figure><img src='https:\/\/regiontatry.sk\/wp-content\/uploads\/2018\/09\/Maxiland-for-children_800.jpg'\n\t\t\t\t\t\talt=''\n\t\t\t\t\t\ttitle='Maxiland-for-children_800'\n\t\t\t\t\t\/><\/figure>\n\t\t\t<\/div>\n\t\t\n\n\t\t<div class=\"cell small-12 medium-5 large-7\">\n\t\t\t<h3>Az elsz\u00e1nt kezd\u0151k sz\u00e1m\u00e1ra<\/h3>\n\t\t\t<p>\u00d3t\u00e1traf\u00fcred a nem ig\u00e9nyes p\u00e1ly\u00e1ival ide\u00e1lis v\u00e1laszt\u00e1s a kis gyerekek \u00e9s teljes kezd\u0151k sz\u00e1m\u00e1ra. A s\u00ediskola oktat\u00f3i professzion\u00e1lis csapata bemutatja ezt a gy\u00f6ny\u00f6r\u0171 sportot \u00e9s megtan\u00edtja a megfelel\u0151 technik\u00e1j\u00e1t.<br><\/p>\n\t\t<\/div>\n\t<\/a>\n\n\t\n\n\t<a href=\"\/hu\/sizes\/sifutas\/\" class=\"wp-block-cgb-block-creanet-list category-list grid-x grid-padding-x align-middle\">\n\t\t\t\t\t<div class=\"small-12 medium-6 large-5\">\n\t\t\t\t<figure><img src='https:\/\/regiontatry.sk\/wp-content\/uploads\/2018\/10\/Sni\u0301mka-obrazovky-2018-10-05-o-14.00.00.png'\n\t\t\t\t\t\talt=''\n\t\t\t\t\t\ttitle='Sni\u0301mka obrazovky 2018-10-05 o\u00a014.00.00'\n\t\t\t\t\t\/><\/figure>\n\t\t\t<\/div>\n\t\t\n\n\t\t<div class=\"cell small-12 medium-5 large-7\">\n\t\t\t<h3>T\u00e1trai hegyalja s\u00edfut\u00f3 l\u00e9ceken<\/h3>\n\t\t\t<p>A Magas T\u00e1tra r\u00e9gi\u00f3ban t\u00f6bb mint 61 km kezelt s\u00edfut\u00f3 p\u00e1ly\u00e1t pr\u00f3b\u00e1lhatnak ki. A s\u00edfut\u00e1s legnagyobb k\u00f6zpontja a Csorbat\u00f3. 8 professzion\u00e1lisan kezelt s\u00edfut\u00f3 k\u00f6rt k\u00edn\u00e1l 0,5-t\u0151l 5 kmhosszig. A T\u00e1tralomnic, \u00d3t\u00e1traf\u00fcred \u00e9s k\u00f6rny\u00e9k\u00fck \u00f6sszesen 30 km k\u00f6nny\u0171 \u00e9s k\u00f6zepes neh\u00e9zs\u00e9g\u0171 s\u00edfut\u00f3 p\u00e1ly\u00e1t k\u00edn\u00e1lnak. Halad\u00f3k, de kezd\u0151k is maguk\u00e9ra lelnek itt.<br><\/p>\n\t\t<\/div>\n\t<\/a>\n\n\t","protected":false},"excerpt":{"rendered":"<p>Engedjen meg mag\u00e1nak egy t\u00e9li kalanddal teli megism\u00e9telhetetlen szabads\u00e1got \u00e9s \u00e9ljen \u00e1t egy \u00e1loms\u00edz\u00e9st. S\u00edeljen Magas T\u00e1tr\u00e1ban, amely&nbsp;24 kilom\u00e9ter \u00e1lland\u00f3an kezelt s\u00edp\u00e1ly\u00e1t k\u00edn\u00e1l valamint h\u00f3garanci\u00e1t az \u00e9v 5 h\u00f3napj\u00e1ban. A T\u00e1tralomnic, Csorbat\u00f3 \u00e9s \u00d3t\u00e1traf\u00fcred cs\u00facsk\u00f6zpontokban 20 korszer\u0171 k\u00f6t\u00e9lp\u00e1lya \u00e9s felvon\u00f3 sz\u00e1ll\u00edtja fel a fellegekbe. Az eg\u00e9sz Magas T\u00e1tr\u00e1ban egy egys\u00e9ges t\u00e1trai skipass-szal s\u00edel, melegedni \u00e9s [&hellip;]<\/p>\n","protected":false},"author":1,"featured_media":7998511,"parent":8564929,"menu_order":0,"comment_status":"closed","ping_status":"closed","template":"template-simple-page.php","meta":{"footnotes":""},"class_list":["post-7998509","page","type-page","status-publish","has-post-thumbnail","hentry"],"_links":{"self":[{"href":"https:\/\/regiontatry.sk\/hu\/wp-json\/wp\/v2\/pages\/7998509"}],"collection":[{"href":"https:\/\/regiontatry.sk\/hu\/wp-json\/wp\/v2\/pages"}],"about":[{"href":"https:\/\/regiontatry.sk\/hu\/wp-json\/wp\/v2\/types\/page"}],"author":[{"embeddable":true,"href":"https:\/\/regiontatry.sk\/hu\/wp-json\/wp\/v2\/users\/1"}],"replies":[{"embeddable":true,"href":"https:\/\/regiontatry.sk\/hu\/wp-json\/wp\/v2\/comments?post=7998509"}],"version-history":[{"count":3,"href":"https:\/\/regiontatry.sk\/hu\/wp-json\/wp\/v2\/pages\/7998509\/revisions"}],"predecessor-version":[{"id":8565021,"href":"https:\/\/regiontatry.sk\/hu\/wp-json\/wp\/v2\/pages\/7998509\/revisions\/8565021"}],"up":[{"embeddable":true,"href":"https:\/\/regiontatry.sk\/hu\/wp-json\/wp\/v2\/pages\/8564929"}],"wp:featuredmedia":[{"embeddable":true,"href":"https:\/\/regiontatry.sk\/hu\/wp-json\/wp\/v2\/media\/7998511"}],"wp:attachment":[{"href":"https:\/\/regiontatry.sk\/hu\/wp-json\/wp\/v2\/media?parent=7998509"}],"curies":[{"name":"wp","href":"https:\/\/api.w.org\/{rel}","templated":true}]}}