{"id":7998525,"date":"2018-09-27T13:10:04","date_gmt":"2018-09-27T11:10:04","guid":{"rendered":"https:\/\/regiontatry.sk\/tatranska-lomnica\/"},"modified":"2025-11-28T14:46:28","modified_gmt":"2025-11-28T13:46:28","slug":"tatralomnic","status":"publish","type":"page","link":"https:\/\/regiontatry.sk\/hu\/sizes\/tatralomnic\/","title":{"rendered":"T\u00e1tralomnic"},"content":{"rendered":"\n<p>A legkorszer\u0171bb szlov\u00e1k s\u00edk\u00f6zpontban, T\u00e1tralomnicban 12 k\u00fcl\u00f6nb\u00f6z\u0151 neh\u00e9zs\u00e9g\u0171 s\u00edp\u00e1lya tal\u00e1lhat\u00f3.<\/p>\n\n\n\n<p>Ak\u00e1r 1&nbsp;300 m szintk\u00fcl\u00f6nbs\u00e9g, 5-havi h\u00f3garancia,&nbsp;<strong>legkorszer\u0171bb 15 f\u00e9r\u0151helyes f\u00fclk\u00e9s k\u00f6t\u00e9lp\u00e1lya<\/strong> \u00e1s kisz\u00e9les\u00edtett s\u00edp\u00e1ly\u00e1k kiv\u00e1l\u00f3 \u00e9lm\u00e9ny garanci\u00e1i az <strong>els\u0151 oszt\u00e1ly\u00fa 5,5 kilom\u00e9teres<\/strong>, \u00e9s ak\u00e1r 60 m sz\u00e9less\u00e9g\u0171 <strong>p\u00e1ly\u00e1n<\/strong>. A k\u00f6zpont tov\u00e1bb\u00e1 csaknem <strong>6 km legalacsonyabb neh\u00e9zs\u00e9g\u0171 s\u00edp\u00e1ly\u00e1t <\/strong>k\u00edn\u00e1l, amit f\u0151leg gyermekes csal\u00e1dok \u00e9rt\u00e9kelnek.<\/p>\n\n\n\n<p>Napf\u00e9nyes s\u00edz\u00e9st \u00e9lhet \u00e1t a&nbsp;<strong>legmagasabban fekv\u0151 \u00e9s legmeredekebb s\u00edp\u00e1ly\u00e1n a Lomnici-nyeregben<\/strong>&nbsp;(2190 m t.f.), amelyet a S\u00edel\u0151k sz\u00edv\u00e9nek is szokt\u00e1k nevezni.&nbsp;A Lomnici-nyeregben a freeride \u00e9s adrenalin im\u00e1d\u00f3k is maguk\u00e9ra lelnek.<\/p>\n\n\n\n<figure class=\"wp-block-gallery has-nested-images columns-default is-cropped wp-block-gallery-2 is-layout-flex wp-block-gallery-is-layout-flex\">\n<figure class=\"wp-block-image size-large\"><img loading=\"lazy\" decoding=\"async\" width=\"1024\" height=\"511\" data-id=\"11191254\" src=\"https:\/\/regiontatry.sk\/wp-content\/uploads\/2025\/11\/\u00a9-Marek-Hajkovsky-foto-VT-kampan-zima-2024_3-1024x511.jpg\" alt=\"\" class=\"wp-image-11191254\" srcset=\"https:\/\/regiontatry.sk\/wp-content\/uploads\/2025\/11\/\u00a9-Marek-Hajkovsky-foto-VT-kampan-zima-2024_3-1024x511.jpg 1024w, https:\/\/regiontatry.sk\/wp-content\/uploads\/2025\/11\/\u00a9-Marek-Hajkovsky-foto-VT-kampan-zima-2024_3-300x150.jpg 300w, https:\/\/regiontatry.sk\/wp-content\/uploads\/2025\/11\/\u00a9-Marek-Hajkovsky-foto-VT-kampan-zima-2024_3-768x384.jpg 768w, https:\/\/regiontatry.sk\/wp-content\/uploads\/2025\/11\/\u00a9-Marek-Hajkovsky-foto-VT-kampan-zima-2024_3-1536x767.jpg 1536w, https:\/\/regiontatry.sk\/wp-content\/uploads\/2025\/11\/\u00a9-Marek-Hajkovsky-foto-VT-kampan-zima-2024_3-860x429.jpg 860w, https:\/\/regiontatry.sk\/wp-content\/uploads\/2025\/11\/\u00a9-Marek-Hajkovsky-foto-VT-kampan-zima-2024_3-698x349.jpg 698w, https:\/\/regiontatry.sk\/wp-content\/uploads\/2025\/11\/\u00a9-Marek-Hajkovsky-foto-VT-kampan-zima-2024_3-552x276.jpg 552w, https:\/\/regiontatry.sk\/wp-content\/uploads\/2025\/11\/\u00a9-Marek-Hajkovsky-foto-VT-kampan-zima-2024_3.jpg 1600w\" sizes=\"(max-width: 1024px) 100vw, 1024px\" \/><\/figure>\n\n\n\n<figure class=\"wp-block-image\"><img loading=\"lazy\" decoding=\"async\" width=\"1024\" height=\"683\" data-id=\"9487978\" src=\"https:\/\/regiontatry.sk\/wp-content\/uploads\/2024\/02\/TAT-220-1-1024x683.jpg\" alt=\"\" class=\"wp-image-9487978\" srcset=\"https:\/\/regiontatry.sk\/wp-content\/uploads\/2024\/02\/TAT-220-1-1024x683.jpg 1024w, https:\/\/regiontatry.sk\/wp-content\/uploads\/2024\/02\/TAT-220-1-300x200.jpg 300w, https:\/\/regiontatry.sk\/wp-content\/uploads\/2024\/02\/TAT-220-1-768x512.jpg 768w, https:\/\/regiontatry.sk\/wp-content\/uploads\/2024\/02\/TAT-220-1-698x466.jpg 698w, https:\/\/regiontatry.sk\/wp-content\/uploads\/2024\/02\/TAT-220-1-552x368.jpg 552w, https:\/\/regiontatry.sk\/wp-content\/uploads\/2024\/02\/TAT-220-1.jpg 1318w\" sizes=\"(max-width: 1024px) 100vw, 1024px\" \/><\/figure>\n\n\n\n<figure class=\"wp-block-image\"><img loading=\"lazy\" decoding=\"async\" width=\"900\" height=\"600\" data-id=\"13508\" src=\"https:\/\/regiontatry.sk\/wp-content\/uploads\/2018\/11\/Lomnicke-sedlo-Vysoke\u0301-Tatry-TMR-Autor-Marek-Hajkovsky_900x600.jpg\" alt=\"\" class=\"wp-image-13508\" srcset=\"https:\/\/regiontatry.sk\/wp-content\/uploads\/2018\/11\/Lomnicke-sedlo-Vysoke\u0301-Tatry-TMR-Autor-Marek-Hajkovsky_900x600.jpg 900w, https:\/\/regiontatry.sk\/wp-content\/uploads\/2018\/11\/Lomnicke-sedlo-Vysoke\u0301-Tatry-TMR-Autor-Marek-Hajkovsky_900x600-300x200.jpg 300w, https:\/\/regiontatry.sk\/wp-content\/uploads\/2018\/11\/Lomnicke-sedlo-Vysoke\u0301-Tatry-TMR-Autor-Marek-Hajkovsky_900x600-768x512.jpg 768w, https:\/\/regiontatry.sk\/wp-content\/uploads\/2018\/11\/Lomnicke-sedlo-Vysoke\u0301-Tatry-TMR-Autor-Marek-Hajkovsky_900x600-698x465.jpg 698w, https:\/\/regiontatry.sk\/wp-content\/uploads\/2018\/11\/Lomnicke-sedlo-Vysoke\u0301-Tatry-TMR-Autor-Marek-Hajkovsky_900x600-552x368.jpg 552w\" sizes=\"(max-width: 900px) 100vw, 900px\" \/><\/figure>\n<\/figure>\n\n\n\n<p><br>A Lomnici-cs\u00facson 2 634 m\u00e9ter magass\u00e1gban a st\u00edlusos Dedo k\u00e1v\u00e9z\u00f3ban kiv\u00e9teles k\u00e1v\u00e9t \u00e9lvezhet, amelyhez a luxusos l\u00e9gk\u00f6r\u00f6n k\u00edv\u00fcl a panor\u00e1m\u00e1s kil\u00e1t\u00e1ssal kapcsolatos felejthetetlen \u00e9rz\u00e9seket is felt\u00e1lalnak.<\/p>\n\n\n\n<p>Megpihenni \u00e9s energi\u00e1t t\u00f6lteni a K\u0151-pataki-tavi \u00c9tteremben lehet, a Pizza \u2013 Pasta Restaurant-ban a \u0160tart \u00e1llom\u00e1son vagy T\u00e1tr\u00e1ban \u00e9s Szlov\u00e1ki\u00e1ban a legnagyobb Apr\u00e8s-ski b\u00e1rban, amely a k\u00f6t\u00e9lp\u00e1lya v\u00f6lgyi \u00e1llom\u00e1s\u00e1n\u00e1l tal\u00e1lhat\u00f3.<\/p>\n\n\n\n<figure class=\"wp-block-gallery has-nested-images columns-default is-cropped wp-block-gallery-3 is-layout-flex wp-block-gallery-is-layout-flex\">\n<figure class=\"wp-block-image size-large\"><img loading=\"lazy\" decoding=\"async\" width=\"1024\" height=\"755\" data-id=\"9487964\" src=\"https:\/\/regiontatry.sk\/wp-content\/uploads\/2024\/02\/c-Marek-Hajkovsky-foto-LS-2018_11_11zon-1-1-1024x755.jpg\" alt=\"\" class=\"wp-image-9487964\" srcset=\"https:\/\/regiontatry.sk\/wp-content\/uploads\/2024\/02\/c-Marek-Hajkovsky-foto-LS-2018_11_11zon-1-1-1024x755.jpg 1024w, https:\/\/regiontatry.sk\/wp-content\/uploads\/2024\/02\/c-Marek-Hajkovsky-foto-LS-2018_11_11zon-1-1-300x221.jpg 300w, https:\/\/regiontatry.sk\/wp-content\/uploads\/2024\/02\/c-Marek-Hajkovsky-foto-LS-2018_11_11zon-1-1-768x566.jpg 768w, https:\/\/regiontatry.sk\/wp-content\/uploads\/2024\/02\/c-Marek-Hajkovsky-foto-LS-2018_11_11zon-1-1-1920x1415.jpg 1920w, https:\/\/regiontatry.sk\/wp-content\/uploads\/2024\/02\/c-Marek-Hajkovsky-foto-LS-2018_11_11zon-1-1-1705x1257.jpg 1705w, https:\/\/regiontatry.sk\/wp-content\/uploads\/2024\/02\/c-Marek-Hajkovsky-foto-LS-2018_11_11zon-1-1-698x514.jpg 698w, https:\/\/regiontatry.sk\/wp-content\/uploads\/2024\/02\/c-Marek-Hajkovsky-foto-LS-2018_11_11zon-1-1-552x407.jpg 552w\" sizes=\"(max-width: 1024px) 100vw, 1024px\" \/><\/figure>\n\n\n\n<figure class=\"wp-block-image size-large\"><img loading=\"lazy\" decoding=\"async\" width=\"1024\" height=\"663\" data-id=\"9487950\" src=\"https:\/\/regiontatry.sk\/wp-content\/uploads\/2024\/02\/c-Marek-Hajkovsky-foto-LS-2018_14_11zon-1024x663.jpg\" alt=\"\" class=\"wp-image-9487950\" srcset=\"https:\/\/regiontatry.sk\/wp-content\/uploads\/2024\/02\/c-Marek-Hajkovsky-foto-LS-2018_14_11zon-1024x663.jpg 1024w, https:\/\/regiontatry.sk\/wp-content\/uploads\/2024\/02\/c-Marek-Hajkovsky-foto-LS-2018_14_11zon-300x194.jpg 300w, https:\/\/regiontatry.sk\/wp-content\/uploads\/2024\/02\/c-Marek-Hajkovsky-foto-LS-2018_14_11zon-768x497.jpg 768w, https:\/\/regiontatry.sk\/wp-content\/uploads\/2024\/02\/c-Marek-Hajkovsky-foto-LS-2018_14_11zon-1920x1243.jpg 1920w, https:\/\/regiontatry.sk\/wp-content\/uploads\/2024\/02\/c-Marek-Hajkovsky-foto-LS-2018_14_11zon-1705x1104.jpg 1705w, https:\/\/regiontatry.sk\/wp-content\/uploads\/2024\/02\/c-Marek-Hajkovsky-foto-LS-2018_14_11zon-698x452.jpg 698w, https:\/\/regiontatry.sk\/wp-content\/uploads\/2024\/02\/c-Marek-Hajkovsky-foto-LS-2018_14_11zon-552x357.jpg 552w\" sizes=\"(max-width: 1024px) 100vw, 1024px\" \/><\/figure>\n\n\n\n<figure class=\"wp-block-image size-large\"><img loading=\"lazy\" decoding=\"async\" width=\"1024\" height=\"681\" data-id=\"9487993\" src=\"https:\/\/regiontatry.sk\/wp-content\/uploads\/2024\/02\/c-Marek-Hajkovsky-foto-LS-2020_134_11zon-1024x681.jpg\" alt=\"\" class=\"wp-image-9487993\" srcset=\"https:\/\/regiontatry.sk\/wp-content\/uploads\/2024\/02\/c-Marek-Hajkovsky-foto-LS-2020_134_11zon-1024x681.jpg 1024w, https:\/\/regiontatry.sk\/wp-content\/uploads\/2024\/02\/c-Marek-Hajkovsky-foto-LS-2020_134_11zon-300x200.jpg 300w, https:\/\/regiontatry.sk\/wp-content\/uploads\/2024\/02\/c-Marek-Hajkovsky-foto-LS-2020_134_11zon-768x511.jpg 768w, https:\/\/regiontatry.sk\/wp-content\/uploads\/2024\/02\/c-Marek-Hajkovsky-foto-LS-2020_134_11zon-1920x1278.jpg 1920w, https:\/\/regiontatry.sk\/wp-content\/uploads\/2024\/02\/c-Marek-Hajkovsky-foto-LS-2020_134_11zon-1705x1135.jpg 1705w, https:\/\/regiontatry.sk\/wp-content\/uploads\/2024\/02\/c-Marek-Hajkovsky-foto-LS-2020_134_11zon-698x464.jpg 698w, https:\/\/regiontatry.sk\/wp-content\/uploads\/2024\/02\/c-Marek-Hajkovsky-foto-LS-2020_134_11zon-552x367.jpg 552w\" sizes=\"(max-width: 1024px) 100vw, 1024px\" \/><\/figure>\n<\/figure>\n\n\n\n<p>K\u00f6zkedvelt tov\u00e1bb\u00e1 az Audi Ski Ar\u00e9na \u2013&nbsp;szlalom-p\u00e1lya id\u0151m\u00e9r\u00e9ssel.&nbsp;A p\u00e1lya az eg\u00e9sz t\u00e9l folyam\u00e1n a <strong>\u010cu\u010doriedky z\u00e1pad lejt\u0151n (a lejt\u0151 keleti oldala) <\/strong>helyezkedik el.<strong>&nbsp;<\/strong><br><\/p>\n\n\n\n<figure class=\"wp-block-image size-large\"><a href=\"https:\/\/regiontatry.sk\/wp-content\/uploads\/2025\/11\/mapa-TL_2025-26_rozmery_press_420-x-297_page-scaled.jpg\" data-rel=\"lightbox-image-0\" data-rl_title=\"\" data-rl_caption=\"\" title=\"\"><img loading=\"lazy\" decoding=\"async\" width=\"1024\" height=\"738\" src=\"https:\/\/regiontatry.sk\/wp-content\/uploads\/2025\/11\/mapa-TL_2025-26_rozmery_press_420-x-297_page-1024x738.jpg\" alt=\"\" class=\"wp-image-13150344\" srcset=\"https:\/\/regiontatry.sk\/wp-content\/uploads\/2025\/11\/mapa-TL_2025-26_rozmery_press_420-x-297_page-1024x738.jpg 1024w, https:\/\/regiontatry.sk\/wp-content\/uploads\/2025\/11\/mapa-TL_2025-26_rozmery_press_420-x-297_page-300x216.jpg 300w, https:\/\/regiontatry.sk\/wp-content\/uploads\/2025\/11\/mapa-TL_2025-26_rozmery_press_420-x-297_page-768x554.jpg 768w, https:\/\/regiontatry.sk\/wp-content\/uploads\/2025\/11\/mapa-TL_2025-26_rozmery_press_420-x-297_page-1536x1107.jpg 1536w, https:\/\/regiontatry.sk\/wp-content\/uploads\/2025\/11\/mapa-TL_2025-26_rozmery_press_420-x-297_page-2048x1476.jpg 2048w, https:\/\/regiontatry.sk\/wp-content\/uploads\/2025\/11\/mapa-TL_2025-26_rozmery_press_420-x-297_page-1920x1384.jpg 1920w, https:\/\/regiontatry.sk\/wp-content\/uploads\/2025\/11\/mapa-TL_2025-26_rozmery_press_420-x-297_page-1705x1229.jpg 1705w, https:\/\/regiontatry.sk\/wp-content\/uploads\/2025\/11\/mapa-TL_2025-26_rozmery_press_420-x-297_page-860x620.jpg 860w, https:\/\/regiontatry.sk\/wp-content\/uploads\/2025\/11\/mapa-TL_2025-26_rozmery_press_420-x-297_page-698x503.jpg 698w, https:\/\/regiontatry.sk\/wp-content\/uploads\/2025\/11\/mapa-TL_2025-26_rozmery_press_420-x-297_page-552x398.jpg 552w\" sizes=\"(max-width: 1024px) 100vw, 1024px\" \/><\/a><\/figure>\n\n\n\n<h3 class=\"wp-block-heading\"><br><strong><a href=\"https:\/\/www.vt.sk\/cenniky\/cennik-lanoviek\" target=\"_blank\" rel=\"noreferrer noopener\">A k\u00f6zpont weboldala<br><\/a><\/strong><\/h3>\n\n\n\n<p><\/p>\n","protected":false},"excerpt":{"rendered":"<p>A legkorszer\u0171bb szlov\u00e1k s\u00edk\u00f6zpontban, T\u00e1tralomnicban 12 k\u00fcl\u00f6nb\u00f6z\u0151 neh\u00e9zs\u00e9g\u0171 s\u00edp\u00e1lya tal\u00e1lhat\u00f3. Ak\u00e1r 1&nbsp;300 m szintk\u00fcl\u00f6nbs\u00e9g, 5-havi h\u00f3garancia,&nbsp;legkorszer\u0171bb 15 f\u00e9r\u0151helyes f\u00fclk\u00e9s k\u00f6t\u00e9lp\u00e1lya \u00e1s kisz\u00e9les\u00edtett s\u00edp\u00e1ly\u00e1k kiv\u00e1l\u00f3 \u00e9lm\u00e9ny garanci\u00e1i az els\u0151 oszt\u00e1ly\u00fa 5,5 kilom\u00e9teres, \u00e9s ak\u00e1r 60 m sz\u00e9less\u00e9g\u0171 p\u00e1ly\u00e1n. A k\u00f6zpont tov\u00e1bb\u00e1 csaknem 6 km legalacsonyabb neh\u00e9zs\u00e9g\u0171 s\u00edp\u00e1ly\u00e1t k\u00edn\u00e1l, amit f\u0151leg gyermekes csal\u00e1dok \u00e9rt\u00e9kelnek. Napf\u00e9nyes s\u00edz\u00e9st \u00e9lhet [&hellip;]<\/p>\n","protected":false},"author":2,"featured_media":11191245,"parent":8564929,"menu_order":0,"comment_status":"closed","ping_status":"closed","template":"template-list.php","meta":{"footnotes":""},"class_list":["post-7998525","page","type-page","status-publish","has-post-thumbnail","hentry"],"_links":{"self":[{"href":"https:\/\/regiontatry.sk\/hu\/wp-json\/wp\/v2\/pages\/7998525"}],"collection":[{"href":"https:\/\/regiontatry.sk\/hu\/wp-json\/wp\/v2\/pages"}],"about":[{"href":"https:\/\/regiontatry.sk\/hu\/wp-json\/wp\/v2\/types\/page"}],"author":[{"embeddable":true,"href":"https:\/\/regiontatry.sk\/hu\/wp-json\/wp\/v2\/users\/2"}],"replies":[{"embeddable":true,"href":"https:\/\/regiontatry.sk\/hu\/wp-json\/wp\/v2\/comments?post=7998525"}],"version-history":[{"count":7,"href":"https:\/\/regiontatry.sk\/hu\/wp-json\/wp\/v2\/pages\/7998525\/revisions"}],"predecessor-version":[{"id":13150351,"href":"https:\/\/regiontatry.sk\/hu\/wp-json\/wp\/v2\/pages\/7998525\/revisions\/13150351"}],"up":[{"embeddable":true,"href":"https:\/\/regiontatry.sk\/hu\/wp-json\/wp\/v2\/pages\/8564929"}],"wp:featuredmedia":[{"embeddable":true,"href":"https:\/\/regiontatry.sk\/hu\/wp-json\/wp\/v2\/media\/11191245"}],"wp:attachment":[{"href":"https:\/\/regiontatry.sk\/hu\/wp-json\/wp\/v2\/media?parent=7998525"}],"curies":[{"name":"wp","href":"https:\/\/api.w.org\/{rel}","templated":true}]}}