{"id":7998533,"date":"2018-09-27T13:15:10","date_gmt":"2018-09-27T11:15:10","guid":{"rendered":"https:\/\/regiontatry.sk\/strbske-pleso\/"},"modified":"2025-11-28T14:57:33","modified_gmt":"2025-11-28T13:57:33","slug":"csorbato","status":"publish","type":"page","link":"https:\/\/regiontatry.sk\/hu\/sizes\/csorbato\/","title":{"rendered":"Csorbat\u00f3"},"content":{"rendered":"\n<p>A Csorbat\u00f3 k\u00f6zpont a&nbsp;<strong>legmagasabban elhelyezkedett s\u00edk\u00f6zpont<\/strong> als\u00f3 \u00e1llom\u00e1ssal 1 351 m t.f. magass\u00e1gban \u00e9s a&nbsp;<strong>leghosszabb s\u00edszezonnal Szlov\u00e1ki\u00e1ban<\/strong>. Kit\u0171n\u0151 s\u00edfelt\u00e9telekkel \u00e9s kiv\u00e1l\u00f3 s\u00edp\u00e1ly\u00e1kkal vonzza a s\u00edz\u0151ket szlalomra, lesikl\u00e1sra vagy s\u00edfut\u00e1sra valamint a legmagasabb standard\u00fa szolg\u00e1ltat\u00e1sokkal.<\/p>\n\n\n\n<figure class=\"wp-block-image is-resized\"><img loading=\"lazy\" decoding=\"async\" width=\"3017\" height=\"1266\" src=\"https:\/\/regiontatry.sk\/wp-content\/uploads\/2018\/11\/NJf9YprQ.jpeg\" alt=\"\" class=\"wp-image-13540\" style=\"width:603px;height:auto\" srcset=\"https:\/\/regiontatry.sk\/wp-content\/uploads\/2018\/11\/NJf9YprQ.jpeg 3017w, https:\/\/regiontatry.sk\/wp-content\/uploads\/2018\/11\/NJf9YprQ-300x126.jpeg 300w, https:\/\/regiontatry.sk\/wp-content\/uploads\/2018\/11\/NJf9YprQ-768x322.jpeg 768w, https:\/\/regiontatry.sk\/wp-content\/uploads\/2018\/11\/NJf9YprQ-1024x430.jpeg 1024w, https:\/\/regiontatry.sk\/wp-content\/uploads\/2018\/11\/NJf9YprQ-1920x806.jpeg 1920w, https:\/\/regiontatry.sk\/wp-content\/uploads\/2018\/11\/NJf9YprQ-1705x715.jpeg 1705w, https:\/\/regiontatry.sk\/wp-content\/uploads\/2018\/11\/NJf9YprQ-698x293.jpeg 698w, https:\/\/regiontatry.sk\/wp-content\/uploads\/2018\/11\/NJf9YprQ-552x232.jpeg 552w\" sizes=\"(max-width: 3017px) 100vw, 3017px\" \/><\/figure>\n\n\n\n<h3 class=\"wp-block-heading\">\u00daj 8 szem\u00e9lyes felvon\u00f3 Csorbat\u00f3n<\/h3>\n\n\n\n<p>2025 december\u00e9t\u0151l \u00faj, <strong>8 szem\u00e9lyes <\/strong>Leitner \u00fcl\u0151lift kezdi meg m\u0171k\u00f6d\u00e9s\u00e9t Csorbat\u00f3n, amely az 1976-os r\u00e9gi felvon\u00f3t v\u00e1ltja fel. A levehet\u0151 \u00fcl\u00e9sekkel rendelkez\u0151 modern technol\u00f3gia k\u00e9nyelmes utaz\u00e1st biztos\u00edt, \u00f3r\u00e1nk\u00e9nt 2 400 f\u0151 kapacit\u00e1ssal. A felvon\u00f3 a <strong>Medvedia Kopa<\/strong> cs\u00facsra sz\u00e1ll\u00edtja a s\u00edel\u0151ket, ahonnan el\u00e9rhet\u0151 a <strong>Furkota felvon\u00f3, valamint az Interski \u00e9s Turistick\u00e1 s\u00edp\u00e1ly\u00e1k<\/strong>. Kedvez\u0151tlen id\u0151j\u00e1r\u00e1si k\u00f6r\u00fclm\u00e9nyek k\u00f6z\u00f6tt is biztons\u00e1gos sz\u00e1ll\u00edt\u00e1st ny\u00fajt, a bubor\u00e9kfed\u00e9lnek k\u00f6sz\u00f6nhet\u0151en pedig k\u00fcl\u00f6n\u00f6sen k\u00e9nyelmes \u2013 ide\u00e1lis csal\u00e1dok sz\u00e1m\u00e1ra.<\/p>\n\n\n\n<figure class=\"wp-block-gallery has-nested-images columns-default is-cropped wp-block-gallery-2 is-layout-flex wp-block-gallery-is-layout-flex\">\n<figure class=\"wp-block-image size-large\"><img loading=\"lazy\" decoding=\"async\" width=\"570\" height=\"428\" data-id=\"11193946\" src=\"https:\/\/regiontatry.sk\/wp-content\/uploads\/2025\/11\/csm_Nova_lanovka_na_Strbskom_Plese_3bb17c9101-edited-1.png\" alt=\"\" class=\"wp-image-11193946\" srcset=\"https:\/\/regiontatry.sk\/wp-content\/uploads\/2025\/11\/csm_Nova_lanovka_na_Strbskom_Plese_3bb17c9101-edited-1.png 570w, https:\/\/regiontatry.sk\/wp-content\/uploads\/2025\/11\/csm_Nova_lanovka_na_Strbskom_Plese_3bb17c9101-edited-1-300x225.png 300w, https:\/\/regiontatry.sk\/wp-content\/uploads\/2025\/11\/csm_Nova_lanovka_na_Strbskom_Plese_3bb17c9101-edited-1-552x414.png 552w\" sizes=\"(max-width: 570px) 100vw, 570px\" \/><\/figure>\n\n\n\n<figure class=\"wp-block-image size-large\"><img loading=\"lazy\" decoding=\"async\" width=\"1024\" height=\"657\" data-id=\"11193920\" src=\"https:\/\/regiontatry.sk\/wp-content\/uploads\/2025\/11\/\u00a9-Marek-Hajkovsky-foto-VT-strbske-pleso-1-1024x657.jpg\" alt=\"\" class=\"wp-image-11193920\" srcset=\"https:\/\/regiontatry.sk\/wp-content\/uploads\/2025\/11\/\u00a9-Marek-Hajkovsky-foto-VT-strbske-pleso-1-1024x657.jpg 1024w, https:\/\/regiontatry.sk\/wp-content\/uploads\/2025\/11\/\u00a9-Marek-Hajkovsky-foto-VT-strbske-pleso-1-300x193.jpg 300w, https:\/\/regiontatry.sk\/wp-content\/uploads\/2025\/11\/\u00a9-Marek-Hajkovsky-foto-VT-strbske-pleso-1-768x493.jpg 768w, https:\/\/regiontatry.sk\/wp-content\/uploads\/2025\/11\/\u00a9-Marek-Hajkovsky-foto-VT-strbske-pleso-1-1536x986.jpg 1536w, https:\/\/regiontatry.sk\/wp-content\/uploads\/2025\/11\/\u00a9-Marek-Hajkovsky-foto-VT-strbske-pleso-1-860x552.jpg 860w, https:\/\/regiontatry.sk\/wp-content\/uploads\/2025\/11\/\u00a9-Marek-Hajkovsky-foto-VT-strbske-pleso-1-698x448.jpg 698w, https:\/\/regiontatry.sk\/wp-content\/uploads\/2025\/11\/\u00a9-Marek-Hajkovsky-foto-VT-strbske-pleso-1-552x354.jpg 552w, https:\/\/regiontatry.sk\/wp-content\/uploads\/2025\/11\/\u00a9-Marek-Hajkovsky-foto-VT-strbske-pleso-1.jpg 1600w\" sizes=\"(max-width: 1024px) 100vw, 1024px\" \/><\/figure>\n<\/figure>\n\n\n\n<p>A Csorba-t\u00f3 Szlov\u00e1kia egyik legkeresettebb s\u00edk\u00f6zpontja. A s\u00edz\u0151k sz\u00e1m\u00e1ra <strong>9 kilom\u00e9ter k\u00f6nny\u0171 \u00e9s k\u00f6zepes neh\u00e9zs\u00e9g\u0171 s\u00edp\u00e1ly\u00e1t <\/strong>k\u00edn\u00e1l, melyeket gyermekes csal\u00e1dok \u00e9s halad\u00f3 s\u00edz\u0151k szeretnek haszn\u00e1lni.&nbsp;A gy\u0171jt\u0151-parkol\u00f3b\u00f3l vagy sz\u00e1llod\u00e1b\u00f3l gyakori id\u0151k\u00f6z\u00f6kben k\u00f6zvetlen\u00fcl a k\u00f6zpontba term\u00e9szetbar\u00e1t<a href=\"https:\/\/regiontatry.sk\/hu\/sizes\/si-aqua-busz\/\"> SKIbus <\/a>sz\u00e1ll\u00edtja fel k\u00e9nyelmesen.<\/p>\n\n\n\n<figure class=\"wp-block-gallery has-nested-images columns-default is-cropped wp-block-gallery-3 is-layout-flex wp-block-gallery-is-layout-flex\">\n<figure class=\"wp-block-image size-large\"><img loading=\"lazy\" decoding=\"async\" width=\"1024\" height=\"391\" data-id=\"7998541\" src=\"https:\/\/regiontatry.sk\/wp-content\/uploads\/2018\/11\/strbske_ski_2-1024x391.jpeg\" alt=\"\" class=\"wp-image-7998541\" srcset=\"https:\/\/regiontatry.sk\/wp-content\/uploads\/2018\/11\/strbske_ski_2-1024x391.jpeg 1024w, https:\/\/regiontatry.sk\/wp-content\/uploads\/2018\/11\/strbske_ski_2-300x114.jpeg 300w, https:\/\/regiontatry.sk\/wp-content\/uploads\/2018\/11\/strbske_ski_2-768x293.jpeg 768w, https:\/\/regiontatry.sk\/wp-content\/uploads\/2018\/11\/strbske_ski_2-1920x732.jpeg 1920w, https:\/\/regiontatry.sk\/wp-content\/uploads\/2018\/11\/strbske_ski_2-1705x650.jpeg 1705w, https:\/\/regiontatry.sk\/wp-content\/uploads\/2018\/11\/strbske_ski_2-698x266.jpeg 698w, https:\/\/regiontatry.sk\/wp-content\/uploads\/2018\/11\/strbske_ski_2-552x211.jpeg 552w\" sizes=\"(max-width: 1024px) 100vw, 1024px\" \/><\/figure>\n\n\n\n<figure class=\"wp-block-image size-large\"><img loading=\"lazy\" decoding=\"async\" width=\"1024\" height=\"581\" data-id=\"11191264\" src=\"https:\/\/regiontatry.sk\/wp-content\/uploads\/2025\/11\/\u00a9-Marek-Hajkovsky-foto-VT-strbske-pleso-1024x581.jpg\" alt=\"\" class=\"wp-image-11191264\" srcset=\"https:\/\/regiontatry.sk\/wp-content\/uploads\/2025\/11\/\u00a9-Marek-Hajkovsky-foto-VT-strbske-pleso-1024x581.jpg 1024w, https:\/\/regiontatry.sk\/wp-content\/uploads\/2025\/11\/\u00a9-Marek-Hajkovsky-foto-VT-strbske-pleso-300x170.jpg 300w, https:\/\/regiontatry.sk\/wp-content\/uploads\/2025\/11\/\u00a9-Marek-Hajkovsky-foto-VT-strbske-pleso-768x436.jpg 768w, https:\/\/regiontatry.sk\/wp-content\/uploads\/2025\/11\/\u00a9-Marek-Hajkovsky-foto-VT-strbske-pleso-1536x872.jpg 1536w, https:\/\/regiontatry.sk\/wp-content\/uploads\/2025\/11\/\u00a9-Marek-Hajkovsky-foto-VT-strbske-pleso-860x488.jpg 860w, https:\/\/regiontatry.sk\/wp-content\/uploads\/2025\/11\/\u00a9-Marek-Hajkovsky-foto-VT-strbske-pleso-698x396.jpg 698w, https:\/\/regiontatry.sk\/wp-content\/uploads\/2025\/11\/\u00a9-Marek-Hajkovsky-foto-VT-strbske-pleso-552x313.jpg 552w, https:\/\/regiontatry.sk\/wp-content\/uploads\/2025\/11\/\u00a9-Marek-Hajkovsky-foto-VT-strbske-pleso.jpg 1600w\" sizes=\"(max-width: 1024px) 100vw, 1024px\" \/><\/figure>\n<\/figure>\n\n\n\n<p>Csorbat\u00f3 a s\u00edfut\u00e1s legnagyobb k\u00f6zpontja T\u00e1tr\u00e1ban. A s\u00edfut\u00f3k sz\u00e1m\u00e1ra <strong>ak\u00e1r 20 km<\/strong> <strong>\u00f6sszhossz\u00fas\u00e1g\u00fa<\/strong> <a href=\"https:\/\/regiontatry.sk\/lyzovanie\/bezecke-lyzovanie\/\"><strong>s\u00edp\u00e1ly\u00e1k<\/strong><\/a><strong>&nbsp;<\/strong>\u00e1llnak rendelkez\u00e9sre. 7 professzion\u00e1lisan kezelt s\u00edfut\u00f3 k\u00f6rt k\u00edn\u00e1l 0,5-t\u0151l 5 km hosszig. A SNOW s\u00edfut\u00f3 ter\u00fclet a mesters\u00e9ges behavaz\u00e1snak k\u00f6sz\u00f6nhet\u0151en az eg\u00e9sz t\u00e9li szezon folyam\u00e1n haszn\u00e1lhat\u00f3. A k\u00fcl\u00f6nb\u00f6z\u0151 neh\u00e9zs\u00e9g \u00e9s t\u00f6bb k\u00f6r a kezd\u0151knek \u00e9s profiknak is \u00f6r\u00f6m\u00f6t szerez. Futhat a FIS sportter\u00fcleten, lass\u00fa temp\u00f3val pihenhet a Csorba-t\u00f3 k\u00f6r\u00fcl, vagy s\u00edfut\u00f3 l\u00e9ceken turista temp\u00f3val megn\u00e9zheti a Furkota-v\u00f6lgyet.<\/p>\n\n\n\n<figure class=\"wp-block-gallery has-nested-images columns-default is-cropped wp-block-gallery-4 is-layout-flex wp-block-gallery-is-layout-flex\">\n<figure class=\"wp-block-image size-large\"><img loading=\"lazy\" decoding=\"async\" width=\"1024\" height=\"609\" data-id=\"9577340\" src=\"https:\/\/regiontatry.sk\/wp-content\/uploads\/2024\/03\/c-Marek-Hajkovsky-foto-BEZKY-2021-21_11zon-1024x609.jpg\" alt=\"\" class=\"wp-image-9577340\" srcset=\"https:\/\/regiontatry.sk\/wp-content\/uploads\/2024\/03\/c-Marek-Hajkovsky-foto-BEZKY-2021-21_11zon-1024x609.jpg 1024w, https:\/\/regiontatry.sk\/wp-content\/uploads\/2024\/03\/c-Marek-Hajkovsky-foto-BEZKY-2021-21_11zon-300x178.jpg 300w, https:\/\/regiontatry.sk\/wp-content\/uploads\/2024\/03\/c-Marek-Hajkovsky-foto-BEZKY-2021-21_11zon-768x457.jpg 768w, https:\/\/regiontatry.sk\/wp-content\/uploads\/2024\/03\/c-Marek-Hajkovsky-foto-BEZKY-2021-21_11zon-1920x1142.jpg 1920w, https:\/\/regiontatry.sk\/wp-content\/uploads\/2024\/03\/c-Marek-Hajkovsky-foto-BEZKY-2021-21_11zon-1705x1014.jpg 1705w, https:\/\/regiontatry.sk\/wp-content\/uploads\/2024\/03\/c-Marek-Hajkovsky-foto-BEZKY-2021-21_11zon-698x415.jpg 698w, https:\/\/regiontatry.sk\/wp-content\/uploads\/2024\/03\/c-Marek-Hajkovsky-foto-BEZKY-2021-21_11zon-552x328.jpg 552w\" sizes=\"(max-width: 1024px) 100vw, 1024px\" \/><\/figure>\n\n\n\n<figure class=\"wp-block-image size-large\"><img loading=\"lazy\" decoding=\"async\" width=\"1024\" height=\"633\" data-id=\"8600544\" src=\"https:\/\/regiontatry.sk\/wp-content\/uploads\/2022\/11\/c-Marek-Hajkovsky-foto-BEZKY-2021-16_11zon-1-1024x633.jpg\" alt=\"\" class=\"wp-image-8600544\" srcset=\"https:\/\/regiontatry.sk\/wp-content\/uploads\/2022\/11\/c-Marek-Hajkovsky-foto-BEZKY-2021-16_11zon-1-1024x633.jpg 1024w, https:\/\/regiontatry.sk\/wp-content\/uploads\/2022\/11\/c-Marek-Hajkovsky-foto-BEZKY-2021-16_11zon-1-300x186.jpg 300w, https:\/\/regiontatry.sk\/wp-content\/uploads\/2022\/11\/c-Marek-Hajkovsky-foto-BEZKY-2021-16_11zon-1-768x475.jpg 768w, https:\/\/regiontatry.sk\/wp-content\/uploads\/2022\/11\/c-Marek-Hajkovsky-foto-BEZKY-2021-16_11zon-1-1920x1187.jpg 1920w, https:\/\/regiontatry.sk\/wp-content\/uploads\/2022\/11\/c-Marek-Hajkovsky-foto-BEZKY-2021-16_11zon-1-1705x1054.jpg 1705w, https:\/\/regiontatry.sk\/wp-content\/uploads\/2022\/11\/c-Marek-Hajkovsky-foto-BEZKY-2021-16_11zon-1-698x432.jpg 698w, https:\/\/regiontatry.sk\/wp-content\/uploads\/2022\/11\/c-Marek-Hajkovsky-foto-BEZKY-2021-16_11zon-1-552x341.jpg 552w\" sizes=\"(max-width: 1024px) 100vw, 1024px\" \/><\/figure>\n<\/figure>\n\n\n\n<p>Az adrenalin im\u00e1d\u00f3k megl\u00e1togathatj\u00e1k az attrakt\u00edv <strong>snowparkot<\/strong>&nbsp;az Interski lejt\u0151 bal oldal\u00e1n, ahol gyakran folynak k\u00f6zkedvelt sportos adrenalin versenyek.<\/p>\n\n\n\n<p>A var\u00e1zslatos atmoszf\u00e9r\u00e1j\u00fa legmagasabban fekv\u0151 t\u00e1trai telep\u00fcl\u00e9s pazar k\u00f6rnyezet\u00e9ben a gazdag t\u00f6rt\u00e9net\u00e9nek \u00e1s luxusos sz\u00e1llod\u00e1knak k\u00f6sz\u00f6nhet\u0151en is garant\u00e1lt a t\u00e9li sz\u00f3rakoz\u00e1ssal teli kiv\u00e1l\u00f3 s\u00edz\u00e9s.<br><\/p>\n\n\n\n<figure class=\"wp-block-image size-large\"><a href=\"https:\/\/regiontatry.sk\/wp-content\/uploads\/2025\/11\/mapa-SP_2025-26_rozmery_press_420-x-297_page-scaled.jpg\" data-rel=\"lightbox-image-0\" data-rl_title=\"\" data-rl_caption=\"\" title=\"\"><img loading=\"lazy\" decoding=\"async\" width=\"1024\" height=\"738\" src=\"https:\/\/regiontatry.sk\/wp-content\/uploads\/2025\/11\/mapa-SP_2025-26_rozmery_press_420-x-297_page-1024x738.jpg\" alt=\"\" class=\"wp-image-13150358\" srcset=\"https:\/\/regiontatry.sk\/wp-content\/uploads\/2025\/11\/mapa-SP_2025-26_rozmery_press_420-x-297_page-1024x738.jpg 1024w, https:\/\/regiontatry.sk\/wp-content\/uploads\/2025\/11\/mapa-SP_2025-26_rozmery_press_420-x-297_page-300x216.jpg 300w, https:\/\/regiontatry.sk\/wp-content\/uploads\/2025\/11\/mapa-SP_2025-26_rozmery_press_420-x-297_page-768x554.jpg 768w, https:\/\/regiontatry.sk\/wp-content\/uploads\/2025\/11\/mapa-SP_2025-26_rozmery_press_420-x-297_page-1536x1107.jpg 1536w, https:\/\/regiontatry.sk\/wp-content\/uploads\/2025\/11\/mapa-SP_2025-26_rozmery_press_420-x-297_page-2048x1476.jpg 2048w, https:\/\/regiontatry.sk\/wp-content\/uploads\/2025\/11\/mapa-SP_2025-26_rozmery_press_420-x-297_page-1920x1384.jpg 1920w, https:\/\/regiontatry.sk\/wp-content\/uploads\/2025\/11\/mapa-SP_2025-26_rozmery_press_420-x-297_page-1705x1229.jpg 1705w, https:\/\/regiontatry.sk\/wp-content\/uploads\/2025\/11\/mapa-SP_2025-26_rozmery_press_420-x-297_page-860x620.jpg 860w, https:\/\/regiontatry.sk\/wp-content\/uploads\/2025\/11\/mapa-SP_2025-26_rozmery_press_420-x-297_page-698x503.jpg 698w, https:\/\/regiontatry.sk\/wp-content\/uploads\/2025\/11\/mapa-SP_2025-26_rozmery_press_420-x-297_page-552x398.jpg 552w\" sizes=\"(max-width: 1024px) 100vw, 1024px\" \/><\/a><\/figure>\n\n\n\n<h3 class=\"wp-block-heading\"><br><strong><a href=\"http:\/\/www.vt.sk\/\" target=\"_blank\" rel=\"noreferrer noopener\">A k\u00f6zpont weboldala<br><\/a><\/strong><\/h3>\n","protected":false},"excerpt":{"rendered":"<p>A Csorbat\u00f3 k\u00f6zpont a&nbsp;legmagasabban elhelyezkedett s\u00edk\u00f6zpont als\u00f3 \u00e1llom\u00e1ssal 1 351 m t.f. magass\u00e1gban \u00e9s a&nbsp;leghosszabb s\u00edszezonnal Szlov\u00e1ki\u00e1ban. Kit\u0171n\u0151 s\u00edfelt\u00e9telekkel \u00e9s kiv\u00e1l\u00f3 s\u00edp\u00e1ly\u00e1kkal vonzza a s\u00edz\u0151ket szlalomra, lesikl\u00e1sra vagy s\u00edfut\u00e1sra valamint a legmagasabb standard\u00fa szolg\u00e1ltat\u00e1sokkal. \u00daj 8 szem\u00e9lyes felvon\u00f3 Csorbat\u00f3n 2025 december\u00e9t\u0151l \u00faj, 8 szem\u00e9lyes Leitner \u00fcl\u0151lift kezdi meg m\u0171k\u00f6d\u00e9s\u00e9t Csorbat\u00f3n, amely az 1976-os r\u00e9gi felvon\u00f3t [&hellip;]<\/p>\n","protected":false},"author":2,"featured_media":7998535,"parent":8564929,"menu_order":0,"comment_status":"closed","ping_status":"closed","template":"template-simple-page.php","meta":{"footnotes":""},"class_list":["post-7998533","page","type-page","status-publish","has-post-thumbnail","hentry"],"_links":{"self":[{"href":"https:\/\/regiontatry.sk\/hu\/wp-json\/wp\/v2\/pages\/7998533"}],"collection":[{"href":"https:\/\/regiontatry.sk\/hu\/wp-json\/wp\/v2\/pages"}],"about":[{"href":"https:\/\/regiontatry.sk\/hu\/wp-json\/wp\/v2\/types\/page"}],"author":[{"embeddable":true,"href":"https:\/\/regiontatry.sk\/hu\/wp-json\/wp\/v2\/users\/2"}],"replies":[{"embeddable":true,"href":"https:\/\/regiontatry.sk\/hu\/wp-json\/wp\/v2\/comments?post=7998533"}],"version-history":[{"count":7,"href":"https:\/\/regiontatry.sk\/hu\/wp-json\/wp\/v2\/pages\/7998533\/revisions"}],"predecessor-version":[{"id":13150365,"href":"https:\/\/regiontatry.sk\/hu\/wp-json\/wp\/v2\/pages\/7998533\/revisions\/13150365"}],"up":[{"embeddable":true,"href":"https:\/\/regiontatry.sk\/hu\/wp-json\/wp\/v2\/pages\/8564929"}],"wp:featuredmedia":[{"embeddable":true,"href":"https:\/\/regiontatry.sk\/hu\/wp-json\/wp\/v2\/media\/7998535"}],"wp:attachment":[{"href":"https:\/\/regiontatry.sk\/hu\/wp-json\/wp\/v2\/media?parent=7998533"}],"curies":[{"name":"wp","href":"https:\/\/api.w.org\/{rel}","templated":true}]}}