{"id":7998545,"date":"2018-09-27T13:18:25","date_gmt":"2018-09-27T11:18:25","guid":{"rendered":"https:\/\/regiontatry.sk\/stary-smokovec\/"},"modified":"2025-11-19T22:36:04","modified_gmt":"2025-11-19T21:36:04","slug":"otatrafured","status":"publish","type":"page","link":"https:\/\/regiontatry.sk\/hu\/sizes\/otatrafured\/","title":{"rendered":"\u00d3T\u00c1TRAF\u00dcRED"},"content":{"rendered":"\n<p><strong>A nem ig\u00e9nyes s\u00edz\u0151k <\/strong>\u00e9s f\u0151leg a kezd\u0151 s\u00edz\u0151k sz\u00e1m\u00e1ra megfelel\u0151 c\u00e9lter\u00fclet az \u00d3t\u00e1traf\u00fcred k\u00f6zpont. A Jakubkova l\u00faka p\u00e1ly\u00e1i k\u00f6nny\u0171 ig\u00e9nyess\u00e9g\u00e9vel lehet\u0151v\u00e9 teszi a nehezebb p\u00e1ly\u00e1kra val\u00f3 alapos felk\u00e9sz\u00fcl\u00e9st.<\/p>\n\n\n\n<p>Ha szeretn\u00e9 megtan\u00edtani gyermekeit s\u00edelni, a <a href=\"https:\/\/regiontatry.sk\/lyzovanie\/lyziarske-skoly\/\"><strong>s\u00ediskola<\/strong><\/a>&nbsp;oktat\u00f3i professzion\u00e1lis csapata sz\u00edvesen bevezeti \u0151ket ebbe a gy\u00f6ny\u00f6r\u0171 sportba.<\/p>\n\n\n\n<p>A k\u00f6zpont csak az adott k\u00f6zpontban \u00e9rv\u00e9nyes el\u0151ny\u00f6s skipasokat k\u00edn\u00e1l, amit t\u00f6bb kev\u00e9sb\u00e9 ig\u00e9nyes s\u00edz\u0151 \u00e9s teljes kezd\u0151 \u00e9rt\u00e9kel.<\/p>\n\n\n\n<figure class=\"wp-block-gallery has-nested-images columns-default is-cropped wp-block-gallery-2 is-layout-flex wp-block-gallery-is-layout-flex\">\n<figure class=\"wp-block-image size-large\"><img loading=\"lazy\" decoding=\"async\" width=\"648\" height=\"486\" data-id=\"11193975\" src=\"https:\/\/regiontatry.sk\/wp-content\/uploads\/2025\/11\/lyziarskaskola-edited.png\" alt=\"\" class=\"wp-image-11193975\" srcset=\"https:\/\/regiontatry.sk\/wp-content\/uploads\/2025\/11\/lyziarskaskola-edited.png 648w, https:\/\/regiontatry.sk\/wp-content\/uploads\/2025\/11\/lyziarskaskola-edited-300x225.png 300w, https:\/\/regiontatry.sk\/wp-content\/uploads\/2025\/11\/lyziarskaskola-edited-552x414.png 552w\" sizes=\"(max-width: 648px) 100vw, 648px\" \/><\/figure>\n\n\n\n<figure class=\"wp-block-image size-large\"><img loading=\"lazy\" decoding=\"async\" width=\"1024\" height=\"682\" data-id=\"11193968\" src=\"https:\/\/regiontatry.sk\/wp-content\/uploads\/2025\/11\/lyziarska-skola-1024x682.jpg\" alt=\"\" class=\"wp-image-11193968\" srcset=\"https:\/\/regiontatry.sk\/wp-content\/uploads\/2025\/11\/lyziarska-skola-1024x682.jpg 1024w, https:\/\/regiontatry.sk\/wp-content\/uploads\/2025\/11\/lyziarska-skola-300x200.jpg 300w, https:\/\/regiontatry.sk\/wp-content\/uploads\/2025\/11\/lyziarska-skola-768x511.jpg 768w, https:\/\/regiontatry.sk\/wp-content\/uploads\/2025\/11\/lyziarska-skola-1536x1022.jpg 1536w, https:\/\/regiontatry.sk\/wp-content\/uploads\/2025\/11\/lyziarska-skola-860x572.jpg 860w, https:\/\/regiontatry.sk\/wp-content\/uploads\/2025\/11\/lyziarska-skola-698x465.jpg 698w, https:\/\/regiontatry.sk\/wp-content\/uploads\/2025\/11\/lyziarska-skola-552x367.jpg 552w, https:\/\/regiontatry.sk\/wp-content\/uploads\/2025\/11\/lyziarska-skola.jpg 1600w\" sizes=\"(max-width: 1024px) 100vw, 1024px\" \/><\/figure>\n<\/figure>\n\n\n\n<p>Megfelel\u0151 relaxot a s\u00edz\u00e9s ut\u00e1n a nappali vagy \u00e9jjeli&nbsp;<a href=\"https:\/\/regiontatry.sk\/aktivity-a-atrakcie\/sankovacka\/\"><strong>sz\u00e1nk\u00f3z\u00e1s<\/strong><\/a><strong>&nbsp;<\/strong>ny\u00fajt a <strong>2,5 km p\u00e1ly\u00e1n Tarajk\u00e1r\u00f3l \u00d3t\u00e1traf\u00fcredbe<\/strong>. Fel sikl\u00f3vas\u00fattal vitetheti mag\u00e1t.<\/p>\n\n\n\n<p>Az \u00d3t\u00e1traf\u00fcred k\u00f6zpont <strong>ide\u00e1lis indul\u00f3pont <\/strong><a href=\"https:\/\/regiontatry.sk\/zimne-vylety\/\"><strong>a t\u00e9li turisztik\u00e1ra<\/strong><\/a> magashegyi mened\u00e9kh\u00e1zakhoz \u00e9s v\u00edzes\u00e9sekhez. Azoknak, akik nem f\u00e9lnek a hidegt\u0151l, behavazott mesebeli t\u00e1jban val\u00f3 t\u00far\u00e1k \u00e9s a talpaik alatti h\u00f3 ropog\u00e1sa hoznak \u00f6r\u00f6met.<\/p>\n\n\n\n<p>A magast\u00e1trai Tarajka t\u00e9len a j\u00e9gm\u0171v\u00e9szet k\u00f6zpontj\u00e1v\u00e1 v\u00e1lik. J\u00e9g-\u00e1csok bajnoks\u00e1gai folynak itt <strong>Tatry Ice Master<\/strong>\u00a0n\u00e9v alatt \u00e9s itt tal\u00e1lhat\u00f3 a <strong><a href=\"https:\/\/regiontatry.sk\/hu\/tatrai-jegtemplom\/\">T\u00e1trai nagytemplom <\/a><\/strong>j\u00e9gbazilika is.<br><\/p>\n\n\n\n<figure class=\"wp-block-gallery has-nested-images columns-default is-cropped wp-block-gallery-3 is-layout-flex wp-block-gallery-is-layout-flex\">\n<figure class=\"wp-block-image size-large\"><img loading=\"lazy\" decoding=\"async\" width=\"1024\" height=\"762\" data-id=\"11185821\" src=\"https:\/\/regiontatry.sk\/wp-content\/uploads\/2025\/11\/\u00a9-Marek-Hajkovsky_foto_Ladovy-Dom_2025_11-1-1024x762.jpg\" alt=\"\" class=\"wp-image-11185821\" srcset=\"https:\/\/regiontatry.sk\/wp-content\/uploads\/2025\/11\/\u00a9-Marek-Hajkovsky_foto_Ladovy-Dom_2025_11-1-1024x762.jpg 1024w, https:\/\/regiontatry.sk\/wp-content\/uploads\/2025\/11\/\u00a9-Marek-Hajkovsky_foto_Ladovy-Dom_2025_11-1-300x223.jpg 300w, https:\/\/regiontatry.sk\/wp-content\/uploads\/2025\/11\/\u00a9-Marek-Hajkovsky_foto_Ladovy-Dom_2025_11-1-768x572.jpg 768w, https:\/\/regiontatry.sk\/wp-content\/uploads\/2025\/11\/\u00a9-Marek-Hajkovsky_foto_Ladovy-Dom_2025_11-1-860x640.jpg 860w, https:\/\/regiontatry.sk\/wp-content\/uploads\/2025\/11\/\u00a9-Marek-Hajkovsky_foto_Ladovy-Dom_2025_11-1-698x520.jpg 698w, https:\/\/regiontatry.sk\/wp-content\/uploads\/2025\/11\/\u00a9-Marek-Hajkovsky_foto_Ladovy-Dom_2025_11-1-552x411.jpg 552w, https:\/\/regiontatry.sk\/wp-content\/uploads\/2025\/11\/\u00a9-Marek-Hajkovsky_foto_Ladovy-Dom_2025_11-1.jpg 1400w\" sizes=\"(max-width: 1024px) 100vw, 1024px\" \/><\/figure>\n\n\n\n<figure class=\"wp-block-image size-large\"><img loading=\"lazy\" decoding=\"async\" width=\"1024\" height=\"692\" data-id=\"9994710\" src=\"https:\/\/regiontatry.sk\/wp-content\/uploads\/2024\/11\/c-Marek-Hajkovsky-foto-sankovacka-Hrebienok-2018_15-1024x692.jpg\" alt=\"\" class=\"wp-image-9994710\" srcset=\"https:\/\/regiontatry.sk\/wp-content\/uploads\/2024\/11\/c-Marek-Hajkovsky-foto-sankovacka-Hrebienok-2018_15-1024x692.jpg 1024w, https:\/\/regiontatry.sk\/wp-content\/uploads\/2024\/11\/c-Marek-Hajkovsky-foto-sankovacka-Hrebienok-2018_15-300x203.jpg 300w, https:\/\/regiontatry.sk\/wp-content\/uploads\/2024\/11\/c-Marek-Hajkovsky-foto-sankovacka-Hrebienok-2018_15-768x519.jpg 768w, https:\/\/regiontatry.sk\/wp-content\/uploads\/2024\/11\/c-Marek-Hajkovsky-foto-sankovacka-Hrebienok-2018_15-860x581.jpg 860w, https:\/\/regiontatry.sk\/wp-content\/uploads\/2024\/11\/c-Marek-Hajkovsky-foto-sankovacka-Hrebienok-2018_15-698x472.jpg 698w, https:\/\/regiontatry.sk\/wp-content\/uploads\/2024\/11\/c-Marek-Hajkovsky-foto-sankovacka-Hrebienok-2018_15-552x373.jpg 552w, https:\/\/regiontatry.sk\/wp-content\/uploads\/2024\/11\/c-Marek-Hajkovsky-foto-sankovacka-Hrebienok-2018_15.jpg 1500w\" sizes=\"(max-width: 1024px) 100vw, 1024px\" \/><\/figure>\n\n\n\n<figure class=\"wp-block-image\"><img loading=\"lazy\" decoding=\"async\" width=\"1024\" height=\"597\" data-id=\"7998556\" src=\"https:\/\/regiontatry.sk\/wp-content\/uploads\/2021\/12\/c-Marek-Hajkovsky-foto-VT-2017_255_Hrebienok-lanovka-\u2013-small-1024x597.jpg\" alt=\"\" class=\"wp-image-7998556\" srcset=\"https:\/\/regiontatry.sk\/wp-content\/uploads\/2021\/12\/c-Marek-Hajkovsky-foto-VT-2017_255_Hrebienok-lanovka-\u2013-small-1024x597.jpg 1024w, https:\/\/regiontatry.sk\/wp-content\/uploads\/2021\/12\/c-Marek-Hajkovsky-foto-VT-2017_255_Hrebienok-lanovka-\u2013-small-300x175.jpg 300w, https:\/\/regiontatry.sk\/wp-content\/uploads\/2021\/12\/c-Marek-Hajkovsky-foto-VT-2017_255_Hrebienok-lanovka-\u2013-small-768x448.jpg 768w, https:\/\/regiontatry.sk\/wp-content\/uploads\/2021\/12\/c-Marek-Hajkovsky-foto-VT-2017_255_Hrebienok-lanovka-\u2013-small-1920x1120.jpg 1920w, https:\/\/regiontatry.sk\/wp-content\/uploads\/2021\/12\/c-Marek-Hajkovsky-foto-VT-2017_255_Hrebienok-lanovka-\u2013-small-1705x995.jpg 1705w, https:\/\/regiontatry.sk\/wp-content\/uploads\/2021\/12\/c-Marek-Hajkovsky-foto-VT-2017_255_Hrebienok-lanovka-\u2013-small-698x407.jpg 698w, https:\/\/regiontatry.sk\/wp-content\/uploads\/2021\/12\/c-Marek-Hajkovsky-foto-VT-2017_255_Hrebienok-lanovka-\u2013-small-552x322.jpg 552w\" sizes=\"(max-width: 1024px) 100vw, 1024px\" \/><\/figure>\n<\/figure>\n\n\n\n<h3 class=\"wp-block-heading\"><strong><a href=\"http:\/\/www.vt.sk\/\" target=\"_blank\" rel=\"noreferrer noopener\"><br>A k\u00f6zpont weboldala<br><\/a><br><\/strong><\/h3>\n\n\n\n<p><\/p>\n","protected":false},"excerpt":{"rendered":"<p>A nem ig\u00e9nyes s\u00edz\u0151k \u00e9s f\u0151leg a kezd\u0151 s\u00edz\u0151k sz\u00e1m\u00e1ra megfelel\u0151 c\u00e9lter\u00fclet az \u00d3t\u00e1traf\u00fcred k\u00f6zpont. A Jakubkova l\u00faka p\u00e1ly\u00e1i k\u00f6nny\u0171 ig\u00e9nyess\u00e9g\u00e9vel lehet\u0151v\u00e9 teszi a nehezebb p\u00e1ly\u00e1kra val\u00f3 alapos felk\u00e9sz\u00fcl\u00e9st. Ha szeretn\u00e9 megtan\u00edtani gyermekeit s\u00edelni, a s\u00ediskola&nbsp;oktat\u00f3i professzion\u00e1lis csapata sz\u00edvesen bevezeti \u0151ket ebbe a gy\u00f6ny\u00f6r\u0171 sportba. A k\u00f6zpont csak az adott k\u00f6zpontban \u00e9rv\u00e9nyes el\u0151ny\u00f6s skipasokat k\u00edn\u00e1l, [&hellip;]<\/p>\n","protected":false},"author":2,"featured_media":7998547,"parent":8564929,"menu_order":0,"comment_status":"closed","ping_status":"closed","template":"template-list.php","meta":{"footnotes":""},"class_list":["post-7998545","page","type-page","status-publish","has-post-thumbnail","hentry"],"_links":{"self":[{"href":"https:\/\/regiontatry.sk\/hu\/wp-json\/wp\/v2\/pages\/7998545"}],"collection":[{"href":"https:\/\/regiontatry.sk\/hu\/wp-json\/wp\/v2\/pages"}],"about":[{"href":"https:\/\/regiontatry.sk\/hu\/wp-json\/wp\/v2\/types\/page"}],"author":[{"embeddable":true,"href":"https:\/\/regiontatry.sk\/hu\/wp-json\/wp\/v2\/users\/2"}],"replies":[{"embeddable":true,"href":"https:\/\/regiontatry.sk\/hu\/wp-json\/wp\/v2\/comments?post=7998545"}],"version-history":[{"count":6,"href":"https:\/\/regiontatry.sk\/hu\/wp-json\/wp\/v2\/pages\/7998545\/revisions"}],"predecessor-version":[{"id":11193989,"href":"https:\/\/regiontatry.sk\/hu\/wp-json\/wp\/v2\/pages\/7998545\/revisions\/11193989"}],"up":[{"embeddable":true,"href":"https:\/\/regiontatry.sk\/hu\/wp-json\/wp\/v2\/pages\/8564929"}],"wp:featuredmedia":[{"embeddable":true,"href":"https:\/\/regiontatry.sk\/hu\/wp-json\/wp\/v2\/media\/7998547"}],"wp:attachment":[{"href":"https:\/\/regiontatry.sk\/hu\/wp-json\/wp\/v2\/media?parent=7998545"}],"curies":[{"name":"wp","href":"https:\/\/api.w.org\/{rel}","templated":true}]}}