{"id":8564811,"date":"2018-08-24T13:41:11","date_gmt":"2018-08-24T11:41:11","guid":{"rendered":"https:\/\/regiontatry.sk\/bezecke-lyzovanie\/"},"modified":"2026-01-08T22:22:27","modified_gmt":"2026-01-08T21:22:27","slug":"sifutas","status":"publish","type":"page","link":"https:\/\/regiontatry.sk\/hu\/sizes\/sifutas\/","title":{"rendered":"S\u00edfut\u00e1s"},"content":{"rendered":"<div class=\"wp-block-image\">\n<figure class=\"alignright size-full is-resized\"><img loading=\"lazy\" decoding=\"async\" width=\"1024\" height=\"610\" src=\"https:\/\/regiontatry.sk\/wp-content\/uploads\/2024\/10\/image-5.png\" alt=\"\" class=\"wp-image-9952864\" style=\"width:439px;height:auto\" srcset=\"https:\/\/regiontatry.sk\/wp-content\/uploads\/2024\/10\/image-5.png 1024w, https:\/\/regiontatry.sk\/wp-content\/uploads\/2024\/10\/image-5-300x179.png 300w, https:\/\/regiontatry.sk\/wp-content\/uploads\/2024\/10\/image-5-768x458.png 768w, https:\/\/regiontatry.sk\/wp-content\/uploads\/2024\/10\/image-5-860x512.png 860w, https:\/\/regiontatry.sk\/wp-content\/uploads\/2024\/10\/image-5-698x416.png 698w, https:\/\/regiontatry.sk\/wp-content\/uploads\/2024\/10\/image-5-552x329.png 552w\" sizes=\"(max-width: 1024px) 100vw, 1024px\" \/><\/figure><\/div>\n\n\n<p>A s\u00edfut\u00e1s Magas T\u00e1tr\u00e1ban a t\u00e9lhez tartozik ugyan\u00fagy, mint a lesikl\u00e1s vagy skialpinizmus. Kiv\u00e1l\u00f3 <strong>fut\u00f3p\u00e1ly\u00e1k<\/strong> k\u00e9sz\u00fclnek <strong>minden t\u00e1trai telep\u00fcl\u00e9sen t\u00f6bb mint 72 km \u00f6sszhossz\u00fas\u00e1ggal<\/strong>.<\/p>\n\n\n\n<p>A s\u00edfut\u00e1s legnagyobb ter\u00fclete T\u00e1tr\u00e1ban a <strong>Csorbat\u00f3<\/strong>. 8<strong>&nbsp;professzion\u00e1lisan kezelt s\u00edfut\u00f3 k\u00f6r\u00f6ket <\/strong>k\u00edn\u00e1l 0,5-t\u0151l 5 km hosszig.&nbsp;Profik \u00e9s amat\u0151r\u00f6k versenyei ker\u00fclnek itt megszervez\u00e9sre. A SNOW s\u00edfut\u00f3 ter\u00fclet a mesters\u00e9ges behavaz\u00e1snak k\u00f6sz\u00f6nhet\u0151en a teljes t\u00e9li szezon folyam\u00e1n haszn\u00e1lhat\u00f3.<\/p>\n\n\n\n<p>A&nbsp;<strong>T\u00e1tralomnic, \u00d3t\u00e1traf\u00fcred k\u00f6zpontok \u00e9s k\u00f6rny\u00e9k\u00fck <\/strong>\u00f6sszesen t\u00f6bb mint 42 km k\u00f6nny\u0171 \u00e9s k\u00f6zepes ig\u00e9nyess\u00e9gi s\u00edfut\u00f3p\u00e1ly\u00e1t k\u00edn\u00e1l. Halad\u00f3k, de kezd\u0151k is maguk\u00e9ra lelnek itt.<strong>A Black Stork golfter\u00fclet Kakaslomnicban<\/strong>&nbsp;t\u00e9len kellemes s\u00edfut\u00f3p\u00e1ly\u00e1v\u00e1 v\u00e1ltozik t\u00f6bb mint 10 km p\u00e1ly\u00e1val \u00e9s a <strong>Szepesb\u00e9la \u00e9s T\u00e1trabarlangliget k\u00f6z\u00f6tti ker\u00e9kp\u00e1r\u00fat<\/strong> a t\u00e9li id\u0151szakban 9 km nem ig\u00e9nyes fut\u00f3p\u00e1ly\u00e1t ny\u00fajt.<\/p>\n\n\n\n<h2 class=\"wp-block-heading\"><br><strong>S\u00edfut\u00f3p\u00e1ly\u00e1k Magas T\u00e1tr\u00e1ban <\/strong><\/h2>\n\n\n\n<h4 class=\"wp-block-heading\" id=\"mce_13\"><a href=\"https:\/\/regiontatry.sk\/wp-content\/uploads\/2021\/12\/mapa-zima-2021-22.pdf\" target=\"_blank\" rel=\"noreferrer noopener\">>>   <\/a><strong><a href=\"https:\/\/regiontatry.sk\/wp-content\/uploads\/2021\/12\/mapa-zima-2021-22.pdf\">T\u00c9RK\u00c9P let\u00f6lt\u00e9se<\/a><\/strong><a href=\"https:\/\/regiontatry.sk\/wp-content\/uploads\/2025\/12\/mapa-zima-2025-26.pdf\" target=\"_blank\" rel=\"noreferrer noopener\"> .pdf    &lt;&lt;&lt;<\/a><\/h4>\n\n\n\n<figure class=\"wp-block-image size-full\"><a href=\"https:\/\/regiontatry.sk\/wp-content\/uploads\/2025\/12\/mapa-zima-2025-26_titulka.png\" data-rel=\"lightbox-image-0\" data-rl_title=\"\" data-rl_caption=\"\" title=\"\"><img loading=\"lazy\" decoding=\"async\" width=\"1131\" height=\"802\" src=\"https:\/\/regiontatry.sk\/wp-content\/uploads\/2025\/12\/mapa-zima-2025-26_titulka.png\" alt=\"\" class=\"wp-image-13171684\" srcset=\"https:\/\/regiontatry.sk\/wp-content\/uploads\/2025\/12\/mapa-zima-2025-26_titulka.png 1131w, https:\/\/regiontatry.sk\/wp-content\/uploads\/2025\/12\/mapa-zima-2025-26_titulka-300x213.png 300w, https:\/\/regiontatry.sk\/wp-content\/uploads\/2025\/12\/mapa-zima-2025-26_titulka-1024x726.png 1024w, https:\/\/regiontatry.sk\/wp-content\/uploads\/2025\/12\/mapa-zima-2025-26_titulka-768x545.png 768w, https:\/\/regiontatry.sk\/wp-content\/uploads\/2025\/12\/mapa-zima-2025-26_titulka-860x610.png 860w, https:\/\/regiontatry.sk\/wp-content\/uploads\/2025\/12\/mapa-zima-2025-26_titulka-698x495.png 698w, https:\/\/regiontatry.sk\/wp-content\/uploads\/2025\/12\/mapa-zima-2025-26_titulka-552x391.png 552w\" sizes=\"(max-width: 1131px) 100vw, 1131px\" \/><\/a><\/figure>\n\n\n\n<h2 class=\"wp-block-heading\"><br><strong>SNOW s\u00edfut\u00f3p\u00e1lya ter\u00fclet Csorbat\u00f3<\/strong><\/h2>\n\n\n\n<p>A \u0160trbsk\u00e9 Pleso s\u00edfut\u00f3 \u00f6vezetben felejthetetlen s\u00edfut\u00f3 \u00e9lm\u00e9ny v\u00e1r Szlov\u00e1kia egyik legszebb k\u00f6rny\u00e9k\u00e9n. 8 kiv\u00e1l\u00f3an \u00e1polt s\u00edfut\u00f3p\u00e1ly\u00e1t k\u00edn\u00e1l, amelyek minden koroszt\u00e1ly \u00e9s tud\u00e1sszint\u0171 s\u00edel\u0151 sz\u00e1m\u00e1ra alkalmasak. <strong>A p\u00e1ly\u00e1kat naponta \u00e1polj\u00e1k \u00e9s karbantartj\u00e1k a klasszikus (CT) \u00e9s a szabad (FT) fut\u00e1si st\u00edlusokhoz.<\/strong><\/p>\n\n\n\n<p>A nyitvatart\u00e1si id\u0151 naponta <strong>9:00 \u00f3r\u00e1t\u00f3l 18:00 \u00f3r\u00e1ig<\/strong> tart. 18:00 ut\u00e1n A terepp\u00e1ly\u00e1k m\u00f3dos\u00edt\u00e1sa folyamatban van, a p\u00e1ly\u00e1k Z\u00c1RVA.<\/p>\n\n\n\n<p>A s\u00edfut\u00f3 ter\u00fcletre val\u00f3 bel\u00e9p\u00e9s t\u00e9r\u00edt\u00e9s ellen\u00e9ben vehet\u0151 ig\u00e9nybe. <a href=\"https:\/\/sportticket.sk\/stredisko\/abl\" target=\"_blank\" rel=\"noreferrer noopener\">AKTU\u00c1LIS \u00c1RLISTA ITT!<\/a><\/p>\n\n\n\n<h4 class=\"wp-block-heading has-text-align-center\"><a href=\"https:\/\/sportticket.sk\/stredisko\/abl\">>>>   <strong>S\u00edfut\u00f3p\u00e1ly\u00e1k aktu\u00e1lis \u00e1llapota<\/strong>\u00a0  <strong>&lt;&lt;&lt;<\/strong><\/a><\/h4>\n\n\n\n<figure class=\"wp-block-image\"><a href=\"https:\/\/regiontatry.sk\/wp-content\/uploads\/2021\/12\/SNOW-\u0160trbsk\u00e9-Pleso.jpg\" data-rel=\"lightbox-image-1\" data-rl_title=\"\" data-rl_caption=\"\" title=\"\"><img loading=\"lazy\" decoding=\"async\" width=\"2500\" height=\"1767\" src=\"https:\/\/regiontatry.sk\/wp-content\/uploads\/2021\/12\/SNOW-\u0160trbsk\u00e9-Pleso.jpg\" alt=\"\" class=\"wp-image-7201018\" srcset=\"https:\/\/regiontatry.sk\/wp-content\/uploads\/2021\/12\/SNOW-\u0160trbsk\u00e9-Pleso.jpg 2500w, https:\/\/regiontatry.sk\/wp-content\/uploads\/2021\/12\/SNOW-\u0160trbsk\u00e9-Pleso-300x212.jpg 300w, https:\/\/regiontatry.sk\/wp-content\/uploads\/2021\/12\/SNOW-\u0160trbsk\u00e9-Pleso-768x543.jpg 768w, https:\/\/regiontatry.sk\/wp-content\/uploads\/2021\/12\/SNOW-\u0160trbsk\u00e9-Pleso-1024x724.jpg 1024w, https:\/\/regiontatry.sk\/wp-content\/uploads\/2021\/12\/SNOW-\u0160trbsk\u00e9-Pleso-1920x1357.jpg 1920w, https:\/\/regiontatry.sk\/wp-content\/uploads\/2021\/12\/SNOW-\u0160trbsk\u00e9-Pleso-1705x1205.jpg 1705w, https:\/\/regiontatry.sk\/wp-content\/uploads\/2021\/12\/SNOW-\u0160trbsk\u00e9-Pleso-698x493.jpg 698w, https:\/\/regiontatry.sk\/wp-content\/uploads\/2021\/12\/SNOW-\u0160trbsk\u00e9-Pleso-552x390.jpg 552w\" sizes=\"(max-width: 2500px) 100vw, 2500px\" \/><\/a><\/figure>\n\n\n\n<h2 class=\"wp-block-heading\"><br><strong>Magas T\u00e1tra V\u00e1ros s\u00edfut\u00f3p\u00e1ly\u00e1i<\/strong><br><\/h2>\n\n\n\n<figure class=\"wp-block-gallery has-nested-images columns-4 is-cropped wp-block-gallery-2 is-layout-flex wp-block-gallery-is-layout-flex\">\n<figure class=\"wp-block-image\"><img loading=\"lazy\" decoding=\"async\" width=\"1024\" height=\"713\" data-id=\"9487654\" src=\"https:\/\/regiontatry.sk\/wp-content\/uploads\/2024\/02\/IMG_4303-Edit-2-1024x713.jpg\" alt=\"\" class=\"wp-image-9487654\" srcset=\"https:\/\/regiontatry.sk\/wp-content\/uploads\/2024\/02\/IMG_4303-Edit-2-1024x713.jpg 1024w, https:\/\/regiontatry.sk\/wp-content\/uploads\/2024\/02\/IMG_4303-Edit-2-300x209.jpg 300w, https:\/\/regiontatry.sk\/wp-content\/uploads\/2024\/02\/IMG_4303-Edit-2-768x535.jpg 768w, https:\/\/regiontatry.sk\/wp-content\/uploads\/2024\/02\/IMG_4303-Edit-2-1920x1337.jpg 1920w, https:\/\/regiontatry.sk\/wp-content\/uploads\/2024\/02\/IMG_4303-Edit-2-1705x1187.jpg 1705w, https:\/\/regiontatry.sk\/wp-content\/uploads\/2024\/02\/IMG_4303-Edit-2-698x486.jpg 698w, https:\/\/regiontatry.sk\/wp-content\/uploads\/2024\/02\/IMG_4303-Edit-2-552x384.jpg 552w\" sizes=\"(max-width: 1024px) 100vw, 1024px\" \/><figcaption class=\"wp-element-caption\"> Starolesniansk\u00e9 l\u00faky <\/figcaption><\/figure>\n\n\n\n<figure class=\"wp-block-image\"><img loading=\"lazy\" decoding=\"async\" width=\"1024\" height=\"768\" data-id=\"9487752\" src=\"https:\/\/regiontatry.sk\/wp-content\/uploads\/2024\/02\/bezky-kolbisko-1024x768.jpg\" alt=\"\" class=\"wp-image-9487752\" srcset=\"https:\/\/regiontatry.sk\/wp-content\/uploads\/2024\/02\/bezky-kolbisko-1024x768.jpg 1024w, https:\/\/regiontatry.sk\/wp-content\/uploads\/2024\/02\/bezky-kolbisko-300x225.jpg 300w, https:\/\/regiontatry.sk\/wp-content\/uploads\/2024\/02\/bezky-kolbisko-768x576.jpg 768w, https:\/\/regiontatry.sk\/wp-content\/uploads\/2024\/02\/bezky-kolbisko-1920x1440.jpg 1920w, https:\/\/regiontatry.sk\/wp-content\/uploads\/2024\/02\/bezky-kolbisko-1705x1279.jpg 1705w, https:\/\/regiontatry.sk\/wp-content\/uploads\/2024\/02\/bezky-kolbisko-698x524.jpg 698w, https:\/\/regiontatry.sk\/wp-content\/uploads\/2024\/02\/bezky-kolbisko-552x414.jpg 552w, https:\/\/regiontatry.sk\/wp-content\/uploads\/2024\/02\/bezky-kolbisko.jpg 2048w\" sizes=\"(max-width: 1024px) 100vw, 1024px\" \/><figcaption class=\"wp-element-caption\">Kolbisko<\/figcaption><\/figure>\n\n\n\n<figure class=\"wp-block-image\"><img loading=\"lazy\" decoding=\"async\" width=\"819\" height=\"1024\" data-id=\"9487759\" src=\"https:\/\/regiontatry.sk\/wp-content\/uploads\/2024\/02\/be\u017eky_vy\u0161n\u00e9-h\u00e1gy-819x1024.jpg\" alt=\"\" class=\"wp-image-9487759\" srcset=\"https:\/\/regiontatry.sk\/wp-content\/uploads\/2024\/02\/be\u017eky_vy\u0161n\u00e9-h\u00e1gy-819x1024.jpg 819w, https:\/\/regiontatry.sk\/wp-content\/uploads\/2024\/02\/be\u017eky_vy\u0161n\u00e9-h\u00e1gy-240x300.jpg 240w, https:\/\/regiontatry.sk\/wp-content\/uploads\/2024\/02\/be\u017eky_vy\u0161n\u00e9-h\u00e1gy-768x960.jpg 768w, https:\/\/regiontatry.sk\/wp-content\/uploads\/2024\/02\/be\u017eky_vy\u0161n\u00e9-h\u00e1gy-698x873.jpg 698w, https:\/\/regiontatry.sk\/wp-content\/uploads\/2024\/02\/be\u017eky_vy\u0161n\u00e9-h\u00e1gy-552x690.jpg 552w, https:\/\/regiontatry.sk\/wp-content\/uploads\/2024\/02\/be\u017eky_vy\u0161n\u00e9-h\u00e1gy.jpg 1440w\" sizes=\"(max-width: 819px) 100vw, 819px\" \/><figcaption class=\"wp-element-caption\">Nov\u00fd Smokovec &#8211; Vy\u0161n\u00e9 H\u00e1gy<\/figcaption><\/figure>\n\n\n\n<figure class=\"wp-block-image\"><img loading=\"lazy\" decoding=\"async\" width=\"1024\" height=\"768\" data-id=\"9487859\" src=\"https:\/\/regiontatry.sk\/wp-content\/uploads\/2024\/02\/BEZKY-1_Lenka-Rusn\u00e1kov\u00e1-1-1024x768.jpg\" alt=\"\" class=\"wp-image-9487859\" srcset=\"https:\/\/regiontatry.sk\/wp-content\/uploads\/2024\/02\/BEZKY-1_Lenka-Rusn\u00e1kov\u00e1-1-1024x768.jpg 1024w, https:\/\/regiontatry.sk\/wp-content\/uploads\/2024\/02\/BEZKY-1_Lenka-Rusn\u00e1kov\u00e1-1-300x225.jpg 300w, https:\/\/regiontatry.sk\/wp-content\/uploads\/2024\/02\/BEZKY-1_Lenka-Rusn\u00e1kov\u00e1-1-768x576.jpg 768w, https:\/\/regiontatry.sk\/wp-content\/uploads\/2024\/02\/BEZKY-1_Lenka-Rusn\u00e1kov\u00e1-1-1920x1440.jpg 1920w, https:\/\/regiontatry.sk\/wp-content\/uploads\/2024\/02\/BEZKY-1_Lenka-Rusn\u00e1kov\u00e1-1-1705x1279.jpg 1705w, https:\/\/regiontatry.sk\/wp-content\/uploads\/2024\/02\/BEZKY-1_Lenka-Rusn\u00e1kov\u00e1-1-698x524.jpg 698w, https:\/\/regiontatry.sk\/wp-content\/uploads\/2024\/02\/BEZKY-1_Lenka-Rusn\u00e1kov\u00e1-1-552x414.jpg 552w\" sizes=\"(max-width: 1024px) 100vw, 1024px\" \/><figcaption class=\"wp-element-caption\">Nov\u00fd Smokovec &#8211; Vy\u0161n\u00e9 H\u00e1gy<\/figcaption><\/figure>\n<\/figure>\n\n\n\n<h4 class=\"wp-block-heading\" id=\"mce_27\"><br><a aria-label=\"&gt;&gt;&gt; Aktu\u00e1lny stav be\u017eeck\u00fdch trat\u00ed&nbsp; &lt;&lt;&lt; (otvor\u00ed sa v novej karte)\" href=\"https:\/\/www.vysoketatry.sk\/bt.html\" target=\"_blank\" rel=\"noreferrer noopener\">&gt;&gt;&gt; <\/a><strong>S\u00edfut\u00f3p\u00e1ly\u00e1k aktu\u00e1lis \u00e1llapota<\/strong><a aria-label=\"&gt;&gt;&gt; Aktu\u00e1lny stav be\u017eeck\u00fdch trat\u00ed&nbsp; &lt;&lt;&lt; (otvor\u00ed sa v novej karte)\" href=\"https:\/\/www.vysoketatry.sk\/bt.html\" target=\"_blank\" rel=\"noreferrer noopener\">&nbsp; &lt;&lt;&lt;<\/a><\/h4>\n\n\n\n<figure class=\"wp-block-image\"><img loading=\"lazy\" decoding=\"async\" width=\"700\" height=\"362\" src=\"https:\/\/regiontatry.sk\/wp-content\/uploads\/2019\/12\/i_5927958.png\" alt=\"\" class=\"wp-image-23339\" srcset=\"https:\/\/regiontatry.sk\/wp-content\/uploads\/2019\/12\/i_5927958.png 700w, https:\/\/regiontatry.sk\/wp-content\/uploads\/2019\/12\/i_5927958-300x155.png 300w, https:\/\/regiontatry.sk\/wp-content\/uploads\/2019\/12\/i_5927958-698x361.png 698w, https:\/\/regiontatry.sk\/wp-content\/uploads\/2019\/12\/i_5927958-552x285.png 552w\" sizes=\"(max-width: 700px) 100vw, 700px\" \/><\/figure>\n\n\n\n<h3 class=\"wp-block-heading\"><br><strong>Black Stork s\u00edfut\u00f3p\u00e1ly\u00e1k, Kakaslomnic<\/strong><\/h3>\n\n\n\n<figure class=\"wp-block-image\"><a href=\"https:\/\/regiontatry.sk\/wp-content\/uploads\/2019\/12\/bezecke-trate-black-stork-velka-lomnica-hotel-international-mapa.jpg\" data-rel=\"lightbox-image-2\" data-rl_title=\"\" data-rl_caption=\"\" title=\"\"><img loading=\"lazy\" decoding=\"async\" width=\"1024\" height=\"724\" src=\"https:\/\/regiontatry.sk\/wp-content\/uploads\/2019\/12\/bezecke-trate-black-stork-velka-lomnica-hotel-international-mapa-1024x724.jpg\" alt=\"\" class=\"wp-image-23356\" srcset=\"https:\/\/regiontatry.sk\/wp-content\/uploads\/2019\/12\/bezecke-trate-black-stork-velka-lomnica-hotel-international-mapa-1024x724.jpg 1024w, https:\/\/regiontatry.sk\/wp-content\/uploads\/2019\/12\/bezecke-trate-black-stork-velka-lomnica-hotel-international-mapa-300x212.jpg 300w, https:\/\/regiontatry.sk\/wp-content\/uploads\/2019\/12\/bezecke-trate-black-stork-velka-lomnica-hotel-international-mapa-768x543.jpg 768w, https:\/\/regiontatry.sk\/wp-content\/uploads\/2019\/12\/bezecke-trate-black-stork-velka-lomnica-hotel-international-mapa-698x493.jpg 698w, https:\/\/regiontatry.sk\/wp-content\/uploads\/2019\/12\/bezecke-trate-black-stork-velka-lomnica-hotel-international-mapa-552x390.jpg 552w, https:\/\/regiontatry.sk\/wp-content\/uploads\/2019\/12\/bezecke-trate-black-stork-velka-lomnica-hotel-international-mapa.jpg 1600w\" sizes=\"(max-width: 1024px) 100vw, 1024px\" \/><\/a><\/figure>\n\n\n\n<div style=\"height:100px\" aria-hidden=\"true\" class=\"wp-block-spacer\"><\/div>\n\n\n\n<p>V\u00e1lassza ki azt a st\u00edlust, amely jobban megfelel \u00d6nnek. Klasszikus st\u00edlus kimart s\u00ednyomban, vagy az \u00fan. korcsolya-st\u00edlus ratrakozott p\u00e1ly\u00e1n.<\/p>\n\n\n\n<p>Ha a szabads\u00e1gon sportolni szeretne, azonban minim\u00e1lis \u00edz\u00fcletterhel\u00e9s mellett maxim\u00e1lis kondi edz\u00e9ssel, a s\u00edfut\u00e1s a megfelel\u0151 sport \u00d6n sz\u00e1m\u00e1ra.<br><\/p>\n\n\n\n<figure class=\"wp-block-gallery aligncenter has-nested-images columns-default is-cropped wp-block-gallery-3 is-layout-flex wp-block-gallery-is-layout-flex\">\n<figure class=\"wp-block-image size-large\"><img loading=\"lazy\" decoding=\"async\" width=\"1024\" height=\"683\" data-id=\"13217\" src=\"https:\/\/regiontatry.sk\/wp-content\/uploads\/2018\/11\/c-Marek-Hajkovsky-SPmarketing-bezkovanie-140-1-1024x683.jpg\" alt=\"\" class=\"wp-image-13217\" style=\"aspect-ratio:1.5043478260869565\" srcset=\"https:\/\/regiontatry.sk\/wp-content\/uploads\/2018\/11\/c-Marek-Hajkovsky-SPmarketing-bezkovanie-140-1-1024x683.jpg 1024w, https:\/\/regiontatry.sk\/wp-content\/uploads\/2018\/11\/c-Marek-Hajkovsky-SPmarketing-bezkovanie-140-1-300x200.jpg 300w, https:\/\/regiontatry.sk\/wp-content\/uploads\/2018\/11\/c-Marek-Hajkovsky-SPmarketing-bezkovanie-140-1-768x513.jpg 768w, https:\/\/regiontatry.sk\/wp-content\/uploads\/2018\/11\/c-Marek-Hajkovsky-SPmarketing-bezkovanie-140-1-698x466.jpg 698w, https:\/\/regiontatry.sk\/wp-content\/uploads\/2018\/11\/c-Marek-Hajkovsky-SPmarketing-bezkovanie-140-1-552x368.jpg 552w, https:\/\/regiontatry.sk\/wp-content\/uploads\/2018\/11\/c-Marek-Hajkovsky-SPmarketing-bezkovanie-140-1.jpg 1500w\" sizes=\"(max-width: 1024px) 100vw, 1024px\" \/><\/figure>\n\n\n\n<figure class=\"wp-block-image size-large\"><img loading=\"lazy\" decoding=\"async\" width=\"1024\" height=\"633\" data-id=\"8600523\" src=\"https:\/\/regiontatry.sk\/wp-content\/uploads\/2022\/11\/c-Marek-Hajkovsky-foto-BEZKY-2021-16_11zon-1024x633.jpg\" alt=\"\" class=\"wp-image-8600523\" srcset=\"https:\/\/regiontatry.sk\/wp-content\/uploads\/2022\/11\/c-Marek-Hajkovsky-foto-BEZKY-2021-16_11zon-1024x633.jpg 1024w, https:\/\/regiontatry.sk\/wp-content\/uploads\/2022\/11\/c-Marek-Hajkovsky-foto-BEZKY-2021-16_11zon-300x186.jpg 300w, https:\/\/regiontatry.sk\/wp-content\/uploads\/2022\/11\/c-Marek-Hajkovsky-foto-BEZKY-2021-16_11zon-768x475.jpg 768w, https:\/\/regiontatry.sk\/wp-content\/uploads\/2022\/11\/c-Marek-Hajkovsky-foto-BEZKY-2021-16_11zon-1920x1187.jpg 1920w, https:\/\/regiontatry.sk\/wp-content\/uploads\/2022\/11\/c-Marek-Hajkovsky-foto-BEZKY-2021-16_11zon-1705x1054.jpg 1705w, https:\/\/regiontatry.sk\/wp-content\/uploads\/2022\/11\/c-Marek-Hajkovsky-foto-BEZKY-2021-16_11zon-698x432.jpg 698w, https:\/\/regiontatry.sk\/wp-content\/uploads\/2022\/11\/c-Marek-Hajkovsky-foto-BEZKY-2021-16_11zon-552x341.jpg 552w\" sizes=\"(max-width: 1024px) 100vw, 1024px\" \/><\/figure>\n<\/figure>\n\n\n\n<h2 class=\"wp-block-heading\"><br><strong>S\u00edfut\u00f3l\u00e9cek \u00e9s s\u00edfut\u00f3 felszerel\u00e9s b\u00e9rl\u00e9se<\/strong><br><\/h2>\n\n\n\n<figure class=\"wp-block-table is-style-stripes\"><table class=\"has-fixed-layout\"><tbody><tr><td><strong>INTERSPORT RENT GALFY<\/strong><\/td><td>Horn\u00fd Smokovec<br>\u0160trbsk\u00e9 Pleso, Hotel Crocus<br><\/td><td>+421 52 478 14 02<br>+421 52 446 84 35<br><\/td><td><a href=\"https:\/\/www.galfy.sk\/pozicovna\" class=\"broken_link\">www.galfy.sk\/pozicovna<\/a><\/td><\/tr><tr><td><strong>INTERSPORT RENT \u0160TRBSK\u00c9 PLESO <\/strong><\/td><td>ved\u013ea budovy infocentra <\/td><td> +421 903 409 189 <\/td><td><a href=\"http:\/\/www.vt.sk\/ski-skola-a-pozicovna\/pozicovna-vystroje-tatry-motion\" target=\"_blank\" rel=\"noreferrer noopener\" label=\"www.vt.sk\/ski-skola-a-pozicovna\/pozicovna-vystroje-tatry-motion (otvor\u00ed sa v novej karte)\" class=\"broken_link\">www.vt.sk\/ski-skola-a-pozicovna\/pozicovna-vystroje-tatry-motion<\/a><br><\/td><\/tr><tr><td><strong>Are\u00e1l be\u017eeck\u00e9ho ly\u017eovania SNOW<\/strong> <\/td><td>ABL Snow, \u0160trbsk\u00e9 Pleso<\/td><td>+421 911 576 667<\/td><td><a href=\"http:\/\/abl.sk\/zima\/sluzby\/\">abl.sk<\/a><\/td><\/tr><tr><td><strong>KRAMER<\/strong><\/td><td>Tatransk\u00e1 Lomnica (Slne\u010dn\u00fd dom)<\/td><td>&nbsp;+421 917 420 976<\/td><td><a href=\"http:\/\/www.ski-tatry.sk\" target=\"_blank\" rel=\"noreferrer noopener\">www.ski-tatry.sk<\/a><\/td><\/tr><tr><td><strong>TATRA SKI SCHOOL<\/strong><\/td><td>\u0160trbsk\u00e9 Pleso (Are\u00e1l Snov)<\/td><td>&nbsp;+421 908 318 080<\/td><td><a href=\"https:\/\/www.skirent.sk\/\" target=\"_blank\" rel=\"noreferrer noopener\">www.skirent.sk<\/a><\/td><\/tr><tr><td><strong>SKIRENTAL<\/strong><br><\/td><td>Tatransk\u00e1 Lomnica (Hotel Morava)<br>\u0160trbsk\u00e9 Pleso (Hotel Crocus)<br>Tatransk\u00e1 \u0160trba (Penzi\u00f3n \u0160trba)<br><\/td><td>+421 907 125 436, <\/td><td><a href=\"http:\/\/www.skirental.sk\" target=\"_blank\" rel=\"noreferrer noopener\" aria-label=\"www.skirental.sk (otvor\u00ed sa v novej karte)\">www.skirental.sk<\/a><\/td><\/tr><tr><td><strong>PROGRES TATRY<\/strong> <\/td><td>Star\u00fd Smokovec<br>Tatransk\u00e1 Lomnica<br>\u0160trbsk\u00e9 Pleso<br><\/td><td>+421 905 202 845<br><\/td><td><a href=\"http:\/\/www.progrestatry.sk\" target=\"_blank\" rel=\"noreferrer noopener\" aria-label=\"www.progrestatry.sk (otvor\u00ed sa v novej karte)\">www.progrestatry.sk<\/a><\/td><\/tr><\/tbody><\/table><\/figure>\n\n\n\n<p>Csorbat\u00f3, \u00d3t\u00e1traf\u00fcred \u00e9s T\u00e1tralomnice t\u00e9rs\u00e9g\u00e9ben a terepp\u00e1ly\u00e1k rendszeres kezel\u00e9se a Szlov\u00e1k K\u00f6zt\u00e1rsas\u00e1g Idegenforgalmi \u00e9s Sportminiszt\u00e9rium\u00e1nak anyagi t\u00e1mogat\u00e1s\u00e1val val\u00f3sul meg.<\/p>\n\n\n\n<p><img loading=\"lazy\" decoding=\"async\" class=\"alignnone size-medium wp-image-9511192\" src=\"https:\/\/regiontatry.sk\/wp-content\/uploads\/2024\/02\/Ministerstvo_cestovneho-ruchu-a-sportu_SR_EN_Farebne-1-300x120.png\" alt=\"\" width=\"300\" height=\"120\" srcset=\"https:\/\/regiontatry.sk\/wp-content\/uploads\/2024\/02\/Ministerstvo_cestovneho-ruchu-a-sportu_SR_EN_Farebne-1-300x120.png 300w, https:\/\/regiontatry.sk\/wp-content\/uploads\/2024\/02\/Ministerstvo_cestovneho-ruchu-a-sportu_SR_EN_Farebne-1-768x307.png 768w, https:\/\/regiontatry.sk\/wp-content\/uploads\/2024\/02\/Ministerstvo_cestovneho-ruchu-a-sportu_SR_EN_Farebne-1-1024x410.png 1024w, https:\/\/regiontatry.sk\/wp-content\/uploads\/2024\/02\/Ministerstvo_cestovneho-ruchu-a-sportu_SR_EN_Farebne-1-1920x769.png 1920w, https:\/\/regiontatry.sk\/wp-content\/uploads\/2024\/02\/Ministerstvo_cestovneho-ruchu-a-sportu_SR_EN_Farebne-1-1705x682.png 1705w, https:\/\/regiontatry.sk\/wp-content\/uploads\/2024\/02\/Ministerstvo_cestovneho-ruchu-a-sportu_SR_EN_Farebne-1-698x279.png 698w, https:\/\/regiontatry.sk\/wp-content\/uploads\/2024\/02\/Ministerstvo_cestovneho-ruchu-a-sportu_SR_EN_Farebne-1-552x221.png 552w\" sizes=\"(max-width: 300px) 100vw, 300px\" \/><\/p>\n","protected":false},"excerpt":{"rendered":"<p>A s\u00edfut\u00e1s Magas T\u00e1tr\u00e1ban a t\u00e9lhez tartozik ugyan\u00fagy, mint a lesikl\u00e1s vagy skialpinizmus. Kiv\u00e1l\u00f3 fut\u00f3p\u00e1ly\u00e1k k\u00e9sz\u00fclnek minden t\u00e1trai telep\u00fcl\u00e9sen t\u00f6bb mint 72 km \u00f6sszhossz\u00fas\u00e1ggal. A s\u00edfut\u00e1s legnagyobb ter\u00fclete T\u00e1tr\u00e1ban a Csorbat\u00f3. 8&nbsp;professzion\u00e1lisan kezelt s\u00edfut\u00f3 k\u00f6r\u00f6ket k\u00edn\u00e1l 0,5-t\u0151l 5 km hosszig.&nbsp;Profik \u00e9s amat\u0151r\u00f6k versenyei ker\u00fclnek itt megszervez\u00e9sre. A SNOW s\u00edfut\u00f3 ter\u00fclet a mesters\u00e9ges behavaz\u00e1snak k\u00f6sz\u00f6nhet\u0151en a [&hellip;]<\/p>\n","protected":false},"author":1,"featured_media":8564813,"parent":8564929,"menu_order":0,"comment_status":"closed","ping_status":"closed","template":"template-simple-page.php","meta":{"footnotes":""},"class_list":["post-8564811","page","type-page","status-publish","has-post-thumbnail","hentry"],"_links":{"self":[{"href":"https:\/\/regiontatry.sk\/hu\/wp-json\/wp\/v2\/pages\/8564811"}],"collection":[{"href":"https:\/\/regiontatry.sk\/hu\/wp-json\/wp\/v2\/pages"}],"about":[{"href":"https:\/\/regiontatry.sk\/hu\/wp-json\/wp\/v2\/types\/page"}],"author":[{"embeddable":true,"href":"https:\/\/regiontatry.sk\/hu\/wp-json\/wp\/v2\/users\/1"}],"replies":[{"embeddable":true,"href":"https:\/\/regiontatry.sk\/hu\/wp-json\/wp\/v2\/comments?post=8564811"}],"version-history":[{"count":8,"href":"https:\/\/regiontatry.sk\/hu\/wp-json\/wp\/v2\/pages\/8564811\/revisions"}],"predecessor-version":[{"id":13222918,"href":"https:\/\/regiontatry.sk\/hu\/wp-json\/wp\/v2\/pages\/8564811\/revisions\/13222918"}],"up":[{"embeddable":true,"href":"https:\/\/regiontatry.sk\/hu\/wp-json\/wp\/v2\/pages\/8564929"}],"wp:featuredmedia":[{"embeddable":true,"href":"https:\/\/regiontatry.sk\/hu\/wp-json\/wp\/v2\/media\/8564813"}],"wp:attachment":[{"href":"https:\/\/regiontatry.sk\/hu\/wp-json\/wp\/v2\/media?parent=8564811"}],"curies":[{"name":"wp","href":"https:\/\/api.w.org\/{rel}","templated":true}]}}