{"id":8564848,"date":"2018-08-24T14:06:41","date_gmt":"2018-08-24T12:06:41","guid":{"rendered":"https:\/\/regiontatry.sk\/zimna-turistika\/"},"modified":"2024-11-20T22:49:38","modified_gmt":"2024-11-20T21:49:38","slug":"teli-turizmus","status":"publish","type":"page","link":"https:\/\/regiontatry.sk\/hu\/teli-kirandulasok\/teli-turizmus\/","title":{"rendered":"T\u00e9li turizmus"},"content":{"rendered":"\n<p>A t\u00e9li idillt a Magas T\u00e1tr\u00e1ban nem csak s\u00edz\u0151k\u00e9nt vagy hegym\u00e1sz\u00f3k\u00e9nt \u00e9lvezheti. A magashegyi k\u00f6rnyezetben minden t\u00e9len k\u00f6r\u00fclbel\u00fcl <strong>20 km jel\u00f6lt turista\u00f6sv\u00e9ny<\/strong> ker\u00fcl kit\u0171z\u00e9sre, teh\u00e1t a turist\u00e1k is teljes m\u00e9rt\u00e9kben \u00e9lvezhetik a szabads\u00e1gukat T\u00e1tr\u00e1ban. <\/p>\n\n\n\n<p>A Magas-T\u00e1tr\u00e1ban a kiv\u00e1lasztott t\u00fara\u00fatvonalak szezon\u00e1lis lez\u00e1r\u00e1sa <strong>november 1-t\u0151l j\u00fanius 14-ig tart.<\/strong> Ilyenkor a term\u00e9szet \u00e9s az \u00e1llatok \u00e9lvezik a t\u00e9li pihen\u00e9st. Mindenekel\u0151tt a magasabb utak, nyergek \u00e9s pajzsok z\u00e1rva vannak. Az alpesi kunyh\u00f3khoz vezet\u0151 \u00f6sv\u00e9nyek azonban eg\u00e9sz \u00e9vben nyitva tartanak, a Chata pod Rysmi kiv\u00e9tel\u00e9vel.<br><\/p>\n\n\n\n<p><br>A turisztika t\u00e9len term\u00e9szetesen k\u00fcl\u00f6nb\u00f6zik a ny\u00e1rit\u00f3l,&nbsp;f\u0151leg ami a felszerel\u00e9sre \u00e9s a tapasztalatokra val\u00f3 ig\u00e9nyeket illeti.<br><\/p>\n\n\n\n<p><strong>A legfontosabb dolgok, amiket egy turista nem felejthet el:<\/strong><br><\/p>\n\n\n\n<ul class=\"wp-block-list\">\n<li>&#8211; Ut\u00e1nan\u00e9zni az id\u0151j\u00e1r\u00e1snak, aktu\u00e1lis h\u00f3-helyzetnek \u00e9s figyelmeztet\u00e9seknek (T\u00e1trai inform\u00e1ci\u00f3s irod\u00e1k, Hegyi ment\u0151szolg\u00e1lat)<\/li>\n\n\n\n<li>&#8211; T\u00e9li felszerel\u00e9st csomagolni az aktu\u00e1lis helyzet szerint \u00e9s ismerni annak haszn\u00e1lat\u00e1t \u2013 botok, turista macsk\u00e1k, cs\u00e1k\u00e1ny, esetleg lavina felszerel\u00e9s<\/li>\n\n\n\n<li>&#8211; Hegyi biztos\u00edt\u00e1st k\u00f6tni \u00e9s beiratkozni a kimen\u0151- \u00e9s t\u00farak\u00f6nyvbe a sz\u00e1ll\u00e1shelyen, t\u00e1j\u00e9koztatni a k\u00f6zelieket<\/li>\n<\/ul>\n\n\n\n<h4 class=\"wp-block-heading\"><br><strong><em>T\u00e9li turisztik\u00e1hoz is alkalmas eg\u00e9sz \u00e9vben nyitott \u00f6sv\u00e9nyek t\u00e9rk\u00e9pe<\/em><\/strong><\/h4>\n\n\n\n<figure class=\"wp-block-image size-large\"><a href=\"https:\/\/regiontatry.sk\/wp-content\/uploads\/2024\/10\/Zimna-turistika-mapa-2024-2.jpg\" target=\"_blank\" rel=\"noreferrer noopener\" data-rel=\"lightbox-image-0\" data-rl_title=\"\" data-rl_caption=\"\" title=\"\"><img loading=\"lazy\" decoding=\"async\" width=\"1024\" height=\"724\" src=\"https:\/\/regiontatry.sk\/wp-content\/uploads\/2024\/10\/Zimna-turistika-mapa-2024-2-1024x724.jpg\" alt=\"\" class=\"wp-image-9952530\" srcset=\"https:\/\/regiontatry.sk\/wp-content\/uploads\/2024\/10\/Zimna-turistika-mapa-2024-2-1024x724.jpg 1024w, https:\/\/regiontatry.sk\/wp-content\/uploads\/2024\/10\/Zimna-turistika-mapa-2024-2-300x212.jpg 300w, https:\/\/regiontatry.sk\/wp-content\/uploads\/2024\/10\/Zimna-turistika-mapa-2024-2-768x543.jpg 768w, https:\/\/regiontatry.sk\/wp-content\/uploads\/2024\/10\/Zimna-turistika-mapa-2024-2-1536x1086.jpg 1536w, https:\/\/regiontatry.sk\/wp-content\/uploads\/2024\/10\/Zimna-turistika-mapa-2024-2-1705x1205.jpg 1705w, https:\/\/regiontatry.sk\/wp-content\/uploads\/2024\/10\/Zimna-turistika-mapa-2024-2-860x608.jpg 860w, https:\/\/regiontatry.sk\/wp-content\/uploads\/2024\/10\/Zimna-turistika-mapa-2024-2-698x493.jpg 698w, https:\/\/regiontatry.sk\/wp-content\/uploads\/2024\/10\/Zimna-turistika-mapa-2024-2-552x390.jpg 552w, https:\/\/regiontatry.sk\/wp-content\/uploads\/2024\/10\/Zimna-turistika-mapa-2024-2.jpg 1754w\" sizes=\"(max-width: 1024px) 100vw, 1024px\" \/><\/a><\/figure>\n\n\n\n<figure class=\"wp-block-image size-large\"><a href=\"https:\/\/regiontatry.sk\/wp-content\/uploads\/2024\/10\/Zimna-turistika-mapa-2024-1.jpg\" target=\"_blank\" rel=\"noreferrer noopener\" data-rel=\"lightbox-image-1\" data-rl_title=\"\" data-rl_caption=\"\" title=\"\"><img loading=\"lazy\" decoding=\"async\" width=\"1024\" height=\"724\" src=\"https:\/\/regiontatry.sk\/wp-content\/uploads\/2024\/10\/Zimna-turistika-mapa-2024-1-1024x724.jpg\" alt=\"\" class=\"wp-image-9952523\" srcset=\"https:\/\/regiontatry.sk\/wp-content\/uploads\/2024\/10\/Zimna-turistika-mapa-2024-1-1024x724.jpg 1024w, https:\/\/regiontatry.sk\/wp-content\/uploads\/2024\/10\/Zimna-turistika-mapa-2024-1-300x212.jpg 300w, https:\/\/regiontatry.sk\/wp-content\/uploads\/2024\/10\/Zimna-turistika-mapa-2024-1-768x543.jpg 768w, https:\/\/regiontatry.sk\/wp-content\/uploads\/2024\/10\/Zimna-turistika-mapa-2024-1-1536x1086.jpg 1536w, https:\/\/regiontatry.sk\/wp-content\/uploads\/2024\/10\/Zimna-turistika-mapa-2024-1-1705x1205.jpg 1705w, https:\/\/regiontatry.sk\/wp-content\/uploads\/2024\/10\/Zimna-turistika-mapa-2024-1-860x608.jpg 860w, https:\/\/regiontatry.sk\/wp-content\/uploads\/2024\/10\/Zimna-turistika-mapa-2024-1-698x493.jpg 698w, https:\/\/regiontatry.sk\/wp-content\/uploads\/2024\/10\/Zimna-turistika-mapa-2024-1-552x390.jpg 552w, https:\/\/regiontatry.sk\/wp-content\/uploads\/2024\/10\/Zimna-turistika-mapa-2024-1.jpg 1754w\" sizes=\"(max-width: 1024px) 100vw, 1024px\" \/><\/a><\/figure>\n\n\n\n<p><br>A nyitott \u00f6sv\u00e9ny nem azt jelenti, hogy kezelve van \u00e9s biztons\u00e1gos. Mindenkor sz\u00fcks\u00e9ges m\u00e9rlegelni az aktu\u00e1lis helyzetet \u00e9s saj\u00e1t k\u00e9pess\u00e9geinket, illetve felk\u00e9sz\u00fclni a b\u00e1rmikori visszat\u00e9r\u00e9sre.<br><\/p>\n\n\n\n<p>Hivatalos inform\u00e1ci\u00f3k a szezon\u00e1lis z\u00e1r\u00e1s okair\u00f3l:<br><em>A kiemelt turista\u00f6sv\u00e9nyek szezon\u00e1lis lez\u00e1r\u00e1sa a T\u00e1trai nemzeti parkban november 1.-t\u0151l j\u00fanius 14.-ig tart. Ebben az id\u0151szakban a legsebezhet\u0151bb a t\u00e1trai term\u00e9szet. Ez a zergeivarz\u00e1s id\u0151szaka, a zerg\u00e9k fokozottabb vesz\u00e9lyeztet\u00e9s\u00e9nek kock\u00e1zata zaklat\u00e1ssal az expon\u00e1lt lavina-terepben valamint mag\u00e1ba foglalja t\u00f6bb t\u00e1trai \u00e9l\u0151l\u00e9ny v\u00e9dett faja f\u00e9szkel\u00e9se \u00e9s k\u00f6ly\u00f6k-kivezet\u00e9se \u00e9rz\u00e9keny tavaszi id\u0151szak\u00e1t.<\/em><br><\/p>\n\n\n\n<p><br>A biztons\u00e1g\u00e1r\u00f3l a hegyekben a <strong>Hegyi ment\u0151szolg\u00e1lat<\/strong> gondoskodik<strong>.<\/strong>&nbsp;A magashegyi k\u00f6rnyezetben nagyon fontos a hegyi t\u00f6rv\u00e9nyek, valamint a Hegyi ment\u0151szolg\u00e1lat utas\u00edt\u00e1sai betart\u00e1sa. Kir\u00e1ndul\u00e1sra val\u00f3 elindul\u00e1s el\u0151tt javasoljuk figyelni az <a href=\"https:\/\/www.hzs.sk\/\"><strong>Inform\u00e1ci\u00f3k a jelenlegi hegyi helyzetr\u0151l.<\/strong><\/a><br><\/p>\n\n\n\n<p><br>\u00c9s hogyan t\u00e1j\u00e9koz\u00f3dunk t\u00fara k\u00f6zben t\u00e9len? Erd\u0151tlen ter\u00fcleteken a k\u00f6v\u00f6n lev\u0151 jelet a t\u00e9l folyam\u00e1n kar\u00f3n elhelyezett jel v\u00e1ltja le.<\/p>\n\n\n\n<p><br><strong>A H\u00f3 Betlehem a Rainer mened\u00e9kh\u00e1zn\u00e1l, Tar-pataki v\u00edzes\u00e9sek, t\u00far\u00e1k a t\u00e1trai v\u00f6lgyekbe vagy romantikus s\u00e9ta \u00e1br\u00e1ndos t\u00e9li t\u00e1jban<\/strong> \u2013 csak p\u00e9ld\u00e1i annak, milyen turista\u00e9lm\u00e9nyeket ny\u00fajt a t\u00e9l T\u00e1tr\u00e1ban. Csak v\u00e1lasztani kell \u00e9s elindulni:<\/p>\n","protected":false},"excerpt":{"rendered":"<p>A t\u00e9li idillt a Magas T\u00e1tr\u00e1ban nem csak s\u00edz\u0151k\u00e9nt vagy hegym\u00e1sz\u00f3k\u00e9nt \u00e9lvezheti. A magashegyi k\u00f6rnyezetben minden t\u00e9len k\u00f6r\u00fclbel\u00fcl 20 km jel\u00f6lt turista\u00f6sv\u00e9ny ker\u00fcl kit\u0171z\u00e9sre, teh\u00e1t a turist\u00e1k is teljes m\u00e9rt\u00e9kben \u00e9lvezhetik a szabads\u00e1gukat T\u00e1tr\u00e1ban. A Magas-T\u00e1tr\u00e1ban a kiv\u00e1lasztott t\u00fara\u00fatvonalak szezon\u00e1lis lez\u00e1r\u00e1sa november 1-t\u0151l j\u00fanius 14-ig tart. Ilyenkor a term\u00e9szet \u00e9s az \u00e1llatok \u00e9lvezik a t\u00e9li [&hellip;]<\/p>\n","protected":false},"author":1,"featured_media":8564849,"parent":9999423,"menu_order":0,"comment_status":"closed","ping_status":"closed","template":"template-objects.php","meta":{"footnotes":""},"class_list":["post-8564848","page","type-page","status-publish","has-post-thumbnail","hentry"],"_links":{"self":[{"href":"https:\/\/regiontatry.sk\/hu\/wp-json\/wp\/v2\/pages\/8564848"}],"collection":[{"href":"https:\/\/regiontatry.sk\/hu\/wp-json\/wp\/v2\/pages"}],"about":[{"href":"https:\/\/regiontatry.sk\/hu\/wp-json\/wp\/v2\/types\/page"}],"author":[{"embeddable":true,"href":"https:\/\/regiontatry.sk\/hu\/wp-json\/wp\/v2\/users\/1"}],"replies":[{"embeddable":true,"href":"https:\/\/regiontatry.sk\/hu\/wp-json\/wp\/v2\/comments?post=8564848"}],"version-history":[{"count":5,"href":"https:\/\/regiontatry.sk\/hu\/wp-json\/wp\/v2\/pages\/8564848\/revisions"}],"predecessor-version":[{"id":9999435,"href":"https:\/\/regiontatry.sk\/hu\/wp-json\/wp\/v2\/pages\/8564848\/revisions\/9999435"}],"up":[{"embeddable":true,"href":"https:\/\/regiontatry.sk\/hu\/wp-json\/wp\/v2\/pages\/9999423"}],"wp:featuredmedia":[{"embeddable":true,"href":"https:\/\/regiontatry.sk\/hu\/wp-json\/wp\/v2\/media\/8564849"}],"wp:attachment":[{"href":"https:\/\/regiontatry.sk\/hu\/wp-json\/wp\/v2\/media?parent=8564848"}],"curies":[{"name":"wp","href":"https:\/\/api.w.org\/{rel}","templated":true}]}}