{"id":8564875,"date":"2018-09-28T10:21:28","date_gmt":"2018-09-28T08:21:28","guid":{"rendered":"https:\/\/regiontatry.sk\/vysokohorske-chaty\/"},"modified":"2022-10-17T15:13:03","modified_gmt":"2022-10-17T13:13:03","slug":"magashegyi-menedekhazak-2","status":"publish","type":"page","link":"https:\/\/regiontatry.sk\/hu\/teli-kirandulasok\/magashegyi-menedekhazak-2\/","title":{"rendered":"Magashegyi mened\u00e9kh\u00e1zak"},"content":{"rendered":"\n<p>A t\u00e9li turisztika legkedveltebb c\u00e9lja t\u00f6bbnyire a t\u00e1trai magashegyi mened\u00e9kh\u00e1zak egyike. A t\u00e9li id\u0151szakban a turista\u00f6sv\u00e9nyek Magas T\u00e1tr\u00e1ban eg\u00e9szen <strong>12 magashegyi mened\u00e9kh\u00e1zba<\/strong> vezetik fel.\u00a0A meleg kunyh\u00f3te\u00e1n k\u00edv\u00fcl a csod\u00e1s cs\u00facsokra, t\u00e1gas v\u00f6lgyekre illetve befagyott tengerszemekre val\u00f3 kil\u00e1t\u00e1sokat t\u00e1lalnak fel.<\/p>\n","protected":false},"excerpt":{"rendered":"<p>A t\u00e9li turisztika legkedveltebb c\u00e9lja t\u00f6bbnyire a t\u00e1trai magashegyi mened\u00e9kh\u00e1zak egyike. A t\u00e9li id\u0151szakban a turista\u00f6sv\u00e9nyek Magas T\u00e1tr\u00e1ban eg\u00e9szen 12 magashegyi mened\u00e9kh\u00e1zba vezetik fel.\u00a0A meleg kunyh\u00f3te\u00e1n k\u00edv\u00fcl a csod\u00e1s cs\u00facsokra, t\u00e1gas v\u00f6lgyekre illetve befagyott tengerszemekre val\u00f3 kil\u00e1t\u00e1sokat t\u00e1lalnak fel.<\/p>\n","protected":false},"author":2,"featured_media":0,"parent":9999423,"menu_order":3,"comment_status":"closed","ping_status":"closed","template":"template-objects.php","meta":{"footnotes":""},"class_list":["post-8564875","page","type-page","status-publish","hentry"],"_links":{"self":[{"href":"https:\/\/regiontatry.sk\/hu\/wp-json\/wp\/v2\/pages\/8564875"}],"collection":[{"href":"https:\/\/regiontatry.sk\/hu\/wp-json\/wp\/v2\/pages"}],"about":[{"href":"https:\/\/regiontatry.sk\/hu\/wp-json\/wp\/v2\/types\/page"}],"author":[{"embeddable":true,"href":"https:\/\/regiontatry.sk\/hu\/wp-json\/wp\/v2\/users\/2"}],"replies":[{"embeddable":true,"href":"https:\/\/regiontatry.sk\/hu\/wp-json\/wp\/v2\/comments?post=8564875"}],"version-history":[{"count":1,"href":"https:\/\/regiontatry.sk\/hu\/wp-json\/wp\/v2\/pages\/8564875\/revisions"}],"predecessor-version":[{"id":8564876,"href":"https:\/\/regiontatry.sk\/hu\/wp-json\/wp\/v2\/pages\/8564875\/revisions\/8564876"}],"up":[{"embeddable":true,"href":"https:\/\/regiontatry.sk\/hu\/wp-json\/wp\/v2\/pages\/9999423"}],"wp:attachment":[{"href":"https:\/\/regiontatry.sk\/hu\/wp-json\/wp\/v2\/media?parent=8564875"}],"curies":[{"name":"wp","href":"https:\/\/api.w.org\/{rel}","templated":true}]}}