{"id":8564877,"date":"2018-10-08T15:35:55","date_gmt":"2018-10-08T13:35:55","guid":{"rendered":"https:\/\/regiontatry.sk\/lanovkami-za-vyhladmi\/"},"modified":"2025-10-07T21:51:42","modified_gmt":"2025-10-07T19:51:42","slug":"kotelpalyakkal-a-kilatasokhoz-2","status":"publish","type":"page","link":"https:\/\/regiontatry.sk\/hu\/teli-kirandulasok\/kotelpalyakkal-a-kilatasokhoz-2\/","title":{"rendered":"K\u00f6t\u00e9lp\u00e1ly\u00e1kkal a kil\u00e1t\u00e1sokhoz"},"content":{"rendered":"\n<p>A t\u00e1trai k\u00f6t\u00e9lp\u00e1ly\u00e1k az egyik legkedveltebb m\u00f3dja annak, hogyan teheti a T\u00e1tr\u00e1ban val\u00f3 \u00fcd\u00fcl\u00e9s\u00e9t kellemesebb\u00e9 \u00e9s megismerheti azt. A hegyeket teljesen m\u00e1s perspekt\u00edv\u00e1b\u00f3l leplezik le. Ha vonzza az ilyen fajta utaz\u00e1s,&nbsp;<strong>utazzon fel k\u00e9nyelmesen a gy\u00f6ny\u00f6r\u0171 panor\u00e1m\u00e1khoz \u00e9s friss leveg\u0151h\u00f6z a t\u00e1trai k\u00f6t\u00e9lp\u00e1ly\u00e1k valamelyik\u00e9vel<\/strong>.<br><\/p>\n\n\n\n<h2 class=\"wp-block-heading has-vivid-cyan-blue-color has-text-color has-link-color wp-elements-0e36a33e53da2a69220edaa2d2b8bf0a\"><strong><br><em>K\u0151-pataki-t\u00f3 <\/em><\/strong><\/h2>\n\n\n\n<p>J\u00f6jj\u00f6n megn\u00e9zni a legkedveltebb turistahelyet \u2013&nbsp;<a href=\"https:\/\/regiontatry.sk\/hu\/kotelpalyakkal-a-kilatasokhoz\/cable-car-to-skalnate-tarn\/\">K\u0151-pataki-tavat<\/a>&nbsp;<strong>1&nbsp;751 m\u00e9ter magass\u00e1gba<\/strong>. A v\u00f6lgyi \u00e1llom\u00e1sr\u00f3l <strong>T\u00e1tralomnicban<\/strong> egy&nbsp;<strong>4 szem\u00e9lyes f\u00fclk\u00e9s k\u00f6t\u00e9lp\u00e1lya<\/strong>&nbsp;sz\u00e1ll\u00edtja fel a \u0160tart k\u00f6zbens\u0151 \u00e1llom\u00e1sra, ahonn\u00e9t a K\u0151-pataki-t\u00f3ra egy <strong>korszer\u0171 15-f\u00e9r\u0151helyes gondola<\/strong> sz\u00e1ll\u00edtja tov\u00e1bb. A t\u00f3 k\u00f6rny\u00e9ke kimondottan kir\u00e1ndul\u00e1sokra vagy s\u00e9t\u00e1kra termett. A K\u0151-pataki-t\u00f3 k\u00f6zel\u00e9ben 1 786 m\u00e9ter magass\u00e1gban egy csillag\u00e1szati \u00e9s meteorol\u00f3giai <strong>obszervat\u00f3rium<\/strong> tal\u00e1lhat\u00f3. Az obszervat\u00f3rium 1943. \u00e9vben volt alap\u00edtva, amikor megt\u00f6rt\u00e9ntek az els\u0151 megfigyel\u00e9sei. R\u00e9sz\u00e9t egy csillagvizsg\u00e1l\u00f3 k\u00e9pezi. Pihenni \u00e9s napozni a Magas T\u00e1tra legmagasabban fekv\u0151 \u00e9ttermek egyik\u00e9ben, Panorama \u00c9tteremben tud, amely napf\u00e9nyben f\u00fcrd\u0151 terasza <strong>gy\u00f6ny\u00f6r\u0171 panor\u00e1ma kil\u00e1t\u00e1sokat ny\u00fajt a k\u00f6rny\u00e9kbeli sziklacs\u00facsokra vagy a legmeredekebb s\u00edlejt\u0151re Szlov\u00e1ki\u00e1ban<\/strong> \u2013 a Lomnici-nyeregre.<\/p>\n\n\n\n<figure class=\"wp-block-gallery has-nested-images columns-default is-cropped wp-block-gallery-2 is-layout-flex wp-block-gallery-is-layout-flex\">\n<figure class=\"wp-block-image\"><img loading=\"lazy\" decoding=\"async\" width=\"1600\" height=\"1065\" data-id=\"6373\" src=\"https:\/\/regiontatry.sk\/wp-content\/uploads\/2018\/10\/69YdhY0w.jpeg\" alt=\"\" class=\"wp-image-6373\" srcset=\"https:\/\/regiontatry.sk\/wp-content\/uploads\/2018\/10\/69YdhY0w.jpeg 1600w, https:\/\/regiontatry.sk\/wp-content\/uploads\/2018\/10\/69YdhY0w-300x200.jpeg 300w, https:\/\/regiontatry.sk\/wp-content\/uploads\/2018\/10\/69YdhY0w-768x511.jpeg 768w, https:\/\/regiontatry.sk\/wp-content\/uploads\/2018\/10\/69YdhY0w-1024x682.jpeg 1024w\" sizes=\"(max-width: 1600px) 100vw, 1600px\" \/><\/figure>\n\n\n\n<figure class=\"wp-block-image\"><img loading=\"lazy\" decoding=\"async\" width=\"1600\" height=\"808\" data-id=\"6375\" src=\"https:\/\/regiontatry.sk\/wp-content\/uploads\/2018\/10\/XQenUWBc.jpeg\" alt=\"\" class=\"wp-image-6375\" srcset=\"https:\/\/regiontatry.sk\/wp-content\/uploads\/2018\/10\/XQenUWBc.jpeg 1600w, https:\/\/regiontatry.sk\/wp-content\/uploads\/2018\/10\/XQenUWBc-300x152.jpeg 300w, https:\/\/regiontatry.sk\/wp-content\/uploads\/2018\/10\/XQenUWBc-768x388.jpeg 768w, https:\/\/regiontatry.sk\/wp-content\/uploads\/2018\/10\/XQenUWBc-1024x517.jpeg 1024w\" sizes=\"(max-width: 1600px) 100vw, 1600px\" \/><\/figure>\n<\/figure>\n\n\n\n<p>A K\u0151-pataki-t\u00f3 hozz\u00e1f\u00e9rhet\u0151 f\u00fclk\u00e9s k\u00f6t\u00e9lp\u00e1ly\u00e1val T\u00e1tralomnicb\u00f3l vagy a z\u00f6lddel jel\u00f6lt turista\u00f6sv\u00e9nyen T\u00e1tralomnicb\u00f3l, v\u00f6r\u00f6sen jel\u00f6lt t\u00e1trai f\u0151\u00fatvonal \u00f6sv\u00e9nyen a Zamkovszky-mened\u00e9kh\u00e1zt\u00f3l \u00e9s v\u00f6r\u00f6sen jel\u00f6lt t\u00e1trai f\u0151\u00fatvonal \u00f6sv\u00e9nyen a Z\u00f6ld-tavi-mened\u00e9kh\u00e1zt\u00f3l.<\/p>\n\n\n\n<p>A gyerekek is biztosan a maguk\u00e9ra lelnek. Hanc\u00farozni a <strong>Mormotat\u00e1jban<\/strong>&nbsp;\u2013 egy \u00f6ko-mini-parkban tudnak&nbsp;faszobrokkal, Mormota-kunyh\u00f3val, m\u00e1sz\u00f3k\u00e1kkal \u00e9s sok m\u00e1s meglepet\u00e9ssel.<br><\/p>\n\n\n\n<h2 class=\"wp-block-heading has-vivid-cyan-blue-color has-text-color has-link-color wp-elements-f3fed1d57d0cd3151dbd9dc8752a304c\"><strong><br><em>Lomnici-cs\u00facs<\/em><\/strong><\/h2>\n\n\n\n<p><\/p>\n\n\n\n<figure class=\"wp-block-gallery has-nested-images columns-default is-cropped wp-block-gallery-3 is-layout-flex wp-block-gallery-is-layout-flex\">\n<figure class=\"wp-block-image\"><img loading=\"lazy\" decoding=\"async\" width=\"1600\" height=\"1064\" data-id=\"6397\" src=\"https:\/\/regiontatry.sk\/wp-content\/uploads\/2018\/10\/CLWxmrCg.jpeg\" alt=\"\" class=\"wp-image-6397\" srcset=\"https:\/\/regiontatry.sk\/wp-content\/uploads\/2018\/10\/CLWxmrCg.jpeg 1600w, https:\/\/regiontatry.sk\/wp-content\/uploads\/2018\/10\/CLWxmrCg-300x200.jpeg 300w, https:\/\/regiontatry.sk\/wp-content\/uploads\/2018\/10\/CLWxmrCg-768x511.jpeg 768w, https:\/\/regiontatry.sk\/wp-content\/uploads\/2018\/10\/CLWxmrCg-1024x681.jpeg 1024w\" sizes=\"(max-width: 1600px) 100vw, 1600px\" \/><\/figure>\n\n\n\n<figure class=\"wp-block-image\"><img loading=\"lazy\" decoding=\"async\" width=\"4085\" height=\"2506\" data-id=\"7216\" src=\"https:\/\/regiontatry.sk\/wp-content\/uploads\/2018\/10\/bambulka_lomnicky.jpg\" alt=\"\" class=\"wp-image-7216\" srcset=\"https:\/\/regiontatry.sk\/wp-content\/uploads\/2018\/10\/bambulka_lomnicky.jpg 4085w, https:\/\/regiontatry.sk\/wp-content\/uploads\/2018\/10\/bambulka_lomnicky-300x184.jpg 300w, https:\/\/regiontatry.sk\/wp-content\/uploads\/2018\/10\/bambulka_lomnicky-768x471.jpg 768w, https:\/\/regiontatry.sk\/wp-content\/uploads\/2018\/10\/bambulka_lomnicky-1024x628.jpg 1024w\" sizes=\"(max-width: 4085px) 100vw, 4085px\" \/><\/figure>\n\n\n\n<figure class=\"wp-block-image\"><img loading=\"lazy\" decoding=\"async\" width=\"800\" height=\"266\" data-id=\"13598\" src=\"https:\/\/regiontatry.sk\/wp-content\/uploads\/2018\/11\/Sunrise-on-Lomnicky-peak1.jpg\" alt=\"\" class=\"wp-image-13598\" srcset=\"https:\/\/regiontatry.sk\/wp-content\/uploads\/2018\/11\/Sunrise-on-Lomnicky-peak1.jpg 800w, https:\/\/regiontatry.sk\/wp-content\/uploads\/2018\/11\/Sunrise-on-Lomnicky-peak1-300x100.jpg 300w, https:\/\/regiontatry.sk\/wp-content\/uploads\/2018\/11\/Sunrise-on-Lomnicky-peak1-768x255.jpg 768w, https:\/\/regiontatry.sk\/wp-content\/uploads\/2018\/11\/Sunrise-on-Lomnicky-peak1-698x232.jpg 698w, https:\/\/regiontatry.sk\/wp-content\/uploads\/2018\/11\/Sunrise-on-Lomnicky-peak1-552x184.jpg 552w\" sizes=\"(max-width: 800px) 100vw, 800px\" \/><\/figure>\n<\/figure>\n\n\n\n<p>Induljon a csal\u00e1ddal kir\u00e1ndulni a <strong>Magas T\u00e1tra m\u00e1sodik legmagasabb cs\u00facs\u00e1ra <\/strong>\u2013&nbsp;<a href=\"https:\/\/regiontatry.sk\/hu\/kotelpalyakkal-a-kilatasokhoz\/\" target=\"_blank\" rel=\"noreferrer noopener\">Lomnici-cs\u00facsra<\/a>. Utazzon fel a fellegek f\u00f6l\u00e9 \u00e9s \u00e9ljen \u00e1t megism\u00e9telhetetlen kil\u00e1t\u00e1sokat a vil\u00e1g legkisebb hegy\u00f3ri\u00e1sa k\u00f6rnyez\u0151 cs\u00facsaira. L\u00e9pjen be a csend kir\u00e1lys\u00e1g\u00e1ba \u00e9s pihenjen a st\u00edlusos Dedo k\u00e1v\u00e9z\u00f3ban. A T\u00e1tralomnici v\u00f6lgy\u00e1llom\u00e1sr\u00f3l egy 4 \u00fcl\u00e9ses f\u00fclk\u00e9s k\u00f6t\u00e9lp\u00e1lya vezet,&nbsp;amely felviszi a \u0160tart k\u00f6zbens\u0151 \u00e1llom\u00e1sra,&nbsp;onn\u00e9t egy \u00faj k\u00e9nyelmes 15 f\u00e9r\u0151helyes k\u00f6t\u00e9lp\u00e1ly\u00e1val a K\u0151-pataki-t\u00f3ra, amely cs\u00facs\u00e1llom\u00e1s \u00e9s egyar\u00e1nt \u00e1tsz\u00e1ll\u00f3hely a Lomnici-cs\u00facsra. Onn\u00e9t a cs\u00facsra egy <strong>egyed\u00fcl\u00e1ll\u00f3 v\u00f6r\u00f6s leng\u0151 dr\u00f3tk\u00f6t\u00e9lp\u00e1lya<\/strong> viszi fel,&nbsp;amely <strong>855 m\u00e9teres szintk\u00fcl\u00f6nbs\u00e9get tesz meg <\/strong>\u00e9s az \u00fat 8,5 percet tart.<br><\/p>\n\n\n\n<h2 class=\"wp-block-heading has-vivid-cyan-blue-color has-text-color has-link-color wp-elements-afdc6d08e225f3c18133575b8258c8ed\"><strong><br><\/strong><em><strong>Tarajka&nbsp;<\/strong><\/em><\/h2>\n\n\n\n<p><\/p>\n\n\n\n<figure class=\"wp-block-gallery has-nested-images columns-default is-cropped wp-block-gallery-4 is-layout-flex wp-block-gallery-is-layout-flex\">\n<figure class=\"wp-block-image\"><img loading=\"lazy\" decoding=\"async\" width=\"1000\" height=\"664\" data-id=\"7224\" src=\"https:\/\/regiontatry.sk\/wp-content\/uploads\/2018\/10\/f1d8304191.jpg\" alt=\"\" class=\"wp-image-7224\" srcset=\"https:\/\/regiontatry.sk\/wp-content\/uploads\/2018\/10\/f1d8304191.jpg 1000w, https:\/\/regiontatry.sk\/wp-content\/uploads\/2018\/10\/f1d8304191-300x199.jpg 300w, https:\/\/regiontatry.sk\/wp-content\/uploads\/2018\/10\/f1d8304191-768x510.jpg 768w\" sizes=\"(max-width: 1000px) 100vw, 1000px\" \/><\/figure>\n\n\n\n<figure class=\"wp-block-image\"><img loading=\"lazy\" decoding=\"async\" width=\"1024\" height=\"664\" data-id=\"7201068\" src=\"https:\/\/regiontatry.sk\/wp-content\/uploads\/2021\/12\/c-Marek-Hajkovsky-foto-LADOVY-DOM-2021-13-\u2013-small-1-1024x664.jpg\" alt=\"\" class=\"wp-image-7201068\" srcset=\"https:\/\/regiontatry.sk\/wp-content\/uploads\/2021\/12\/c-Marek-Hajkovsky-foto-LADOVY-DOM-2021-13-\u2013-small-1-1024x664.jpg 1024w, https:\/\/regiontatry.sk\/wp-content\/uploads\/2021\/12\/c-Marek-Hajkovsky-foto-LADOVY-DOM-2021-13-\u2013-small-1-300x195.jpg 300w, https:\/\/regiontatry.sk\/wp-content\/uploads\/2021\/12\/c-Marek-Hajkovsky-foto-LADOVY-DOM-2021-13-\u2013-small-1-768x498.jpg 768w, https:\/\/regiontatry.sk\/wp-content\/uploads\/2021\/12\/c-Marek-Hajkovsky-foto-LADOVY-DOM-2021-13-\u2013-small-1-1920x1245.jpg 1920w, https:\/\/regiontatry.sk\/wp-content\/uploads\/2021\/12\/c-Marek-Hajkovsky-foto-LADOVY-DOM-2021-13-\u2013-small-1-1705x1106.jpg 1705w, https:\/\/regiontatry.sk\/wp-content\/uploads\/2021\/12\/c-Marek-Hajkovsky-foto-LADOVY-DOM-2021-13-\u2013-small-1-698x453.jpg 698w, https:\/\/regiontatry.sk\/wp-content\/uploads\/2021\/12\/c-Marek-Hajkovsky-foto-LADOVY-DOM-2021-13-\u2013-small-1-552x358.jpg 552w\" sizes=\"(max-width: 1024px) 100vw, 1024px\" \/><\/figure>\n\n\n\n<figure class=\"wp-block-image\"><img loading=\"lazy\" decoding=\"async\" width=\"659\" height=\"744\" data-id=\"7231\" src=\"https:\/\/regiontatry.sk\/wp-content\/uploads\/2018\/10\/2c38224059a.jpg\" alt=\"\" class=\"wp-image-7231\" srcset=\"https:\/\/regiontatry.sk\/wp-content\/uploads\/2018\/10\/2c38224059a.jpg 659w, https:\/\/regiontatry.sk\/wp-content\/uploads\/2018\/10\/2c38224059a-266x300.jpg 266w\" sizes=\"(max-width: 659px) 100vw, 659px\" \/><\/figure>\n<\/figure>\n\n\n\n<p>A <a href=\"https:\/\/regiontatry.sk\/hu\/kotelpalyakkal-a-kilatasokhoz\/cable-car-to-hrebienok\/\" target=\"_blank\" rel=\"noreferrer noopener\">Tarajka<\/a>&nbsp;(1285m) Magas T\u00e1tra l\u00e1togat\u00f3i attrakt\u00edv c\u00e9lja. \u00d3t\u00e1traf\u00fcred, a legr\u00e9gibb turistak\u00f6zpont k\u00f6zleked\u00e9si csom\u00f3pontja Magas T\u00e1tra V\u00e1ros\u00e1nak. A telep\u00fcl\u00e9s egy el\u00e1gaz\u00e1s a Tarajk\u00e1ra \u2013 rengeteg turista\u00fatvonal indul\u00f3pontj\u00e1ra. Utazzon fel <strong>sikl\u00f3vas\u00fattal \u00d3t\u00e1traf\u00fcredb\u0151l<\/strong> <strong>1&nbsp;272 m.t.f.<\/strong>&nbsp;magass\u00e1gba \u00e9s \u00e9lje \u00e1t ugyanazt az \u00e9rz\u00e9st, amelyet Erzs\u00e9bet angol kir\u00e1lyn\u0151 \u00e9lt \u00e1t Magas T\u00e1tra l\u00e1togat\u00e1sakor. Sz\u00e1ll\u00edtassa fel mag\u00e1t k\u00e9nyelmesen 7 perc alatt \u00e9s tegyen meg 255 m.t.f. szintk\u00fcl\u00f6nbs\u00e9get. Tarajka egy turistak\u00f6zpont a Nagy- \u00e9s Kis-Tarpataki-v\u00f6lgybe vagy Nagyszal\u00f3ki-cs\u00facsra val\u00f3 felh\u00e1g\u00e1sokhoz. T\u00fara ut\u00e1n er\u0151t a Snack b\u00e1rban t\u00f6lthet Tarajk\u00e1n. Ez a k\u00f6zkedvelt hely a sikl\u00f3vas\u00fat \u00e9p\u00fclet\u00e9ben tal\u00e1lhat\u00f3. Az eg\u00e9sz csal\u00e1dok ide\u00e1lis tal\u00e1lkoz\u00f3helye \u00fagynevezett \u201ek\u00e9zn\u00e9l\u201d lesz fel- vagy lesz\u00e1ll\u00e1skor.<\/p>\n\n\n\n<p>Tarajka egy ide\u00e1lis v\u00e1laszt\u00e1s pont t\u00e9len, mivel itt \u00e9lheti \u00e1t az <strong>egyed\u00fcl\u00e1ll\u00f3<\/strong> <strong>Tatry Ice Master<\/strong>&nbsp;<strong>rendezv\u00e9nyt<\/strong> \u2013&nbsp;nem hivatalos vil\u00e1gbajnoks\u00e1g j\u00e9gszobor-farag\u00e1sban valamint megl\u00e1togathatj\u00e1k az <strong>egyed\u00fcl\u00e1ll\u00f3 j\u00e9gtemplomot<\/strong> <strong>\u2013&nbsp;a T\u00e1trai&nbsp;nagytemplomot<\/strong>.<\/p>\n\n\n\n<h2 class=\"wp-block-heading has-vivid-cyan-blue-color has-text-color has-link-color wp-elements-2f2af9235cb6fec842ef88849bfc4197\"><strong><br><em>Szoliszk\u00f3<\/em><\/strong><\/h2>\n\n\n\n<p><\/p>\n\n\n\n<figure class=\"wp-block-gallery has-nested-images columns-default is-cropped wp-block-gallery-5 is-layout-flex wp-block-gallery-is-layout-flex\">\n<figure class=\"wp-block-image\"><img loading=\"lazy\" decoding=\"async\" width=\"1000\" height=\"665\" data-id=\"7234\" src=\"https:\/\/regiontatry.sk\/wp-content\/uploads\/2018\/10\/7635f143b5.jpg\" alt=\"\" class=\"wp-image-7234\" srcset=\"https:\/\/regiontatry.sk\/wp-content\/uploads\/2018\/10\/7635f143b5.jpg 1000w, https:\/\/regiontatry.sk\/wp-content\/uploads\/2018\/10\/7635f143b5-300x200.jpg 300w, https:\/\/regiontatry.sk\/wp-content\/uploads\/2018\/10\/7635f143b5-768x511.jpg 768w, https:\/\/regiontatry.sk\/wp-content\/uploads\/2018\/10\/7635f143b5-860x572.jpg 860w, https:\/\/regiontatry.sk\/wp-content\/uploads\/2018\/10\/7635f143b5-698x464.jpg 698w, https:\/\/regiontatry.sk\/wp-content\/uploads\/2018\/10\/7635f143b5-552x367.jpg 552w\" sizes=\"(max-width: 1000px) 100vw, 1000px\" \/><\/figure>\n\n\n\n<figure class=\"wp-block-image\"><img loading=\"lazy\" decoding=\"async\" width=\"1600\" height=\"900\" data-id=\"7238\" src=\"https:\/\/regiontatry.sk\/wp-content\/uploads\/2018\/10\/6bWuNcGQ.jpeg\" alt=\"\" class=\"wp-image-7238\" srcset=\"https:\/\/regiontatry.sk\/wp-content\/uploads\/2018\/10\/6bWuNcGQ.jpeg 1600w, https:\/\/regiontatry.sk\/wp-content\/uploads\/2018\/10\/6bWuNcGQ-300x169.jpeg 300w, https:\/\/regiontatry.sk\/wp-content\/uploads\/2018\/10\/6bWuNcGQ-768x432.jpeg 768w, https:\/\/regiontatry.sk\/wp-content\/uploads\/2018\/10\/6bWuNcGQ-1024x576.jpeg 1024w\" sizes=\"(max-width: 1600px) 100vw, 1600px\" \/><\/figure>\n<\/figure>\n\n\n\n<p>J\u00f6jjenek el Magas T\u00e1tra egyik legalacsonyabban \u00e9s legk\u00f6nnyebben hozz\u00e1f\u00e9rhet\u0151 cs\u00facs\u00e1ra. A hegys\u00e9g d\u00e9li perem\u00e9n tal\u00e1lhat\u00f3 az El\u00fcls\u0151 <a href=\"https:\/\/regiontatry.sk\/hu\/kotelpalyakkal-a-kilatasokhoz\/cable-car-to-solisko\/\" target=\"_blank\" rel=\"noreferrer noopener\">Szoliszk\u00f3<\/a>-k\u00fap, amely&nbsp; 2093&nbsp;m t.f.&nbsp;magass\u00e1gban a Malompataki- \u00e9s Furkota-v\u00f6lgybe ny\u00fajt kil\u00e1t\u00e1st. Utazzon fel a legszebb panor\u00e1ma kil\u00e1t\u00e1sokhoz a <strong>Solisko Express<\/strong>&nbsp;<strong> 4-\u00fcl\u00e9ses k\u00f6t\u00e9lp\u00e1ly\u00e1val <\/strong>a Csorbat\u00f3 v\u00f6lgyi \u00e1llom\u00e1s\u00e1b\u00f3l eg\u00e9szen <strong>1&nbsp;814 m&nbsp;t.f.<\/strong>&nbsp;magass\u00e1gba. Nem eg\u00e9sz 7 perc alatt 431 m t.f. szintk\u00fcl\u00f6nbs\u00e9get tesz meg. Nem messze a cs\u00facs-\u00e1llom\u00e1st\u00f3l tal\u00e1lhat\u00f3 a Bivac Pizza napf\u00e9nyes terasszal, amelyr\u0151l egyed\u00fcl\u00e1ll\u00f3 kil\u00e1t\u00e1sok ny\u00edlnak a v\u00f6lgybe, Kriv\u00e1nra, romantikus Csorbat\u00f3ra illetve a Kir\u00e1ly-hegyre.<br><\/p>\n\n\n\n<p>Ha fel szeretne l\u00e9pni az El\u00fcls\u0151 Szoliszk\u00f3-k\u00fap cs\u00facs\u00e1ra, kir\u00e1ndul\u00e1s\u00e1t a Szoliszk\u00f3 mened\u00e9kh\u00e1zt\u00f3l (Bivac Pizza-\u00e1t\u00f3l nem messze) kezdheti a v\u00f6r\u00f6s jel\u00f6l\u00e9sen. T\u00fara id\u0151tartama: 1:00 \u00f3.<br><\/p>\n","protected":false},"excerpt":{"rendered":"<p>A t\u00e1trai k\u00f6t\u00e9lp\u00e1ly\u00e1k az egyik legkedveltebb m\u00f3dja annak, hogyan teheti a T\u00e1tr\u00e1ban val\u00f3 \u00fcd\u00fcl\u00e9s\u00e9t kellemesebb\u00e9 \u00e9s megismerheti azt. A hegyeket teljesen m\u00e1s perspekt\u00edv\u00e1b\u00f3l leplezik le. Ha vonzza az ilyen fajta utaz\u00e1s,&nbsp;utazzon fel k\u00e9nyelmesen a gy\u00f6ny\u00f6r\u0171 panor\u00e1m\u00e1khoz \u00e9s friss leveg\u0151h\u00f6z a t\u00e1trai k\u00f6t\u00e9lp\u00e1ly\u00e1k valamelyik\u00e9vel. K\u0151-pataki-t\u00f3 J\u00f6jj\u00f6n megn\u00e9zni a legkedveltebb turistahelyet \u2013&nbsp;K\u0151-pataki-tavat&nbsp;1&nbsp;751 m\u00e9ter magass\u00e1gba. A v\u00f6lgyi \u00e1llom\u00e1sr\u00f3l [&hellip;]<\/p>\n","protected":false},"author":2,"featured_media":8564879,"parent":9999423,"menu_order":0,"comment_status":"closed","ping_status":"closed","template":"template-simple-page.php","meta":{"footnotes":""},"class_list":["post-8564877","page","type-page","status-publish","has-post-thumbnail","hentry"],"_links":{"self":[{"href":"https:\/\/regiontatry.sk\/hu\/wp-json\/wp\/v2\/pages\/8564877"}],"collection":[{"href":"https:\/\/regiontatry.sk\/hu\/wp-json\/wp\/v2\/pages"}],"about":[{"href":"https:\/\/regiontatry.sk\/hu\/wp-json\/wp\/v2\/types\/page"}],"author":[{"embeddable":true,"href":"https:\/\/regiontatry.sk\/hu\/wp-json\/wp\/v2\/users\/2"}],"replies":[{"embeddable":true,"href":"https:\/\/regiontatry.sk\/hu\/wp-json\/wp\/v2\/comments?post=8564877"}],"version-history":[{"count":3,"href":"https:\/\/regiontatry.sk\/hu\/wp-json\/wp\/v2\/pages\/8564877\/revisions"}],"predecessor-version":[{"id":11140459,"href":"https:\/\/regiontatry.sk\/hu\/wp-json\/wp\/v2\/pages\/8564877\/revisions\/11140459"}],"up":[{"embeddable":true,"href":"https:\/\/regiontatry.sk\/hu\/wp-json\/wp\/v2\/pages\/9999423"}],"wp:featuredmedia":[{"embeddable":true,"href":"https:\/\/regiontatry.sk\/hu\/wp-json\/wp\/v2\/media\/8564879"}],"wp:attachment":[{"href":"https:\/\/regiontatry.sk\/hu\/wp-json\/wp\/v2\/media?parent=8564877"}],"curies":[{"name":"wp","href":"https:\/\/api.w.org\/{rel}","templated":true}]}}