{"id":8564929,"date":"2018-07-30T09:09:16","date_gmt":"2018-07-30T07:09:16","guid":{"rendered":"https:\/\/regiontatry.sk\/lyzovanie\/"},"modified":"2025-10-07T22:43:20","modified_gmt":"2025-10-07T20:43:20","slug":"sizes","status":"publish","type":"page","link":"https:\/\/regiontatry.sk\/hu\/sizes\/","title":{"rendered":"S\u00edz\u00e9s"},"content":{"rendered":"\n<p>Engedjen meg mag\u00e1nak egy t\u00e9li kalanddal teli megism\u00e9telhetetlen szabads\u00e1got \u00e9s \u00e9ljen \u00e1t egy \u00e1loms\u00edz\u00e9st. S\u00edeljen Magas T\u00e1tr\u00e1ban, amely&nbsp;<strong>24 kilom\u00e9ter \u00e1lland\u00f3an kezelt s\u00edp\u00e1ly\u00e1t <\/strong>k\u00edn\u00e1l valamint h\u00f3garanci\u00e1t az \u00e9v 5 h\u00f3napj\u00e1ban. A T\u00e1tralomnic, Csorbat\u00f3 \u00e9s \u00d3t\u00e1traf\u00fcred cs\u00facsk\u00f6zpontokban <strong>20 korszer\u0171 k\u00f6t\u00e9lp\u00e1lya \u00e9s felvon\u00f3 <\/strong>sz\u00e1ll\u00edtja fel a fellegekbe&nbsp;.<\/p>\n\n\n\n<p>Az eg\u00e9sz Magas T\u00e1tr\u00e1ban egy <strong>egys\u00e9ges<\/strong> <strong>t\u00e1trai skipass<\/strong>-szal s\u00edel, melegedni \u00e9s sz\u00f3rakozni az\u00a0<strong>Apres Ski<\/strong>-ban lehet minden k\u00f6zpontban \u00e9s k\u00f6zvetlen\u00fcl a lejt\u0151re val\u00f3 \u00e1thelyezked\u00e9sben <a href=\"https:\/\/regiontatry.sk\/hu\/sizes\/si-aqua-busz\/\" target=\"_blank\" rel=\"noreferrer noopener\"><strong>term\u00e9szetbar\u00e1t SKIbus <\/strong>seg\u00edti<strong>.<\/strong><\/a>Ragadtassa el mag\u00e1t a magashegyi panor\u00e1m\u00e1kkal \u00e9s fantasztikus atmoszf\u00e9r\u00e1val, amelyet a <strong>vil\u00e1glegkisebb hegy\u00f3ri\u00e1sa<\/strong> k\u00edn\u00e1l t\u00e9len.<\/p>\n\n\n\n<p>A Magas-T\u00e1tra r\u00e9gi\u00f3j\u00e1ban a <strong><a href=\"https:\/\/regiontatry.sk\/hu\/sizes\/sifutas\/\" target=\"_blank\" rel=\"noreferrer noopener\">s\u00edfut\u00e1s szerelmesei<\/a><\/strong> is megtal\u00e1lj\u00e1k a sz\u00e1m\u00edt\u00e1saikat. A <strong>Csorba-t\u00f3n\u00e1l<\/strong> t\u00f6bb, k\u00fcl\u00f6nb\u00f6z\u0151 neh\u00e9zs\u00e9g\u0171 s\u00edfut\u00f3 p\u00e1lya v\u00e1rja a sportol\u00f3kat, \u00f6sszesen mintegy <strong>25 km<\/strong> hosszan.<br>S\u00edfut\u00f3 p\u00e1ly\u00e1kat tal\u00e1lhatunk <strong>T\u00e1tralomnicon<\/strong>, <strong>\u00d3t\u00e1traf\u00fcreden<\/strong>, valamint az <strong>alja vid\u00e9ken<\/strong> is.<br>A <strong>Black Stork golfp\u00e1lya<\/strong> Nagylomnicon t\u00e9len s\u00edfut\u00f3 k\u00f6zpontt\u00e1 alakul, t\u00f6bb mint <strong>10 km<\/strong> hossz\u00fa k\u00f6r\u00f6kkel.<br>\u00d6sszess\u00e9g\u00e9ben t\u00f6bb mint <strong>72 km<\/strong> kiv\u00e1l\u00f3an el\u0151k\u00e9sz\u00edtett s\u00edfut\u00f3 p\u00e1lya \u00e1ll rendelkez\u00e9sre a Magas-T\u00e1tra minden telep\u00fcl\u00e9s\u00e9n.<\/p>\n\n\n\n<p>Nincs saj\u00e1t felszerel\u00e9sed? Semmi gond<strong>!<\/strong> A Magas-T\u00e1tr\u00e1ban <strong>mindent k\u00f6nnyed\u00e9n b\u00e9relhetsz<\/strong> \u2013 a modern s\u00edl\u00e9cekt\u0151l \u00e9s snowboardokt\u00f3l kezdve eg\u00e9szen a sisakokig \u00e9s kieg\u00e9sz\u00edt\u0151kig. A <a href=\"https:\/\/regiontatry.sk\/hu\/sizes\/si-es-sifelszereles-kolcsonzes\/\">s\u00edk\u00f6lcs\u00f6nz\u0151k kiv\u00e1l\u00f3 min\u0151s\u00e9g\u0171,<\/a> korszer\u0171 felszerel\u00e9st k\u00edn\u00e1lnak mindenki sz\u00e1m\u00e1ra.<\/p>\n\n\n\n<p>\u00c9s ha m\u00e9g csak most ismerkedsz a s\u00edel\u00e9ssel, <strong><a href=\"https:\/\/regiontatry.sk\/hu\/sizes\/siiskolak\/\">tapasztalt oktat\u00f3k<\/a><\/strong> seg\u00edtenek az els\u0151 havas \u00e9lm\u00e9nyeidben a T\u00e1trai s\u00ediskol\u00e1kban, amelyek k\u00f6zvetlen\u00fcl a s\u00edk\u00f6zpontokban tal\u00e1lhat\u00f3k.<\/p>\n\n\n\n<p>Engedd, hogy mag\u00e1val ragadjon a <strong>magashegyi panor\u00e1ma \u00e9s a fantasztikus t\u00e9li hangulat<\/strong>, amit a vil\u00e1g legkisebb magashegys\u00e9ge k\u00edn\u00e1l!<\/p>\n\n\n\n<p>A <strong>t\u00e9li T\u00e1tra a s\u00edel\u00e9s szerelmeseinek paradicsoma.<\/strong><br>Bemutatjuk a legjobb s\u00edp\u00e1ly\u00e1kat, amelyek kezd\u0151k \u00e9s halad\u00f3k sz\u00e1m\u00e1ra egyar\u00e1nt ide\u00e1lisak.<br>K\u00e9sz\u00fclj fel egy <strong>l\u00e9legzetel\u00e1ll\u00edt\u00f3 t\u00e9li kalandra!<\/strong><\/p>\n\n\n\n<p>&nbsp;<\/p>\n\n\n\t<div class=\"wp-block-cgb-block-creanet-grid category-list cell small-12 medium-4 cg\">\n\t\t<div class=\"cell small-12 medium-12 large-12 medium-order-1\">\n\t\t\t<a href=\"\/hu\/sizes\/tatralomnic\/\">\n\t\t\t\t<div class=\"background-grid-color\"><\/div>\n\t\t\t\t\t\t\t\t\t<figure><img decoding=\"async\" src=\"https:\/\/regiontatry.sk\/wp-content\/uploads\/2024\/11\/\u00a9-Marek-Hajkovsky-foto-VT-kampan-zima-2024_115-1024x563.jpg\" alt=\"ly\u017eovanie Skalnat\u00e9 pleso\n\"\n\t\t\t\t\t\t\t\t title=\"\u00a9 Marek Hajkovsky foto VT kampan zima 2024_115\"\/><\/figure>\n\t\t\t\t\t\t\t\t<h3>T\u00e1tralomnic<\/h3>\t\t\t\t\t\t\t<\/a>\n\t\t<\/div>\n\t<\/div>\n\t\n\n\t<div class=\"wp-block-cgb-block-creanet-grid category-list cell small-12 medium-4 cg\">\n\t\t<div class=\"cell small-12 medium-12 large-12 medium-order-1\">\n\t\t\t<a href=\"\/hu\/sizes\/csorbato\/\">\n\t\t\t\t<div class=\"background-grid-color\"><\/div>\n\t\t\t\t\t\t\t\t\t<figure><img decoding=\"async\" src=\"https:\/\/regiontatry.sk\/wp-content\/uploads\/2024\/11\/c-Marek-Hajkovsky-foto-STRBSKE-PLESO-lyziar-2020-19_11zon-1024x581.jpg\" alt=\"\"\n\t\t\t\t\t\t\t\t title=\"c Marek Hajkovsky foto STRBSKE PLESO lyziar 2020 19_11zon\"\/><\/figure>\n\t\t\t\t\t\t\t\t<h3>Csorbat\u00f3<\/h3>\t\t\t\t\t\t\t<\/a>\n\t\t<\/div>\n\t<\/div>\n\t\n\n\t<div class=\"wp-block-cgb-block-creanet-grid category-list cell small-12 medium-4 cg\">\n\t\t<div class=\"cell small-12 medium-12 large-12 medium-order-1\">\n\t\t\t<a href=\"\/hu\/sizes\/otatrafured\/\">\n\t\t\t\t<div class=\"background-grid-color\"><\/div>\n\t\t\t\t\t\t\t\t\t<figure><img decoding=\"async\" src=\"https:\/\/regiontatry.sk\/wp-content\/uploads\/2018\/09\/Maxiland-for-children_800.jpg\" alt=\"\"\n\t\t\t\t\t\t\t\t title=\"Maxiland-for-children_800\"\/><\/figure>\n\t\t\t\t\t\t\t\t<h3>\u00d3t\u00e1traf\u00fcred<\/h3>\t\t\t\t\t\t\t<\/a>\n\t\t<\/div>\n\t<\/div>\n\t\n\n\t<div class=\"wp-block-cgb-block-creanet-grid category-list cell small-12 medium-4 cg\">\n\t\t<div class=\"cell small-12 medium-12 large-12 medium-order-1\">\n\t\t\t<a href=\"\/hu\/sizes\/sifutas\/\">\n\t\t\t\t<div class=\"background-grid-color\"><\/div>\n\t\t\t\t\t\t\t\t\t<figure><img decoding=\"async\" src=\"https:\/\/regiontatry.sk\/wp-content\/uploads\/2018\/09\/P1110316.jpg\" alt=\"\"\n\t\t\t\t\t\t\t\t title=\"P1110316\"\/><\/figure>\n\t\t\t\t\t\t\t\t<h3>S\u00edfut\u00e1s<\/h3>\t\t\t\t\t\t\t<\/a>\n\t\t<\/div>\n\t<\/div>\n\t\n\n\t<div class=\"wp-block-cgb-block-creanet-grid category-list cell small-12 medium-4 cg\">\n\t\t<div class=\"cell small-12 medium-12 large-12 medium-order-1\">\n\t\t\t<a href=\"\/hu\/sizes\/si-aqua-busz\/\">\n\t\t\t\t<div class=\"background-grid-color\"><\/div>\n\t\t\t\t\t\t\t\t\t<figure><img decoding=\"async\" src=\"https:\/\/regiontatry.sk\/wp-content\/uploads\/2024\/02\/ski-bus-foto-1024x547.png\" alt=\"\"\n\t\t\t\t\t\t\t\t title=\"ski bus foto\"\/><\/figure>\n\t\t\t\t\t\t\t\t<h3>SKI &amp; AQUA BUS<\/h3>\t\t\t\t\t\t\t<\/a>\n\t\t<\/div>\n\t<\/div>\n\t","protected":false},"excerpt":{"rendered":"<p>Engedjen meg mag\u00e1nak egy t\u00e9li kalanddal teli megism\u00e9telhetetlen szabads\u00e1got \u00e9s \u00e9ljen \u00e1t egy \u00e1loms\u00edz\u00e9st. S\u00edeljen Magas T\u00e1tr\u00e1ban, amely&nbsp;24 kilom\u00e9ter \u00e1lland\u00f3an kezelt s\u00edp\u00e1ly\u00e1t k\u00edn\u00e1l valamint h\u00f3garanci\u00e1t az \u00e9v 5 h\u00f3napj\u00e1ban. A T\u00e1tralomnic, Csorbat\u00f3 \u00e9s \u00d3t\u00e1traf\u00fcred cs\u00facsk\u00f6zpontokban 20 korszer\u0171 k\u00f6t\u00e9lp\u00e1lya \u00e9s felvon\u00f3 sz\u00e1ll\u00edtja fel a fellegekbe&nbsp;. Az eg\u00e9sz Magas T\u00e1tr\u00e1ban egy egys\u00e9ges t\u00e1trai skipass-szal s\u00edel, melegedni \u00e9s [&hellip;]<\/p>\n","protected":false},"author":1,"featured_media":9487903,"parent":0,"menu_order":0,"comment_status":"closed","ping_status":"closed","template":"template-list.php","meta":{"footnotes":""},"class_list":["post-8564929","page","type-page","status-publish","has-post-thumbnail","hentry"],"_links":{"self":[{"href":"https:\/\/regiontatry.sk\/hu\/wp-json\/wp\/v2\/pages\/8564929"}],"collection":[{"href":"https:\/\/regiontatry.sk\/hu\/wp-json\/wp\/v2\/pages"}],"about":[{"href":"https:\/\/regiontatry.sk\/hu\/wp-json\/wp\/v2\/types\/page"}],"author":[{"embeddable":true,"href":"https:\/\/regiontatry.sk\/hu\/wp-json\/wp\/v2\/users\/1"}],"replies":[{"embeddable":true,"href":"https:\/\/regiontatry.sk\/hu\/wp-json\/wp\/v2\/comments?post=8564929"}],"version-history":[{"count":8,"href":"https:\/\/regiontatry.sk\/hu\/wp-json\/wp\/v2\/pages\/8564929\/revisions"}],"predecessor-version":[{"id":11140488,"href":"https:\/\/regiontatry.sk\/hu\/wp-json\/wp\/v2\/pages\/8564929\/revisions\/11140488"}],"wp:featuredmedia":[{"embeddable":true,"href":"https:\/\/regiontatry.sk\/hu\/wp-json\/wp\/v2\/media\/9487903"}],"wp:attachment":[{"href":"https:\/\/regiontatry.sk\/hu\/wp-json\/wp\/v2\/media?parent=8564929"}],"curies":[{"name":"wp","href":"https:\/\/api.w.org\/{rel}","templated":true}]}}