{"id":8564945,"date":"2018-08-24T13:52:34","date_gmt":"2018-08-24T11:52:34","guid":{"rendered":"https:\/\/regiontatry.sk\/sizes\/pozicovne-lyzi\/"},"modified":"2022-10-18T13:49:42","modified_gmt":"2022-10-18T11:49:42","slug":"si-es-sifelszereles-kolcsonzes","status":"publish","type":"page","link":"https:\/\/regiontatry.sk\/hu\/sizes\/si-es-sifelszereles-kolcsonzes\/","title":{"rendered":"S\u00ed- \u00e9s s\u00edfelszerel\u00e9s k\u00f6lcs\u00f6nz\u00e9s"},"content":{"rendered":"","protected":false},"excerpt":{"rendered":"","protected":false},"author":1,"featured_media":0,"parent":8564929,"menu_order":0,"comment_status":"closed","ping_status":"closed","template":"template-objects.php","meta":{"footnotes":""},"class_list":["post-8564945","page","type-page","status-publish","hentry"],"_links":{"self":[{"href":"https:\/\/regiontatry.sk\/hu\/wp-json\/wp\/v2\/pages\/8564945"}],"collection":[{"href":"https:\/\/regiontatry.sk\/hu\/wp-json\/wp\/v2\/pages"}],"about":[{"href":"https:\/\/regiontatry.sk\/hu\/wp-json\/wp\/v2\/types\/page"}],"author":[{"embeddable":true,"href":"https:\/\/regiontatry.sk\/hu\/wp-json\/wp\/v2\/users\/1"}],"replies":[{"embeddable":true,"href":"https:\/\/regiontatry.sk\/hu\/wp-json\/wp\/v2\/comments?post=8564945"}],"version-history":[{"count":1,"href":"https:\/\/regiontatry.sk\/hu\/wp-json\/wp\/v2\/pages\/8564945\/revisions"}],"predecessor-version":[{"id":8564948,"href":"https:\/\/regiontatry.sk\/hu\/wp-json\/wp\/v2\/pages\/8564945\/revisions\/8564948"}],"up":[{"embeddable":true,"href":"https:\/\/regiontatry.sk\/hu\/wp-json\/wp\/v2\/pages\/8564929"}],"wp:attachment":[{"href":"https:\/\/regiontatry.sk\/hu\/wp-json\/wp\/v2\/media?parent=8564945"}],"curies":[{"name":"wp","href":"https:\/\/api.w.org\/{rel}","templated":true}]}}