{"id":8564950,"date":"2018-09-27T13:57:34","date_gmt":"2018-09-27T11:57:34","guid":{"rendered":"https:\/\/regiontatry.sk\/sizes\/lyziarske-skoly\/"},"modified":"2023-02-26T18:35:54","modified_gmt":"2023-02-26T17:35:54","slug":"siiskolak","status":"publish","type":"page","link":"https:\/\/regiontatry.sk\/hu\/sizes\/siiskolak\/","title":{"rendered":"S\u00ediskol\u00e1k"},"content":{"rendered":"\n<p>Nem tudja hogyan\n\u00e9s hol kezdje? Sz\u00edvesen seg\u00edt\u00fcnk! S\u00ed- \u00e9s snowboardiskol\u00e1k egy\u00e9ni hozz\u00e1\u00e1ll\u00e1ssal\nfeln\u0151ttek \u00e9s gyerekek sz\u00e1m\u00e1ra.&nbsp;Professzion\u00e1lis \u00e9s gondos s\u00ed- \u00e9s\nsnowboardoktat\u00f3k gondoskodnak a sz\u00f3rakoz\u00e1ssal teli oktat\u00e1sr\u00f3l, hogy teljes\nm\u00e9rt\u00e9kben \u00e9lvezhess\u00e9k ezeket a gy\u00f6ny\u00f6r\u0171 t\u00e9li sportokat.<\/p>\n","protected":false},"excerpt":{"rendered":"<p>Nem tudja hogyan \u00e9s hol kezdje? Sz\u00edvesen seg\u00edt\u00fcnk! S\u00ed- \u00e9s snowboardiskol\u00e1k egy\u00e9ni hozz\u00e1\u00e1ll\u00e1ssal feln\u0151ttek \u00e9s gyerekek sz\u00e1m\u00e1ra.&nbsp;Professzion\u00e1lis \u00e9s gondos s\u00ed- \u00e9s snowboardoktat\u00f3k gondoskodnak a sz\u00f3rakoz\u00e1ssal teli oktat\u00e1sr\u00f3l, hogy teljes m\u00e9rt\u00e9kben \u00e9lvezhess\u00e9k ezeket a gy\u00f6ny\u00f6r\u0171 t\u00e9li sportokat.<\/p>\n","protected":false},"author":2,"featured_media":0,"parent":8564929,"menu_order":0,"comment_status":"closed","ping_status":"closed","template":"template-objects.php","meta":{"footnotes":""},"class_list":["post-8564950","page","type-page","status-publish","hentry"],"_links":{"self":[{"href":"https:\/\/regiontatry.sk\/hu\/wp-json\/wp\/v2\/pages\/8564950"}],"collection":[{"href":"https:\/\/regiontatry.sk\/hu\/wp-json\/wp\/v2\/pages"}],"about":[{"href":"https:\/\/regiontatry.sk\/hu\/wp-json\/wp\/v2\/types\/page"}],"author":[{"embeddable":true,"href":"https:\/\/regiontatry.sk\/hu\/wp-json\/wp\/v2\/users\/2"}],"replies":[{"embeddable":true,"href":"https:\/\/regiontatry.sk\/hu\/wp-json\/wp\/v2\/comments?post=8564950"}],"version-history":[{"count":2,"href":"https:\/\/regiontatry.sk\/hu\/wp-json\/wp\/v2\/pages\/8564950\/revisions"}],"predecessor-version":[{"id":8814735,"href":"https:\/\/regiontatry.sk\/hu\/wp-json\/wp\/v2\/pages\/8564950\/revisions\/8814735"}],"up":[{"embeddable":true,"href":"https:\/\/regiontatry.sk\/hu\/wp-json\/wp\/v2\/pages\/8564929"}],"wp:attachment":[{"href":"https:\/\/regiontatry.sk\/hu\/wp-json\/wp\/v2\/media?parent=8564950"}],"curies":[{"name":"wp","href":"https:\/\/api.w.org\/{rel}","templated":true}]}}