{"id":8564954,"date":"2018-09-28T08:42:02","date_gmt":"2018-09-28T06:42:02","guid":{"rendered":"https:\/\/regiontatry.sk\/sizes\/ski-aqua-bus\/"},"modified":"2026-03-16T10:10:59","modified_gmt":"2026-03-16T09:10:59","slug":"si-aqua-busz","status":"publish","type":"page","link":"https:\/\/regiontatry.sk\/hu\/sizes\/si-aqua-busz\/","title":{"rendered":"S\u00cd &#038; AQUA BUSZ"},"content":{"rendered":"\n<p class=\"has-text-align-center\">A t\u00e9li szezonban els\u0151sorban a <strong>s\u00edz\u0151k \u00e9s GOPASS<\/strong>&nbsp;<strong>k\u00e1rtya tulajdonosai<\/strong> sz\u00e1m\u00e1ra k\u00e9szen \u00e1ll egy&nbsp;<strong>region\u00e1lis k\u00f6zleked\u00e9s SKI &amp; AQUA BUS form\u00e1j\u00e1ban<\/strong>, amely <strong>2025.12.06.-t\u00f3l 2026.04.06.-ig<\/strong> tart\u00f3 id\u0151szakban k\u00e9nyelmesen \u00e9s&nbsp;<strong>ingyenesen elsz\u00e1ll\u00edtja a s\u00edz\u0151ket a T\u00e1tralomnic, Csorbat\u00f3 s\u00edk\u00f6zpontokba<\/strong>&nbsp;\u00e9s az<strong>&nbsp;AquaCity<\/strong>&nbsp;<strong>Poprad aquaparkba<\/strong>.<br><\/p>\n\n\n\n<h2 class=\"wp-block-heading has-text-align-center\"><span style=\"color: #3366ff;\"><strong>CSORBAT\u00d3 \u2013 1A j\u00e1rat \u2013 Ingaj\u00e1rat<\/strong><\/span><\/h2>\n\n\n\n<h4 class=\"wp-block-heading has-text-align-center\">Csorbat\u00f3, k\u00f6zponti parkol\u00f3 \u2013 s\u00edk\u00f6zpont<\/h4>\n\n\n\n<h3 class=\"wp-block-heading has-text-align-center\">Csorbat\u00f3 1A, k\u00f6zponti parkol\u00f3 \u2013 s\u00edk\u00f6zpont<\/h3>\n\n\n\n<p><\/p>\n\n\n\n<h4 class=\"wp-block-heading has-text-align-center\">A j\u00e1rat <span style=\"color: #3366ff;\">NAPONTA 8:00-t\u00f3l 16:30-ig<\/span> van forgalomban <span style=\"color: #3366ff;\">2025.12.26.-2026.03.29<\/span>\u00a0id\u0151pontban,<\/h4>\n\n\n\n<p><\/p>\n\n\n\n<h4 class=\"wp-block-heading has-text-align-center\"><span style=\"color: #3366ff;\">H\u00c9TV\u00c9GI \u00dcZEMM\u00d3D: 2026.4.2 -6.2, <\/span><\/h4>\n\n\n\n<h4 class=\"wp-block-heading has-text-align-center\">a k\u00f6vetkez\u0151 grafikon szerint:<\/h4>\n\n\n\n<figure class=\"wp-block-gallery aligncenter has-nested-images columns-default is-cropped wp-block-gallery-2 is-layout-flex wp-block-gallery-is-layout-flex\">\n<figure class=\"wp-block-image size-full\"><img loading=\"lazy\" decoding=\"async\" width=\"1264\" height=\"1778\" data-id=\"13309637\" src=\"https:\/\/regiontatry.sk\/wp-content\/uploads\/2026\/03\/grafikon-SP_Denna-prevadzka.jpg\" alt=\"\" class=\"wp-image-13309637\" srcset=\"https:\/\/regiontatry.sk\/wp-content\/uploads\/2026\/03\/grafikon-SP_Denna-prevadzka.jpg 1264w, https:\/\/regiontatry.sk\/wp-content\/uploads\/2026\/03\/grafikon-SP_Denna-prevadzka-213x300.jpg 213w, https:\/\/regiontatry.sk\/wp-content\/uploads\/2026\/03\/grafikon-SP_Denna-prevadzka-728x1024.jpg 728w, https:\/\/regiontatry.sk\/wp-content\/uploads\/2026\/03\/grafikon-SP_Denna-prevadzka-768x1080.jpg 768w, https:\/\/regiontatry.sk\/wp-content\/uploads\/2026\/03\/grafikon-SP_Denna-prevadzka-1092x1536.jpg 1092w, https:\/\/regiontatry.sk\/wp-content\/uploads\/2026\/03\/grafikon-SP_Denna-prevadzka-860x1210.jpg 860w, https:\/\/regiontatry.sk\/wp-content\/uploads\/2026\/03\/grafikon-SP_Denna-prevadzka-698x982.jpg 698w, https:\/\/regiontatry.sk\/wp-content\/uploads\/2026\/03\/grafikon-SP_Denna-prevadzka-552x776.jpg 552w\" sizes=\"(max-width: 1264px) 100vw, 1264px\" \/><\/figure>\n\n\n\n<figure class=\"wp-block-image size-full\"><img loading=\"lazy\" decoding=\"async\" width=\"1326\" height=\"1839\" data-id=\"13309645\" src=\"https:\/\/regiontatry.sk\/wp-content\/uploads\/2026\/03\/Linka_1A_S.-Pleso_grafikony_-vikendova-prevadzka-do-6.4.2026.jpg\" alt=\"\" class=\"wp-image-13309645\" srcset=\"https:\/\/regiontatry.sk\/wp-content\/uploads\/2026\/03\/Linka_1A_S.-Pleso_grafikony_-vikendova-prevadzka-do-6.4.2026.jpg 1326w, https:\/\/regiontatry.sk\/wp-content\/uploads\/2026\/03\/Linka_1A_S.-Pleso_grafikony_-vikendova-prevadzka-do-6.4.2026-216x300.jpg 216w, https:\/\/regiontatry.sk\/wp-content\/uploads\/2026\/03\/Linka_1A_S.-Pleso_grafikony_-vikendova-prevadzka-do-6.4.2026-738x1024.jpg 738w, https:\/\/regiontatry.sk\/wp-content\/uploads\/2026\/03\/Linka_1A_S.-Pleso_grafikony_-vikendova-prevadzka-do-6.4.2026-768x1065.jpg 768w, https:\/\/regiontatry.sk\/wp-content\/uploads\/2026\/03\/Linka_1A_S.-Pleso_grafikony_-vikendova-prevadzka-do-6.4.2026-1108x1536.jpg 1108w, https:\/\/regiontatry.sk\/wp-content\/uploads\/2026\/03\/Linka_1A_S.-Pleso_grafikony_-vikendova-prevadzka-do-6.4.2026-860x1193.jpg 860w, https:\/\/regiontatry.sk\/wp-content\/uploads\/2026\/03\/Linka_1A_S.-Pleso_grafikony_-vikendova-prevadzka-do-6.4.2026-698x968.jpg 698w, https:\/\/regiontatry.sk\/wp-content\/uploads\/2026\/03\/Linka_1A_S.-Pleso_grafikony_-vikendova-prevadzka-do-6.4.2026-552x766.jpg 552w\" sizes=\"(max-width: 1326px) 100vw, 1326px\" \/><\/figure>\n<\/figure>\n\n\n\n<p><strong>Inf\u00f3vonal a Csorbat\u00f3i SKIBUS-hoz  +421 910 448 970<\/strong><\/p>\n\n\n\n<p>*ingaj\u00e1ratn\u00e1l a Csorbat\u00f3 k\u00f6zpontban \u00e9s a SKIBUS szabad kapacit\u00e1sa eset\u00e9ben gyalogos l\u00e1togat\u00f3kat is sz\u00e1ll\u00edthat, \u00e9rv\u00e9nyes azonban, hogy a buszba a s\u00edfelszerel\u00e9ses utasok vannak el\u0151nyben <\/p>\n\n\n\n<h2 class=\"wp-block-heading has-text-align-center has-vivid-red-color has-text-color has-link-color wp-elements-7fa2afa6a4c40c842f2ae082cb3f68a2\"><span style=\"color: #3366ff;\"><strong>CSORBAT\u00d3 \u2013 1b j\u00e1rat \u2013 Sz\u00e1llodai j\u00e1rat<\/strong><\/span> <\/h2>\n\n\n\n<h4 class=\"wp-block-heading has-text-align-center\">Pension Pleso \u2013 SHB Hostel \u2013 Helios- Hotel Patria**** \u2013 s\u00edk\u00f6zpont<\/h4>\n\n\n\n<p><\/p>\n\n\n\n<h4 class=\"wp-block-heading has-text-align-center has-vivid-red-color has-text-color has-link-color wp-elements-d2e43ee875c714148cd2f2eb2fc8d564\">A j\u00e1rat <span style=\"color: #3366ff;\">NAPONTA<\/span> forgalomban van<span style=\"color: #3366ff;\"> 2025.12.26-2026.03.08<\/span>. &#8211; S\u00cdBUSZ \u00dcZEMELTET\u00c9S MEGSZ\u00dcNTETVE <br><\/h4>\n\n\n\n<h4 class=\"wp-block-heading has-text-align-center\"><strong><em><br><\/em><\/strong><span style=\"color: #3366ff;\">H\u00c9TV\u00c9GI \u00dcZEMM\u00d3D<\/span> <span style=\"color: #3366ff;\"><em>03.14.-03.15., 03.21-03.22., 03.28-03.29., 04.03-04.06.2026<\/em><\/span><\/h4>\n\n\n\n<h4 class=\"wp-block-heading has-text-align-center\">t\u0151l a k\u00f6vetkez\u0151 grafikon szerint:<\/h4>\n\n\n\n<p> <strong>Inf\u00f3vonal a Csorbat\u00f3i SKIBUS-hoz <\/strong> <strong>+421 910 448 970<\/strong> <br><\/p>\n\n\n<div class=\"wp-block-image\">\n<figure class=\"aligncenter size-full is-resized\"><a href=\"https:\/\/regiontatry.sk\/wp-content\/uploads\/2025\/12\/Linka-1B_S.-Pleso_grafikony.jpg\" data-rel=\"lightbox-image-0\" data-rl_title=\"\" data-rl_caption=\"\" title=\"\"><img loading=\"lazy\" decoding=\"async\" width=\"1240\" height=\"1754\" src=\"https:\/\/regiontatry.sk\/wp-content\/uploads\/2025\/12\/Linka-1B_S.-Pleso_grafikony.jpg\" alt=\"\" class=\"wp-image-13171557\" style=\"width:584px;height:auto\" srcset=\"https:\/\/regiontatry.sk\/wp-content\/uploads\/2025\/12\/Linka-1B_S.-Pleso_grafikony.jpg 1240w, https:\/\/regiontatry.sk\/wp-content\/uploads\/2025\/12\/Linka-1B_S.-Pleso_grafikony-212x300.jpg 212w, https:\/\/regiontatry.sk\/wp-content\/uploads\/2025\/12\/Linka-1B_S.-Pleso_grafikony-724x1024.jpg 724w, https:\/\/regiontatry.sk\/wp-content\/uploads\/2025\/12\/Linka-1B_S.-Pleso_grafikony-768x1086.jpg 768w, https:\/\/regiontatry.sk\/wp-content\/uploads\/2025\/12\/Linka-1B_S.-Pleso_grafikony-1086x1536.jpg 1086w, https:\/\/regiontatry.sk\/wp-content\/uploads\/2025\/12\/Linka-1B_S.-Pleso_grafikony-860x1216.jpg 860w, https:\/\/regiontatry.sk\/wp-content\/uploads\/2025\/12\/Linka-1B_S.-Pleso_grafikony-698x987.jpg 698w, https:\/\/regiontatry.sk\/wp-content\/uploads\/2025\/12\/Linka-1B_S.-Pleso_grafikony-552x781.jpg 552w\" sizes=\"(max-width: 1240px) 100vw, 1240px\" \/><\/a><\/figure><\/div>\n\n\n<h2 class=\"wp-block-heading has-text-align-center has-vivid-red-color has-text-color has-link-color wp-elements-a0d79be935614bf43e6bcbbcf5509815\"><span style=\"color: #3366ff;\"><br><strong>TATRANSK\u00c1 LOMNICA, STAR\u00dd SMOKOVEC \u2013 K\u00d6Z\u00dcL EGY MIBBUSZ <\/strong><\/span>&#8211; S\u00cdBUSZ \u00dcZEMELTET\u00c9S MEGSZ\u00dcNTETVE<\/h2>\n\n\n\n<h3 class=\"wp-block-heading\"><span style=\"color: #3366ff;\"><strong>&nbsp;<\/strong><\/span><strong>&nbsp;<\/strong><\/h3>\n\n\n\n<h4 class=\"wp-block-heading has-text-align-center\"><span style=\"color: #3366ff;\"><strong>Linka&nbsp;2:<\/strong><\/span> Tatransk\u00e9 Zruby \u2013 Nov\u00fd Smokovec \u2013 Star\u00fd Smokovec \u2013 Horn\u00fd Smokovec \u2013 Tatransk\u00e1 Lesn\u00e1 \u2013 Tatransk\u00e1 Lomnica, ly\u017eiarske stredisko a sp\u00e4\u0165<\/h4>\n\n\n\n<p><\/p>\n\n\n\n<h4 class=\"wp-block-heading has-text-align-center\">A j\u00e1rat NAPONTA <span style=\"background-color: #ffffff; color: #3366ff;\">8:00-t\u00f3l 16:30-ig <\/span>van forgalomban <span style=\"color: #3366ff; background-color: #ffffff;\">2025.12.26.-2025.03.08.<\/span> id\u0151pontban, a k\u00f6vetkez\u0151 grafikon szerint:<\/h4>\n\n\n\n<p> <strong>T\u00e1tralomnic SKIBUS ir\u00e1ny\u00fa inform\u00e1ci\u00f3s vonal<\/strong> <strong> +421 919 167 520<\/strong><\/p>\n\n\n<div class=\"wp-block-image\">\n<figure class=\"aligncenter size-full is-resized\"><a href=\"https:\/\/regiontatry.sk\/wp-content\/uploads\/2025\/12\/Linka-2_-T.-Lomnica-Zruby_grafikony.jpg\" data-rel=\"lightbox-image-1\" data-rl_title=\"\" data-rl_caption=\"\" title=\"\"><img loading=\"lazy\" decoding=\"async\" width=\"1240\" height=\"1754\" src=\"https:\/\/regiontatry.sk\/wp-content\/uploads\/2025\/12\/Linka-2_-T.-Lomnica-Zruby_grafikony.jpg\" alt=\"\" class=\"wp-image-13171565\" style=\"width:600px;height:auto\" srcset=\"https:\/\/regiontatry.sk\/wp-content\/uploads\/2025\/12\/Linka-2_-T.-Lomnica-Zruby_grafikony.jpg 1240w, https:\/\/regiontatry.sk\/wp-content\/uploads\/2025\/12\/Linka-2_-T.-Lomnica-Zruby_grafikony-212x300.jpg 212w, https:\/\/regiontatry.sk\/wp-content\/uploads\/2025\/12\/Linka-2_-T.-Lomnica-Zruby_grafikony-724x1024.jpg 724w, https:\/\/regiontatry.sk\/wp-content\/uploads\/2025\/12\/Linka-2_-T.-Lomnica-Zruby_grafikony-768x1086.jpg 768w, https:\/\/regiontatry.sk\/wp-content\/uploads\/2025\/12\/Linka-2_-T.-Lomnica-Zruby_grafikony-1086x1536.jpg 1086w, https:\/\/regiontatry.sk\/wp-content\/uploads\/2025\/12\/Linka-2_-T.-Lomnica-Zruby_grafikony-860x1216.jpg 860w, https:\/\/regiontatry.sk\/wp-content\/uploads\/2025\/12\/Linka-2_-T.-Lomnica-Zruby_grafikony-698x987.jpg 698w, https:\/\/regiontatry.sk\/wp-content\/uploads\/2025\/12\/Linka-2_-T.-Lomnica-Zruby_grafikony-552x781.jpg 552w\" sizes=\"(max-width: 1240px) 100vw, 1240px\" \/><\/a><\/figure><\/div>\n\n\n<h2 class=\"wp-block-heading has-text-align-center has-vivid-red-color has-text-color has-link-color wp-elements-bb82bb018758fdd9c20dac5c62bd6696\"><span style=\"color: #3366ff;\"><strong>T\u00c1TRALOMNIC, POPRAD AQUACITY \u2013 MINIBUS K\u00d6ZLEKEDIK <\/strong><\/span>&#8211; S\u00cdBUSZ \u00dcZEMELTET\u00c9S MEGSZ\u00dcNTETVE<\/h2>\n\n\n\n<h3 class=\"wp-block-heading\"><strong>&nbsp;<\/strong><\/h3>\n\n\n\n<h4 class=\"wp-block-heading has-text-align-center\"><span style=\"color: #3366ff;\">3-as j\u00e1rat:<\/span> Popr\u00e1d, Aquacity <strong>\u2013 <\/strong>Ve\u013ek\u00e1 Lomnica \u2013 Star\u00e1 Lesn\u00e1 <strong>\u2013<\/strong> T\u00e1tralomnic \u2013 1x d\u00e9lel\u0151tt \u00e9s 2x d\u00e9lut\u00e1n<\/h4>\n\n\n\n<h4 class=\"wp-block-heading\">&nbsp;<\/h4>\n\n\n\n<h4 class=\"wp-block-heading has-text-align-center\"><span style=\"color: #3366ff;\">A 3-as j\u00e1rat<\/span> NAPONTA k\u00f6zlekedik <span style=\"color: #3366ff;\">2025.12.26. \u2013 2025.12.31. \u00e9s 2026.01.01. &#8211; 01.07<\/span>, <span style=\"color: #3366ff;\">2026.02.14. &#8211; 03.08.<\/span> napokban<\/h4>\n\n\n\n<p><\/p>\n\n\n\n<h4 class=\"wp-block-heading has-text-align-center\"><span style=\"color: #3366ff;\">H\u00c9TV\u00c9GI \u00dcZEMID\u0150<\/span>: <span style=\"color: #3366ff;\">2026.01.10. \u2013 2026.02.08.<\/span>, a k\u00f6vetkez\u0151 grafikon szerint:<\/h4>\n\n\n\n<p> <strong>T\u00e1tralomnic SKIBUS ir\u00e1ny\u00fa inform\u00e1ci\u00f3s vonal<\/strong>  <strong>  +421 919 167 520<\/strong><\/p>\n\n\n<div class=\"wp-block-image\">\n<figure class=\"aligncenter size-full is-resized\"><a href=\"https:\/\/regiontatry.sk\/wp-content\/uploads\/2026\/02\/Linka-3_T.-Lomnica-Aquacity_-grafikony_opraveny_page-0001.jpg\" data-rel=\"lightbox-image-2\" data-rl_title=\"\" data-rl_caption=\"\" title=\"\"><img loading=\"lazy\" decoding=\"async\" width=\"1327\" height=\"1841\" src=\"https:\/\/regiontatry.sk\/wp-content\/uploads\/2026\/02\/Linka-3_T.-Lomnica-Aquacity_-grafikony_opraveny_page-0001.jpg\" alt=\"\" class=\"wp-image-13268260\" style=\"width:594px;height:auto\" srcset=\"https:\/\/regiontatry.sk\/wp-content\/uploads\/2026\/02\/Linka-3_T.-Lomnica-Aquacity_-grafikony_opraveny_page-0001.jpg 1327w, https:\/\/regiontatry.sk\/wp-content\/uploads\/2026\/02\/Linka-3_T.-Lomnica-Aquacity_-grafikony_opraveny_page-0001-216x300.jpg 216w, https:\/\/regiontatry.sk\/wp-content\/uploads\/2026\/02\/Linka-3_T.-Lomnica-Aquacity_-grafikony_opraveny_page-0001-738x1024.jpg 738w, https:\/\/regiontatry.sk\/wp-content\/uploads\/2026\/02\/Linka-3_T.-Lomnica-Aquacity_-grafikony_opraveny_page-0001-768x1065.jpg 768w, https:\/\/regiontatry.sk\/wp-content\/uploads\/2026\/02\/Linka-3_T.-Lomnica-Aquacity_-grafikony_opraveny_page-0001-1107x1536.jpg 1107w, https:\/\/regiontatry.sk\/wp-content\/uploads\/2026\/02\/Linka-3_T.-Lomnica-Aquacity_-grafikony_opraveny_page-0001-860x1193.jpg 860w, https:\/\/regiontatry.sk\/wp-content\/uploads\/2026\/02\/Linka-3_T.-Lomnica-Aquacity_-grafikony_opraveny_page-0001-698x968.jpg 698w, https:\/\/regiontatry.sk\/wp-content\/uploads\/2026\/02\/Linka-3_T.-Lomnica-Aquacity_-grafikony_opraveny_page-0001-552x766.jpg 552w\" sizes=\"(max-width: 1327px) 100vw, 1327px\" \/><\/a><\/figure><\/div>\n\n\n<p> <strong>T\u00e1tralomnic SKIBUS ir\u00e1ny\u00fa inform\u00e1ci\u00f3s vonal<\/strong>   <strong> +421 919 167 520<\/strong><\/p>\n\n\n\n<h2 class=\"wp-block-heading has-text-align-center has-vivid-red-color has-text-color has-link-color wp-elements-c59963fcf65e672d663fbbb134e518c9\"><span style=\"color: #3366ff;\"><strong>T\u00c1TRALOMNIC \u2013 4-es j\u00e1rat \u2013 ingaj\u00e1rat a s\u00edk\u00f6zponthoz <\/strong><\/span>&#8211; S\u00cdBUSZ \u00dcZEMELTET\u00c9S MEGSZ\u00dcNTETVE<\/h2>\n\n\n\n<h3 class=\"wp-block-heading\"><span style=\"color: #3366ff;\"><strong>&nbsp;<\/strong><\/span><strong>&nbsp;<\/strong><\/h3>\n\n\n\n<h4 class=\"wp-block-heading has-text-align-center\"><span style=\"color: #3366ff;\">4-es j\u00e1rat:<\/span> S\u00edk\u00f6zpont \u2013&nbsp; Aplend Penzi\u00f3n Beatrice \u2013 Vila Zea \u2013 Vas\u00fat\u00e1llom\u00e1si parkol\u00f3 \u2013 Kremenec \u2013 1.m\u00e1j Sz\u00e1ll\u00f3 \u2013 Futballp\u00e1lya melletti parkol\u00f3 \u2013 Hotel Sorea Hutn\u00edk \u2013 aut\u00f3buszmeg\u00e1ll\u00f3 \u2013 s\u00edk\u00f6zpont<\/h4>\n\n\n\n<p><\/p>\n\n\n\n<h4 class=\"wp-block-heading has-text-align-center\">A j\u00e1rat NAPONTA 8:00-t\u00f3l 16:30-ig van forgalomban<span style=\"color: #3366ff;\"> 2025.12.26.-2026.01.07.<\/span> id\u0151pontban \u00e9s <span style=\"color: #3366ff;\">2025.02.14.-03.08<\/span>.-t\u0151l a k\u00f6vetkez\u0151 grafikon szerint:<\/h4>\n\n\n\n<p><\/p>\n\n\n\n<h4 class=\"wp-block-heading has-text-align-center\"><span style=\"color: #3366ff;\">H\u00c9TV\u00c9GI \u00dcZEMID\u0150<\/span>: <span style=\"color: #3366ff;\">2026.01.10. \u2013 2026.02.14.<\/span>, a k\u00f6vetkez\u0151 grafikon szerint:<\/h4>\n\n\n\n<p><strong>T\u00e1tralomnic SKIBUS ir\u00e1ny\u00fa inform\u00e1ci\u00f3s vonal +421 919 167 520<\/strong><\/p>\n\n\n<div class=\"wp-block-image\">\n<figure class=\"aligncenter size-full is-resized\"><a href=\"https:\/\/regiontatry.sk\/wp-content\/uploads\/2025\/12\/Linka-4_T.-Lomnica-_grafikony.jpg\" data-rel=\"lightbox-image-3\" data-rl_title=\"\" data-rl_caption=\"\" title=\"\"><img loading=\"lazy\" decoding=\"async\" width=\"1240\" height=\"1754\" src=\"https:\/\/regiontatry.sk\/wp-content\/uploads\/2025\/12\/Linka-4_T.-Lomnica-_grafikony.jpg\" alt=\"\" class=\"wp-image-13171585\" style=\"width:592px;height:auto\" srcset=\"https:\/\/regiontatry.sk\/wp-content\/uploads\/2025\/12\/Linka-4_T.-Lomnica-_grafikony.jpg 1240w, https:\/\/regiontatry.sk\/wp-content\/uploads\/2025\/12\/Linka-4_T.-Lomnica-_grafikony-212x300.jpg 212w, https:\/\/regiontatry.sk\/wp-content\/uploads\/2025\/12\/Linka-4_T.-Lomnica-_grafikony-724x1024.jpg 724w, https:\/\/regiontatry.sk\/wp-content\/uploads\/2025\/12\/Linka-4_T.-Lomnica-_grafikony-768x1086.jpg 768w, https:\/\/regiontatry.sk\/wp-content\/uploads\/2025\/12\/Linka-4_T.-Lomnica-_grafikony-1086x1536.jpg 1086w, https:\/\/regiontatry.sk\/wp-content\/uploads\/2025\/12\/Linka-4_T.-Lomnica-_grafikony-860x1216.jpg 860w, https:\/\/regiontatry.sk\/wp-content\/uploads\/2025\/12\/Linka-4_T.-Lomnica-_grafikony-698x987.jpg 698w, https:\/\/regiontatry.sk\/wp-content\/uploads\/2025\/12\/Linka-4_T.-Lomnica-_grafikony-552x781.jpg 552w\" sizes=\"(max-width: 1240px) 100vw, 1240px\" \/><\/a><\/figure><\/div>\n\n\n<p><strong>A skibus a vas\u00fat\u00e1llom\u00e1sra is bej\u00e1r \u00e9s az \u00e9rkez\u00e9sek\/indul\u00e1sok \u00fagy vannak be\u00e1ll\u00edtva, hogy az utasok \u00e1tsz\u00e1llhassanak a T\u00e1trai Villanyvas\u00fat-r\u00f3l\/-ra.<\/strong><\/p>\n\n\n\n<p>* ingaj\u00e1ratn\u00e1l a T\u00e1tralomnic k\u00f6zpontban \u00e9s a SKIBUS szabad kapacit\u00e1sa eset\u00e9ben gyalogos l\u00e1togat\u00f3kat is sz\u00e1ll\u00edthat, \u00e9rv\u00e9nyes azonban, hogy a buszba a s\u00edfelszerel\u00e9ses utasok vannak el\u0151nyben <br><\/p>\n\n\n\n<p><strong>UTAS\u00cdT\u00c1SOK UTASOK SZ\u00c1M\u00c1RA:<\/strong><\/p>\n\n\n\n<ol class=\"wp-block-list\">\n<li><strong>SKI &amp; AQUA BUS els\u0151sorbana s\u00edz\u0151k \u00e9s GOPASS k\u00e1rtya tulajdonosok sz\u00e1m\u00e1ra \u00e1ll rendelkez\u00e9sre (ingaj\u00e1ratn\u00e1l a Csorbat\u00f3 \u00e9s T\u00e1tralomnic k\u00f6zpontokban \u00e9s a SKIBUS szabad kapacit\u00e1sa eset\u00e9ben gyalogos l\u00e1togat\u00f3kat is sz\u00e1ll\u00edthat)<\/strong><\/li>\n\n\n\n<li>Ezen \u00faton k\u00f6lcs\u00f6n\u00f6s el\u0151z\u00e9kenys\u00e9gre k\u00e9rj\u00fck az utasokat be- \u00e9s kisz\u00e1ll\u00e1skor. A buszba s\u00edfelszerel\u00e9ses utasok vannak el\u0151nyben.<\/li>\n\n\n\n<li><strong>Kedvez\u0151tlen id\u0151j\u00e1r\u00e1s eset\u00e9ben, amikor a s\u00edk\u00f6zpontokban nem k\u00f6zlekednek a k\u00f6t\u00e9lp\u00e1ly\u00e1k, a skibusok forgalma az adott id\u0151pontban korl\u00e1tozott vagy meg van sz\u00fcntetve. Aktu\u00e1lis inform\u00e1ci\u00f3kat az \u00fczemm\u00f3dr\u00f3l a sz\u00e1ll\u00e1sad\u00f3j\u00e1n\u00e1l, inform\u00e1ci\u00f3s k\u00f6zpontokban, a <\/strong><a href=\"http:\/\/www.regiontatry.sk\"><strong>www.regiontatry.sk<\/strong><\/a><strong>, <a href=\"https:\/\/www.vt.sk\/\">www.vt.sk<\/a> honlapokon \u00e9s a reggeli Newsletterben szerezhet.<\/strong><\/li>\n\n\n\n<li>A SKI &amp; AQUA BUS \u00fczemeltet\u0151je fenntartja a grafikonokban val\u00f3 m\u00f3dos\u00edt\u00e1s\u00e1nak jog\u00e1t kedvez\u0151tlen id\u0151j\u00e1r\u00e1s, j\u00e1rm\u0171vek meghib\u00e1sod\u00e1sa vagy egy\u00e9b kisz\u00e1m\u00edthatatlan helyzet eset\u00e9re. Az \u00fczemid\u0151 esetleges m\u00f3dos\u00edt\u00e1sair\u00f3l t\u00e1j\u00e9koz\u00f3djon az elsz\u00e1ll\u00e1sol\u00f3j\u00e1n\u00e1l vagy az inform\u00e1ci\u00f3s k\u00f6zpontokban.<\/li>\n\n\n\n<li><strong>Inf\u00f3vonal a SKI &amp; AQUA BUS szolg\u00e1ltat\u00e1shoz rendelkez\u00e9sre 2025.12.06. \u2013 2026.04.6. id\u0151pontban, csak aut\u00f3buszok \u00fczemidej\u00e9ben 9:00 \u2013 16:00 \u00f3rakor.<\/strong><\/li>\n<\/ol>\n\n\n\n<p>Inform\u00e1ci\u00f3k a s\u00edk\u00f6zpontokr\u00f3l Magas T\u00e1tr\u00e1ban <a href=\"https:\/\/www.vt.sk\/\">ITT!<\/a><\/p>\n\n\n\n<p>A skibust a Magas T\u00e1tra R\u00e9gi\u00f3 Ker\u00fcleti Idegenforgalmi r\u00e9szlege \u00fczemelteti a a Szlov\u00e1k K\u00f6zt\u00e1rsas\u00e1g Idegenforgalmi \u00e9s Sportminiszt\u00e9riuma anyagi t\u00e1mogat\u00e1s\u00e1val.<\/p>\n\n\n\n<figure class=\"wp-block-gallery has-nested-images columns-default is-cropped alignleft wp-block-gallery-3 is-layout-flex wp-block-gallery-is-layout-flex\">\n<figure class=\"wp-block-image\"><img loading=\"lazy\" decoding=\"async\" width=\"709\" height=\"283\" data-id=\"9511185\" src=\"https:\/\/regiontatry.sk\/wp-content\/uploads\/2024\/02\/Ministerstvo_cestovneho-ruchu-a-sportu_SR_EN_Farebne.jpg\" alt=\"\" class=\"wp-image-9511185\" srcset=\"https:\/\/regiontatry.sk\/wp-content\/uploads\/2024\/02\/Ministerstvo_cestovneho-ruchu-a-sportu_SR_EN_Farebne.jpg 709w, https:\/\/regiontatry.sk\/wp-content\/uploads\/2024\/02\/Ministerstvo_cestovneho-ruchu-a-sportu_SR_EN_Farebne-300x120.jpg 300w, https:\/\/regiontatry.sk\/wp-content\/uploads\/2024\/02\/Ministerstvo_cestovneho-ruchu-a-sportu_SR_EN_Farebne-698x279.jpg 698w, https:\/\/regiontatry.sk\/wp-content\/uploads\/2024\/02\/Ministerstvo_cestovneho-ruchu-a-sportu_SR_EN_Farebne-552x220.jpg 552w\" sizes=\"(max-width: 709px) 100vw, 709px\" \/><\/figure>\n<\/figure>\n\n\n<p><!--EndFragment--><\/p>\n<\/p>","protected":false},"excerpt":{"rendered":"<p>A t\u00e9li szezonban els\u0151sorban a s\u00edz\u0151k \u00e9s GOPASS&nbsp;k\u00e1rtya tulajdonosai sz\u00e1m\u00e1ra k\u00e9szen \u00e1ll egy&nbsp;region\u00e1lis k\u00f6zleked\u00e9s SKI &amp; AQUA BUS form\u00e1j\u00e1ban, amely 2025.12.06.-t\u00f3l 2026.04.06.-ig tart\u00f3 id\u0151szakban k\u00e9nyelmesen \u00e9s&nbsp;ingyenesen elsz\u00e1ll\u00edtja a s\u00edz\u0151ket a T\u00e1tralomnic, Csorbat\u00f3 s\u00edk\u00f6zpontokba&nbsp;\u00e9s az&nbsp;AquaCity&nbsp;Poprad aquaparkba. CSORBAT\u00d3 \u2013 1A j\u00e1rat \u2013 Ingaj\u00e1rat Csorbat\u00f3, k\u00f6zponti parkol\u00f3 \u2013 s\u00edk\u00f6zpont Csorbat\u00f3 1A, k\u00f6zponti parkol\u00f3 \u2013 s\u00edk\u00f6zpont A j\u00e1rat NAPONTA [&hellip;]<\/p>\n","protected":false},"author":2,"featured_media":8564956,"parent":8564929,"menu_order":7,"comment_status":"closed","ping_status":"closed","template":"template-simple-page.php","meta":{"footnotes":""},"class_list":["post-8564954","page","type-page","status-publish","has-post-thumbnail","hentry"],"_links":{"self":[{"href":"https:\/\/regiontatry.sk\/hu\/wp-json\/wp\/v2\/pages\/8564954"}],"collection":[{"href":"https:\/\/regiontatry.sk\/hu\/wp-json\/wp\/v2\/pages"}],"about":[{"href":"https:\/\/regiontatry.sk\/hu\/wp-json\/wp\/v2\/types\/page"}],"author":[{"embeddable":true,"href":"https:\/\/regiontatry.sk\/hu\/wp-json\/wp\/v2\/users\/2"}],"replies":[{"embeddable":true,"href":"https:\/\/regiontatry.sk\/hu\/wp-json\/wp\/v2\/comments?post=8564954"}],"version-history":[{"count":50,"href":"https:\/\/regiontatry.sk\/hu\/wp-json\/wp\/v2\/pages\/8564954\/revisions"}],"predecessor-version":[{"id":13309662,"href":"https:\/\/regiontatry.sk\/hu\/wp-json\/wp\/v2\/pages\/8564954\/revisions\/13309662"}],"up":[{"embeddable":true,"href":"https:\/\/regiontatry.sk\/hu\/wp-json\/wp\/v2\/pages\/8564929"}],"wp:featuredmedia":[{"embeddable":true,"href":"https:\/\/regiontatry.sk\/hu\/wp-json\/wp\/v2\/media\/8564956"}],"wp:attachment":[{"href":"https:\/\/regiontatry.sk\/hu\/wp-json\/wp\/v2\/media?parent=8564954"}],"curies":[{"name":"wp","href":"https:\/\/api.w.org\/{rel}","templated":true}]}}