{"id":8903580,"date":"2023-04-18T22:10:25","date_gmt":"2023-04-18T20:10:25","guid":{"rendered":"https:\/\/regiontatry.sk\/tatranske-unikaty\/"},"modified":"2023-04-18T22:44:23","modified_gmt":"2023-04-18T20:44:23","slug":"tatranske-unikaty","status":"publish","type":"page","link":"https:\/\/regiontatry.sk\/hu\/tatranske-unikaty\/","title":{"rendered":"T\u00e1tra egyedi"},"content":{"rendered":"\n<h4 class=\"wp-block-heading\"><em>Fedezze fel az egyed\u00fcl\u00e1ll\u00f3 t\u00e1trai egyedis\u00e9geket, amelyek mindenkit a T\u00e1tra felt\u00e1ratlan ter\u00fcleteire vonzanak az \u00f6sv\u00e9nyeken.<\/em><\/h4>\n\n\n\n<p><strong>B\u00e1r a Magas-T\u00e1tra a vil\u00e1g legkisebb hegye, rengeteg term\u00e9szeti \u00e9s vil\u00e1gi kincset, \u00e9rdekess\u00e9get rejteget. M\u00e9g egy j\u00f3l ismert \u00e9s l\u00e1togatott helysz\u00edn is meglepheti, izgathatja \u00e9s \u00e9rdekelheti a tapasztalt hegykedvel\u0151t is.<\/strong><\/p>\n\n\n\n<p><strong>Velick\u00e1 dolina<\/strong> leny\u0171g\u00f6z\u0151 term\u00e9szeti kerttel, <strong>Skalnata dolina <\/strong>cs\u00faszd\u00e1val a filmesek sz\u00e1m\u00e1ra vagy <strong>Javorov\u00e1 dolina,<\/strong> ahol Hohenlohe herceg elhagyta otthona lehelet\u00e9t. A t\u00f6rt\u00e9net\u00fcknek k\u00f6sz\u00f6nhet\u0151en egyed\u00fcl\u00e1ll\u00f3 t\u00e1trai helyek a k\u00f6vetkez\u0151 t\u00e1trai \u00f6sv\u00e9nyeken is megtekinthet\u0151k. Mindez a kalandoroknak sz\u00e1nt t\u00e9rk\u00e9ppel, a rajong\u00f3knak k\u00e9sz\u00fclt fot\u00f3kkal \u00e9s a k\u00edv\u00e1ncsiskod\u00f3knak \u00e9rdekes sz\u00f6vegekkel olyan helyek komplexum\u00e1t alkotja, amelyeket mindenk\u00e9ppen \u00e9rdemes megismerni.<\/p>\n\n\n\n<div class=\"wp-block-image\"><figure class=\"aligncenter is-resized\"><a href=\"https:\/\/regiontatry.sk\/wp-content\/uploads\/2023\/04\/Tatranske_unikaty_plagat-1.jpg\" data-rel=\"lightbox-image-0\" data-rl_title=\"\" data-rl_caption=\"\" title=\"\"><img loading=\"lazy\" decoding=\"async\" src=\"https:\/\/regiontatry.sk\/wp-content\/uploads\/2023\/04\/Tatranske_unikaty_plagat-1-724x1024.jpg\" alt=\"\" class=\"wp-image-8903527\" width=\"362\" height=\"512\" srcset=\"https:\/\/regiontatry.sk\/wp-content\/uploads\/2023\/04\/Tatranske_unikaty_plagat-1-724x1024.jpg 724w, https:\/\/regiontatry.sk\/wp-content\/uploads\/2023\/04\/Tatranske_unikaty_plagat-1-212x300.jpg 212w, https:\/\/regiontatry.sk\/wp-content\/uploads\/2023\/04\/Tatranske_unikaty_plagat-1-768x1086.jpg 768w, https:\/\/regiontatry.sk\/wp-content\/uploads\/2023\/04\/Tatranske_unikaty_plagat-1-698x987.jpg 698w, https:\/\/regiontatry.sk\/wp-content\/uploads\/2023\/04\/Tatranske_unikaty_plagat-1-552x781.jpg 552w, https:\/\/regiontatry.sk\/wp-content\/uploads\/2023\/04\/Tatranske_unikaty_plagat-1.jpg 1240w\" sizes=\"(max-width: 362px) 100vw, 362px\" \/><\/a><\/figure><\/div>\n\n\n\n<p><strong>VELICK\u00c1 DOLINA<\/strong><br>Tudja meg, ki \u00e1ll az \u00f6sv\u00e9nyek \u00e9p\u00edt\u00e9se m\u00f6g\u00f6tt, hol \u00e1lltak az els\u0151 alpesi kunyh\u00f3k, mi\u00e9rt nevezt\u00e9k el az ereszcsatorn\u00e1t egy fogad\u00f3sr\u00f3l, hogyan hatott \u00e9let\u00e9vel Tatransk\u00e1 Poliank\u00e1ra egy fiatal cseh k\u00f6lt\u0151, \u00e9s m\u00e9g sok minden m\u00e1s.<\/p>\n\n\n\n<p><strong>SKALNAT\u00c1 DOLINA<\/strong><br>\u00c9lvezze a bolyg\u00f3r\u00f3l elnevezett \u00e9p\u00fcletet vagy Eur\u00f3pa legnagyobb sz\u00e1nk\u00f3p\u00e1ly\u00e1j\u00e1nak egykori kin\u00e9zet\u00e9t, vagy t\u00e1j\u00e9koz\u00f3djon Skalnata Chata \u00e9rdekes eredet\u00e9r\u0151l.<\/p>\n\n\n\n<p><strong>JAVOROV\u00c1 DOLINA<\/strong><br>Fedezze fel a fontos emberek utols\u00f3 nyughely\u00e9t, a Zadn\u00fd Me\u010fodolov-v\u00f6lgyet vagy a r\u00e9teket, ahol egy ideig m\u00e9g az Angli\u00e1b\u00f3l import\u00e1lt feh\u00e9rszarvas is legelt.<\/p>\n\n\n\n<p><strong><em>Csak t\u00f6ltse be a t\u00e9rk\u00e9pet, csomagoljon be egy termoszt, \u00e9s induljon el felfedezni a Magas-T\u00e1tra egyed\u00fcl\u00e1ll\u00f3 helyeit.<\/em><\/strong><\/p>\n\n\n\n<h4 class=\"wp-block-heading\">T\u00c1TRA EGYEDI T\u00c9RK\u00c9PE: <a href=\"https:\/\/www.mapotic.com\/tatranske-unikaty?zoom=11&amp;lng=20.185317993164066&amp;lat=49.14353776699441\" target=\"_blank\" rel=\"noreferrer noopener\" aria-label=\"ITT! (otvor\u00ed sa v novej karte)\">ITT!<\/a><\/h4>\n\n\n\n<ul class=\"wp-block-gallery columns-3 is-cropped wp-block-gallery-2 is-layout-flex wp-block-gallery-is-layout-flex\"><li class=\"blocks-gallery-item\"><figure><img loading=\"lazy\" decoding=\"async\" width=\"1024\" height=\"1024\" src=\"https:\/\/regiontatry.sk\/wp-content\/uploads\/2023\/04\/Javorova-dolina_Zvernica-1-1024x1024.jpg\" alt=\"\" data-id=\"8903490\" data-link=\"https:\/\/regiontatry.sk\/?attachment_id=8903490\" class=\"wp-image-8903490\" srcset=\"https:\/\/regiontatry.sk\/wp-content\/uploads\/2023\/04\/Javorova-dolina_Zvernica-1-1024x1024.jpg 1024w, https:\/\/regiontatry.sk\/wp-content\/uploads\/2023\/04\/Javorova-dolina_Zvernica-1-150x150.jpg 150w, https:\/\/regiontatry.sk\/wp-content\/uploads\/2023\/04\/Javorova-dolina_Zvernica-1-300x300.jpg 300w, https:\/\/regiontatry.sk\/wp-content\/uploads\/2023\/04\/Javorova-dolina_Zvernica-1-768x768.jpg 768w, https:\/\/regiontatry.sk\/wp-content\/uploads\/2023\/04\/Javorova-dolina_Zvernica-1-698x698.jpg 698w, https:\/\/regiontatry.sk\/wp-content\/uploads\/2023\/04\/Javorova-dolina_Zvernica-1-552x552.jpg 552w, https:\/\/regiontatry.sk\/wp-content\/uploads\/2023\/04\/Javorova-dolina_Zvernica-1.jpg 1080w\" sizes=\"(max-width: 1024px) 100vw, 1024px\" \/><\/figure><\/li><li class=\"blocks-gallery-item\"><figure><img loading=\"lazy\" decoding=\"async\" width=\"1024\" height=\"1024\" src=\"https:\/\/regiontatry.sk\/wp-content\/uploads\/2023\/04\/Skalnata-dolina_Filmarsky-zlab-1-1024x1024.jpg\" alt=\"\" data-id=\"8903496\" data-link=\"https:\/\/regiontatry.sk\/?attachment_id=8903496\" class=\"wp-image-8903496\" srcset=\"https:\/\/regiontatry.sk\/wp-content\/uploads\/2023\/04\/Skalnata-dolina_Filmarsky-zlab-1-1024x1024.jpg 1024w, https:\/\/regiontatry.sk\/wp-content\/uploads\/2023\/04\/Skalnata-dolina_Filmarsky-zlab-1-150x150.jpg 150w, https:\/\/regiontatry.sk\/wp-content\/uploads\/2023\/04\/Skalnata-dolina_Filmarsky-zlab-1-300x300.jpg 300w, https:\/\/regiontatry.sk\/wp-content\/uploads\/2023\/04\/Skalnata-dolina_Filmarsky-zlab-1-768x768.jpg 768w, https:\/\/regiontatry.sk\/wp-content\/uploads\/2023\/04\/Skalnata-dolina_Filmarsky-zlab-1-698x698.jpg 698w, https:\/\/regiontatry.sk\/wp-content\/uploads\/2023\/04\/Skalnata-dolina_Filmarsky-zlab-1-552x552.jpg 552w, https:\/\/regiontatry.sk\/wp-content\/uploads\/2023\/04\/Skalnata-dolina_Filmarsky-zlab-1.jpg 1080w\" sizes=\"(max-width: 1024px) 100vw, 1024px\" \/><\/figure><\/li><li class=\"blocks-gallery-item\"><figure><img loading=\"lazy\" decoding=\"async\" width=\"1024\" height=\"1024\" src=\"https:\/\/regiontatry.sk\/wp-content\/uploads\/2023\/04\/Skalnata-dolina_Filmarsky-zlab-2-1024x1024.jpg\" alt=\"\" data-id=\"8903502\" data-link=\"https:\/\/regiontatry.sk\/?attachment_id=8903502\" class=\"wp-image-8903502\" srcset=\"https:\/\/regiontatry.sk\/wp-content\/uploads\/2023\/04\/Skalnata-dolina_Filmarsky-zlab-2-1024x1024.jpg 1024w, https:\/\/regiontatry.sk\/wp-content\/uploads\/2023\/04\/Skalnata-dolina_Filmarsky-zlab-2-150x150.jpg 150w, https:\/\/regiontatry.sk\/wp-content\/uploads\/2023\/04\/Skalnata-dolina_Filmarsky-zlab-2-300x300.jpg 300w, https:\/\/regiontatry.sk\/wp-content\/uploads\/2023\/04\/Skalnata-dolina_Filmarsky-zlab-2-768x768.jpg 768w, https:\/\/regiontatry.sk\/wp-content\/uploads\/2023\/04\/Skalnata-dolina_Filmarsky-zlab-2-698x698.jpg 698w, https:\/\/regiontatry.sk\/wp-content\/uploads\/2023\/04\/Skalnata-dolina_Filmarsky-zlab-2-552x552.jpg 552w, https:\/\/regiontatry.sk\/wp-content\/uploads\/2023\/04\/Skalnata-dolina_Filmarsky-zlab-2.jpg 1080w\" sizes=\"(max-width: 1024px) 100vw, 1024px\" \/><\/figure><\/li><li class=\"blocks-gallery-item\"><figure><img loading=\"lazy\" decoding=\"async\" width=\"1024\" height=\"1024\" src=\"https:\/\/regiontatry.sk\/wp-content\/uploads\/2023\/04\/Skalnata-dolina_Pramenisko-1024x1024.jpg\" alt=\"\" data-id=\"8903508\" data-link=\"https:\/\/regiontatry.sk\/?attachment_id=8903508\" class=\"wp-image-8903508\" srcset=\"https:\/\/regiontatry.sk\/wp-content\/uploads\/2023\/04\/Skalnata-dolina_Pramenisko-1024x1024.jpg 1024w, https:\/\/regiontatry.sk\/wp-content\/uploads\/2023\/04\/Skalnata-dolina_Pramenisko-150x150.jpg 150w, https:\/\/regiontatry.sk\/wp-content\/uploads\/2023\/04\/Skalnata-dolina_Pramenisko-300x300.jpg 300w, https:\/\/regiontatry.sk\/wp-content\/uploads\/2023\/04\/Skalnata-dolina_Pramenisko-768x768.jpg 768w, https:\/\/regiontatry.sk\/wp-content\/uploads\/2023\/04\/Skalnata-dolina_Pramenisko-698x698.jpg 698w, https:\/\/regiontatry.sk\/wp-content\/uploads\/2023\/04\/Skalnata-dolina_Pramenisko-552x552.jpg 552w, https:\/\/regiontatry.sk\/wp-content\/uploads\/2023\/04\/Skalnata-dolina_Pramenisko.jpg 1080w\" sizes=\"(max-width: 1024px) 100vw, 1024px\" \/><\/figure><\/li><li class=\"blocks-gallery-item\"><figure><img loading=\"lazy\" decoding=\"async\" width=\"1024\" height=\"1024\" src=\"https:\/\/regiontatry.sk\/wp-content\/uploads\/2023\/04\/Velicka-dolina_Zlta-stena-1024x1024.jpg\" alt=\"\" data-id=\"8903514\" data-link=\"https:\/\/regiontatry.sk\/?attachment_id=8903514\" class=\"wp-image-8903514\" srcset=\"https:\/\/regiontatry.sk\/wp-content\/uploads\/2023\/04\/Velicka-dolina_Zlta-stena-1024x1024.jpg 1024w, https:\/\/regiontatry.sk\/wp-content\/uploads\/2023\/04\/Velicka-dolina_Zlta-stena-150x150.jpg 150w, https:\/\/regiontatry.sk\/wp-content\/uploads\/2023\/04\/Velicka-dolina_Zlta-stena-300x300.jpg 300w, https:\/\/regiontatry.sk\/wp-content\/uploads\/2023\/04\/Velicka-dolina_Zlta-stena-768x768.jpg 768w, https:\/\/regiontatry.sk\/wp-content\/uploads\/2023\/04\/Velicka-dolina_Zlta-stena-698x698.jpg 698w, https:\/\/regiontatry.sk\/wp-content\/uploads\/2023\/04\/Velicka-dolina_Zlta-stena-552x552.jpg 552w, https:\/\/regiontatry.sk\/wp-content\/uploads\/2023\/04\/Velicka-dolina_Zlta-stena.jpg 1080w\" sizes=\"(max-width: 1024px) 100vw, 1024px\" \/><\/figure><\/li><\/ul>\n\n\n\n<p>Realizovan\u00e9 s finan\u010dnou podporou Ministerstva dopravy a v\u00fdstavby Slovenskej republiky. <\/p>\n\n\n\n<figure class=\"wp-block-image\"><img loading=\"lazy\" decoding=\"async\" width=\"632\" height=\"173\" src=\"https:\/\/regiontatry.sk\/wp-content\/uploads\/2023\/04\/log\u00e1-na-web.png\" alt=\"\" class=\"wp-image-8903554\" srcset=\"https:\/\/regiontatry.sk\/wp-content\/uploads\/2023\/04\/log\u00e1-na-web.png 632w, https:\/\/regiontatry.sk\/wp-content\/uploads\/2023\/04\/log\u00e1-na-web-300x82.png 300w, https:\/\/regiontatry.sk\/wp-content\/uploads\/2023\/04\/log\u00e1-na-web-552x151.png 552w\" sizes=\"(max-width: 632px) 100vw, 632px\" \/><\/figure>\n","protected":false},"excerpt":{"rendered":"<p>Fedezze fel az egyed\u00fcl\u00e1ll\u00f3 t\u00e1trai egyedis\u00e9geket, amelyek mindenkit a T\u00e1tra felt\u00e1ratlan ter\u00fcleteire vonzanak az \u00f6sv\u00e9nyeken. B\u00e1r a Magas-T\u00e1tra a vil\u00e1g legkisebb hegye, rengeteg term\u00e9szeti \u00e9s vil\u00e1gi kincset, \u00e9rdekess\u00e9get rejteget. M\u00e9g egy j\u00f3l ismert \u00e9s l\u00e1togatott helysz\u00edn is meglepheti, izgathatja \u00e9s \u00e9rdekelheti a tapasztalt hegykedvel\u0151t is. Velick\u00e1 dolina leny\u0171g\u00f6z\u0151 term\u00e9szeti kerttel, Skalnata dolina cs\u00faszd\u00e1val a filmesek [&hellip;]<\/p>\n","protected":false},"author":12,"featured_media":8903547,"parent":0,"menu_order":0,"comment_status":"closed","ping_status":"closed","template":"template-list.php","meta":{"footnotes":""},"class_list":["post-8903580","page","type-page","status-publish","has-post-thumbnail","hentry"],"_links":{"self":[{"href":"https:\/\/regiontatry.sk\/hu\/wp-json\/wp\/v2\/pages\/8903580"}],"collection":[{"href":"https:\/\/regiontatry.sk\/hu\/wp-json\/wp\/v2\/pages"}],"about":[{"href":"https:\/\/regiontatry.sk\/hu\/wp-json\/wp\/v2\/types\/page"}],"author":[{"embeddable":true,"href":"https:\/\/regiontatry.sk\/hu\/wp-json\/wp\/v2\/users\/12"}],"replies":[{"embeddable":true,"href":"https:\/\/regiontatry.sk\/hu\/wp-json\/wp\/v2\/comments?post=8903580"}],"version-history":[{"count":2,"href":"https:\/\/regiontatry.sk\/hu\/wp-json\/wp\/v2\/pages\/8903580\/revisions"}],"predecessor-version":[{"id":8903583,"href":"https:\/\/regiontatry.sk\/hu\/wp-json\/wp\/v2\/pages\/8903580\/revisions\/8903583"}],"wp:featuredmedia":[{"embeddable":true,"href":"https:\/\/regiontatry.sk\/hu\/wp-json\/wp\/v2\/media\/8903547"}],"wp:attachment":[{"href":"https:\/\/regiontatry.sk\/hu\/wp-json\/wp\/v2\/media?parent=8903580"}],"curies":[{"name":"wp","href":"https:\/\/api.w.org\/{rel}","templated":true}]}}