{"id":8903617,"date":"2023-01-06T21:37:09","date_gmt":"2023-01-06T20:37:09","guid":{"rendered":"https:\/\/regiontatry.sk\/gastronomia-az-nad-oblaky\/"},"modified":"2023-04-19T11:28:38","modified_gmt":"2023-04-19T09:28:38","slug":"gastronomia-az-nad-oblaky","status":"publish","type":"page","link":"https:\/\/regiontatry.sk\/hu\/gastronomia-az-nad-oblaky\/","title":{"rendered":"Gasztron\u00f3mia eg\u00e9szen a felh\u0151k f\u00f6l\u00e9"},"content":{"rendered":"\n<h3 class=\"wp-block-heading\"><em><strong>Felejthetetlen kulin\u00e1ris \u00e9lm\u00e9ny a felh\u0151kben T\u00e1tra felett<\/strong><\/em><\/h3>\n\n\n\n<p>\u00c9ljen \u00e1t egy\u00a0<strong>nem k\u00f6z\u00f6ns\u00e9ges kalandot<\/strong>\u00a0megism\u00e9telhetetlen gasztron\u00f3miai \u00e9lm\u00e9ny form\u00e1j\u00e1ban\u00a0k\u00f6zvetlen\u00fcl egy h\u0151l\u00e9gballon kosar\u00e1ban. Magas T\u00e1tra hegytet\u0151i al\u00f3l indulunk \u00e9s egy k\u00f6r\u00fclbel\u00fcl 60 \u2013 90 perces * kiv\u00e1l\u00f3 lebeg\u00e9st \u00e9l\u00fcnk \u00e1t k\u00f6z\u00f6sen kulin\u00e1ris specialit\u00e1sokkal a <strong>Hotel Lomnica f\u0151szak\u00e1csait\u00f3l.<\/strong><\/p>\n\n\n\n<p><em>* A rep\u00fcl\u00e9s hossza az aktu\u00e1lis id\u0151j\u00e1r\u00e1si viszonyokt\u00f3l f\u00fcgg. \u00a0\u00a0<\/em><\/p>\n\n\n\n<ul class=\"wp-block-gallery columns-2 is-cropped wp-block-gallery-2 is-layout-flex wp-block-gallery-is-layout-flex\"><li class=\"blocks-gallery-item\"><figure><img loading=\"lazy\" decoding=\"async\" width=\"560\" height=\"560\" src=\"https:\/\/regiontatry.sk\/wp-content\/uploads\/2023\/01\/image-1-1-1.png\" alt=\"\" data-id=\"8714120\" data-link=\"https:\/\/regiontatry.sk\/?attachment_id=8714120\" class=\"wp-image-8714120\" srcset=\"https:\/\/regiontatry.sk\/wp-content\/uploads\/2023\/01\/image-1-1-1.png 560w, https:\/\/regiontatry.sk\/wp-content\/uploads\/2023\/01\/image-1-1-1-150x150.png 150w, https:\/\/regiontatry.sk\/wp-content\/uploads\/2023\/01\/image-1-1-1-300x300.png 300w, https:\/\/regiontatry.sk\/wp-content\/uploads\/2023\/01\/image-1-1-1-552x552.png 552w\" sizes=\"(max-width: 560px) 100vw, 560px\" \/><\/figure><\/li><li class=\"blocks-gallery-item\"><figure><img loading=\"lazy\" decoding=\"async\" width=\"587\" height=\"449\" src=\"https:\/\/regiontatry.sk\/wp-content\/uploads\/2023\/01\/Kulin\u00e1rske-lety.png\" alt=\"\" data-id=\"8714132\" data-link=\"https:\/\/regiontatry.sk\/?attachment_id=8714132\" class=\"wp-image-8714132\" srcset=\"https:\/\/regiontatry.sk\/wp-content\/uploads\/2023\/01\/Kulin\u00e1rske-lety.png 587w, https:\/\/regiontatry.sk\/wp-content\/uploads\/2023\/01\/Kulin\u00e1rske-lety-300x229.png 300w, https:\/\/regiontatry.sk\/wp-content\/uploads\/2023\/01\/Kulin\u00e1rske-lety-552x422.png 552w\" sizes=\"(max-width: 587px) 100vw, 587px\" \/><\/figure><\/li><\/ul>\n\n\n\n<h1 class=\"wp-block-heading\"><em><strong>Kulin\u00e1ris rep\u00fcl\u00e9sek<\/strong><\/em><\/h1>\n\n\n\n<p>Mennyei \u00e9lvezet a Hotel Lomnica csapata \u00e1ltal el\u0151adott els\u0151 oszt\u00e1ly\u00fa gasztron\u00f3mi\u00e1b\u00f3l a nap kelt\u00e9re vagy nyugt\u00e1ra val\u00f3 kil\u00e1t\u00e1ssal, ezen fel\u00fcl a ViaJur bor\u00e1szat Hey You Bubbles bubor\u00e9kaival telt poh\u00e1rral \u00e9s illatos k\u00e1v\u00e9val, amelyet a h\u0151l\u00e9gballon el\u0151k\u00e9sz\u00edt\u00e9se folyam\u00e1n k\u00edn\u00e1lunk, egy t\u00f6k\u00e9letes romantikus l\u00e9gk\u00f6rt var\u00e1zsol ki. A rep\u00fcl\u00e9s-k\u00edn\u00e1latot megtal\u00e1lja\u00a0<a href=\"https:\/\/www.kuulinair.sk\/ponuka-letov\/\">ITT<\/a><\/p>\n\n\n\n<ul class=\"wp-block-gallery columns-3 is-cropped wp-block-gallery-3 is-layout-flex wp-block-gallery-is-layout-flex\"><li class=\"blocks-gallery-item\"><figure><img loading=\"lazy\" decoding=\"async\" width=\"360\" height=\"360\" src=\"https:\/\/regiontatry.sk\/wp-content\/uploads\/2023\/01\/kulin\u00e1rske-lety-1.png\" alt=\"\" data-id=\"8714138\" data-link=\"https:\/\/regiontatry.sk\/?attachment_id=8714138\" class=\"wp-image-8714138\" srcset=\"https:\/\/regiontatry.sk\/wp-content\/uploads\/2023\/01\/kulin\u00e1rske-lety-1.png 360w, https:\/\/regiontatry.sk\/wp-content\/uploads\/2023\/01\/kulin\u00e1rske-lety-1-150x150.png 150w, https:\/\/regiontatry.sk\/wp-content\/uploads\/2023\/01\/kulin\u00e1rske-lety-1-300x300.png 300w\" sizes=\"(max-width: 360px) 100vw, 360px\" \/><\/figure><\/li><li class=\"blocks-gallery-item\"><figure><img loading=\"lazy\" decoding=\"async\" width=\"360\" height=\"540\" src=\"https:\/\/regiontatry.sk\/wp-content\/uploads\/2023\/01\/image-3-1.png\" alt=\"\" data-id=\"8714144\" data-link=\"https:\/\/regiontatry.sk\/?attachment_id=8714144\" class=\"wp-image-8714144\" srcset=\"https:\/\/regiontatry.sk\/wp-content\/uploads\/2023\/01\/image-3-1.png 360w, https:\/\/regiontatry.sk\/wp-content\/uploads\/2023\/01\/image-3-1-200x300.png 200w\" sizes=\"(max-width: 360px) 100vw, 360px\" \/><\/figure><\/li><li class=\"blocks-gallery-item\"><figure><img loading=\"lazy\" decoding=\"async\" width=\"360\" height=\"540\" src=\"https:\/\/regiontatry.sk\/wp-content\/uploads\/2023\/01\/kulin\u00e1rske-lety-2.png\" alt=\"\" data-id=\"8714150\" data-link=\"https:\/\/regiontatry.sk\/?attachment_id=8714150\" class=\"wp-image-8714150\" srcset=\"https:\/\/regiontatry.sk\/wp-content\/uploads\/2023\/01\/kulin\u00e1rske-lety-2.png 360w, https:\/\/regiontatry.sk\/wp-content\/uploads\/2023\/01\/kulin\u00e1rske-lety-2-200x300.png 200w\" sizes=\"(max-width: 360px) 100vw, 360px\" \/><\/figure><\/li><\/ul>\n\n\n\n<h1 class=\"wp-block-heading\"><em><strong>Panor\u00e1ma-rep\u00fcl\u00e9s<\/strong><\/em><\/h1>\n\n\n\n<p>Figyelje a reggeli pirkadatot a t\u00e1trai cs\u00facsok felett, vagy az esti napnyugt\u00e1t, amelyek a term\u00e9szet ritka jeleneteit t\u00e1rja fel. Az \u00faj napf\u00e9nyes nap kezdete, \u00fagyszint\u00e9n az az ut\u00e1ni pont, az \u00e9ppen lefolyt panor\u00e1ma-rep\u00fcl\u00e9sb\u0151l felgy\u00fclemlett em\u00f3ci\u00f3knak k\u00f6sz\u00f6nhet\u0151en felejthetetlen \u00e9lm\u00e9nny\u00e9 v\u00e1lik. A rep\u00fcl\u00e9sk\u00edn\u00e1latot megtal\u00e1lja <a href=\"https:\/\/www.kuulinair.sk\/ponuka-letov\/\">ITT<\/a><\/p>\n\n\n\n<ul class=\"wp-block-gallery columns-1 is-cropped wp-block-gallery-4 is-layout-flex wp-block-gallery-is-layout-flex\"><li class=\"blocks-gallery-item\"><figure><img loading=\"lazy\" decoding=\"async\" width=\"560\" height=\"560\" src=\"https:\/\/regiontatry.sk\/wp-content\/uploads\/2023\/01\/image-1-8-1-1.png\" alt=\"\" data-id=\"8714156\" data-link=\"https:\/\/regiontatry.sk\/?attachment_id=8714156\" class=\"wp-image-8714156\" srcset=\"https:\/\/regiontatry.sk\/wp-content\/uploads\/2023\/01\/image-1-8-1-1.png 560w, https:\/\/regiontatry.sk\/wp-content\/uploads\/2023\/01\/image-1-8-1-1-150x150.png 150w, https:\/\/regiontatry.sk\/wp-content\/uploads\/2023\/01\/image-1-8-1-1-300x300.png 300w, https:\/\/regiontatry.sk\/wp-content\/uploads\/2023\/01\/image-1-8-1-1-552x552.png 552w\" sizes=\"(max-width: 560px) 100vw, 560px\" \/><\/figure><\/li><\/ul>\n\n\n\n<p>A Kuulinair az \u00f6sszes \u00e9rz\u00e9k egyed\u00fcl\u00e1ll\u00f3 \u00f6sszefon\u00e1s\u00e1t hozza, a kulin\u00e1ris \u00e9lm\u00e9nyeket a fellegekben val\u00f3 mes\u00e9s kir\u00e1ndul\u00e1ssal, amely a nem szokv\u00e1nyos \u00e9lm\u00e9nyek minden im\u00e1d\u00f3j\u00e1nak \u00f6r\u00f6met szerez, valamint az itt-ott a ker\u00e9kv\u00e1g\u00e1sb\u00f3l kiz\u00f6kken\u0151 konzervat\u00edvabb t\u00edpus\u00faak is \u00f6r\u00f6met lelnek benne.<\/p>\n","protected":false},"excerpt":{"rendered":"<p>Felejthetetlen kulin\u00e1ris \u00e9lm\u00e9ny a felh\u0151kben T\u00e1tra felett \u00c9ljen \u00e1t egy\u00a0nem k\u00f6z\u00f6ns\u00e9ges kalandot\u00a0megism\u00e9telhetetlen gasztron\u00f3miai \u00e9lm\u00e9ny form\u00e1j\u00e1ban\u00a0k\u00f6zvetlen\u00fcl egy h\u0151l\u00e9gballon kosar\u00e1ban. Magas T\u00e1tra hegytet\u0151i al\u00f3l indulunk \u00e9s egy k\u00f6r\u00fclbel\u00fcl 60 \u2013 90 perces * kiv\u00e1l\u00f3 lebeg\u00e9st \u00e9l\u00fcnk \u00e1t k\u00f6z\u00f6sen kulin\u00e1ris specialit\u00e1sokkal a Hotel Lomnica f\u0151szak\u00e1csait\u00f3l. * A rep\u00fcl\u00e9s hossza az aktu\u00e1lis id\u0151j\u00e1r\u00e1si viszonyokt\u00f3l f\u00fcgg. \u00a0\u00a0 Kulin\u00e1ris rep\u00fcl\u00e9sek Mennyei [&hellip;]<\/p>\n","protected":false},"author":12,"featured_media":8714135,"parent":0,"menu_order":0,"comment_status":"closed","ping_status":"closed","template":"template-simple-page.php","meta":{"footnotes":""},"class_list":["post-8903617","page","type-page","status-publish","has-post-thumbnail","hentry"],"_links":{"self":[{"href":"https:\/\/regiontatry.sk\/hu\/wp-json\/wp\/v2\/pages\/8903617"}],"collection":[{"href":"https:\/\/regiontatry.sk\/hu\/wp-json\/wp\/v2\/pages"}],"about":[{"href":"https:\/\/regiontatry.sk\/hu\/wp-json\/wp\/v2\/types\/page"}],"author":[{"embeddable":true,"href":"https:\/\/regiontatry.sk\/hu\/wp-json\/wp\/v2\/users\/12"}],"replies":[{"embeddable":true,"href":"https:\/\/regiontatry.sk\/hu\/wp-json\/wp\/v2\/comments?post=8903617"}],"version-history":[{"count":2,"href":"https:\/\/regiontatry.sk\/hu\/wp-json\/wp\/v2\/pages\/8903617\/revisions"}],"predecessor-version":[{"id":8903621,"href":"https:\/\/regiontatry.sk\/hu\/wp-json\/wp\/v2\/pages\/8903617\/revisions\/8903621"}],"wp:featuredmedia":[{"embeddable":true,"href":"https:\/\/regiontatry.sk\/hu\/wp-json\/wp\/v2\/media\/8714135"}],"wp:attachment":[{"href":"https:\/\/regiontatry.sk\/hu\/wp-json\/wp\/v2\/media?parent=8903617"}],"curies":[{"name":"wp","href":"https:\/\/api.w.org\/{rel}","templated":true}]}}