{"id":8917626,"date":"2018-09-07T13:45:49","date_gmt":"2018-09-07T11:45:49","guid":{"rendered":"https:\/\/regiontatry.sk\/gasztronomia\/kaviarne\/"},"modified":"2023-04-25T13:53:02","modified_gmt":"2023-04-25T11:53:02","slug":"kavezok","status":"publish","type":"page","link":"https:\/\/regiontatry.sk\/hu\/gasztronomia\/kavezok\/","title":{"rendered":"K\u00e1v\u00e9z\u00f3k"},"content":{"rendered":"","protected":false},"excerpt":{"rendered":"","protected":false},"author":1,"featured_media":10195818,"parent":8917608,"menu_order":0,"comment_status":"closed","ping_status":"closed","template":"template-objects.php","meta":{"footnotes":""},"class_list":["post-8917626","page","type-page","status-publish","has-post-thumbnail","hentry"],"_links":{"self":[{"href":"https:\/\/regiontatry.sk\/hu\/wp-json\/wp\/v2\/pages\/8917626"}],"collection":[{"href":"https:\/\/regiontatry.sk\/hu\/wp-json\/wp\/v2\/pages"}],"about":[{"href":"https:\/\/regiontatry.sk\/hu\/wp-json\/wp\/v2\/types\/page"}],"author":[{"embeddable":true,"href":"https:\/\/regiontatry.sk\/hu\/wp-json\/wp\/v2\/users\/1"}],"replies":[{"embeddable":true,"href":"https:\/\/regiontatry.sk\/hu\/wp-json\/wp\/v2\/comments?post=8917626"}],"version-history":[{"count":1,"href":"https:\/\/regiontatry.sk\/hu\/wp-json\/wp\/v2\/pages\/8917626\/revisions"}],"predecessor-version":[{"id":8917628,"href":"https:\/\/regiontatry.sk\/hu\/wp-json\/wp\/v2\/pages\/8917626\/revisions\/8917628"}],"up":[{"embeddable":true,"href":"https:\/\/regiontatry.sk\/hu\/wp-json\/wp\/v2\/pages\/8917608"}],"wp:featuredmedia":[{"embeddable":true,"href":"https:\/\/regiontatry.sk\/hu\/wp-json\/wp\/v2\/media\/10195818"}],"wp:attachment":[{"href":"https:\/\/regiontatry.sk\/hu\/wp-json\/wp\/v2\/media?parent=8917626"}],"curies":[{"name":"wp","href":"https:\/\/api.w.org\/{rel}","templated":true}]}}