{"id":8918207,"date":"2018-07-11T09:43:00","date_gmt":"2018-07-11T07:43:00","guid":{"rendered":"https:\/\/regiontatry.sk\/gasztronomia\/gurmanstvo-a-emocie\/"},"modified":"2025-02-17T21:38:52","modified_gmt":"2025-02-17T20:38:52","slug":"gourmet-es-erzelmek","status":"publish","type":"page","link":"https:\/\/regiontatry.sk\/hu\/gasztronomia\/gourmet-es-erzelmek\/","title":{"rendered":"Gourmet \u00e9s \u00e9rzelmek"},"content":{"rendered":"\n<p><strong>R\u00f3zsasz\u00edn \u00e9s p\u00f3tolhatatlan. Ezek olyan \u00e9lm\u00e9nyek, amelyek a Magas-T\u00e1tr\u00e1ban elt\u00f6lt\u00f6tt szabadid\u0151 ut\u00e1n is megmaradnak.<\/strong><\/p>\n\n\n\n<p>A t\u00e1trai t\u00e1j az \u00e9rzelmek legjobb kokt\u00e9lj\u00e1t keveri \u00f6ssze &#8211; beleszeret a megk\u00f6zel\u00edthetetlen cs\u00facsokba, fagyott v\u00edzes\u00e9sekbe, \u00faj energi\u00e1t nyer a feh\u00e9r mesebeli f\u00f6ldre n\u00e9zve, lelk\u00e9t pedig el\u00f6nti a harm\u00f3nia \u00e9s az el\u00e9gedetts\u00e9g \u00e9rz\u00e9se.<\/p>\n\n\n\n<p>Napk\u00f6zben \u00e9lvezze a romantikus s\u00e9t\u00e1kat a kanyarg\u00f3s t\u00fara\u00fatvonalakon, \u00e9s k\u00e9nyeztesse mag\u00e1t region\u00e1lis konyha specialit\u00e1saival naplementekor. A kiad\u00f3s, h\u00e1zi k\u00e9sz\u00edt\u00e9s\u0171 \u00e9telek \u00e9s mestereik kifinomult alkot\u00e1sai egyedi, \u00edzekkel \u00e9s kulin\u00e1ris \u00e9lvezetekkel teli pillanatokat hoznak el.<\/p>\n\n\n\n<p>Biztosan \u00e9lvezni fogja a T\u00e1tr\u00e1t!<br><\/p>\n\n\n\t<a href=\"https:\/\/regiontatry.sk\/hu\/gastronomia-az-nad-oblaky\/\" class=\"wp-block-cgb-block-creanet-list category-list grid-x grid-padding-x align-middle\">\n\t\t\t\t\t<div class=\"small-12 medium-6 large-5\">\n\t\t\t\t<figure><img src='https:\/\/regiontatry.sk\/wp-content\/uploads\/2023\/01\/image-1-1.png'\n\t\t\t\t\t\talt=''\n\t\t\t\t\t\ttitle='image-1-1'\n\t\t\t\t\t\/><\/figure>\n\t\t\t<\/div>\n\t\t\n\n\t\t<div class=\"cell small-12 medium-5 large-7\">\n\t\t\t<h3>Gasztron\u00f3mia a felh\u0151k felett<\/h3>\n\t\t\t<p>\u00c9ljen \u00e1t egy rendk\u00edv\u00fcli kalandot egy egyedi gasztron\u00f3miai \u00e9lm\u00e9ny form\u00e1j\u00e1ban k\u00f6zvetlen\u00fcl a h\u0151l\u00e9gballon kosar\u00e1ban. A Magas-T\u00e1tra l\u00e1b\u00e1r\u00f3l indulunk, \u00e9s egy\u00fctt k\u00f6r\u00fclbel\u00fcl 60-90 perc * egy hihetetlen rep\u00fcl\u00e9sben fogunk \u00e9lvezni a Hotel Lomnica s\u00e9fjei kulin\u00e1ris k\u00fcl\u00f6nlegess\u00e9geivel.<\/p>\n\t\t<\/div>\n\t<\/a>\n\n\t\n\n\t<a href=\"https:\/\/www.vt.sk\/stredisko\/bary-restauracie-obchody\/restauracie\/kaviaren-dedo?no_cache=1\" class=\"wp-block-cgb-block-creanet-list category-list grid-x grid-padding-x align-middle\">\n\t\t\t\t\t<div class=\"small-12 medium-6 large-5\">\n\t\t\t\t<figure><img src='https:\/\/regiontatry.sk\/wp-content\/uploads\/2025\/02\/csm_Cafe_DEDO_on_Lomnicky_peak_9f3ec580d1.jpg'\n\t\t\t\t\t\talt=''\n\t\t\t\t\t\ttitle='csm_Cafe_DEDO_on_Lomnicky_peak_9f3ec580d1'\n\t\t\t\t\t\/><\/figure>\n\t\t\t<\/div>\n\t\t\n\n\t\t<div class=\"cell small-12 medium-5 large-7\">\n\t\t\t<h3>Reggeli a felh\u0151k felett<\/h3>\n\t\t\t<p>Menjen az els\u0151 reggeli felvon\u00f3kkal T\u00e1tralomnicr\u00f3l Skalnat\u00e9 pleso-ra, \u00e9s onnan hagyja mag\u00e1t elvinni egy hagyom\u00e1nyos szlov\u00e1k reggelire fel a felh\u0151k k\u00f6z\u00e9 &#8211; a 2634 m\u00e9teres tengerszint feletti magass\u00e1gban l\u00e9v\u0151 Lomnici \u0161t\u00edt cs\u00facs\u00e1ra. m. Tapasztalja meg az egyed\u00fcl\u00e1ll\u00f3 panor\u00e1m\u00e1s kil\u00e1t\u00e1st a T\u00e1tra csillog\u00f3 cs\u00facsaira, a m\u00e9ly v\u00f6lgyekre \u00e9s a k\u00f6rnyez\u0151 term\u00e9szetre. Nos, mi lehet romantikusabb?<\/p>\n\t\t<\/div>\n\t<\/a>\n\n\t\n\n\t<a href=\"https:\/\/regiontatry.sk\/hu\/gasztronomia\/ettermek-pizza\/\" class=\"wp-block-cgb-block-creanet-list category-list grid-x grid-padding-x align-middle\">\n\t\t\t\t\t<div class=\"small-12 medium-6 large-5\">\n\t\t\t\t<figure><img src='https:\/\/regiontatry.sk\/wp-content\/uploads\/2019\/05\/88c5738573af14711c71d7943b2552af.png'\n\t\t\t\t\t\talt=''\n\t\t\t\t\t\ttitle='88c5738573af14711c71d7943b2552af'\n\t\t\t\t\t\/><\/figure>\n\t\t\t<\/div>\n\t\t\n\n\t\t<div class=\"cell small-12 medium-5 large-7\">\n\t\t\t<h3>V\u00e1ltozatos kulin\u00e1ris \u00e9lvezetek<\/h3>\n\t\t\t<p>A t\u00e1trai \u00e9ttermek a p\u00e1ratlan \u00e9lm\u00e9nyek \u00e1lland\u00f3 forr\u00e1sai, ak\u00e1r a hagyom\u00e1nyos \u00e9s egyszer\u0171 \u00e9teleket r\u00e9szes\u00edti el\u0151nyben, ak\u00e1r a k\u00eds\u00e9rletez\u0151 kedv\u0171ek \u00e9s egy kis kifinomults\u00e1g. A kellemes l\u00e9gk\u00f6r \u00e9s a v\u00e1logatott \u00ednyenc specialit\u00e1sok garant\u00e1lj\u00e1k az \u00d6n el\u00e9gedetts\u00e9g\u00e9t. \u00c9lvez!<\/p>\n\t\t<\/div>\n\t<\/a>\n\n\t\n\n\t<a href=\"https:\/\/regiontatry.sk\/hu\/gasztronomia\/fahazak-kunyhok\/\" class=\"wp-block-cgb-block-creanet-list category-list grid-x grid-padding-x align-middle\">\n\t\t\t\t\t<div class=\"small-12 medium-6 large-5\">\n\t\t\t\t<figure><img src='https:\/\/regiontatry.sk\/wp-content\/uploads\/2018\/10\/koliba_kamzik.jpg'\n\t\t\t\t\t\talt=''\n\t\t\t\t\t\ttitle='koliba_kamzik'\n\t\t\t\t\t\/><\/figure>\n\t\t\t<\/div>\n\t\t\n\n\t\t<div class=\"cell small-12 medium-5 large-7\">\n\t\t\t<h3>Hagyom\u00e1nyos szlov\u00e1k specialit\u00e1sok<\/h3>\n\t\t\t<p>Ha \u00d6n azok k\u00f6z\u00e9 tartozik, akik a hegyi t\u00far\u00e1z\u00e1s vagy ker\u00e9kp\u00e1roz\u00e1s mellett szeretnek megismerkedni egy adott f\u00f6ldter\u00fclet gasztron\u00f3mi\u00e1j\u00e1val, kedvelt \u00edzeivel is, javasoljuk, hogy l\u00e1togassanak el a hagyom\u00e1nyos szlov\u00e1k kunyh\u00f3kba, hegyi kunyh\u00f3kba.<\/p>\n\t\t<\/div>\n\t<\/a>\n\n\t\n\n\n<h3 class=\"wp-block-heading\"><strong><br>A t\u00e1trai sz\u00e1llod\u00e1k gazdag t\u00f6rt\u00e9net\u00e9nek var\u00e1zsa<\/strong><\/h3>\n\n\n\n<p>A 19. \u00e9s 20. sz\u00e1zad fordul\u00f3j\u00e1n Eur\u00f3pa a francia nyelven La belle \u00e9poque, azaz a sz\u00e9p korszakba l\u00e9pett. Minden\u00fctt egy modern arisztokr\u00e1cia el\u00e9gedetten \u00e9lt, volt el\u00e9g p\u00e9nze, \u00e9s igyekezett \u00e9lete egy r\u00e9sz\u00e9t a lehet\u0151 legkellemesebben le\u00e9lni.<\/p>\n\n\n\n<p>Az \u00e9p\u00edt\u00e9szek feltal\u00e1lt\u00e1k a korszaknak megfelel\u0151 luxusst\u00edlust &#8211; a szecesszi\u00f3t. Biztosan szeretni fogja T\u00e1tra gy\u00f6ngyszemeit. Gazdag t\u00f6rt\u00e9nelm\u00fck \u00e9s a T\u00e1tra term\u00e9szet gy\u00f3gy\u00edt\u00f3 hat\u00e1sai t\u00f6k\u00e9letes \u00e9lvezetet ny\u00fajtanak a legig\u00e9nyesebbek sz\u00e1m\u00e1ra is. Fens\u00e9ges var\u00e1zsuk miatt sok fontos szem\u00e9lyis\u00e9get l\u00e1ttak vend\u00e9g\u00fcl.<\/p>\n\n\n\n<p>Hagyja mag\u00e1t elvar\u00e1zsolni a t\u00f6rt\u00e9nelem var\u00e1zslat\u00e1val, \u00e9s k\u00e9nyeztesse mag\u00e1t egy \u00f6sszet\u00e9veszthetetlen kikapcsol\u00f3d\u00e1ssal az \u0151si luxus hangulat\u00e1val.<\/p>\n\n\n\n<figure class=\"wp-block-gallery has-nested-images columns-default is-cropped wp-block-gallery-2 is-layout-flex wp-block-gallery-is-layout-flex\">\n<figure class=\"wp-block-image\"><img loading=\"lazy\" decoding=\"async\" width=\"800\" height=\"531\" data-id=\"11908\" src=\"https:\/\/regiontatry.sk\/wp-content\/uploads\/2018\/10\/castro-caf_8532899761_o-1.jpg\" alt=\"\" class=\"wp-image-11908\" srcset=\"https:\/\/regiontatry.sk\/wp-content\/uploads\/2018\/10\/castro-caf_8532899761_o-1.jpg 800w, https:\/\/regiontatry.sk\/wp-content\/uploads\/2018\/10\/castro-caf_8532899761_o-1-300x199.jpg 300w, https:\/\/regiontatry.sk\/wp-content\/uploads\/2018\/10\/castro-caf_8532899761_o-1-768x510.jpg 768w\" sizes=\"(max-width: 800px) 100vw, 800px\" \/><\/figure>\n\n\n\n<figure class=\"wp-block-image\"><img loading=\"lazy\" decoding=\"async\" width=\"800\" height=\"375\" data-id=\"11938\" src=\"https:\/\/regiontatry.sk\/wp-content\/uploads\/2018\/10\/castro-cafe_16638630777_o-1.jpg\" alt=\"\" class=\"wp-image-11938\" srcset=\"https:\/\/regiontatry.sk\/wp-content\/uploads\/2018\/10\/castro-cafe_16638630777_o-1.jpg 800w, https:\/\/regiontatry.sk\/wp-content\/uploads\/2018\/10\/castro-cafe_16638630777_o-1-300x141.jpg 300w, https:\/\/regiontatry.sk\/wp-content\/uploads\/2018\/10\/castro-cafe_16638630777_o-1-768x360.jpg 768w\" sizes=\"(max-width: 800px) 100vw, 800px\" \/><\/figure>\n\n\n\n<figure class=\"wp-block-image\"><img loading=\"lazy\" decoding=\"async\" width=\"800\" height=\"523\" data-id=\"11985\" src=\"https:\/\/regiontatry.sk\/wp-content\/uploads\/2018\/10\/24822759419_7555dd7b06_o.jpg\" alt=\"\" class=\"wp-image-11985\" srcset=\"https:\/\/regiontatry.sk\/wp-content\/uploads\/2018\/10\/24822759419_7555dd7b06_o.jpg 800w, https:\/\/regiontatry.sk\/wp-content\/uploads\/2018\/10\/24822759419_7555dd7b06_o-300x196.jpg 300w, https:\/\/regiontatry.sk\/wp-content\/uploads\/2018\/10\/24822759419_7555dd7b06_o-768x502.jpg 768w\" sizes=\"(max-width: 800px) 100vw, 800px\" \/><\/figure>\n<\/figure>\n\n\n\n<h2 class=\"wp-block-heading\"><strong><a href=\"https:\/\/regiontatry.sk\/turisticke-informacie\/restauracie-pizza\/\"><br><\/a><\/strong><\/h2>\n\n\n\n<h2 class=\"wp-block-heading\"><\/h2>\n\n\n\n<h2 class=\"wp-block-heading\"><\/h2>\n\n\n\n<h2 class=\"wp-block-heading\"><\/h2>\n","protected":false},"excerpt":{"rendered":"<p>R\u00f3zsasz\u00edn \u00e9s p\u00f3tolhatatlan. Ezek olyan \u00e9lm\u00e9nyek, amelyek a Magas-T\u00e1tr\u00e1ban elt\u00f6lt\u00f6tt szabadid\u0151 ut\u00e1n is megmaradnak. A t\u00e1trai t\u00e1j az \u00e9rzelmek legjobb kokt\u00e9lj\u00e1t keveri \u00f6ssze &#8211; beleszeret a megk\u00f6zel\u00edthetetlen cs\u00facsokba, fagyott v\u00edzes\u00e9sekbe, \u00faj energi\u00e1t nyer a feh\u00e9r mesebeli f\u00f6ldre n\u00e9zve, lelk\u00e9t pedig el\u00f6nti a harm\u00f3nia \u00e9s az el\u00e9gedetts\u00e9g \u00e9rz\u00e9se. Napk\u00f6zben \u00e9lvezze a romantikus s\u00e9t\u00e1kat a kanyarg\u00f3s t\u00fara\u00fatvonalakon, [&hellip;]<\/p>\n","protected":false},"author":1,"featured_media":8918209,"parent":8917608,"menu_order":10,"comment_status":"closed","ping_status":"closed","template":"template-simple-page.php","meta":{"footnotes":""},"class_list":["post-8918207","page","type-page","status-publish","has-post-thumbnail","hentry"],"_links":{"self":[{"href":"https:\/\/regiontatry.sk\/hu\/wp-json\/wp\/v2\/pages\/8918207"}],"collection":[{"href":"https:\/\/regiontatry.sk\/hu\/wp-json\/wp\/v2\/pages"}],"about":[{"href":"https:\/\/regiontatry.sk\/hu\/wp-json\/wp\/v2\/types\/page"}],"author":[{"embeddable":true,"href":"https:\/\/regiontatry.sk\/hu\/wp-json\/wp\/v2\/users\/1"}],"replies":[{"embeddable":true,"href":"https:\/\/regiontatry.sk\/hu\/wp-json\/wp\/v2\/comments?post=8918207"}],"version-history":[{"count":6,"href":"https:\/\/regiontatry.sk\/hu\/wp-json\/wp\/v2\/pages\/8918207\/revisions"}],"predecessor-version":[{"id":10119132,"href":"https:\/\/regiontatry.sk\/hu\/wp-json\/wp\/v2\/pages\/8918207\/revisions\/10119132"}],"up":[{"embeddable":true,"href":"https:\/\/regiontatry.sk\/hu\/wp-json\/wp\/v2\/pages\/8917608"}],"wp:featuredmedia":[{"embeddable":true,"href":"https:\/\/regiontatry.sk\/hu\/wp-json\/wp\/v2\/media\/8918209"}],"wp:attachment":[{"href":"https:\/\/regiontatry.sk\/hu\/wp-json\/wp\/v2\/media?parent=8918207"}],"curies":[{"name":"wp","href":"https:\/\/api.w.org\/{rel}","templated":true}]}}