{"id":8918336,"date":"2018-08-23T13:05:39","date_gmt":"2018-08-23T11:05:39","guid":{"rendered":"https:\/\/regiontatry.sk\/ubytovanie\/specialne-ponuky\/"},"modified":"2025-02-17T21:42:48","modified_gmt":"2025-02-17T20:42:48","slug":"kulonleges-ajanlatok","status":"publish","type":"page","link":"https:\/\/regiontatry.sk\/hu\/ubytovanie\/kulonleges-ajanlatok\/","title":{"rendered":"K\u00fcl\u00f6nleges aj\u00e1nlatok"},"content":{"rendered":"\n<h2 class=\"wp-block-heading\"><a href=\"\/?page_id=3246\">Csal\u00e1dbar\u00e1t<\/a><\/h2>\n\n\n\n<p>Tal\u00e1lja meg csal\u00e1dja sz\u00e1m\u00e1ra a megfelel\u0151 sz\u00e1ll\u00e1st ezen CSAL\u00c1Dbar\u00e1t sz\u00e1ll\u00e1shelyek egyik\u00e9ben, \u00e9s \u00e9ljen \u00e1t egy csod\u00e1latos, csal\u00e1di k\u00e9nyelemmel teli nyaral\u00e1st k\u00f6zvetlen\u00fcl a Magas-T\u00e1tr\u00e1ban!<\/p>\n\n\n\n<h2 class=\"wp-block-heading\"><a href=\"\/?page_id=3249\">Ker\u00e9kp\u00e1rbar\u00e1t<\/a><\/h2>\n\n\n\n<p>K\u00e9nyeztesse mag\u00e1t egy felejthetetlen \u00e9lm\u00e9nnyel. Fedezze fel ker\u00e9kp\u00e1rja nyerg\u00e9b\u0151l a Magas-T\u00e1tr\u00e1t, \u00e9s sz\u00e1lljon meg a BIKE-bar\u00e1t sz\u00e1ll\u00e1sok egyik\u00e9ben, k\u00f6zvetlen\u00fcl a T\u00e1tra r\u00e9gi\u00f3ban, amely t\u00f6bb mint 300 km jelzett ker\u00e9kp\u00e1r\u00fatvonalat k\u00edn\u00e1l.<\/p>\n\n\n\n<h2 class=\"wp-block-heading\"><a href=\"\/?page_id=3252\">Kutya\/\u00e1llatbar\u00e1t<\/a><\/h2>\n\n\n\n<p>Sz\u00e1lljon meg ezeken a sz\u00e1ll\u00e1shelyeken kedvenc\u00e9vel \u00e9s \u00e9lvezze egy\u00fctt a t\u00e1trai nyaral\u00e1st!\u00a0<\/p>\n\n\n\n<h2 class=\"wp-block-heading\"><a href=\"https:\/\/regiontatry.sk\/ubytovanie\/specialne-ponuky\/kongresy\/\">Kongresszusok<\/a><\/h2>\n\n\n\n<p>V\u00e1lasszon az al\u00e1bbi terek k\u00f6z\u00fcl kongresszusok, konferenci\u00e1k, \u00fczleti tal\u00e1lkoz\u00f3k, v\u00e1llalati, kultur\u00e1lis \u00e9s t\u00e1rsadalmi esem\u00e9nyek lebonyol\u00edt\u00e1s\u00e1ra. Saj\u00e1tos term\u00e9szeti, kultur\u00e1lis \u00e9s t\u00f6rt\u00e9nelmi h\u00e1tter\u00e9nek k\u00f6sz\u00f6nhet\u0151en a Magas-T\u00e1tra ide\u00e1lis kongresszusi c\u00e9lpontj\u00e1v\u00e1 is v\u00e1lhat.<\/p>\n\n\n\n<p><\/p>\n","protected":false},"excerpt":{"rendered":"<p>Csal\u00e1dbar\u00e1t Tal\u00e1lja meg csal\u00e1dja sz\u00e1m\u00e1ra a megfelel\u0151 sz\u00e1ll\u00e1st ezen CSAL\u00c1Dbar\u00e1t sz\u00e1ll\u00e1shelyek egyik\u00e9ben, \u00e9s \u00e9ljen \u00e1t egy csod\u00e1latos, csal\u00e1di k\u00e9nyelemmel teli nyaral\u00e1st k\u00f6zvetlen\u00fcl a Magas-T\u00e1tr\u00e1ban! Ker\u00e9kp\u00e1rbar\u00e1t K\u00e9nyeztesse mag\u00e1t egy felejthetetlen \u00e9lm\u00e9nnyel. Fedezze fel ker\u00e9kp\u00e1rja nyerg\u00e9b\u0151l a Magas-T\u00e1tr\u00e1t, \u00e9s sz\u00e1lljon meg a BIKE-bar\u00e1t sz\u00e1ll\u00e1sok egyik\u00e9ben, k\u00f6zvetlen\u00fcl a T\u00e1tra r\u00e9gi\u00f3ban, amely t\u00f6bb mint 300 km jelzett ker\u00e9kp\u00e1r\u00fatvonalat k\u00edn\u00e1l. [&hellip;]<\/p>\n","protected":false},"author":1,"featured_media":8918338,"parent":8831561,"menu_order":0,"comment_status":"closed","ping_status":"closed","template":"template-simple-page.php","meta":{"footnotes":""},"class_list":["post-8918336","page","type-page","status-publish","has-post-thumbnail","hentry"],"_links":{"self":[{"href":"https:\/\/regiontatry.sk\/hu\/wp-json\/wp\/v2\/pages\/8918336"}],"collection":[{"href":"https:\/\/regiontatry.sk\/hu\/wp-json\/wp\/v2\/pages"}],"about":[{"href":"https:\/\/regiontatry.sk\/hu\/wp-json\/wp\/v2\/types\/page"}],"author":[{"embeddable":true,"href":"https:\/\/regiontatry.sk\/hu\/wp-json\/wp\/v2\/users\/1"}],"replies":[{"embeddable":true,"href":"https:\/\/regiontatry.sk\/hu\/wp-json\/wp\/v2\/comments?post=8918336"}],"version-history":[{"count":2,"href":"https:\/\/regiontatry.sk\/hu\/wp-json\/wp\/v2\/pages\/8918336\/revisions"}],"predecessor-version":[{"id":10119134,"href":"https:\/\/regiontatry.sk\/hu\/wp-json\/wp\/v2\/pages\/8918336\/revisions\/10119134"}],"up":[{"embeddable":true,"href":"https:\/\/regiontatry.sk\/hu\/wp-json\/wp\/v2\/pages\/8831561"}],"wp:featuredmedia":[{"embeddable":true,"href":"https:\/\/regiontatry.sk\/hu\/wp-json\/wp\/v2\/media\/8918338"}],"wp:attachment":[{"href":"https:\/\/regiontatry.sk\/hu\/wp-json\/wp\/v2\/media?parent=8918336"}],"curies":[{"name":"wp","href":"https:\/\/api.w.org\/{rel}","templated":true}]}}