{"id":8918344,"date":"2018-09-07T13:33:16","date_gmt":"2018-09-07T11:33:16","guid":{"rendered":"https:\/\/regiontatry.sk\/ubytovanie\/kulonleges-ajanlatok\/pobyty-s-tatry-card\/"},"modified":"2023-04-25T14:19:14","modified_gmt":"2023-04-25T12:19:14","slug":"marad-a-tatry-card","status":"publish","type":"page","link":"https:\/\/regiontatry.sk\/hu\/ubytovanie\/kulonleges-ajanlatok\/marad-a-tatry-card\/","title":{"rendered":"Marad a Tatry Card"},"content":{"rendered":"\n<div class=\"wp-block-image\"><figure class=\"alignright\"><img decoding=\"async\" src=\"http:\/\/regiontatry.sk\/wp-content\/uploads\/2015\/04\/Tatry_Card_web.png\" alt=\"\"\/><\/figure><\/div>\n\n\n\n<p>Vyberte si modern\u00fd hotel, rodinn\u00fd penzi\u00f3n, \u00fatuln\u00fd apartm\u00e1n \u010di v\u00edkendov\u00fa chatu, ubytujte sa v Tatr\u00e1ch a vyu\u017e\u00edvajte z\u013eavy v\u010faka region\u00e1lnej karte TATRY Card.<\/p>\n\n\n\n<p>Viac o region\u00e1lnej karte&nbsp;<strong><a href=\"https:\/\/regiontatry.sk\/ubytovanie\/co-je-tatry-card\/\" target=\"_blank\" rel=\"noreferrer noopener\" label=\"TATRY Card (otvor\u00ed sa v novej karte)\" class=\"broken_link\">TATRY Card<\/a><\/strong><\/p>\n","protected":false},"excerpt":{"rendered":"<p>Vyberte si modern\u00fd hotel, rodinn\u00fd penzi\u00f3n, \u00fatuln\u00fd apartm\u00e1n \u010di v\u00edkendov\u00fa chatu, ubytujte sa v Tatr\u00e1ch a vyu\u017e\u00edvajte z\u013eavy v\u010faka region\u00e1lnej karte TATRY Card. Viac o region\u00e1lnej karte&nbsp;TATRY Card<\/p>\n","protected":false},"author":1,"featured_media":0,"parent":8918336,"menu_order":0,"comment_status":"closed","ping_status":"closed","template":"template-objects.php","meta":{"footnotes":""},"class_list":["post-8918344","page","type-page","status-publish","hentry"],"_links":{"self":[{"href":"https:\/\/regiontatry.sk\/hu\/wp-json\/wp\/v2\/pages\/8918344"}],"collection":[{"href":"https:\/\/regiontatry.sk\/hu\/wp-json\/wp\/v2\/pages"}],"about":[{"href":"https:\/\/regiontatry.sk\/hu\/wp-json\/wp\/v2\/types\/page"}],"author":[{"embeddable":true,"href":"https:\/\/regiontatry.sk\/hu\/wp-json\/wp\/v2\/users\/1"}],"replies":[{"embeddable":true,"href":"https:\/\/regiontatry.sk\/hu\/wp-json\/wp\/v2\/comments?post=8918344"}],"version-history":[{"count":1,"href":"https:\/\/regiontatry.sk\/hu\/wp-json\/wp\/v2\/pages\/8918344\/revisions"}],"predecessor-version":[{"id":8918346,"href":"https:\/\/regiontatry.sk\/hu\/wp-json\/wp\/v2\/pages\/8918344\/revisions\/8918346"}],"up":[{"embeddable":true,"href":"https:\/\/regiontatry.sk\/hu\/wp-json\/wp\/v2\/pages\/8918336"}],"wp:attachment":[{"href":"https:\/\/regiontatry.sk\/hu\/wp-json\/wp\/v2\/media?parent=8918344"}],"curies":[{"name":"wp","href":"https:\/\/api.w.org\/{rel}","templated":true}]}}